{"id":25087,"date":"2021-04-14T20:38:57","date_gmt":"2021-04-14T20:38:57","guid":{"rendered":"https:\/\/safetysourcefire.ca\/?post_type=product&#038;p=25087"},"modified":"2024-08-16T13:01:42","modified_gmt":"2024-08-16T13:01:42","slug":"1545-sabermaster-nozzle-2-5-nsz1","status":"publish","type":"product","link":"https:\/\/staging.safetysourcefire.ca\/fr_ca\/produit\/1545-sabermaster-nozzle-2-5-nsz1\/","title":{"rendered":"1545 Buse SaberMaster, 2,5&quot; NSZ1"},"content":{"rendered":"<p>Les buses SaberMaster sont les plus polyvalentes du service d'incendie aujourd'hui. Le SaberMaster 500 vous permet de passer en mode d'al\u00e9sage solide, sans s'arr\u00eater. Trouvez un distributeur pr\u00e8s de chez vous pour plus d'informations sur cette buse combin\u00e9e.<\/p>\n<p>Fonctionnalit\u00e9s:<\/p>\n<ul>\n<li>N'ayant pas \u00e0 grimper sur le pont pour changer de pointe, SaberMaster 500 r\u00e9duit le risque de blessure<\/li>\n<li>Fournit une port\u00e9e et une p\u00e9n\u00e9tration r\u00e9guli\u00e8res de l'al\u00e9sage OU un refroidissement et une protection du jet de brouillard, sans avoir \u00e0 arr\u00eater le d\u00e9bit d'eau pour changer les pointes.<\/li>\n<li>Fini les probl\u00e8mes de rangement ou la perte des embouts, car le passage d'un al\u00e9sage solide \u00e0 un motif de brouillard r\u00e9glable est int\u00e9gr\u00e9<\/li>\n<li>SaberMaster 500 con\u00e7u pour \u00eatre utilis\u00e9 avec le mod\u00e8le 3443 Mercury<\/li>\n<\/ul>","protected":false},"excerpt":{"rendered":"<p>Les lances SaberMaster sont les seules lances \u00e0 jet rectilignes \u00e9tant aussi polyvalentes.<\/p>\n<p><strong>Prix de liquidation : $600<\/strong><br \/>\n<em>Jusqu&#039;\u00e0 \u00e9puisement des stocks. Veuillez noter : les ventes d&#039;articles en liquidation sont d\u00e9finitives ; aucun \u00e9change ni retour.<\/em><\/p>\n<p>Quantit\u00e9 disponible: 1<\/p>","protected":false},"featured_media":25088,"template":"","meta":[],"product_brand":[147],"product_cat":[43,44,66],"product_tag":[501],"class_list":{"0":"post-25087","1":"product","2":"type-product","3":"status-publish","4":"has-post-thumbnail","6":"product_brand-akron-brass","7":"product_cat-clearance","8":"product_cat-fire-suppression","9":"product_cat-nozzles-monitors","10":"product_tag-akron","12":"first","13":"instock","14":"shipping-taxable","15":"product-type-simple"},"yoast_head":"<!-- This site is optimized with the Yoast SEO plugin v27.4 - https:\/\/yoast.com\/product\/yoast-seo-wordpress\/ -->\n<title>1545 SaberMaster Nozzle, 2.5\u201d NSZ1 - Safety Source Fire<\/title>\n<meta name=\"robots\" content=\"noindex, follow, max-snippet:-1, max-image-preview:large, max-video-preview:-1\" \/>\n<meta property=\"og:locale\" content=\"fr_CA\" \/>\n<meta property=\"og:type\" content=\"article\" \/>\n<meta property=\"og:title\" content=\"1545 SaberMaster Nozzle, 2.5\u201d NSZ1 - Safety Source Fire\" \/>\n<meta property=\"og:description\" content=\"SaberMaster nozzles are the only multipurpose master stream nozzles in the fire service today.  Clearance Price: $600 While quantities last. Please note: Clearance item sales are final; no exchanges or returns.  Quantity Available: 1\" \/>\n<meta property=\"og:url\" content=\"https:\/\/staging.safetysourcefire.ca\/fr_ca\/produit\/1545-sabermaster-nozzle-2-5-nsz1\/\" \/>\n<meta property=\"og:site_name\" content=\"Safety Source Fire\" \/>\n<meta property=\"article:publisher\" content=\"https:\/\/www.facebook.com\/mmfssca\" \/>\n<meta property=\"article:modified_time\" content=\"2024-08-16T13:01:42+00:00\" \/>\n<meta property=\"og:image\" content=\"https:\/\/staging.safetysourcefire.ca\/wp-content\/uploads\/2021\/04\/1545_4.jpg\" \/>\n\t<meta property=\"og:image:width\" content=\"601\" \/>\n\t<meta property=\"og:image:height\" content=\"601\" \/>\n\t<meta property=\"og:image:type\" content=\"image\/jpeg\" \/>\n<meta name=\"twitter:card\" content=\"summary_large_image\" \/>\n<meta name=\"twitter:site\" content=\"@mmfssca\" \/>\n<meta name=\"twitter:label1\" content=\"Estimation du temps de lecture\" \/>\n\t<meta name=\"twitter:data1\" content=\"1 minute\" \/>\n<script type=\"application\/ld+json\" class=\"yoast-schema-graph\">{\"@context\":\"https:\\\/\\\/schema.org\",\"@graph\":[{\"@type\":\"WebPage\",\"@id\":\"https:\\\/\\\/staging.safetysourcefire.ca\\\/product\\\/1545-sabermaster-nozzle-2-5-nsz1\\\/\",\"url\":\"https:\\\/\\\/staging.safetysourcefire.ca\\\/product\\\/1545-sabermaster-nozzle-2-5-nsz1\\\/\",\"name\":\"1545 SaberMaster Nozzle, 2.5\u201d NSZ1 - Safety Source Fire\",\"isPartOf\":{\"@id\":\"https:\\\/\\\/staging.safetysourcefire.ca\\\/#website\"},\"primaryImageOfPage\":{\"@id\":\"https:\\\/\\\/staging.safetysourcefire.ca\\\/product\\\/1545-sabermaster-nozzle-2-5-nsz1\\\/#primaryimage\"},\"image\":{\"@id\":\"https:\\\/\\\/staging.safetysourcefire.ca\\\/product\\\/1545-sabermaster-nozzle-2-5-nsz1\\\/#primaryimage\"},\"thumbnailUrl\":\"https:\\\/\\\/staging.safetysourcefire.ca\\\/wp-content\\\/uploads\\\/2021\\\/04\\\/1545_4.jpg\",\"datePublished\":\"2021-04-14T20:38:57+00:00\",\"dateModified\":\"2024-08-16T13:01:42+00:00\",\"breadcrumb\":{\"@id\":\"https:\\\/\\\/staging.safetysourcefire.ca\\\/product\\\/1545-sabermaster-nozzle-2-5-nsz1\\\/#breadcrumb\"},\"inLanguage\":\"fr-CA\",\"potentialAction\":[{\"@type\":\"ReadAction\",\"target\":[\"https:\\\/\\\/staging.safetysourcefire.ca\\\/product\\\/1545-sabermaster-nozzle-2-5-nsz1\\\/\"]}]},{\"@type\":\"ImageObject\",\"inLanguage\":\"fr-CA\",\"@id\":\"https:\\\/\\\/staging.safetysourcefire.ca\\\/product\\\/1545-sabermaster-nozzle-2-5-nsz1\\\/#primaryimage\",\"url\":\"https:\\\/\\\/staging.safetysourcefire.ca\\\/wp-content\\\/uploads\\\/2021\\\/04\\\/1545_4.jpg\",\"contentUrl\":\"https:\\\/\\\/staging.safetysourcefire.ca\\\/wp-content\\\/uploads\\\/2021\\\/04\\\/1545_4.jpg\",\"width\":601,\"height\":601,\"caption\":\"nozzle\"},{\"@type\":\"BreadcrumbList\",\"@id\":\"https:\\\/\\\/staging.safetysourcefire.ca\\\/product\\\/1545-sabermaster-nozzle-2-5-nsz1\\\/#breadcrumb\",\"itemListElement\":[{\"@type\":\"ListItem\",\"position\":1,\"name\":\"Home\",\"item\":\"https:\\\/\\\/staging.safetysourcefire.ca\\\/\"},{\"@type\":\"ListItem\",\"position\":2,\"name\":\"Products\",\"item\":\"https:\\\/\\\/staging.safetysourcefire.ca\\\/shop\\\/\"},{\"@type\":\"ListItem\",\"position\":3,\"name\":\"1545 SaberMaster Nozzle, 2.5\u201d NSZ1\"}]},{\"@type\":\"WebSite\",\"@id\":\"https:\\\/\\\/staging.safetysourcefire.ca\\\/#website\",\"url\":\"https:\\\/\\\/staging.safetysourcefire.ca\\\/\",\"name\":\"Safety Source Fire\",\"description\":\"\",\"publisher\":{\"@id\":\"https:\\\/\\\/staging.safetysourcefire.ca\\\/#organization\"},\"potentialAction\":[{\"@type\":\"SearchAction\",\"target\":{\"@type\":\"EntryPoint\",\"urlTemplate\":\"https:\\\/\\\/staging.safetysourcefire.ca\\\/?s={search_term_string}\"},\"query-input\":{\"@type\":\"PropertyValueSpecification\",\"valueRequired\":true,\"valueName\":\"search_term_string\"}}],\"inLanguage\":\"fr-CA\"},{\"@type\":\"Organization\",\"@id\":\"https:\\\/\\\/staging.safetysourcefire.ca\\\/#organization\",\"name\":\"Safety Source Fire\",\"url\":\"https:\\\/\\\/staging.safetysourcefire.ca\\\/\",\"logo\":{\"@type\":\"ImageObject\",\"inLanguage\":\"fr-CA\",\"@id\":\"https:\\\/\\\/staging.safetysourcefire.ca\\\/#\\\/schema\\\/logo\\\/image\\\/\",\"url\":\"https:\\\/\\\/staging.safetysourcefire.ca\\\/wp-content\\\/uploads\\\/2021\\\/01\\\/SSF_logo_CC0000-3.png\",\"contentUrl\":\"https:\\\/\\\/staging.safetysourcefire.ca\\\/wp-content\\\/uploads\\\/2021\\\/01\\\/SSF_logo_CC0000-3.png\",\"width\":1107,\"height\":365,\"caption\":\"Safety Source Fire\"},\"image\":{\"@id\":\"https:\\\/\\\/staging.safetysourcefire.ca\\\/#\\\/schema\\\/logo\\\/image\\\/\"},\"sameAs\":[\"https:\\\/\\\/www.facebook.com\\\/mmfssca\",\"https:\\\/\\\/x.com\\\/mmfssca\"]}]}<\/script>\n<!-- \/ Yoast SEO plugin. -->","yoast_head_json":{"title":"Buse SaberMaster 1545, 2,5 po NSZ1 - Safety Source Fire","robots":{"index":"noindex","follow":"follow","max-snippet":"max-snippet:-1","max-image-preview":"max-image-preview:large","max-video-preview":"max-video-preview:-1"},"og_locale":"fr_CA","og_type":"article","og_title":"1545 SaberMaster Nozzle, 2.5\u201d NSZ1 - Safety Source Fire","og_description":"SaberMaster nozzles are the only multipurpose master stream nozzles in the fire service today.  Clearance Price: $600 While quantities last. Please note: Clearance item sales are final; no exchanges or returns.  Quantity Available: 1","og_url":"https:\/\/staging.safetysourcefire.ca\/fr_ca\/produit\/1545-sabermaster-nozzle-2-5-nsz1\/","og_site_name":"Safety Source Fire","article_publisher":"https:\/\/www.facebook.com\/mmfssca","article_modified_time":"2024-08-16T13:01:42+00:00","og_image":[{"width":601,"height":601,"url":"https:\/\/staging.safetysourcefire.ca\/wp-content\/uploads\/2021\/04\/1545_4.jpg","type":"image\/jpeg"}],"twitter_card":"summary_large_image","twitter_site":"@mmfssca","twitter_misc":{"Estimation du temps de lecture":"1 minute"},"schema":{"@context":"https:\/\/schema.org","@graph":[{"@type":"WebPage","@id":"https:\/\/staging.safetysourcefire.ca\/product\/1545-sabermaster-nozzle-2-5-nsz1\/","url":"https:\/\/staging.safetysourcefire.ca\/product\/1545-sabermaster-nozzle-2-5-nsz1\/","name":"Buse SaberMaster 1545, 2,5 po NSZ1 - Safety Source Fire","isPartOf":{"@id":"https:\/\/staging.safetysourcefire.ca\/#website"},"primaryImageOfPage":{"@id":"https:\/\/staging.safetysourcefire.ca\/product\/1545-sabermaster-nozzle-2-5-nsz1\/#primaryimage"},"image":{"@id":"https:\/\/staging.safetysourcefire.ca\/product\/1545-sabermaster-nozzle-2-5-nsz1\/#primaryimage"},"thumbnailUrl":"https:\/\/staging.safetysourcefire.ca\/wp-content\/uploads\/2021\/04\/1545_4.jpg","datePublished":"2021-04-14T20:38:57+00:00","dateModified":"2024-08-16T13:01:42+00:00","breadcrumb":{"@id":"https:\/\/staging.safetysourcefire.ca\/product\/1545-sabermaster-nozzle-2-5-nsz1\/#breadcrumb"},"inLanguage":"fr-CA","potentialAction":[{"@type":"ReadAction","target":["https:\/\/staging.safetysourcefire.ca\/product\/1545-sabermaster-nozzle-2-5-nsz1\/"]}]},{"@type":"ImageObject","inLanguage":"fr-CA","@id":"https:\/\/staging.safetysourcefire.ca\/product\/1545-sabermaster-nozzle-2-5-nsz1\/#primaryimage","url":"https:\/\/staging.safetysourcefire.ca\/wp-content\/uploads\/2021\/04\/1545_4.jpg","contentUrl":"https:\/\/staging.safetysourcefire.ca\/wp-content\/uploads\/2021\/04\/1545_4.jpg","width":601,"height":601,"caption":"nozzle"},{"@type":"BreadcrumbList","@id":"https:\/\/staging.safetysourcefire.ca\/product\/1545-sabermaster-nozzle-2-5-nsz1\/#breadcrumb","itemListElement":[{"@type":"ListItem","position":1,"name":"Home","item":"https:\/\/staging.safetysourcefire.ca\/"},{"@type":"ListItem","position":2,"name":"Products","item":"https:\/\/staging.safetysourcefire.ca\/shop\/"},{"@type":"ListItem","position":3,"name":"1545 SaberMaster Nozzle, 2.5\u201d NSZ1"}]},{"@type":"WebSite","@id":"https:\/\/staging.safetysourcefire.ca\/#website","url":"https:\/\/staging.safetysourcefire.ca\/","name":"Safety Source Fire","description":"","publisher":{"@id":"https:\/\/staging.safetysourcefire.ca\/#organization"},"potentialAction":[{"@type":"SearchAction","target":{"@type":"EntryPoint","urlTemplate":"https:\/\/staging.safetysourcefire.ca\/?s={search_term_string}"},"query-input":{"@type":"PropertyValueSpecification","valueRequired":true,"valueName":"search_term_string"}}],"inLanguage":"fr-CA"},{"@type":"Organization","@id":"https:\/\/staging.safetysourcefire.ca\/#organization","name":"Safety Source Fire","url":"https:\/\/staging.safetysourcefire.ca\/","logo":{"@type":"ImageObject","inLanguage":"fr-CA","@id":"https:\/\/staging.safetysourcefire.ca\/#\/schema\/logo\/image\/","url":"https:\/\/staging.safetysourcefire.ca\/wp-content\/uploads\/2021\/01\/SSF_logo_CC0000-3.png","contentUrl":"https:\/\/staging.safetysourcefire.ca\/wp-content\/uploads\/2021\/01\/SSF_logo_CC0000-3.png","width":1107,"height":365,"caption":"Safety Source Fire"},"image":{"@id":"https:\/\/staging.safetysourcefire.ca\/#\/schema\/logo\/image\/"},"sameAs":["https:\/\/www.facebook.com\/mmfssca","https:\/\/x.com\/mmfssca"]}]}},"_links":{"self":[{"href":"https:\/\/staging.safetysourcefire.ca\/fr_ca\/wp-json\/wp\/v2\/product\/25087","targetHints":{"allow":["GET"]}}],"collection":[{"href":"https:\/\/staging.safetysourcefire.ca\/fr_ca\/wp-json\/wp\/v2\/product"}],"about":[{"href":"https:\/\/staging.safetysourcefire.ca\/fr_ca\/wp-json\/wp\/v2\/types\/product"}],"wp:featuredmedia":[{"embeddable":true,"href":"https:\/\/staging.safetysourcefire.ca\/fr_ca\/wp-json\/wp\/v2\/media\/25088"}],"wp:attachment":[{"href":"https:\/\/staging.safetysourcefire.ca\/fr_ca\/wp-json\/wp\/v2\/media?parent=25087"}],"wp:term":[{"taxonomy":"product_brand","embeddable":true,"href":"https:\/\/staging.safetysourcefire.ca\/fr_ca\/wp-json\/wp\/v2\/product_brand?post=25087"},{"taxonomy":"product_cat","embeddable":true,"href":"https:\/\/staging.safetysourcefire.ca\/fr_ca\/wp-json\/wp\/v2\/product_cat?post=25087"},{"taxonomy":"product_tag","embeddable":true,"href":"https:\/\/staging.safetysourcefire.ca\/fr_ca\/wp-json\/wp\/v2\/product_tag?post=25087"}],"curies":[{"name":"wp","href":"https:\/\/api.w.org\/{rel}","templated":true}]}}