{"id":25084,"date":"2021-04-14T20:34:26","date_gmt":"2021-04-14T20:34:26","guid":{"rendered":"https:\/\/safetysourcefire.ca\/?post_type=product&#038;p=25084"},"modified":"2024-08-16T13:02:29","modified_gmt":"2024-08-16T13:02:29","slug":"768-quick-attack-foam-aeration-tube-for-mid-range-turbojet-nozzle","status":"publish","type":"product","link":"https:\/\/staging.safetysourcefire.ca\/fr_ca\/produit\/768-quick-attack-foam-aeration-tube-for-mid-range-turbojet-nozzle\/","title":{"rendered":"Buse Turbojet d'a\u00e9ration pour lance -768 Quick-Attack pour mousse"},"content":{"rendered":"<p>Fournit une capacit\u00e9 de mousse aspir\u00e9e par l'air allant jusqu'\u00e0 un ratio de 12: 1 d'expansion avec AFFF<\/p>\n<p>&nbsp;<\/p>","protected":false},"excerpt":{"rendered":"<p>Fournit une capacit\u00e9 de mousse aspir\u00e9e par l'air allant jusqu'\u00e0 un ratio de 12: 1 d'expansion avec AFFF<\/p>\n<p><strong>Prix de liquidation : $300<\/strong><br \/>\n<em>Jusqu&#039;\u00e0 \u00e9puisement des stocks. Veuillez noter : les ventes d&#039;articles en liquidation sont d\u00e9finitives ; aucun \u00e9change ni retour.<\/em><\/p>\n<p>Quantit\u00e9 disponible: 1<\/p>","protected":false},"featured_media":25085,"template":"","meta":[],"product_brand":[147],"product_cat":[43,44,66],"product_tag":[501],"class_list":{"0":"post-25084","1":"product","2":"type-product","3":"status-publish","4":"has-post-thumbnail","6":"product_brand-akron-brass","7":"product_cat-clearance","8":"product_cat-fire-suppression","9":"product_cat-nozzles-monitors","10":"product_tag-akron","12":"first","13":"instock","14":"shipping-taxable","15":"product-type-simple"},"yoast_head":"<!-- This site is optimized with the Yoast SEO plugin v27.4 - https:\/\/yoast.com\/product\/yoast-seo-wordpress\/ -->\n<title>768 Quick-Attack Foam Aeration Tube for Mid-range Turbojet Nozzle - Safety Source Fire<\/title>\n<meta name=\"robots\" content=\"noindex, follow, max-snippet:-1, max-image-preview:large, max-video-preview:-1\" \/>\n<meta property=\"og:locale\" content=\"fr_CA\" \/>\n<meta property=\"og:type\" content=\"article\" \/>\n<meta property=\"og:title\" content=\"768 Quick-Attack Foam Aeration Tube for Mid-range Turbojet Nozzle - Safety Source Fire\" \/>\n<meta property=\"og:description\" content=\"Provides air-aspirated foam capability - up to 12:1 expansion ratio with AFFF  Clearance Price: $300 While quantities last. Please note: Clearance item sales are final; no exchanges or returns.  Quantity Available: 1\" \/>\n<meta property=\"og:url\" content=\"https:\/\/staging.safetysourcefire.ca\/fr_ca\/produit\/768-quick-attack-foam-aeration-tube-for-mid-range-turbojet-nozzle\/\" \/>\n<meta property=\"og:site_name\" content=\"Safety Source Fire\" \/>\n<meta property=\"article:publisher\" content=\"https:\/\/www.facebook.com\/mmfssca\" \/>\n<meta property=\"article:modified_time\" content=\"2024-08-16T13:02:29+00:00\" \/>\n<meta property=\"og:image\" content=\"https:\/\/staging.safetysourcefire.ca\/wp-content\/uploads\/2021\/04\/Quick-Attack-Foam-Tube-228x228-1.jpg\" \/>\n\t<meta property=\"og:image:width\" content=\"600\" \/>\n\t<meta property=\"og:image:height\" content=\"600\" \/>\n\t<meta property=\"og:image:type\" content=\"image\/jpeg\" \/>\n<meta name=\"twitter:card\" content=\"summary_large_image\" \/>\n<meta name=\"twitter:site\" content=\"@mmfssca\" \/>\n<meta name=\"twitter:label1\" content=\"Estimation du temps de lecture\" \/>\n\t<meta name=\"twitter:data1\" content=\"1 minute\" \/>\n<script type=\"application\/ld+json\" class=\"yoast-schema-graph\">{\"@context\":\"https:\\\/\\\/schema.org\",\"@graph\":[{\"@type\":\"WebPage\",\"@id\":\"https:\\\/\\\/staging.safetysourcefire.ca\\\/product\\\/768-quick-attack-foam-aeration-tube-for-mid-range-turbojet-nozzle\\\/\",\"url\":\"https:\\\/\\\/staging.safetysourcefire.ca\\\/product\\\/768-quick-attack-foam-aeration-tube-for-mid-range-turbojet-nozzle\\\/\",\"name\":\"768 Quick-Attack Foam Aeration Tube for Mid-range Turbojet Nozzle - Safety Source Fire\",\"isPartOf\":{\"@id\":\"https:\\\/\\\/staging.safetysourcefire.ca\\\/#website\"},\"primaryImageOfPage\":{\"@id\":\"https:\\\/\\\/staging.safetysourcefire.ca\\\/product\\\/768-quick-attack-foam-aeration-tube-for-mid-range-turbojet-nozzle\\\/#primaryimage\"},\"image\":{\"@id\":\"https:\\\/\\\/staging.safetysourcefire.ca\\\/product\\\/768-quick-attack-foam-aeration-tube-for-mid-range-turbojet-nozzle\\\/#primaryimage\"},\"thumbnailUrl\":\"https:\\\/\\\/staging.safetysourcefire.ca\\\/wp-content\\\/uploads\\\/2021\\\/04\\\/Quick-Attack-Foam-Tube-228x228-1.jpg\",\"datePublished\":\"2021-04-14T20:34:26+00:00\",\"dateModified\":\"2024-08-16T13:02:29+00:00\",\"breadcrumb\":{\"@id\":\"https:\\\/\\\/staging.safetysourcefire.ca\\\/product\\\/768-quick-attack-foam-aeration-tube-for-mid-range-turbojet-nozzle\\\/#breadcrumb\"},\"inLanguage\":\"fr-CA\",\"potentialAction\":[{\"@type\":\"ReadAction\",\"target\":[\"https:\\\/\\\/staging.safetysourcefire.ca\\\/product\\\/768-quick-attack-foam-aeration-tube-for-mid-range-turbojet-nozzle\\\/\"]}]},{\"@type\":\"ImageObject\",\"inLanguage\":\"fr-CA\",\"@id\":\"https:\\\/\\\/staging.safetysourcefire.ca\\\/product\\\/768-quick-attack-foam-aeration-tube-for-mid-range-turbojet-nozzle\\\/#primaryimage\",\"url\":\"https:\\\/\\\/staging.safetysourcefire.ca\\\/wp-content\\\/uploads\\\/2021\\\/04\\\/Quick-Attack-Foam-Tube-228x228-1.jpg\",\"contentUrl\":\"https:\\\/\\\/staging.safetysourcefire.ca\\\/wp-content\\\/uploads\\\/2021\\\/04\\\/Quick-Attack-Foam-Tube-228x228-1.jpg\",\"width\":600,\"height\":600,\"caption\":\"foam tube\"},{\"@type\":\"BreadcrumbList\",\"@id\":\"https:\\\/\\\/staging.safetysourcefire.ca\\\/product\\\/768-quick-attack-foam-aeration-tube-for-mid-range-turbojet-nozzle\\\/#breadcrumb\",\"itemListElement\":[{\"@type\":\"ListItem\",\"position\":1,\"name\":\"Home\",\"item\":\"https:\\\/\\\/staging.safetysourcefire.ca\\\/\"},{\"@type\":\"ListItem\",\"position\":2,\"name\":\"Products\",\"item\":\"https:\\\/\\\/staging.safetysourcefire.ca\\\/shop\\\/\"},{\"@type\":\"ListItem\",\"position\":3,\"name\":\"768 Quick-Attack Foam Aeration Tube for Mid-range Turbojet Nozzle\"}]},{\"@type\":\"WebSite\",\"@id\":\"https:\\\/\\\/staging.safetysourcefire.ca\\\/#website\",\"url\":\"https:\\\/\\\/staging.safetysourcefire.ca\\\/\",\"name\":\"Safety Source Fire\",\"description\":\"\",\"publisher\":{\"@id\":\"https:\\\/\\\/staging.safetysourcefire.ca\\\/#organization\"},\"potentialAction\":[{\"@type\":\"SearchAction\",\"target\":{\"@type\":\"EntryPoint\",\"urlTemplate\":\"https:\\\/\\\/staging.safetysourcefire.ca\\\/?s={search_term_string}\"},\"query-input\":{\"@type\":\"PropertyValueSpecification\",\"valueRequired\":true,\"valueName\":\"search_term_string\"}}],\"inLanguage\":\"fr-CA\"},{\"@type\":\"Organization\",\"@id\":\"https:\\\/\\\/staging.safetysourcefire.ca\\\/#organization\",\"name\":\"Safety Source Fire\",\"url\":\"https:\\\/\\\/staging.safetysourcefire.ca\\\/\",\"logo\":{\"@type\":\"ImageObject\",\"inLanguage\":\"fr-CA\",\"@id\":\"https:\\\/\\\/staging.safetysourcefire.ca\\\/#\\\/schema\\\/logo\\\/image\\\/\",\"url\":\"https:\\\/\\\/staging.safetysourcefire.ca\\\/wp-content\\\/uploads\\\/2021\\\/01\\\/SSF_logo_CC0000-3.png\",\"contentUrl\":\"https:\\\/\\\/staging.safetysourcefire.ca\\\/wp-content\\\/uploads\\\/2021\\\/01\\\/SSF_logo_CC0000-3.png\",\"width\":1107,\"height\":365,\"caption\":\"Safety Source Fire\"},\"image\":{\"@id\":\"https:\\\/\\\/staging.safetysourcefire.ca\\\/#\\\/schema\\\/logo\\\/image\\\/\"},\"sameAs\":[\"https:\\\/\\\/www.facebook.com\\\/mmfssca\",\"https:\\\/\\\/x.com\\\/mmfssca\"]}]}<\/script>\n<!-- \/ Yoast SEO plugin. -->","yoast_head_json":{"title":"Tube d&#039;a\u00e9ration en mousse \u00e0 attaque rapide 768 pour tuy\u00e8re de turbor\u00e9acteur de moyenne port\u00e9e - Safety Source Fire","robots":{"index":"noindex","follow":"follow","max-snippet":"max-snippet:-1","max-image-preview":"max-image-preview:large","max-video-preview":"max-video-preview:-1"},"og_locale":"fr_CA","og_type":"article","og_title":"768 Quick-Attack Foam Aeration Tube for Mid-range Turbojet Nozzle - Safety Source Fire","og_description":"Provides air-aspirated foam capability - up to 12:1 expansion ratio with AFFF  Clearance Price: $300 While quantities last. Please note: Clearance item sales are final; no exchanges or returns.  Quantity Available: 1","og_url":"https:\/\/staging.safetysourcefire.ca\/fr_ca\/produit\/768-quick-attack-foam-aeration-tube-for-mid-range-turbojet-nozzle\/","og_site_name":"Safety Source Fire","article_publisher":"https:\/\/www.facebook.com\/mmfssca","article_modified_time":"2024-08-16T13:02:29+00:00","og_image":[{"width":600,"height":600,"url":"https:\/\/staging.safetysourcefire.ca\/wp-content\/uploads\/2021\/04\/Quick-Attack-Foam-Tube-228x228-1.jpg","type":"image\/jpeg"}],"twitter_card":"summary_large_image","twitter_site":"@mmfssca","twitter_misc":{"Estimation du temps de lecture":"1 minute"},"schema":{"@context":"https:\/\/schema.org","@graph":[{"@type":"WebPage","@id":"https:\/\/staging.safetysourcefire.ca\/product\/768-quick-attack-foam-aeration-tube-for-mid-range-turbojet-nozzle\/","url":"https:\/\/staging.safetysourcefire.ca\/product\/768-quick-attack-foam-aeration-tube-for-mid-range-turbojet-nozzle\/","name":"Tube d&#039;a\u00e9ration en mousse \u00e0 attaque rapide 768 pour tuy\u00e8re de turbor\u00e9acteur de moyenne port\u00e9e - Safety Source Fire","isPartOf":{"@id":"https:\/\/staging.safetysourcefire.ca\/#website"},"primaryImageOfPage":{"@id":"https:\/\/staging.safetysourcefire.ca\/product\/768-quick-attack-foam-aeration-tube-for-mid-range-turbojet-nozzle\/#primaryimage"},"image":{"@id":"https:\/\/staging.safetysourcefire.ca\/product\/768-quick-attack-foam-aeration-tube-for-mid-range-turbojet-nozzle\/#primaryimage"},"thumbnailUrl":"https:\/\/staging.safetysourcefire.ca\/wp-content\/uploads\/2021\/04\/Quick-Attack-Foam-Tube-228x228-1.jpg","datePublished":"2021-04-14T20:34:26+00:00","dateModified":"2024-08-16T13:02:29+00:00","breadcrumb":{"@id":"https:\/\/staging.safetysourcefire.ca\/product\/768-quick-attack-foam-aeration-tube-for-mid-range-turbojet-nozzle\/#breadcrumb"},"inLanguage":"fr-CA","potentialAction":[{"@type":"ReadAction","target":["https:\/\/staging.safetysourcefire.ca\/product\/768-quick-attack-foam-aeration-tube-for-mid-range-turbojet-nozzle\/"]}]},{"@type":"ImageObject","inLanguage":"fr-CA","@id":"https:\/\/staging.safetysourcefire.ca\/product\/768-quick-attack-foam-aeration-tube-for-mid-range-turbojet-nozzle\/#primaryimage","url":"https:\/\/staging.safetysourcefire.ca\/wp-content\/uploads\/2021\/04\/Quick-Attack-Foam-Tube-228x228-1.jpg","contentUrl":"https:\/\/staging.safetysourcefire.ca\/wp-content\/uploads\/2021\/04\/Quick-Attack-Foam-Tube-228x228-1.jpg","width":600,"height":600,"caption":"foam tube"},{"@type":"BreadcrumbList","@id":"https:\/\/staging.safetysourcefire.ca\/product\/768-quick-attack-foam-aeration-tube-for-mid-range-turbojet-nozzle\/#breadcrumb","itemListElement":[{"@type":"ListItem","position":1,"name":"Home","item":"https:\/\/staging.safetysourcefire.ca\/"},{"@type":"ListItem","position":2,"name":"Products","item":"https:\/\/staging.safetysourcefire.ca\/shop\/"},{"@type":"ListItem","position":3,"name":"768 Quick-Attack Foam Aeration Tube for Mid-range Turbojet Nozzle"}]},{"@type":"WebSite","@id":"https:\/\/staging.safetysourcefire.ca\/#website","url":"https:\/\/staging.safetysourcefire.ca\/","name":"Safety Source Fire","description":"","publisher":{"@id":"https:\/\/staging.safetysourcefire.ca\/#organization"},"potentialAction":[{"@type":"SearchAction","target":{"@type":"EntryPoint","urlTemplate":"https:\/\/staging.safetysourcefire.ca\/?s={search_term_string}"},"query-input":{"@type":"PropertyValueSpecification","valueRequired":true,"valueName":"search_term_string"}}],"inLanguage":"fr-CA"},{"@type":"Organization","@id":"https:\/\/staging.safetysourcefire.ca\/#organization","name":"Safety Source Fire","url":"https:\/\/staging.safetysourcefire.ca\/","logo":{"@type":"ImageObject","inLanguage":"fr-CA","@id":"https:\/\/staging.safetysourcefire.ca\/#\/schema\/logo\/image\/","url":"https:\/\/staging.safetysourcefire.ca\/wp-content\/uploads\/2021\/01\/SSF_logo_CC0000-3.png","contentUrl":"https:\/\/staging.safetysourcefire.ca\/wp-content\/uploads\/2021\/01\/SSF_logo_CC0000-3.png","width":1107,"height":365,"caption":"Safety Source Fire"},"image":{"@id":"https:\/\/staging.safetysourcefire.ca\/#\/schema\/logo\/image\/"},"sameAs":["https:\/\/www.facebook.com\/mmfssca","https:\/\/x.com\/mmfssca"]}]}},"_links":{"self":[{"href":"https:\/\/staging.safetysourcefire.ca\/fr_ca\/wp-json\/wp\/v2\/product\/25084","targetHints":{"allow":["GET"]}}],"collection":[{"href":"https:\/\/staging.safetysourcefire.ca\/fr_ca\/wp-json\/wp\/v2\/product"}],"about":[{"href":"https:\/\/staging.safetysourcefire.ca\/fr_ca\/wp-json\/wp\/v2\/types\/product"}],"wp:featuredmedia":[{"embeddable":true,"href":"https:\/\/staging.safetysourcefire.ca\/fr_ca\/wp-json\/wp\/v2\/media\/25085"}],"wp:attachment":[{"href":"https:\/\/staging.safetysourcefire.ca\/fr_ca\/wp-json\/wp\/v2\/media?parent=25084"}],"wp:term":[{"taxonomy":"product_brand","embeddable":true,"href":"https:\/\/staging.safetysourcefire.ca\/fr_ca\/wp-json\/wp\/v2\/product_brand?post=25084"},{"taxonomy":"product_cat","embeddable":true,"href":"https:\/\/staging.safetysourcefire.ca\/fr_ca\/wp-json\/wp\/v2\/product_cat?post=25084"},{"taxonomy":"product_tag","embeddable":true,"href":"https:\/\/staging.safetysourcefire.ca\/fr_ca\/wp-json\/wp\/v2\/product_tag?post=25084"}],"curies":[{"name":"wp","href":"https:\/\/api.w.org\/{rel}","templated":true}]}}