{"id":24959,"date":"2021-04-09T16:08:40","date_gmt":"2021-04-09T16:08:40","guid":{"rendered":"https:\/\/safetysourcefire.ca\/?post_type=product&#038;p=24959"},"modified":"2023-03-30T13:30:47","modified_gmt":"2023-03-30T13:30:47","slug":"vantage-ii-helmet-light","status":"publish","type":"product","link":"https:\/\/staging.safetysourcefire.ca\/fr_ca\/produit\/vantage-ii-helmet-light\/","title":{"rendered":"Lumi\u00e8re pour casque Vantage\u00ae II"},"content":{"rendered":"<p>La Vantage II fait partie de la nouvelle g\u00e9n\u00e9ration d'outils d'\u00e9clairage mains libres fiables pour les casques d'incendie et les casques de protection. Elleest compacte, puissante, r\u00e9sistante aux chocs et pratiquement indestructible!<\/p>\n<ul>\n<li>Deux mod\u00e8les disponibles:\n<ul>\n<li>Le mod\u00e8le de service d&#039;incendie se fixe \/ se d\u00e9tache facilement au-dessus ou en dessous du bord des casques d&#039;incendie<\/li>\n<li>Le mod\u00e8le industriel comprend un support de casque qui se glisse dans la fente pour accessoires<\/li>\n<\/ul>\n<\/li>\n<li>Modes d'intensit\u00e9 faible ou \u00e9lev\u00e9s\n<ul>\n<li>\u00c9lev\u00e9: 350 lumens; Faisceau de 118m; fonctionne 2,25 heures<\/li>\n<li>Faible: 135 lumens; Faisceau de 80m; fonctionne 5 heures<\/li>\n<\/ul>\n<\/li>\n<li>Les caract\u00e9ristiques de s\u00e9curit\u00e9 comprennent un feu DEL bleu \u00e0 l'arri\u00e8re pour que vous puissiez \u00eatre vu dans tous les angles. Ce feu arri\u00e8re peut \u00eatre configur\u00e9 pour clignoter ou simplement \u00e9teint<\/li>\n<li>Gros interrupteur \u00e0 bouton-poussoir. Mise en marche et\/ou arr\u00eat facile, m\u00eame avec une main gant\u00e9e<\/li>\n<li>La fonction \u00abSafe off\u00bb emp\u00eache l'activation accidentelle, \u00e9conomisant ainsi les piles<\/li>\n<li>Pince pivotante pour optimiser l&#039;emplacement du faisceau<\/li>\n<li>Profil bas pour ne pas s&#039;accrocher aux d\u00e9bris<\/li>\n<li>Construction en aluminium durable qui peut r\u00e9sister \u00e0 la chaleur et \u00e0 la fum\u00e9e; Lentille en verre Boro Float<\/li>\n<li>Bandes r\u00e9fl\u00e9chissantes sur le c\u00f4t\u00e9 du bo\u00eetier de l&#039;interrupteur<\/li>\n<li>IPX7 \u00e9tanche \u00e0 1 m\u00e8tre pendant 30 minutes<\/li>\n<li>Utilise une pile au lithium CR123A (incluse)<\/li>\n<li>L\u00e9ger :\nMod\u00e8le feu : 3,65 oz (103,5 g) \/\nMod\u00e8le industriel: 2,97 oz (84,2 g) \/\nLongueur de 2,37 po (6,01 cm)<\/li>\n<li>Garantie \u00e0 vie (limit\u00e9e)<\/li>\n<li>R\u00e9pond aux exigences de la NFPA 1971-8.6 (2013)<\/li>\n<\/ul>\n<p>SP\u00c9CIFICATIONS DU PRODUIT<br \/>\nLumens \u00e9lev\u00e9s: 350<br \/>\nDur\u00e9e de fonctionnement en haute intensit\u00e9: 2,25 heures<br \/>\nDur\u00e9e de fonctionnement \u00e0 basse intensit\u00e9 : 5,00 heures<br \/>\nDistance du faisceau: 118 m\u00e8tres<br \/>\nMax Candela: 3 500<br \/>\nType de batterie: Lithium CR123A<br \/>\nQuantit\u00e9 de batterie: 1<br \/>\nLongueur: 6,02 centim\u00e8tres<br \/>\nPoids: 3,65 onces (103,48 grammes)<br \/>\nCouleur: noir<\/p>\n<p>&nbsp;<\/p>\n<p><a href=\"https:\/\/www.streamlight.com\/docs\/default-source\/data-sheet\/vantageii_fireind_datasheet.pdf\">Fiche technique<\/a><\/p>\n<p><a href=\"https:\/\/www.streamlight.com\/docs\/default-source\/fact-sheet\/324.pdf\">Fiche descriptive<\/a><\/p>","protected":false},"excerpt":{"rendered":"<p>Une lampe l\u00e9g\u00e8re et durable pour les casques des pompiers.<\/p>","protected":false},"featured_media":24963,"template":"","meta":[],"product_brand":[144],"product_cat":[48,81],"product_tag":[350],"class_list":{"0":"post-24959","1":"product","2":"type-product","3":"status-publish","4":"has-post-thumbnail","6":"product_brand-streamlight","7":"product_cat-lighting","8":"product_cat-personal-lighting","9":"product_tag-streamlight","11":"first","12":"instock","13":"shipping-taxable","14":"product-type-simple"},"yoast_head":"<!-- This site is optimized with the Yoast SEO plugin v27.4 - https:\/\/yoast.com\/product\/yoast-seo-wordpress\/ -->\n<title>Vantage\u00ae II Helmet Light - Safety Source Fire<\/title>\n<meta name=\"robots\" content=\"noindex, follow, max-snippet:-1, max-image-preview:large, max-video-preview:-1\" \/>\n<meta property=\"og:locale\" content=\"fr_CA\" \/>\n<meta property=\"og:type\" content=\"article\" \/>\n<meta property=\"og:title\" content=\"Vantage\u00ae II Helmet Light - Safety Source Fire\" \/>\n<meta property=\"og:description\" content=\"Lightweight and Durable Fire Helmet and Hard Hat Light\" \/>\n<meta property=\"og:url\" content=\"https:\/\/staging.safetysourcefire.ca\/fr_ca\/produit\/vantage-ii-helmet-light\/\" \/>\n<meta property=\"og:site_name\" content=\"Safety Source Fire\" \/>\n<meta property=\"article:publisher\" content=\"https:\/\/www.facebook.com\/mmfssca\" \/>\n<meta property=\"article:modified_time\" content=\"2023-03-30T13:30:47+00:00\" \/>\n<meta property=\"og:image\" content=\"https:\/\/staging.safetysourcefire.ca\/wp-content\/uploads\/2021\/04\/vantageii_fireind_02.jpg\" \/>\n\t<meta property=\"og:image:width\" content=\"600\" \/>\n\t<meta property=\"og:image:height\" content=\"600\" \/>\n\t<meta property=\"og:image:type\" content=\"image\/jpeg\" \/>\n<meta name=\"twitter:card\" content=\"summary_large_image\" \/>\n<meta name=\"twitter:site\" content=\"@mmfssca\" \/>\n<meta name=\"twitter:label1\" content=\"Estimation du temps de lecture\" \/>\n\t<meta name=\"twitter:data1\" content=\"2 minutes\" \/>\n<script type=\"application\/ld+json\" class=\"yoast-schema-graph\">{\"@context\":\"https:\\\/\\\/schema.org\",\"@graph\":[{\"@type\":\"WebPage\",\"@id\":\"https:\\\/\\\/staging.safetysourcefire.ca\\\/product\\\/vantage-ii-helmet-light\\\/\",\"url\":\"https:\\\/\\\/staging.safetysourcefire.ca\\\/product\\\/vantage-ii-helmet-light\\\/\",\"name\":\"Vantage\u00ae II Helmet Light - Safety Source Fire\",\"isPartOf\":{\"@id\":\"https:\\\/\\\/staging.safetysourcefire.ca\\\/#website\"},\"primaryImageOfPage\":{\"@id\":\"https:\\\/\\\/staging.safetysourcefire.ca\\\/product\\\/vantage-ii-helmet-light\\\/#primaryimage\"},\"image\":{\"@id\":\"https:\\\/\\\/staging.safetysourcefire.ca\\\/product\\\/vantage-ii-helmet-light\\\/#primaryimage\"},\"thumbnailUrl\":\"https:\\\/\\\/staging.safetysourcefire.ca\\\/wp-content\\\/uploads\\\/2021\\\/04\\\/vantageii_fireind_02.jpg\",\"datePublished\":\"2021-04-09T16:08:40+00:00\",\"dateModified\":\"2023-03-30T13:30:47+00:00\",\"breadcrumb\":{\"@id\":\"https:\\\/\\\/staging.safetysourcefire.ca\\\/product\\\/vantage-ii-helmet-light\\\/#breadcrumb\"},\"inLanguage\":\"fr-CA\",\"potentialAction\":[{\"@type\":\"ReadAction\",\"target\":[\"https:\\\/\\\/staging.safetysourcefire.ca\\\/product\\\/vantage-ii-helmet-light\\\/\"]}]},{\"@type\":\"ImageObject\",\"inLanguage\":\"fr-CA\",\"@id\":\"https:\\\/\\\/staging.safetysourcefire.ca\\\/product\\\/vantage-ii-helmet-light\\\/#primaryimage\",\"url\":\"https:\\\/\\\/staging.safetysourcefire.ca\\\/wp-content\\\/uploads\\\/2021\\\/04\\\/vantageii_fireind_02.jpg\",\"contentUrl\":\"https:\\\/\\\/staging.safetysourcefire.ca\\\/wp-content\\\/uploads\\\/2021\\\/04\\\/vantageii_fireind_02.jpg\",\"width\":600,\"height\":600,\"caption\":\"helmet light\"},{\"@type\":\"BreadcrumbList\",\"@id\":\"https:\\\/\\\/staging.safetysourcefire.ca\\\/product\\\/vantage-ii-helmet-light\\\/#breadcrumb\",\"itemListElement\":[{\"@type\":\"ListItem\",\"position\":1,\"name\":\"Home\",\"item\":\"https:\\\/\\\/staging.safetysourcefire.ca\\\/\"},{\"@type\":\"ListItem\",\"position\":2,\"name\":\"Products\",\"item\":\"https:\\\/\\\/staging.safetysourcefire.ca\\\/shop\\\/\"},{\"@type\":\"ListItem\",\"position\":3,\"name\":\"Vantage\u00ae II Helmet Light\"}]},{\"@type\":\"WebSite\",\"@id\":\"https:\\\/\\\/staging.safetysourcefire.ca\\\/#website\",\"url\":\"https:\\\/\\\/staging.safetysourcefire.ca\\\/\",\"name\":\"Safety Source Fire\",\"description\":\"\",\"publisher\":{\"@id\":\"https:\\\/\\\/staging.safetysourcefire.ca\\\/#organization\"},\"potentialAction\":[{\"@type\":\"SearchAction\",\"target\":{\"@type\":\"EntryPoint\",\"urlTemplate\":\"https:\\\/\\\/staging.safetysourcefire.ca\\\/?s={search_term_string}\"},\"query-input\":{\"@type\":\"PropertyValueSpecification\",\"valueRequired\":true,\"valueName\":\"search_term_string\"}}],\"inLanguage\":\"fr-CA\"},{\"@type\":\"Organization\",\"@id\":\"https:\\\/\\\/staging.safetysourcefire.ca\\\/#organization\",\"name\":\"Safety Source Fire\",\"url\":\"https:\\\/\\\/staging.safetysourcefire.ca\\\/\",\"logo\":{\"@type\":\"ImageObject\",\"inLanguage\":\"fr-CA\",\"@id\":\"https:\\\/\\\/staging.safetysourcefire.ca\\\/#\\\/schema\\\/logo\\\/image\\\/\",\"url\":\"https:\\\/\\\/staging.safetysourcefire.ca\\\/wp-content\\\/uploads\\\/2021\\\/01\\\/SSF_logo_CC0000-3.png\",\"contentUrl\":\"https:\\\/\\\/staging.safetysourcefire.ca\\\/wp-content\\\/uploads\\\/2021\\\/01\\\/SSF_logo_CC0000-3.png\",\"width\":1107,\"height\":365,\"caption\":\"Safety Source Fire\"},\"image\":{\"@id\":\"https:\\\/\\\/staging.safetysourcefire.ca\\\/#\\\/schema\\\/logo\\\/image\\\/\"},\"sameAs\":[\"https:\\\/\\\/www.facebook.com\\\/mmfssca\",\"https:\\\/\\\/x.com\\\/mmfssca\"]}]}<\/script>\n<!-- \/ Yoast SEO plugin. -->","yoast_head_json":{"title":"Vantage\u00ae II Helmet Light - Safety Source Fire","robots":{"index":"noindex","follow":"follow","max-snippet":"max-snippet:-1","max-image-preview":"max-image-preview:large","max-video-preview":"max-video-preview:-1"},"og_locale":"fr_CA","og_type":"article","og_title":"Vantage\u00ae II Helmet Light - Safety Source Fire","og_description":"Lightweight and Durable Fire Helmet and Hard Hat Light","og_url":"https:\/\/staging.safetysourcefire.ca\/fr_ca\/produit\/vantage-ii-helmet-light\/","og_site_name":"Safety Source Fire","article_publisher":"https:\/\/www.facebook.com\/mmfssca","article_modified_time":"2023-03-30T13:30:47+00:00","og_image":[{"width":600,"height":600,"url":"https:\/\/staging.safetysourcefire.ca\/wp-content\/uploads\/2021\/04\/vantageii_fireind_02.jpg","type":"image\/jpeg"}],"twitter_card":"summary_large_image","twitter_site":"@mmfssca","twitter_misc":{"Estimation du temps de lecture":"2 minutes"},"schema":{"@context":"https:\/\/schema.org","@graph":[{"@type":"WebPage","@id":"https:\/\/staging.safetysourcefire.ca\/product\/vantage-ii-helmet-light\/","url":"https:\/\/staging.safetysourcefire.ca\/product\/vantage-ii-helmet-light\/","name":"Vantage\u00ae II Helmet Light - Safety Source Fire","isPartOf":{"@id":"https:\/\/staging.safetysourcefire.ca\/#website"},"primaryImageOfPage":{"@id":"https:\/\/staging.safetysourcefire.ca\/product\/vantage-ii-helmet-light\/#primaryimage"},"image":{"@id":"https:\/\/staging.safetysourcefire.ca\/product\/vantage-ii-helmet-light\/#primaryimage"},"thumbnailUrl":"https:\/\/staging.safetysourcefire.ca\/wp-content\/uploads\/2021\/04\/vantageii_fireind_02.jpg","datePublished":"2021-04-09T16:08:40+00:00","dateModified":"2023-03-30T13:30:47+00:00","breadcrumb":{"@id":"https:\/\/staging.safetysourcefire.ca\/product\/vantage-ii-helmet-light\/#breadcrumb"},"inLanguage":"fr-CA","potentialAction":[{"@type":"ReadAction","target":["https:\/\/staging.safetysourcefire.ca\/product\/vantage-ii-helmet-light\/"]}]},{"@type":"ImageObject","inLanguage":"fr-CA","@id":"https:\/\/staging.safetysourcefire.ca\/product\/vantage-ii-helmet-light\/#primaryimage","url":"https:\/\/staging.safetysourcefire.ca\/wp-content\/uploads\/2021\/04\/vantageii_fireind_02.jpg","contentUrl":"https:\/\/staging.safetysourcefire.ca\/wp-content\/uploads\/2021\/04\/vantageii_fireind_02.jpg","width":600,"height":600,"caption":"helmet light"},{"@type":"BreadcrumbList","@id":"https:\/\/staging.safetysourcefire.ca\/product\/vantage-ii-helmet-light\/#breadcrumb","itemListElement":[{"@type":"ListItem","position":1,"name":"Home","item":"https:\/\/staging.safetysourcefire.ca\/"},{"@type":"ListItem","position":2,"name":"Products","item":"https:\/\/staging.safetysourcefire.ca\/shop\/"},{"@type":"ListItem","position":3,"name":"Vantage\u00ae II Helmet Light"}]},{"@type":"WebSite","@id":"https:\/\/staging.safetysourcefire.ca\/#website","url":"https:\/\/staging.safetysourcefire.ca\/","name":"Safety Source Fire","description":"","publisher":{"@id":"https:\/\/staging.safetysourcefire.ca\/#organization"},"potentialAction":[{"@type":"SearchAction","target":{"@type":"EntryPoint","urlTemplate":"https:\/\/staging.safetysourcefire.ca\/?s={search_term_string}"},"query-input":{"@type":"PropertyValueSpecification","valueRequired":true,"valueName":"search_term_string"}}],"inLanguage":"fr-CA"},{"@type":"Organization","@id":"https:\/\/staging.safetysourcefire.ca\/#organization","name":"Safety Source Fire","url":"https:\/\/staging.safetysourcefire.ca\/","logo":{"@type":"ImageObject","inLanguage":"fr-CA","@id":"https:\/\/staging.safetysourcefire.ca\/#\/schema\/logo\/image\/","url":"https:\/\/staging.safetysourcefire.ca\/wp-content\/uploads\/2021\/01\/SSF_logo_CC0000-3.png","contentUrl":"https:\/\/staging.safetysourcefire.ca\/wp-content\/uploads\/2021\/01\/SSF_logo_CC0000-3.png","width":1107,"height":365,"caption":"Safety Source Fire"},"image":{"@id":"https:\/\/staging.safetysourcefire.ca\/#\/schema\/logo\/image\/"},"sameAs":["https:\/\/www.facebook.com\/mmfssca","https:\/\/x.com\/mmfssca"]}]}},"_links":{"self":[{"href":"https:\/\/staging.safetysourcefire.ca\/fr_ca\/wp-json\/wp\/v2\/product\/24959","targetHints":{"allow":["GET"]}}],"collection":[{"href":"https:\/\/staging.safetysourcefire.ca\/fr_ca\/wp-json\/wp\/v2\/product"}],"about":[{"href":"https:\/\/staging.safetysourcefire.ca\/fr_ca\/wp-json\/wp\/v2\/types\/product"}],"wp:featuredmedia":[{"embeddable":true,"href":"https:\/\/staging.safetysourcefire.ca\/fr_ca\/wp-json\/wp\/v2\/media\/24963"}],"wp:attachment":[{"href":"https:\/\/staging.safetysourcefire.ca\/fr_ca\/wp-json\/wp\/v2\/media?parent=24959"}],"wp:term":[{"taxonomy":"product_brand","embeddable":true,"href":"https:\/\/staging.safetysourcefire.ca\/fr_ca\/wp-json\/wp\/v2\/product_brand?post=24959"},{"taxonomy":"product_cat","embeddable":true,"href":"https:\/\/staging.safetysourcefire.ca\/fr_ca\/wp-json\/wp\/v2\/product_cat?post=24959"},{"taxonomy":"product_tag","embeddable":true,"href":"https:\/\/staging.safetysourcefire.ca\/fr_ca\/wp-json\/wp\/v2\/product_tag?post=24959"}],"curies":[{"name":"wp","href":"https:\/\/api.w.org\/{rel}","templated":true}]}}