{"id":24813,"date":"2021-04-06T18:13:11","date_gmt":"2021-04-06T18:13:11","guid":{"rendered":"https:\/\/safetysourcefire.ca\/?post_type=product&#038;p=24813"},"modified":"2023-01-09T15:39:59","modified_gmt":"2023-01-09T15:39:59","slug":"victory","status":"publish","type":"product","link":"https:\/\/staging.safetysourcefire.ca\/fr_ca\/produit\/victory\/","title":{"rendered":"Gants Victory \u2122"},"content":{"rendered":"<p>VICTORY: LE GANT GAGNANT<\/p>\n<p>Dext\u00e9rit\u00e9 maximale<\/p>\n<ul>\n<li>Gant innovant, v\u00e9ritable motif continu 3-D avec pouce Kontour et parois lat\u00e9rales individuelles dans chaque doigt pour plus de contr\u00f4le<\/li>\n<\/ul>\n<p>L\u00e9ger et flexible<\/p>\n<ul>\n<li>Fabriqu\u00e9 en cuir de peau de ch\u00e8vre doux mais durable et hydrofuge pour plus de confort. Protection et flexibilit\u00e9 s'allient pour r\u00e9duire la fatigue<\/li>\n<\/ul>\n<p>Barri\u00e8re anti-humidit\u00e9 Gore\u00ae Crosstech\u00ae<\/p>\n<ul>\n<li>Protection sup\u00e9rieure respirante contre la p\u00e9n\u00e9tration des liquides avec une m\u00e9thode de fixation exclusive qui emp\u00eache la doublure de s'arracher<\/li>\n<\/ul>\n<p>Protection am\u00e9lior\u00e9e<\/p>\n<ul>\n<li>Protection thermique accrue dans le dos de la main. Rembourrage suppl\u00e9mentaire et renforcement dans la paume et le pouce afin de combattre l'usure<\/li>\n<\/ul>\n<p>\u00c9L\u00c9MENTS CL\u00c9S<\/p>\n<ul>\n<li>CONFORME NFPA 1971. Satisfait ou d\u00e9passe les normes de lutte contre les incendies de structure<\/li>\n<li>COUCHE INT\u00c9RIEURE EN LAINE ARAMIDE M\u00c9LANG\u00c9E. Protection thermique accrue avec renforcement suppl\u00e9mentaire dans les zones \u00e0 forte usure<\/li>\n<li>COUTURE DE PAUME AM\u00c9LIOR\u00c9E. Dot\u00e9 d'un fil Kevlar\u00ae pour une meilleure adh\u00e9rence<\/li>\n<li>\u00a0LARGE CHOIX DE TAILLES. Offre compl\u00e8te entre  XXS-4XL en plus des tailles Cadet S-2XL<\/li>\n<\/ul>\n<p><iframe loading=\"lazy\" title=\"lecteur vid\u00e9o YouTube\" src=\"https:\/\/www.youtube.com\/embed\/fsN54zQfGDI\" width=\"560\" height=\"315\" frameborder=\"0\" allowfullscreen=\"allowfullscreen\"><\/iframe><\/p>","protected":false},"excerpt":{"rendered":"<p>L\u00e9gers et flexibles, ces gants vous permettent un niveau maximal de dext\u00e9rit\u00e9. Ils poss\u00e8dent une barri\u00e8re contre l'humidit\u00e9 Gore\u00ae Crosstech\u00ae pour une protection am\u00e9lior\u00e9e.<\/p>","protected":false},"featured_media":27284,"template":"","meta":[],"product_brand":[421],"product_cat":[236,50],"product_tag":[395],"class_list":{"0":"post-24813","1":"product","2":"type-product","3":"status-publish","4":"has-post-thumbnail","6":"product_brand-lion","7":"product_cat-gloves","8":"product_cat-personal-protective-equipment","9":"product_tag-starfield-lion","11":"first","12":"instock","13":"featured","14":"shipping-taxable","15":"product-type-simple"},"yoast_head":"<!-- This site is optimized with the Yoast SEO plugin v27.4 - https:\/\/yoast.com\/product\/yoast-seo-wordpress\/ -->\n<title>Victory\u2122 Gloves - Safety Source Fire<\/title>\n<meta name=\"robots\" content=\"noindex, follow, max-snippet:-1, max-image-preview:large, max-video-preview:-1\" \/>\n<meta property=\"og:locale\" content=\"fr_CA\" \/>\n<meta property=\"og:type\" content=\"article\" \/>\n<meta property=\"og:title\" content=\"Victory\u2122 Gloves - Safety Source Fire\" \/>\n<meta property=\"og:description\" content=\"Maximum Dexterity, Lightweight &amp; Flexible, Gore\u00ae Crosstech\u00ae Moisture Barrier, Enhanced Protection\" \/>\n<meta property=\"og:url\" content=\"https:\/\/staging.safetysourcefire.ca\/fr_ca\/produit\/victory\/\" \/>\n<meta property=\"og:site_name\" content=\"Safety Source Fire\" \/>\n<meta property=\"article:publisher\" content=\"https:\/\/www.facebook.com\/mmfssca\" \/>\n<meta property=\"article:modified_time\" content=\"2023-01-09T15:39:59+00:00\" \/>\n<meta property=\"og:image\" content=\"https:\/\/staging.safetysourcefire.ca\/wp-content\/uploads\/2021\/04\/victory_4-6_leather-construction_Victory-Glove_OnWhite_246.jpg\" \/>\n\t<meta property=\"og:image:width\" content=\"600\" \/>\n\t<meta property=\"og:image:height\" content=\"600\" \/>\n\t<meta property=\"og:image:type\" content=\"image\/jpeg\" \/>\n<meta name=\"twitter:card\" content=\"summary_large_image\" \/>\n<meta name=\"twitter:site\" content=\"@mmfssca\" \/>\n<meta name=\"twitter:label1\" content=\"Estimation du temps de lecture\" \/>\n\t<meta name=\"twitter:data1\" content=\"1 minute\" \/>\n<script type=\"application\/ld+json\" class=\"yoast-schema-graph\">{\"@context\":\"https:\\\/\\\/schema.org\",\"@graph\":[{\"@type\":\"WebPage\",\"@id\":\"https:\\\/\\\/staging.safetysourcefire.ca\\\/product\\\/victory\\\/\",\"url\":\"https:\\\/\\\/staging.safetysourcefire.ca\\\/product\\\/victory\\\/\",\"name\":\"Victory\u2122 Gloves - Safety Source Fire\",\"isPartOf\":{\"@id\":\"https:\\\/\\\/staging.safetysourcefire.ca\\\/#website\"},\"primaryImageOfPage\":{\"@id\":\"https:\\\/\\\/staging.safetysourcefire.ca\\\/product\\\/victory\\\/#primaryimage\"},\"image\":{\"@id\":\"https:\\\/\\\/staging.safetysourcefire.ca\\\/product\\\/victory\\\/#primaryimage\"},\"thumbnailUrl\":\"https:\\\/\\\/staging.safetysourcefire.ca\\\/wp-content\\\/uploads\\\/2021\\\/04\\\/victory_4-6_leather-construction_Victory-Glove_OnWhite_246.jpg\",\"datePublished\":\"2021-04-06T18:13:11+00:00\",\"dateModified\":\"2023-01-09T15:39:59+00:00\",\"breadcrumb\":{\"@id\":\"https:\\\/\\\/staging.safetysourcefire.ca\\\/product\\\/victory\\\/#breadcrumb\"},\"inLanguage\":\"fr-CA\",\"potentialAction\":[{\"@type\":\"ReadAction\",\"target\":[\"https:\\\/\\\/staging.safetysourcefire.ca\\\/product\\\/victory\\\/\"]}]},{\"@type\":\"ImageObject\",\"inLanguage\":\"fr-CA\",\"@id\":\"https:\\\/\\\/staging.safetysourcefire.ca\\\/product\\\/victory\\\/#primaryimage\",\"url\":\"https:\\\/\\\/staging.safetysourcefire.ca\\\/wp-content\\\/uploads\\\/2021\\\/04\\\/victory_4-6_leather-construction_Victory-Glove_OnWhite_246.jpg\",\"contentUrl\":\"https:\\\/\\\/staging.safetysourcefire.ca\\\/wp-content\\\/uploads\\\/2021\\\/04\\\/victory_4-6_leather-construction_Victory-Glove_OnWhite_246.jpg\",\"width\":600,\"height\":600,\"caption\":\"gloves\"},{\"@type\":\"BreadcrumbList\",\"@id\":\"https:\\\/\\\/staging.safetysourcefire.ca\\\/product\\\/victory\\\/#breadcrumb\",\"itemListElement\":[{\"@type\":\"ListItem\",\"position\":1,\"name\":\"Home\",\"item\":\"https:\\\/\\\/staging.safetysourcefire.ca\\\/\"},{\"@type\":\"ListItem\",\"position\":2,\"name\":\"Products\",\"item\":\"https:\\\/\\\/staging.safetysourcefire.ca\\\/shop\\\/\"},{\"@type\":\"ListItem\",\"position\":3,\"name\":\"Victory\u2122 Gloves\"}]},{\"@type\":\"WebSite\",\"@id\":\"https:\\\/\\\/staging.safetysourcefire.ca\\\/#website\",\"url\":\"https:\\\/\\\/staging.safetysourcefire.ca\\\/\",\"name\":\"Safety Source Fire\",\"description\":\"\",\"publisher\":{\"@id\":\"https:\\\/\\\/staging.safetysourcefire.ca\\\/#organization\"},\"potentialAction\":[{\"@type\":\"SearchAction\",\"target\":{\"@type\":\"EntryPoint\",\"urlTemplate\":\"https:\\\/\\\/staging.safetysourcefire.ca\\\/?s={search_term_string}\"},\"query-input\":{\"@type\":\"PropertyValueSpecification\",\"valueRequired\":true,\"valueName\":\"search_term_string\"}}],\"inLanguage\":\"fr-CA\"},{\"@type\":\"Organization\",\"@id\":\"https:\\\/\\\/staging.safetysourcefire.ca\\\/#organization\",\"name\":\"Safety Source Fire\",\"url\":\"https:\\\/\\\/staging.safetysourcefire.ca\\\/\",\"logo\":{\"@type\":\"ImageObject\",\"inLanguage\":\"fr-CA\",\"@id\":\"https:\\\/\\\/staging.safetysourcefire.ca\\\/#\\\/schema\\\/logo\\\/image\\\/\",\"url\":\"https:\\\/\\\/staging.safetysourcefire.ca\\\/wp-content\\\/uploads\\\/2021\\\/01\\\/SSF_logo_CC0000-3.png\",\"contentUrl\":\"https:\\\/\\\/staging.safetysourcefire.ca\\\/wp-content\\\/uploads\\\/2021\\\/01\\\/SSF_logo_CC0000-3.png\",\"width\":1107,\"height\":365,\"caption\":\"Safety Source Fire\"},\"image\":{\"@id\":\"https:\\\/\\\/staging.safetysourcefire.ca\\\/#\\\/schema\\\/logo\\\/image\\\/\"},\"sameAs\":[\"https:\\\/\\\/www.facebook.com\\\/mmfssca\",\"https:\\\/\\\/x.com\\\/mmfssca\"]}]}<\/script>\n<!-- \/ Yoast SEO plugin. -->","yoast_head_json":{"title":"Gants Victory\u2122 - S\u00e9curit\u00e9 incendie","robots":{"index":"noindex","follow":"follow","max-snippet":"max-snippet:-1","max-image-preview":"max-image-preview:large","max-video-preview":"max-video-preview:-1"},"og_locale":"fr_CA","og_type":"article","og_title":"Victory\u2122 Gloves - Safety Source Fire","og_description":"Maximum Dexterity, Lightweight &amp; Flexible, Gore\u00ae Crosstech\u00ae Moisture Barrier, Enhanced Protection","og_url":"https:\/\/staging.safetysourcefire.ca\/fr_ca\/produit\/victory\/","og_site_name":"Safety Source Fire","article_publisher":"https:\/\/www.facebook.com\/mmfssca","article_modified_time":"2023-01-09T15:39:59+00:00","og_image":[{"width":600,"height":600,"url":"https:\/\/staging.safetysourcefire.ca\/wp-content\/uploads\/2021\/04\/victory_4-6_leather-construction_Victory-Glove_OnWhite_246.jpg","type":"image\/jpeg"}],"twitter_card":"summary_large_image","twitter_site":"@mmfssca","twitter_misc":{"Estimation du temps de lecture":"1 minute"},"schema":{"@context":"https:\/\/schema.org","@graph":[{"@type":"WebPage","@id":"https:\/\/staging.safetysourcefire.ca\/product\/victory\/","url":"https:\/\/staging.safetysourcefire.ca\/product\/victory\/","name":"Gants Victory\u2122 - S\u00e9curit\u00e9 incendie","isPartOf":{"@id":"https:\/\/staging.safetysourcefire.ca\/#website"},"primaryImageOfPage":{"@id":"https:\/\/staging.safetysourcefire.ca\/product\/victory\/#primaryimage"},"image":{"@id":"https:\/\/staging.safetysourcefire.ca\/product\/victory\/#primaryimage"},"thumbnailUrl":"https:\/\/staging.safetysourcefire.ca\/wp-content\/uploads\/2021\/04\/victory_4-6_leather-construction_Victory-Glove_OnWhite_246.jpg","datePublished":"2021-04-06T18:13:11+00:00","dateModified":"2023-01-09T15:39:59+00:00","breadcrumb":{"@id":"https:\/\/staging.safetysourcefire.ca\/product\/victory\/#breadcrumb"},"inLanguage":"fr-CA","potentialAction":[{"@type":"ReadAction","target":["https:\/\/staging.safetysourcefire.ca\/product\/victory\/"]}]},{"@type":"ImageObject","inLanguage":"fr-CA","@id":"https:\/\/staging.safetysourcefire.ca\/product\/victory\/#primaryimage","url":"https:\/\/staging.safetysourcefire.ca\/wp-content\/uploads\/2021\/04\/victory_4-6_leather-construction_Victory-Glove_OnWhite_246.jpg","contentUrl":"https:\/\/staging.safetysourcefire.ca\/wp-content\/uploads\/2021\/04\/victory_4-6_leather-construction_Victory-Glove_OnWhite_246.jpg","width":600,"height":600,"caption":"gloves"},{"@type":"BreadcrumbList","@id":"https:\/\/staging.safetysourcefire.ca\/product\/victory\/#breadcrumb","itemListElement":[{"@type":"ListItem","position":1,"name":"Home","item":"https:\/\/staging.safetysourcefire.ca\/"},{"@type":"ListItem","position":2,"name":"Products","item":"https:\/\/staging.safetysourcefire.ca\/shop\/"},{"@type":"ListItem","position":3,"name":"Victory\u2122 Gloves"}]},{"@type":"WebSite","@id":"https:\/\/staging.safetysourcefire.ca\/#website","url":"https:\/\/staging.safetysourcefire.ca\/","name":"Safety Source Fire","description":"","publisher":{"@id":"https:\/\/staging.safetysourcefire.ca\/#organization"},"potentialAction":[{"@type":"SearchAction","target":{"@type":"EntryPoint","urlTemplate":"https:\/\/staging.safetysourcefire.ca\/?s={search_term_string}"},"query-input":{"@type":"PropertyValueSpecification","valueRequired":true,"valueName":"search_term_string"}}],"inLanguage":"fr-CA"},{"@type":"Organization","@id":"https:\/\/staging.safetysourcefire.ca\/#organization","name":"Safety Source Fire","url":"https:\/\/staging.safetysourcefire.ca\/","logo":{"@type":"ImageObject","inLanguage":"fr-CA","@id":"https:\/\/staging.safetysourcefire.ca\/#\/schema\/logo\/image\/","url":"https:\/\/staging.safetysourcefire.ca\/wp-content\/uploads\/2021\/01\/SSF_logo_CC0000-3.png","contentUrl":"https:\/\/staging.safetysourcefire.ca\/wp-content\/uploads\/2021\/01\/SSF_logo_CC0000-3.png","width":1107,"height":365,"caption":"Safety Source Fire"},"image":{"@id":"https:\/\/staging.safetysourcefire.ca\/#\/schema\/logo\/image\/"},"sameAs":["https:\/\/www.facebook.com\/mmfssca","https:\/\/x.com\/mmfssca"]}]}},"_links":{"self":[{"href":"https:\/\/staging.safetysourcefire.ca\/fr_ca\/wp-json\/wp\/v2\/product\/24813","targetHints":{"allow":["GET"]}}],"collection":[{"href":"https:\/\/staging.safetysourcefire.ca\/fr_ca\/wp-json\/wp\/v2\/product"}],"about":[{"href":"https:\/\/staging.safetysourcefire.ca\/fr_ca\/wp-json\/wp\/v2\/types\/product"}],"wp:featuredmedia":[{"embeddable":true,"href":"https:\/\/staging.safetysourcefire.ca\/fr_ca\/wp-json\/wp\/v2\/media\/27284"}],"wp:attachment":[{"href":"https:\/\/staging.safetysourcefire.ca\/fr_ca\/wp-json\/wp\/v2\/media?parent=24813"}],"wp:term":[{"taxonomy":"product_brand","embeddable":true,"href":"https:\/\/staging.safetysourcefire.ca\/fr_ca\/wp-json\/wp\/v2\/product_brand?post=24813"},{"taxonomy":"product_cat","embeddable":true,"href":"https:\/\/staging.safetysourcefire.ca\/fr_ca\/wp-json\/wp\/v2\/product_cat?post=24813"},{"taxonomy":"product_tag","embeddable":true,"href":"https:\/\/staging.safetysourcefire.ca\/fr_ca\/wp-json\/wp\/v2\/product_tag?post=24813"}],"curies":[{"name":"wp","href":"https:\/\/api.w.org\/{rel}","templated":true}]}}