{"id":22017,"date":"2020-07-28T20:20:53","date_gmt":"2020-07-28T20:20:53","guid":{"rendered":"https:\/\/mmfss.ca\/?post_type=product&#038;p=22017"},"modified":"2023-10-03T12:49:57","modified_gmt":"2023-10-03T12:49:57","slug":"vision-c5-facepiece-with-e-z-flo-c5-regulator","status":"publish","type":"product","link":"https:\/\/staging.safetysourcefire.ca\/fr_ca\/produit\/vision-c5-facepiece-with-e-z-flo-c5-regulator\/","title":{"rendered":"Masque Vision C5 avec r\u00e9gulateur EZ Flo C5"},"content":{"rendered":"<p>Dot\u00e9 d'un champ de vision plus large et d'un nouveau design de r\u00e9gulateur pour mieux respirer, le masque Vision C5 avec r\u00e9gulateur EZ Flo C5 vous offre des caract\u00e9ristiques cl\u00e9s pour r\u00e9pondre aux besoins changeants des pompiers d'aujourd'hui.<\/p>\n<p>S&#039;appuyant sur les performances \u00e9prouv\u00e9es et fiables du <a href=\"https:\/\/staging.safetysourcefire.ca\/fr_ca\/produit\/air-pak-x3-pro-scba\/\">ARI Air-Pak X3 Pro<\/a>, le masque Vision C5 am\u00e9liore encore la nettoyabilit\u00e9 et le confort. Un harnais de t\u00eate amovible permet un nettoyage facile post exposition, tandis qu'un seul joint facial r\u00e9flexe est con\u00e7u pour un confort accru et un enfilage plus facile.<\/p>\n<p>Le r\u00e9gulateur 3M Scott EZ Flo C5 offre une respirabilit\u00e9 am\u00e9lior\u00e9e, aidant \u00e0 r\u00e9duire la charge de l'utilisateur et \u00e0 am\u00e9liorer l'efficacit\u00e9 op\u00e9rationnelle. Un \u00e9conomiseur d'air automatique simplifie le fonctionnement et aide \u00e0 pr\u00e9venir les pertes d'air par inadvertance lors du retrait de la pi\u00e8ce faciale. La technologie Vibralert \u00e0 fr\u00e9quence r\u00e9duite contribue \u00e0 am\u00e9liorer les communications radio bidirectionnelles. Incorporant un affichage haute \u00e9tendue avec de nouvelles ic\u00f4nes, des alertes visuelles sont fournies au porteur de l'ARA pour permettre un rapport \u00e9lectronique de responsabilit\u00e9 du personnel (ePAR), de l'EVAC et de l'alarme d'int\u00e9grit\u00e9 du syst\u00e8me lors de l'utilisation de l'ARA Air-Pak X3 Pro configur\u00e9 avec SEMS II Pro Wireless T\u00e9l\u00e9m\u00e9trie SCBA.<\/p>\n<p><strong>Approbations r\u00e9glementaires<\/strong><\/p>\n<ul>\n<li>Approuv\u00e9 avec l&#039;ARA Air-Pak X3 Pro, conforme \u00e0 la norme NFPA 1981 sur les appareils respiratoires autonomes \u00e0 circuit ouvert pour les services d&#039;urgence, \u00e9dition 2018<\/li>\n<li>Approuv\u00e9 avec certains mod\u00e8les d&#039;ARA Air-Pak conformes aux \u00e9ditions 2013 et 2007 de NFPA 1981<\/li>\n<\/ul>\n<p><strong>Caract\u00e9ristiques du produit \u2013 Pi\u00e8ce faciale<\/strong><\/p>\n<ul>\n<li>Champ de vision plus large\u200b - Aide \u00e0 am\u00e9liorer la conscience de la situation\u200b<\/li>\n<li>Single Reflex Face Seal\u200b - Con\u00e7u pour un confort accru et un enfilage plus facile<\/li>\n<li>Harnais de t\u00eate amovible \u00e0 5 points - Aide \u00e0 assurer un ajustement s\u00e9curitaire tout en minimisant l'ajustement pendant l'enfilage. Facilement amovible pour le nettoyage<\/li>\n<li>\u00c9metteurs vocaux doubles - Transmission vocale am\u00e9lior\u00e9e d\u00e9passant les exigences de l'indice de transmission de la parole (STI) pour NFPA 1981<\/li>\n<li>Interface EPI - Le joint facial offre une zone plus large avec des cr\u00eates pour aider \u00e0 am\u00e9liorer l'interface lorsque port\u00e9 avec la cagoule de protection<\/li>\n<li>Conception modulaire - Permet une plus grande facilit\u00e9 d'entretien et une utilisation dans plusieurs applications respiratoires<\/li>\n<\/ul>\n<p><strong>Caract\u00e9ristiques du produit \u2013 R\u00e9gulateur<\/strong><\/p>\n<ul>\n<li>Respirabilit\u00e9 am\u00e9lior\u00e9e - Aide \u00e0 r\u00e9duire le fardeau de l&#039;utilisateur et \u00e0 am\u00e9liorer l&#039;efficacit\u00e9 op\u00e9rationnelle<\/li>\n<li>Communications am\u00e9lior\u00e9es \u2013 Vibralert \u00e0 fr\u00e9quence r\u00e9duite contribue \u00e0 am\u00e9liorer les communications radio bidirectionnelles<\/li>\n<li>\u00c9conomiseur d&#039;air automatique\u200b - Simplifie le fonctionnement et aide \u00e0 pr\u00e9venir les pertes d&#039;air par inadvertance lors du retrait du masque<\/li>\n<li>Affichage ''Heads-up'' - De nouvelles ic\u00f4nes fournissent des alertes visuelles au porteur de l'ARA pour le rapport \u00e9lectronique de responsabilit\u00e9 du personnel (ePAR), l'EVAC et l'alarme d'int\u00e9grit\u00e9 du syst\u00e8me (lors de l'utilisation de l'ARA Air-Pak X3 Pro configur\u00e9 avec la t\u00e9l\u00e9m\u00e9trie de l'ARA sans fil SEMS II Pro)<\/li>\n<li>Voyants \u00ab\u00a0Buddy\u00a0\u00bb externes\u200b - Aide \u00e0 identifier le niveau d'air restant de l'ARA d'un utilisateur, m\u00eame \u00e0 distance<\/li>\n<li>Affichage ''heads-up'' encastr\u00e9 \u2013 Aide \u00e0 am\u00e9liorer la vision vers le bas \u00e0 travers le masque<\/li>\n<li>Conception quart de tour \u2013 Fournit une connexion s\u00e9curis\u00e9e \u00e0 la pi\u00e8ce faciale<\/li>\n<li>Indicateur de fin de service Vibralert (EOSTI) - Avertissement sonore et tactile de faible niveau d&#039;air pour une reconnaissance imm\u00e9diate sur le terrain de l&#039;incendie<\/li>\n<li>Barre de pulv\u00e9risation d'air - Fournit un chemin d'air d'inhalation s\u00e9par\u00e9 qui aide \u00e0 r\u00e9duire la formation de bu\u00e9e pendant l'utilisation<\/li>\n<\/ul>\n<p>&nbsp;<\/p>\n<p><iframe loading=\"lazy\" src=\"https:\/\/www.youtube.com\/embed\/5oKWVuLUoRI?feature=oembed&amp;controls=0&amp;hd=1&amp;autohide=1&amp;rel=0&amp;showinfo=0&amp;modestbranding=0&amp;color=ffffff&amp;title=0&amp;byline=0&amp;portrait=0\" width=\"640\" height=\"360\" frameborder=\"0\" allowfullscreen=\"allowfullscreen\"><\/iframe><\/p>\n<div class=\"embed-responsive embed-responsive-16by9\">\n<p><iframe loading=\"lazy\" src=\"https:\/\/www.youtube.com\/embed\/6qq4PV8et98?feature=oembed&amp;controls=0&amp;hd=1&amp;autohide=1&amp;rel=0&amp;showinfo=0&amp;modestbranding=0&amp;color=ffffff&amp;title=0&amp;byline=0&amp;portrait=0\" width=\"640\" height=\"360\" frameborder=\"0\" allowfullscreen=\"allowfullscreen\"><\/iframe><\/p>\n<ul class=\"media-list\">\n<li><a href=\"https:\/\/www.3mscott.com\/download\/flyer-3m-scott-vision-c5-facepiece-with-e-z-flo-c5-regulator-english\">Brochure  \u2013 Masque 3M\u2122 Scott\u2122 Vision C5 avec r\u00e9gulateur EZ Flo C5 \u2013 Version anglaise<\/a><\/li>\n<li><a href=\"https:\/\/www.3mscott.com\/download\/faq-3m-scott-vision-c5-full-facepiece-with-e-z-flow-c5-regulator-english\/\"><i><\/i>FAQ \u2013 Masque complet 3M\u2122 Scott\u2122 Vision C5 avec r\u00e9gulateur EZ Flo C5 \u2013 Questions et r\u00e9ponses (en anglais)<\/a><\/li>\n<li><a href=\"https:\/\/www.3mscott.com\/download\/bid-spec-3m-scott-vision-c5-full-facepiece-english\/\"><i class=\"zmdi zmdi-collection-pdf\"><\/i>Sp\u00e9cification de la soumission \u2013 Masque complet 3M\u2122 Scott\u2122 Vision C5 \u2013 Sp\u00e9cification de la soumission (Anglais)<\/a><\/li>\n<li class=\"media-item\"><a href=\"https:\/\/www.3mscott.com\/download\/air-pak-x3-pro-scba-brochure\/\"><i class=\"zmdi zmdi-collection-pdf\"><\/i>Brochure ARI Air-Pak X3 Pro<\/a><\/li>\n<\/ul>\n<\/div>","protected":false},"excerpt":{"rendered":"<p>Con\u00e7u selon une approche terrain, le masque 3M Scott Vision C5 avec r\u00e9gulateur EZ Flo C5 int\u00e8gre les derni\u00e8res technologies pour am\u00e9liorer votre intelligence situationnelle.<\/p>","protected":false},"featured_media":22016,"template":"","meta":[],"product_brand":[157],"product_cat":[137,45],"product_tag":[454],"class_list":{"0":"post-22017","1":"product","2":"type-product","3":"status-publish","4":"has-post-thumbnail","6":"product_brand-3m-scott","7":"product_cat-fire","8":"product_cat-respiratory","9":"product_tag-3m-scott-safety","11":"first","12":"instock","13":"shipping-taxable","14":"product-type-simple"},"yoast_head":"<!-- This site is optimized with the Yoast SEO plugin v27.4 - https:\/\/yoast.com\/product\/yoast-seo-wordpress\/ -->\n<title>Vision C5 Facepiece with E-Z Flo C5 Regulator - Safety Source Fire<\/title>\n<meta name=\"robots\" content=\"noindex, follow, max-snippet:-1, max-image-preview:large, max-video-preview:-1\" \/>\n<meta property=\"og:locale\" content=\"fr_CA\" \/>\n<meta property=\"og:type\" content=\"article\" \/>\n<meta property=\"og:title\" content=\"Vision C5 Facepiece with E-Z Flo C5 Regulator - Safety Source Fire\" \/>\n<meta property=\"og:description\" content=\"Designed using a platform approach, the 3M Scott Vision C5 Facepiece with E-Z Flo C5 Regulator incorporates the latest technology to enhance situational intelligence in a customizable solution.\" \/>\n<meta property=\"og:url\" content=\"https:\/\/staging.safetysourcefire.ca\/fr_ca\/produit\/vision-c5-facepiece-with-e-z-flo-c5-regulator\/\" \/>\n<meta property=\"og:site_name\" content=\"Safety Source Fire\" \/>\n<meta property=\"article:publisher\" content=\"https:\/\/www.facebook.com\/mmfssca\" \/>\n<meta property=\"article:modified_time\" content=\"2023-10-03T12:49:57+00:00\" \/>\n<meta property=\"og:image\" content=\"https:\/\/staging.safetysourcefire.ca\/wp-content\/uploads\/2020\/07\/Vision-C5-600x600-1.jpg\" \/>\n\t<meta property=\"og:image:width\" content=\"600\" \/>\n\t<meta property=\"og:image:height\" content=\"600\" \/>\n\t<meta property=\"og:image:type\" content=\"image\/jpeg\" \/>\n<meta name=\"twitter:card\" content=\"summary_large_image\" \/>\n<meta name=\"twitter:site\" content=\"@mmfssca\" \/>\n<meta name=\"twitter:label1\" content=\"Estimation du temps de lecture\" \/>\n\t<meta name=\"twitter:data1\" content=\"2 minutes\" \/>\n<script type=\"application\/ld+json\" class=\"yoast-schema-graph\">{\"@context\":\"https:\\\/\\\/schema.org\",\"@graph\":[{\"@type\":\"WebPage\",\"@id\":\"https:\\\/\\\/staging.safetysourcefire.ca\\\/product\\\/vision-c5-facepiece-with-e-z-flo-c5-regulator\\\/\",\"url\":\"https:\\\/\\\/staging.safetysourcefire.ca\\\/product\\\/vision-c5-facepiece-with-e-z-flo-c5-regulator\\\/\",\"name\":\"Vision C5 Facepiece with E-Z Flo C5 Regulator - Safety Source Fire\",\"isPartOf\":{\"@id\":\"https:\\\/\\\/staging.safetysourcefire.ca\\\/#website\"},\"primaryImageOfPage\":{\"@id\":\"https:\\\/\\\/staging.safetysourcefire.ca\\\/product\\\/vision-c5-facepiece-with-e-z-flo-c5-regulator\\\/#primaryimage\"},\"image\":{\"@id\":\"https:\\\/\\\/staging.safetysourcefire.ca\\\/product\\\/vision-c5-facepiece-with-e-z-flo-c5-regulator\\\/#primaryimage\"},\"thumbnailUrl\":\"https:\\\/\\\/staging.safetysourcefire.ca\\\/wp-content\\\/uploads\\\/2020\\\/07\\\/Vision-C5-600x600-1.jpg\",\"datePublished\":\"2020-07-28T20:20:53+00:00\",\"dateModified\":\"2023-10-03T12:49:57+00:00\",\"breadcrumb\":{\"@id\":\"https:\\\/\\\/staging.safetysourcefire.ca\\\/product\\\/vision-c5-facepiece-with-e-z-flo-c5-regulator\\\/#breadcrumb\"},\"inLanguage\":\"fr-CA\",\"potentialAction\":[{\"@type\":\"ReadAction\",\"target\":[\"https:\\\/\\\/staging.safetysourcefire.ca\\\/product\\\/vision-c5-facepiece-with-e-z-flo-c5-regulator\\\/\"]}]},{\"@type\":\"ImageObject\",\"inLanguage\":\"fr-CA\",\"@id\":\"https:\\\/\\\/staging.safetysourcefire.ca\\\/product\\\/vision-c5-facepiece-with-e-z-flo-c5-regulator\\\/#primaryimage\",\"url\":\"https:\\\/\\\/staging.safetysourcefire.ca\\\/wp-content\\\/uploads\\\/2020\\\/07\\\/Vision-C5-600x600-1.jpg\",\"contentUrl\":\"https:\\\/\\\/staging.safetysourcefire.ca\\\/wp-content\\\/uploads\\\/2020\\\/07\\\/Vision-C5-600x600-1.jpg\",\"width\":600,\"height\":600,\"caption\":\"facepiece and regulator\"},{\"@type\":\"BreadcrumbList\",\"@id\":\"https:\\\/\\\/staging.safetysourcefire.ca\\\/product\\\/vision-c5-facepiece-with-e-z-flo-c5-regulator\\\/#breadcrumb\",\"itemListElement\":[{\"@type\":\"ListItem\",\"position\":1,\"name\":\"Home\",\"item\":\"https:\\\/\\\/staging.safetysourcefire.ca\\\/\"},{\"@type\":\"ListItem\",\"position\":2,\"name\":\"Products\",\"item\":\"https:\\\/\\\/staging.safetysourcefire.ca\\\/shop\\\/\"},{\"@type\":\"ListItem\",\"position\":3,\"name\":\"Vision C5 Facepiece with E-Z Flo C5 Regulator\"}]},{\"@type\":\"WebSite\",\"@id\":\"https:\\\/\\\/staging.safetysourcefire.ca\\\/#website\",\"url\":\"https:\\\/\\\/staging.safetysourcefire.ca\\\/\",\"name\":\"Safety Source Fire\",\"description\":\"\",\"publisher\":{\"@id\":\"https:\\\/\\\/staging.safetysourcefire.ca\\\/#organization\"},\"potentialAction\":[{\"@type\":\"SearchAction\",\"target\":{\"@type\":\"EntryPoint\",\"urlTemplate\":\"https:\\\/\\\/staging.safetysourcefire.ca\\\/?s={search_term_string}\"},\"query-input\":{\"@type\":\"PropertyValueSpecification\",\"valueRequired\":true,\"valueName\":\"search_term_string\"}}],\"inLanguage\":\"fr-CA\"},{\"@type\":\"Organization\",\"@id\":\"https:\\\/\\\/staging.safetysourcefire.ca\\\/#organization\",\"name\":\"Safety Source Fire\",\"url\":\"https:\\\/\\\/staging.safetysourcefire.ca\\\/\",\"logo\":{\"@type\":\"ImageObject\",\"inLanguage\":\"fr-CA\",\"@id\":\"https:\\\/\\\/staging.safetysourcefire.ca\\\/#\\\/schema\\\/logo\\\/image\\\/\",\"url\":\"https:\\\/\\\/staging.safetysourcefire.ca\\\/wp-content\\\/uploads\\\/2021\\\/01\\\/SSF_logo_CC0000-3.png\",\"contentUrl\":\"https:\\\/\\\/staging.safetysourcefire.ca\\\/wp-content\\\/uploads\\\/2021\\\/01\\\/SSF_logo_CC0000-3.png\",\"width\":1107,\"height\":365,\"caption\":\"Safety Source Fire\"},\"image\":{\"@id\":\"https:\\\/\\\/staging.safetysourcefire.ca\\\/#\\\/schema\\\/logo\\\/image\\\/\"},\"sameAs\":[\"https:\\\/\\\/www.facebook.com\\\/mmfssca\",\"https:\\\/\\\/x.com\\\/mmfssca\"]}]}<\/script>\n<!-- \/ Yoast SEO plugin. -->","yoast_head_json":{"title":"Masque Vision C5 avec r\u00e9gulateur EZ Flo C5 - Safety Source Fire","robots":{"index":"noindex","follow":"follow","max-snippet":"max-snippet:-1","max-image-preview":"max-image-preview:large","max-video-preview":"max-video-preview:-1"},"og_locale":"fr_CA","og_type":"article","og_title":"Vision C5 Facepiece with E-Z Flo C5 Regulator - Safety Source Fire","og_description":"Designed using a platform approach, the 3M Scott Vision C5 Facepiece with E-Z Flo C5 Regulator incorporates the latest technology to enhance situational intelligence in a customizable solution.","og_url":"https:\/\/staging.safetysourcefire.ca\/fr_ca\/produit\/vision-c5-facepiece-with-e-z-flo-c5-regulator\/","og_site_name":"Safety Source Fire","article_publisher":"https:\/\/www.facebook.com\/mmfssca","article_modified_time":"2023-10-03T12:49:57+00:00","og_image":[{"width":600,"height":600,"url":"https:\/\/staging.safetysourcefire.ca\/wp-content\/uploads\/2020\/07\/Vision-C5-600x600-1.jpg","type":"image\/jpeg"}],"twitter_card":"summary_large_image","twitter_site":"@mmfssca","twitter_misc":{"Estimation du temps de lecture":"2 minutes"},"schema":{"@context":"https:\/\/schema.org","@graph":[{"@type":"WebPage","@id":"https:\/\/staging.safetysourcefire.ca\/product\/vision-c5-facepiece-with-e-z-flo-c5-regulator\/","url":"https:\/\/staging.safetysourcefire.ca\/product\/vision-c5-facepiece-with-e-z-flo-c5-regulator\/","name":"Masque Vision C5 avec r\u00e9gulateur EZ Flo C5 - Safety Source Fire","isPartOf":{"@id":"https:\/\/staging.safetysourcefire.ca\/#website"},"primaryImageOfPage":{"@id":"https:\/\/staging.safetysourcefire.ca\/product\/vision-c5-facepiece-with-e-z-flo-c5-regulator\/#primaryimage"},"image":{"@id":"https:\/\/staging.safetysourcefire.ca\/product\/vision-c5-facepiece-with-e-z-flo-c5-regulator\/#primaryimage"},"thumbnailUrl":"https:\/\/staging.safetysourcefire.ca\/wp-content\/uploads\/2020\/07\/Vision-C5-600x600-1.jpg","datePublished":"2020-07-28T20:20:53+00:00","dateModified":"2023-10-03T12:49:57+00:00","breadcrumb":{"@id":"https:\/\/staging.safetysourcefire.ca\/product\/vision-c5-facepiece-with-e-z-flo-c5-regulator\/#breadcrumb"},"inLanguage":"fr-CA","potentialAction":[{"@type":"ReadAction","target":["https:\/\/staging.safetysourcefire.ca\/product\/vision-c5-facepiece-with-e-z-flo-c5-regulator\/"]}]},{"@type":"ImageObject","inLanguage":"fr-CA","@id":"https:\/\/staging.safetysourcefire.ca\/product\/vision-c5-facepiece-with-e-z-flo-c5-regulator\/#primaryimage","url":"https:\/\/staging.safetysourcefire.ca\/wp-content\/uploads\/2020\/07\/Vision-C5-600x600-1.jpg","contentUrl":"https:\/\/staging.safetysourcefire.ca\/wp-content\/uploads\/2020\/07\/Vision-C5-600x600-1.jpg","width":600,"height":600,"caption":"facepiece and regulator"},{"@type":"BreadcrumbList","@id":"https:\/\/staging.safetysourcefire.ca\/product\/vision-c5-facepiece-with-e-z-flo-c5-regulator\/#breadcrumb","itemListElement":[{"@type":"ListItem","position":1,"name":"Home","item":"https:\/\/staging.safetysourcefire.ca\/"},{"@type":"ListItem","position":2,"name":"Products","item":"https:\/\/staging.safetysourcefire.ca\/shop\/"},{"@type":"ListItem","position":3,"name":"Vision C5 Facepiece with E-Z Flo C5 Regulator"}]},{"@type":"WebSite","@id":"https:\/\/staging.safetysourcefire.ca\/#website","url":"https:\/\/staging.safetysourcefire.ca\/","name":"Safety Source Fire","description":"","publisher":{"@id":"https:\/\/staging.safetysourcefire.ca\/#organization"},"potentialAction":[{"@type":"SearchAction","target":{"@type":"EntryPoint","urlTemplate":"https:\/\/staging.safetysourcefire.ca\/?s={search_term_string}"},"query-input":{"@type":"PropertyValueSpecification","valueRequired":true,"valueName":"search_term_string"}}],"inLanguage":"fr-CA"},{"@type":"Organization","@id":"https:\/\/staging.safetysourcefire.ca\/#organization","name":"Safety Source Fire","url":"https:\/\/staging.safetysourcefire.ca\/","logo":{"@type":"ImageObject","inLanguage":"fr-CA","@id":"https:\/\/staging.safetysourcefire.ca\/#\/schema\/logo\/image\/","url":"https:\/\/staging.safetysourcefire.ca\/wp-content\/uploads\/2021\/01\/SSF_logo_CC0000-3.png","contentUrl":"https:\/\/staging.safetysourcefire.ca\/wp-content\/uploads\/2021\/01\/SSF_logo_CC0000-3.png","width":1107,"height":365,"caption":"Safety Source Fire"},"image":{"@id":"https:\/\/staging.safetysourcefire.ca\/#\/schema\/logo\/image\/"},"sameAs":["https:\/\/www.facebook.com\/mmfssca","https:\/\/x.com\/mmfssca"]}]}},"_links":{"self":[{"href":"https:\/\/staging.safetysourcefire.ca\/fr_ca\/wp-json\/wp\/v2\/product\/22017","targetHints":{"allow":["GET"]}}],"collection":[{"href":"https:\/\/staging.safetysourcefire.ca\/fr_ca\/wp-json\/wp\/v2\/product"}],"about":[{"href":"https:\/\/staging.safetysourcefire.ca\/fr_ca\/wp-json\/wp\/v2\/types\/product"}],"wp:featuredmedia":[{"embeddable":true,"href":"https:\/\/staging.safetysourcefire.ca\/fr_ca\/wp-json\/wp\/v2\/media\/22016"}],"wp:attachment":[{"href":"https:\/\/staging.safetysourcefire.ca\/fr_ca\/wp-json\/wp\/v2\/media?parent=22017"}],"wp:term":[{"taxonomy":"product_brand","embeddable":true,"href":"https:\/\/staging.safetysourcefire.ca\/fr_ca\/wp-json\/wp\/v2\/product_brand?post=22017"},{"taxonomy":"product_cat","embeddable":true,"href":"https:\/\/staging.safetysourcefire.ca\/fr_ca\/wp-json\/wp\/v2\/product_cat?post=22017"},{"taxonomy":"product_tag","embeddable":true,"href":"https:\/\/staging.safetysourcefire.ca\/fr_ca\/wp-json\/wp\/v2\/product_tag?post=22017"}],"curies":[{"name":"wp","href":"https:\/\/api.w.org\/{rel}","templated":true}]}}