{"id":21831,"date":"2020-04-15T16:32:51","date_gmt":"2020-04-15T16:32:51","guid":{"rendered":"https:\/\/mmfss.ca\/?post_type=product&#038;p=21831"},"modified":"2023-09-29T14:24:42","modified_gmt":"2023-09-29T14:24:42","slug":"80qt-elite-wheeled-cooler","status":"publish","type":"product","link":"https:\/\/staging.safetysourcefire.ca\/fr_ca\/produit\/80qt-elite-wheeled-cooler\/","title":{"rendered":"Glaci\u00e8re sur roues 80QT Elite"},"content":{"rendered":"<div class=\"col-xl-5 col-lg-6 col-md-10 col-lg-offset-1 col-md-offset-1 pad-15\">\n<p>Fonctionnalit\u00e9s:<\/p>\n<ul>\n<li class=\"pad-5\">Pr\u00e9servation de la glace jusqu'\u00e0 10 jours, joints de qualit\u00e9 cong\u00e9lateur, isolation en polyur\u00e9thane de 2 pouces<\/li>\n<li class=\"pad-5\">Loquets \u00e0 pression (assez larges pour \u00eatre utilis\u00e9s avec des gants)<\/li>\n<li class=\"pad-5\">Couvercle en \u00e9caille de poisson<\/li>\n<li class=\"pad-5\">Roues robustes<\/li>\n<li class=\"pad-5\">Poign\u00e9es moul\u00e9es avec poign\u00e9e de chariot int\u00e9gr\u00e9e<\/li>\n<li class=\"pad-5\">Ouvre-bouteille int\u00e9gr\u00e9<\/li>\n<li class=\"pad-5\">Poign\u00e9e de chariot int\u00e9gr\u00e9e avec poign\u00e9es moul\u00e9es<\/li>\n<li class=\"pad-5\">Attaches moul\u00e9es<\/li>\n<li class=\"pad-5\">Pieds sur\u00e9lev\u00e9s antid\u00e9rapants et non marquants<\/li>\n<li class=\"pad-5\">Serrure \u00e0 haute s\u00e9curit\u00e9 avec verrouillage moul\u00e9, plaque en acier inoxydable<\/li>\n<li class=\"pad-5\">Drain inclin\u00e9 et bouchon attach\u00e9 (tuyau d'arrosage amovible)<\/li>\n<li class=\"pad-5\">Quincaillerie en acier inoxydable r\u00e9sistant \u00e0 la corrosion<\/li>\n<li class=\"pad-5\">Couleurs personnalis\u00e9es disponibles<\/li>\n<li class=\"pad-5\">Fabriqu\u00e9 aux \u00c9tats-Unis.<\/li>\n<li class=\"pad-5\">Garantie \u00e0 vie<\/li>\n<\/ul>\n<p>Pelican Products Inc. est fier d'annoncer que ces produits sont r\u00e9sistants aux ours. Certification re\u00e7ue du Comit\u00e9 interagences des grizzlis*<\/p>\n<p>Le but de cette certification est d'aider \u00e0 assurer la s\u00e9curit\u00e9 des ours sauvages, tout en r\u00e9duisant consid\u00e9rablement les rencontres entre les ours et les humains. En veillant \u00e0 ce que les ours n'aient pas acc\u00e8s et ne s'habituent pas aux aliments humains, leur protection est assur\u00e9e.<\/p>\n<p>Cette certification implique des tests d'impact et d'essais intenses d'ouverture des contenants au moyen d'inspections visuelles, de m\u00e9thodes m\u00e9caniques ainsi que des tests effectu\u00e9s sur une longue p\u00e9riode avec grizzlis en captivit\u00e9.<\/p>\n<p>** Les glaci\u00e8res Pelican \u2122 Elite sont certifi\u00e9es r\u00e9sistantes aux ours par l&#039;IGBC sous les num\u00e9ros de certification 3365, 3366, 3373, 3374, 3375, 3376<\/p>\n<\/div>","protected":false},"excerpt":{"rendered":"<p>Pr\u00e9servation de la glace jusqu'\u00e0 10 jours, joints de qualit\u00e9 cong\u00e9lateur, isolation en polyur\u00e9thane de 2 pouces<\/p>","protected":false},"featured_media":21830,"template":"","meta":[],"product_brand":[146],"product_cat":[462,464,465,49,489,463],"product_tag":[330],"class_list":{"0":"post-21831","1":"product","2":"type-product","3":"status-publish","4":"has-post-thumbnail","6":"product_brand-pelican","7":"product_cat-emergency-preparedness","8":"product_cat-flood","9":"product_cat-hurricane","10":"product_cat-medical","11":"product_cat-recovery","12":"product_cat-wildland-fire","13":"product_tag-pelican","15":"first","16":"instock","17":"shipping-taxable","18":"product-type-simple"},"yoast_head":"<!-- This site is optimized with the Yoast SEO plugin v27.4 - https:\/\/yoast.com\/product\/yoast-seo-wordpress\/ -->\n<title>80QT Elite Wheeled Cooler - Safety Source Fire<\/title>\n<meta name=\"robots\" content=\"noindex, follow, max-snippet:-1, max-image-preview:large, max-video-preview:-1\" \/>\n<meta property=\"og:locale\" content=\"fr_CA\" \/>\n<meta property=\"og:type\" content=\"article\" \/>\n<meta property=\"og:title\" content=\"80QT Elite Wheeled Cooler - Safety Source Fire\" \/>\n<meta property=\"og:description\" content=\"Up to 10 days ice retention, freezer grade gasket, 2&quot; polyurethane insulation\" \/>\n<meta property=\"og:url\" content=\"https:\/\/staging.safetysourcefire.ca\/fr_ca\/produit\/80qt-elite-wheeled-cooler\/\" \/>\n<meta property=\"og:site_name\" content=\"Safety Source Fire\" \/>\n<meta property=\"article:publisher\" content=\"https:\/\/www.facebook.com\/mmfssca\" \/>\n<meta property=\"article:modified_time\" content=\"2023-09-29T14:24:42+00:00\" \/>\n<meta property=\"og:image\" content=\"https:\/\/staging.safetysourcefire.ca\/wp-content\/uploads\/2020\/07\/pelican-white-rolling-fishing-cooler-80-qt.jpg\" \/>\n\t<meta property=\"og:image:width\" content=\"600\" \/>\n\t<meta property=\"og:image:height\" content=\"600\" \/>\n\t<meta property=\"og:image:type\" content=\"image\/jpeg\" \/>\n<meta name=\"twitter:card\" content=\"summary_large_image\" \/>\n<meta name=\"twitter:site\" content=\"@mmfssca\" \/>\n<meta name=\"twitter:label1\" content=\"Estimation du temps de lecture\" \/>\n\t<meta name=\"twitter:data1\" content=\"1 minute\" \/>\n<script type=\"application\/ld+json\" class=\"yoast-schema-graph\">{\"@context\":\"https:\\\/\\\/schema.org\",\"@graph\":[{\"@type\":\"WebPage\",\"@id\":\"https:\\\/\\\/staging.safetysourcefire.ca\\\/product\\\/80qt-elite-wheeled-cooler\\\/\",\"url\":\"https:\\\/\\\/staging.safetysourcefire.ca\\\/product\\\/80qt-elite-wheeled-cooler\\\/\",\"name\":\"80QT Elite Wheeled Cooler - Safety Source Fire\",\"isPartOf\":{\"@id\":\"https:\\\/\\\/staging.safetysourcefire.ca\\\/#website\"},\"primaryImageOfPage\":{\"@id\":\"https:\\\/\\\/staging.safetysourcefire.ca\\\/product\\\/80qt-elite-wheeled-cooler\\\/#primaryimage\"},\"image\":{\"@id\":\"https:\\\/\\\/staging.safetysourcefire.ca\\\/product\\\/80qt-elite-wheeled-cooler\\\/#primaryimage\"},\"thumbnailUrl\":\"https:\\\/\\\/staging.safetysourcefire.ca\\\/wp-content\\\/uploads\\\/2020\\\/07\\\/pelican-white-rolling-fishing-cooler-80-qt.jpg\",\"datePublished\":\"2020-04-15T16:32:51+00:00\",\"dateModified\":\"2023-09-29T14:24:42+00:00\",\"breadcrumb\":{\"@id\":\"https:\\\/\\\/staging.safetysourcefire.ca\\\/product\\\/80qt-elite-wheeled-cooler\\\/#breadcrumb\"},\"inLanguage\":\"fr-CA\",\"potentialAction\":[{\"@type\":\"ReadAction\",\"target\":[\"https:\\\/\\\/staging.safetysourcefire.ca\\\/product\\\/80qt-elite-wheeled-cooler\\\/\"]}]},{\"@type\":\"ImageObject\",\"inLanguage\":\"fr-CA\",\"@id\":\"https:\\\/\\\/staging.safetysourcefire.ca\\\/product\\\/80qt-elite-wheeled-cooler\\\/#primaryimage\",\"url\":\"https:\\\/\\\/staging.safetysourcefire.ca\\\/wp-content\\\/uploads\\\/2020\\\/07\\\/pelican-white-rolling-fishing-cooler-80-qt.jpg\",\"contentUrl\":\"https:\\\/\\\/staging.safetysourcefire.ca\\\/wp-content\\\/uploads\\\/2020\\\/07\\\/pelican-white-rolling-fishing-cooler-80-qt.jpg\",\"width\":600,\"height\":600,\"caption\":\"cooler\"},{\"@type\":\"BreadcrumbList\",\"@id\":\"https:\\\/\\\/staging.safetysourcefire.ca\\\/product\\\/80qt-elite-wheeled-cooler\\\/#breadcrumb\",\"itemListElement\":[{\"@type\":\"ListItem\",\"position\":1,\"name\":\"Home\",\"item\":\"https:\\\/\\\/staging.safetysourcefire.ca\\\/\"},{\"@type\":\"ListItem\",\"position\":2,\"name\":\"Products\",\"item\":\"https:\\\/\\\/staging.safetysourcefire.ca\\\/shop\\\/\"},{\"@type\":\"ListItem\",\"position\":3,\"name\":\"80QT Elite Wheeled Cooler\"}]},{\"@type\":\"WebSite\",\"@id\":\"https:\\\/\\\/staging.safetysourcefire.ca\\\/#website\",\"url\":\"https:\\\/\\\/staging.safetysourcefire.ca\\\/\",\"name\":\"Safety Source Fire\",\"description\":\"\",\"publisher\":{\"@id\":\"https:\\\/\\\/staging.safetysourcefire.ca\\\/#organization\"},\"potentialAction\":[{\"@type\":\"SearchAction\",\"target\":{\"@type\":\"EntryPoint\",\"urlTemplate\":\"https:\\\/\\\/staging.safetysourcefire.ca\\\/?s={search_term_string}\"},\"query-input\":{\"@type\":\"PropertyValueSpecification\",\"valueRequired\":true,\"valueName\":\"search_term_string\"}}],\"inLanguage\":\"fr-CA\"},{\"@type\":\"Organization\",\"@id\":\"https:\\\/\\\/staging.safetysourcefire.ca\\\/#organization\",\"name\":\"Safety Source Fire\",\"url\":\"https:\\\/\\\/staging.safetysourcefire.ca\\\/\",\"logo\":{\"@type\":\"ImageObject\",\"inLanguage\":\"fr-CA\",\"@id\":\"https:\\\/\\\/staging.safetysourcefire.ca\\\/#\\\/schema\\\/logo\\\/image\\\/\",\"url\":\"https:\\\/\\\/staging.safetysourcefire.ca\\\/wp-content\\\/uploads\\\/2021\\\/01\\\/SSF_logo_CC0000-3.png\",\"contentUrl\":\"https:\\\/\\\/staging.safetysourcefire.ca\\\/wp-content\\\/uploads\\\/2021\\\/01\\\/SSF_logo_CC0000-3.png\",\"width\":1107,\"height\":365,\"caption\":\"Safety Source Fire\"},\"image\":{\"@id\":\"https:\\\/\\\/staging.safetysourcefire.ca\\\/#\\\/schema\\\/logo\\\/image\\\/\"},\"sameAs\":[\"https:\\\/\\\/www.facebook.com\\\/mmfssca\",\"https:\\\/\\\/x.com\\\/mmfssca\"]}]}<\/script>\n<!-- \/ Yoast SEO plugin. -->","yoast_head_json":{"title":"80QT Elite Wheeled Cooler - Safety Source Fire","robots":{"index":"noindex","follow":"follow","max-snippet":"max-snippet:-1","max-image-preview":"max-image-preview:large","max-video-preview":"max-video-preview:-1"},"og_locale":"fr_CA","og_type":"article","og_title":"80QT Elite Wheeled Cooler - Safety Source Fire","og_description":"Up to 10 days ice retention, freezer grade gasket, 2\" polyurethane insulation","og_url":"https:\/\/staging.safetysourcefire.ca\/fr_ca\/produit\/80qt-elite-wheeled-cooler\/","og_site_name":"Safety Source Fire","article_publisher":"https:\/\/www.facebook.com\/mmfssca","article_modified_time":"2023-09-29T14:24:42+00:00","og_image":[{"width":600,"height":600,"url":"https:\/\/staging.safetysourcefire.ca\/wp-content\/uploads\/2020\/07\/pelican-white-rolling-fishing-cooler-80-qt.jpg","type":"image\/jpeg"}],"twitter_card":"summary_large_image","twitter_site":"@mmfssca","twitter_misc":{"Estimation du temps de lecture":"1 minute"},"schema":{"@context":"https:\/\/schema.org","@graph":[{"@type":"WebPage","@id":"https:\/\/staging.safetysourcefire.ca\/product\/80qt-elite-wheeled-cooler\/","url":"https:\/\/staging.safetysourcefire.ca\/product\/80qt-elite-wheeled-cooler\/","name":"80QT Elite Wheeled Cooler - Safety Source Fire","isPartOf":{"@id":"https:\/\/staging.safetysourcefire.ca\/#website"},"primaryImageOfPage":{"@id":"https:\/\/staging.safetysourcefire.ca\/product\/80qt-elite-wheeled-cooler\/#primaryimage"},"image":{"@id":"https:\/\/staging.safetysourcefire.ca\/product\/80qt-elite-wheeled-cooler\/#primaryimage"},"thumbnailUrl":"https:\/\/staging.safetysourcefire.ca\/wp-content\/uploads\/2020\/07\/pelican-white-rolling-fishing-cooler-80-qt.jpg","datePublished":"2020-04-15T16:32:51+00:00","dateModified":"2023-09-29T14:24:42+00:00","breadcrumb":{"@id":"https:\/\/staging.safetysourcefire.ca\/product\/80qt-elite-wheeled-cooler\/#breadcrumb"},"inLanguage":"fr-CA","potentialAction":[{"@type":"ReadAction","target":["https:\/\/staging.safetysourcefire.ca\/product\/80qt-elite-wheeled-cooler\/"]}]},{"@type":"ImageObject","inLanguage":"fr-CA","@id":"https:\/\/staging.safetysourcefire.ca\/product\/80qt-elite-wheeled-cooler\/#primaryimage","url":"https:\/\/staging.safetysourcefire.ca\/wp-content\/uploads\/2020\/07\/pelican-white-rolling-fishing-cooler-80-qt.jpg","contentUrl":"https:\/\/staging.safetysourcefire.ca\/wp-content\/uploads\/2020\/07\/pelican-white-rolling-fishing-cooler-80-qt.jpg","width":600,"height":600,"caption":"cooler"},{"@type":"BreadcrumbList","@id":"https:\/\/staging.safetysourcefire.ca\/product\/80qt-elite-wheeled-cooler\/#breadcrumb","itemListElement":[{"@type":"ListItem","position":1,"name":"Home","item":"https:\/\/staging.safetysourcefire.ca\/"},{"@type":"ListItem","position":2,"name":"Products","item":"https:\/\/staging.safetysourcefire.ca\/shop\/"},{"@type":"ListItem","position":3,"name":"80QT Elite Wheeled Cooler"}]},{"@type":"WebSite","@id":"https:\/\/staging.safetysourcefire.ca\/#website","url":"https:\/\/staging.safetysourcefire.ca\/","name":"Safety Source Fire","description":"","publisher":{"@id":"https:\/\/staging.safetysourcefire.ca\/#organization"},"potentialAction":[{"@type":"SearchAction","target":{"@type":"EntryPoint","urlTemplate":"https:\/\/staging.safetysourcefire.ca\/?s={search_term_string}"},"query-input":{"@type":"PropertyValueSpecification","valueRequired":true,"valueName":"search_term_string"}}],"inLanguage":"fr-CA"},{"@type":"Organization","@id":"https:\/\/staging.safetysourcefire.ca\/#organization","name":"Safety Source Fire","url":"https:\/\/staging.safetysourcefire.ca\/","logo":{"@type":"ImageObject","inLanguage":"fr-CA","@id":"https:\/\/staging.safetysourcefire.ca\/#\/schema\/logo\/image\/","url":"https:\/\/staging.safetysourcefire.ca\/wp-content\/uploads\/2021\/01\/SSF_logo_CC0000-3.png","contentUrl":"https:\/\/staging.safetysourcefire.ca\/wp-content\/uploads\/2021\/01\/SSF_logo_CC0000-3.png","width":1107,"height":365,"caption":"Safety Source Fire"},"image":{"@id":"https:\/\/staging.safetysourcefire.ca\/#\/schema\/logo\/image\/"},"sameAs":["https:\/\/www.facebook.com\/mmfssca","https:\/\/x.com\/mmfssca"]}]}},"_links":{"self":[{"href":"https:\/\/staging.safetysourcefire.ca\/fr_ca\/wp-json\/wp\/v2\/product\/21831","targetHints":{"allow":["GET"]}}],"collection":[{"href":"https:\/\/staging.safetysourcefire.ca\/fr_ca\/wp-json\/wp\/v2\/product"}],"about":[{"href":"https:\/\/staging.safetysourcefire.ca\/fr_ca\/wp-json\/wp\/v2\/types\/product"}],"wp:featuredmedia":[{"embeddable":true,"href":"https:\/\/staging.safetysourcefire.ca\/fr_ca\/wp-json\/wp\/v2\/media\/21830"}],"wp:attachment":[{"href":"https:\/\/staging.safetysourcefire.ca\/fr_ca\/wp-json\/wp\/v2\/media?parent=21831"}],"wp:term":[{"taxonomy":"product_brand","embeddable":true,"href":"https:\/\/staging.safetysourcefire.ca\/fr_ca\/wp-json\/wp\/v2\/product_brand?post=21831"},{"taxonomy":"product_cat","embeddable":true,"href":"https:\/\/staging.safetysourcefire.ca\/fr_ca\/wp-json\/wp\/v2\/product_cat?post=21831"},{"taxonomy":"product_tag","embeddable":true,"href":"https:\/\/staging.safetysourcefire.ca\/fr_ca\/wp-json\/wp\/v2\/product_tag?post=21831"}],"curies":[{"name":"wp","href":"https:\/\/api.w.org\/{rel}","templated":true}]}}