{"id":21434,"date":"2020-03-26T19:29:31","date_gmt":"2020-03-26T19:29:31","guid":{"rendered":"https:\/\/mmfss.ca\/?post_type=product&#038;p=21434"},"modified":"2020-06-29T19:42:42","modified_gmt":"2020-06-29T19:42:42","slug":"phantom-pack","status":"publish","type":"product","link":"https:\/\/staging.safetysourcefire.ca\/fr_ca\/produit\/phantom-pack\/","title":{"rendered":"Sac Phantom\u2122"},"content":{"rendered":"<p>Cet outil contient \u00e9galement une toute nouvelle sangle en \u00ab Y \u00bb moul\u00e9e sur mesure con\u00e7ue avec des canaux ventil\u00e9s pour la circulation de l'air et la r\u00e9duction du stress thermique. De plus, la nouvelle conception de la sangle en \u00ab\u00a0Y\u00a0\u00bb est enti\u00e8rement r\u00e9glable et permet un centre de gravit\u00e9 plus bas pour ajouter \u00e0 la conception ergonomique. \u00c0 l'int\u00e9rieur, en plus des deux poches en filet, il y a suffisamment d'espace pour ranger tout l'\u00e9quipement forestier essentiel au combat du feu. L'ext\u00e9rieur contient deux poches avant, deux poches lat\u00e9rales pour les bouteilles d'eau ainsi que deux poches de capacit\u00e9 de charge de 4 \u00e0 6 fus\u00e9es ainsi que des sangles de compression pour s\u00e9curiser fermement votre \u00e9quipement afin qu'il se d\u00e9place plus efficacement avec vous.<\/p>\n<p>Jusque dans les moindres d\u00e9tails, le Phantom \u2122 est con\u00e7u pour le pompier forestier qui travaille dans des environnements physiquement exigeants et n\u00e9cessite un sac robuste mais l\u00e9ger avec une capacit\u00e9 de charge suffisante pour survivre \u00e0 de longs quarts de travail.<\/p>\n<p><a href=\"https:\/\/staging.safetysourcefire.ca\/wp-content\/uploads\/2020\/06\/5defdf629914b.pdf\">T\u00e9l\u00e9chargez la fiche de vente<\/a><\/p>\n<p>Fonctionnalit\u00e9s:<\/p>\n<ul>\n<li>NOUVEAU Sangle en \u00ab Y \u00bb moul\u00e9e sur mesure<\/li>\n<li>NOUVELLE ceinture de hanche moul\u00e9e sur mesure<\/li>\n<li>Canaux ventil\u00e9s pour un flux d&#039;air am\u00e9lior\u00e9<\/li>\n<li>Grand int\u00e9rieur avec 2 poches avant externes<\/li>\n<li>Poches int\u00e9rieures \u00e0 double maille pour organisation accrue<\/li>\n<li>Sangles de compression pour s\u00e9curiser l&#039;\u00e9quipement<\/li>\n<li>Capacit\u00e9 de charge de 8-12 fus\u00e9es d'\u00e9clairage<\/li>\n<li>NOUVELLE couleur noir\/gris<\/li>\n<li>Panneau Hypalon MOLLE pour la fixation d&#039;un bo\u00eetier d&#039;abri d&#039;incendie et d&#039;autres accessoires<\/li>\n<li>Incroyablement l\u00e9ger<\/li>\n<\/ul>","protected":false},"excerpt":{"rendered":"<p>Le Phantom \u2122 pour feux de for\u00eats vise \u00e0 \u00eatre l'une des options les plus l\u00e9g\u00e8res et les plus durables pour les \u00e9quipes de pointe. Le Phantom\u2122 est fabriqu\u00e9 en tissu Cordura 1000D pour une meilleure r\u00e9sistance \u00e0 l'abrasion.<\/p>\n<p>&nbsp;<\/p>","protected":false},"featured_media":21441,"template":"","meta":[],"product_brand":[480],"product_cat":[462,463],"product_tag":[488],"class_list":{"0":"post-21434","1":"product","2":"type-product","3":"status-publish","4":"has-post-thumbnail","6":"product_brand-tng-true-north-gear","7":"product_cat-emergency-preparedness","8":"product_cat-wildland-fire","9":"product_tag-tng-true-north-gear","11":"first","12":"instock","13":"shipping-taxable","14":"product-type-simple"},"yoast_head":"<!-- This site is optimized with the Yoast SEO plugin v27.4 - https:\/\/yoast.com\/product\/yoast-seo-wordpress\/ -->\n<title>Phantom\u2122 Pack - Safety Source Fire<\/title>\n<meta name=\"robots\" content=\"noindex, follow, max-snippet:-1, max-image-preview:large, max-video-preview:-1\" \/>\n<meta property=\"og:locale\" content=\"fr_CA\" \/>\n<meta property=\"og:type\" content=\"article\" \/>\n<meta property=\"og:title\" content=\"Phantom\u2122 Pack - Safety Source Fire\" \/>\n<meta property=\"og:description\" content=\"The Phantom\u2122 Wildland Fire Pack aims to be one of the lightest, yet most durable options for hotshot crews. The Phantom\u2122 is constructed with 1000D Cordura fabric for enhanced abrasion-resistance.  &nbsp;\" \/>\n<meta property=\"og:url\" content=\"https:\/\/staging.safetysourcefire.ca\/fr_ca\/produit\/phantom-pack\/\" \/>\n<meta property=\"og:site_name\" content=\"Safety Source Fire\" \/>\n<meta property=\"article:publisher\" content=\"https:\/\/www.facebook.com\/mmfssca\" \/>\n<meta property=\"article:modified_time\" content=\"2020-06-29T19:42:42+00:00\" \/>\n<meta property=\"og:image\" content=\"https:\/\/staging.safetysourcefire.ca\/wp-content\/uploads\/2020\/06\/DSC_9241__85534.1585594487.jpg\" \/>\n\t<meta property=\"og:image:width\" content=\"600\" \/>\n\t<meta property=\"og:image:height\" content=\"600\" \/>\n\t<meta property=\"og:image:type\" content=\"image\/jpeg\" \/>\n<meta name=\"twitter:card\" content=\"summary_large_image\" \/>\n<meta name=\"twitter:site\" content=\"@mmfssca\" \/>\n<meta name=\"twitter:label1\" content=\"Estimation du temps de lecture\" \/>\n\t<meta name=\"twitter:data1\" content=\"1 minute\" \/>\n<script type=\"application\/ld+json\" class=\"yoast-schema-graph\">{\"@context\":\"https:\\\/\\\/schema.org\",\"@graph\":[{\"@type\":\"WebPage\",\"@id\":\"https:\\\/\\\/staging.safetysourcefire.ca\\\/product\\\/phantom-pack\\\/\",\"url\":\"https:\\\/\\\/staging.safetysourcefire.ca\\\/product\\\/phantom-pack\\\/\",\"name\":\"Phantom\u2122 Pack - Safety Source Fire\",\"isPartOf\":{\"@id\":\"https:\\\/\\\/staging.safetysourcefire.ca\\\/#website\"},\"primaryImageOfPage\":{\"@id\":\"https:\\\/\\\/staging.safetysourcefire.ca\\\/product\\\/phantom-pack\\\/#primaryimage\"},\"image\":{\"@id\":\"https:\\\/\\\/staging.safetysourcefire.ca\\\/product\\\/phantom-pack\\\/#primaryimage\"},\"thumbnailUrl\":\"https:\\\/\\\/staging.safetysourcefire.ca\\\/wp-content\\\/uploads\\\/2020\\\/06\\\/DSC_9241__85534.1585594487.jpg\",\"datePublished\":\"2020-03-26T19:29:31+00:00\",\"dateModified\":\"2020-06-29T19:42:42+00:00\",\"breadcrumb\":{\"@id\":\"https:\\\/\\\/staging.safetysourcefire.ca\\\/product\\\/phantom-pack\\\/#breadcrumb\"},\"inLanguage\":\"fr-CA\",\"potentialAction\":[{\"@type\":\"ReadAction\",\"target\":[\"https:\\\/\\\/staging.safetysourcefire.ca\\\/product\\\/phantom-pack\\\/\"]}]},{\"@type\":\"ImageObject\",\"inLanguage\":\"fr-CA\",\"@id\":\"https:\\\/\\\/staging.safetysourcefire.ca\\\/product\\\/phantom-pack\\\/#primaryimage\",\"url\":\"https:\\\/\\\/staging.safetysourcefire.ca\\\/wp-content\\\/uploads\\\/2020\\\/06\\\/DSC_9241__85534.1585594487.jpg\",\"contentUrl\":\"https:\\\/\\\/staging.safetysourcefire.ca\\\/wp-content\\\/uploads\\\/2020\\\/06\\\/DSC_9241__85534.1585594487.jpg\",\"width\":600,\"height\":600,\"caption\":\"pack\"},{\"@type\":\"BreadcrumbList\",\"@id\":\"https:\\\/\\\/staging.safetysourcefire.ca\\\/product\\\/phantom-pack\\\/#breadcrumb\",\"itemListElement\":[{\"@type\":\"ListItem\",\"position\":1,\"name\":\"Home\",\"item\":\"https:\\\/\\\/staging.safetysourcefire.ca\\\/\"},{\"@type\":\"ListItem\",\"position\":2,\"name\":\"Products\",\"item\":\"https:\\\/\\\/staging.safetysourcefire.ca\\\/shop\\\/\"},{\"@type\":\"ListItem\",\"position\":3,\"name\":\"Phantom\u2122 Pack\"}]},{\"@type\":\"WebSite\",\"@id\":\"https:\\\/\\\/staging.safetysourcefire.ca\\\/#website\",\"url\":\"https:\\\/\\\/staging.safetysourcefire.ca\\\/\",\"name\":\"Safety Source Fire\",\"description\":\"\",\"publisher\":{\"@id\":\"https:\\\/\\\/staging.safetysourcefire.ca\\\/#organization\"},\"potentialAction\":[{\"@type\":\"SearchAction\",\"target\":{\"@type\":\"EntryPoint\",\"urlTemplate\":\"https:\\\/\\\/staging.safetysourcefire.ca\\\/?s={search_term_string}\"},\"query-input\":{\"@type\":\"PropertyValueSpecification\",\"valueRequired\":true,\"valueName\":\"search_term_string\"}}],\"inLanguage\":\"fr-CA\"},{\"@type\":\"Organization\",\"@id\":\"https:\\\/\\\/staging.safetysourcefire.ca\\\/#organization\",\"name\":\"Safety Source Fire\",\"url\":\"https:\\\/\\\/staging.safetysourcefire.ca\\\/\",\"logo\":{\"@type\":\"ImageObject\",\"inLanguage\":\"fr-CA\",\"@id\":\"https:\\\/\\\/staging.safetysourcefire.ca\\\/#\\\/schema\\\/logo\\\/image\\\/\",\"url\":\"https:\\\/\\\/staging.safetysourcefire.ca\\\/wp-content\\\/uploads\\\/2021\\\/01\\\/SSF_logo_CC0000-3.png\",\"contentUrl\":\"https:\\\/\\\/staging.safetysourcefire.ca\\\/wp-content\\\/uploads\\\/2021\\\/01\\\/SSF_logo_CC0000-3.png\",\"width\":1107,\"height\":365,\"caption\":\"Safety Source Fire\"},\"image\":{\"@id\":\"https:\\\/\\\/staging.safetysourcefire.ca\\\/#\\\/schema\\\/logo\\\/image\\\/\"},\"sameAs\":[\"https:\\\/\\\/www.facebook.com\\\/mmfssca\",\"https:\\\/\\\/x.com\\\/mmfssca\"]}]}<\/script>\n<!-- \/ Yoast SEO plugin. -->","yoast_head_json":{"title":"Phantom\u2122 Pack - Safety Source Fire","robots":{"index":"noindex","follow":"follow","max-snippet":"max-snippet:-1","max-image-preview":"max-image-preview:large","max-video-preview":"max-video-preview:-1"},"og_locale":"fr_CA","og_type":"article","og_title":"Phantom\u2122 Pack - Safety Source Fire","og_description":"The Phantom\u2122 Wildland Fire Pack aims to be one of the lightest, yet most durable options for hotshot crews. The Phantom\u2122 is constructed with 1000D Cordura fabric for enhanced abrasion-resistance.  &nbsp;","og_url":"https:\/\/staging.safetysourcefire.ca\/fr_ca\/produit\/phantom-pack\/","og_site_name":"Safety Source Fire","article_publisher":"https:\/\/www.facebook.com\/mmfssca","article_modified_time":"2020-06-29T19:42:42+00:00","og_image":[{"width":600,"height":600,"url":"https:\/\/staging.safetysourcefire.ca\/wp-content\/uploads\/2020\/06\/DSC_9241__85534.1585594487.jpg","type":"image\/jpeg"}],"twitter_card":"summary_large_image","twitter_site":"@mmfssca","twitter_misc":{"Estimation du temps de lecture":"1 minute"},"schema":{"@context":"https:\/\/schema.org","@graph":[{"@type":"WebPage","@id":"https:\/\/staging.safetysourcefire.ca\/product\/phantom-pack\/","url":"https:\/\/staging.safetysourcefire.ca\/product\/phantom-pack\/","name":"Phantom\u2122 Pack - Safety Source Fire","isPartOf":{"@id":"https:\/\/staging.safetysourcefire.ca\/#website"},"primaryImageOfPage":{"@id":"https:\/\/staging.safetysourcefire.ca\/product\/phantom-pack\/#primaryimage"},"image":{"@id":"https:\/\/staging.safetysourcefire.ca\/product\/phantom-pack\/#primaryimage"},"thumbnailUrl":"https:\/\/staging.safetysourcefire.ca\/wp-content\/uploads\/2020\/06\/DSC_9241__85534.1585594487.jpg","datePublished":"2020-03-26T19:29:31+00:00","dateModified":"2020-06-29T19:42:42+00:00","breadcrumb":{"@id":"https:\/\/staging.safetysourcefire.ca\/product\/phantom-pack\/#breadcrumb"},"inLanguage":"fr-CA","potentialAction":[{"@type":"ReadAction","target":["https:\/\/staging.safetysourcefire.ca\/product\/phantom-pack\/"]}]},{"@type":"ImageObject","inLanguage":"fr-CA","@id":"https:\/\/staging.safetysourcefire.ca\/product\/phantom-pack\/#primaryimage","url":"https:\/\/staging.safetysourcefire.ca\/wp-content\/uploads\/2020\/06\/DSC_9241__85534.1585594487.jpg","contentUrl":"https:\/\/staging.safetysourcefire.ca\/wp-content\/uploads\/2020\/06\/DSC_9241__85534.1585594487.jpg","width":600,"height":600,"caption":"pack"},{"@type":"BreadcrumbList","@id":"https:\/\/staging.safetysourcefire.ca\/product\/phantom-pack\/#breadcrumb","itemListElement":[{"@type":"ListItem","position":1,"name":"Home","item":"https:\/\/staging.safetysourcefire.ca\/"},{"@type":"ListItem","position":2,"name":"Products","item":"https:\/\/staging.safetysourcefire.ca\/shop\/"},{"@type":"ListItem","position":3,"name":"Phantom\u2122 Pack"}]},{"@type":"WebSite","@id":"https:\/\/staging.safetysourcefire.ca\/#website","url":"https:\/\/staging.safetysourcefire.ca\/","name":"Safety Source Fire","description":"","publisher":{"@id":"https:\/\/staging.safetysourcefire.ca\/#organization"},"potentialAction":[{"@type":"SearchAction","target":{"@type":"EntryPoint","urlTemplate":"https:\/\/staging.safetysourcefire.ca\/?s={search_term_string}"},"query-input":{"@type":"PropertyValueSpecification","valueRequired":true,"valueName":"search_term_string"}}],"inLanguage":"fr-CA"},{"@type":"Organization","@id":"https:\/\/staging.safetysourcefire.ca\/#organization","name":"Safety Source Fire","url":"https:\/\/staging.safetysourcefire.ca\/","logo":{"@type":"ImageObject","inLanguage":"fr-CA","@id":"https:\/\/staging.safetysourcefire.ca\/#\/schema\/logo\/image\/","url":"https:\/\/staging.safetysourcefire.ca\/wp-content\/uploads\/2021\/01\/SSF_logo_CC0000-3.png","contentUrl":"https:\/\/staging.safetysourcefire.ca\/wp-content\/uploads\/2021\/01\/SSF_logo_CC0000-3.png","width":1107,"height":365,"caption":"Safety Source Fire"},"image":{"@id":"https:\/\/staging.safetysourcefire.ca\/#\/schema\/logo\/image\/"},"sameAs":["https:\/\/www.facebook.com\/mmfssca","https:\/\/x.com\/mmfssca"]}]}},"_links":{"self":[{"href":"https:\/\/staging.safetysourcefire.ca\/fr_ca\/wp-json\/wp\/v2\/product\/21434","targetHints":{"allow":["GET"]}}],"collection":[{"href":"https:\/\/staging.safetysourcefire.ca\/fr_ca\/wp-json\/wp\/v2\/product"}],"about":[{"href":"https:\/\/staging.safetysourcefire.ca\/fr_ca\/wp-json\/wp\/v2\/types\/product"}],"wp:featuredmedia":[{"embeddable":true,"href":"https:\/\/staging.safetysourcefire.ca\/fr_ca\/wp-json\/wp\/v2\/media\/21441"}],"wp:attachment":[{"href":"https:\/\/staging.safetysourcefire.ca\/fr_ca\/wp-json\/wp\/v2\/media?parent=21434"}],"wp:term":[{"taxonomy":"product_brand","embeddable":true,"href":"https:\/\/staging.safetysourcefire.ca\/fr_ca\/wp-json\/wp\/v2\/product_brand?post=21434"},{"taxonomy":"product_cat","embeddable":true,"href":"https:\/\/staging.safetysourcefire.ca\/fr_ca\/wp-json\/wp\/v2\/product_cat?post=21434"},{"taxonomy":"product_tag","embeddable":true,"href":"https:\/\/staging.safetysourcefire.ca\/fr_ca\/wp-json\/wp\/v2\/product_tag?post=21434"}],"curies":[{"name":"wp","href":"https:\/\/api.w.org\/{rel}","templated":true}]}}