{"id":20723,"date":"2020-04-08T20:42:42","date_gmt":"2020-04-08T20:42:42","guid":{"rendered":"https:\/\/staging.mmfss.ca\/?post_type=product&#038;p=20723"},"modified":"2020-07-15T15:21:17","modified_gmt":"2020-07-15T15:21:17","slug":"9600-modular-lighting-system","status":"publish","type":"product","link":"https:\/\/staging.safetysourcefire.ca\/fr_ca\/produit\/9600-modular-lighting-system\/","title":{"rendered":"Syst\u00e8me d&#039;\u00e9clairage modulaire 9600"},"content":{"rendered":"<p>Il est d\u00e9sormais facile d'\u00e9clairer une voie ferr\u00e9e, une route ou un tunnel sans avoir \u00e0 utiliser les lourdes tours d'\u00e9clairage conventionnelles. Avec une possibilit\u00e9 d'utilisation ayant jusqu'\u00e0 34 phares modulaires, le Pelican \u2122 9600 peut produire plus de 100 000 lumens combin\u00e9s de lumi\u00e8re LED pouvant couvrir uniform\u00e9ment plus de 350 verges (321 m\u00e8tres). Le tout est aliment\u00e9 par un g\u00e9n\u00e9rateur.<\/p>\n<p>Con\u00e7ue avec des supports de montage lat\u00e9raux et aux extr\u00e9mit\u00e9s, ainsi qu'un m\u00e2t t\u00e9lescopique pouvant s'\u00e9tirer jusqu'\u00e0 10 pieds, la lampe modulaire Pelican \u2122 9600 peut \u00eatre utilis\u00e9e de fa\u00e7on suspendue, directement sur pied ou mont\u00e9e sur un objet.<\/p>\n<p>Voyagez l\u00e9ger et en toute s\u00e9curit\u00e9! Construit avec des lentilles encastr\u00e9es en polycarbonate et des modules anti-chocs internes, le Pelican 9600 Modular Light est con\u00e7u pour r\u00e9sister aux terrains accident\u00e9s et aux chutes accidentelles. Ce syst\u00e8me d'\u00e9clairage a \u00e9t\u00e9 test\u00e9 contre les \u00e9preuves les plus rudes comme une chute de 6 pieds sur le b\u00e9ton! De plus, les t\u00eates et les bases des lampes modulaires Pelican 9600 sont con\u00e7ues pour s'empiler et s'embo\u00eeter parfaitement afin d'assurer un rangement ainsi que des d\u00e9placements sans tracas.<\/p>\n<p>Allongez la lumi\u00e8re du jour avec la lumi\u00e8re modulaire Pelican \u2122 9600.<\/p>\n<ul>\n<li>Connectez plusieurs t\u00eates d&#039;\u00e9clairage \u00e0 partir d&#039;une seule source d&#039;alimentation<\/li>\n<li>14 LED par t\u00eate d&#039;\u00e9clairage<\/li>\n<li>3000 lumens par t\u00eate d&#039;\u00e9clairage<\/li>\n<li>Faisceau lumineux r\u00e9glable<\/li>\n<li>Empilable<\/li>\n<li>Poteau, base, accessoires de c\u00e2ble disponibles<\/li>\n<\/ul>\n<p>&nbsp;<\/p>\n<p><iframe loading=\"lazy\" src=\"https:\/\/www.youtube.com\/embed\/AS4zJhQyCpc\" width=\"1091\" height=\"545\" frameborder=\"0\" allowfullscreen=\"allowfullscreen\"><\/iframe><\/p>","protected":false},"excerpt":{"rendered":"<p>\u00c9clairage de travail \u00e0 syst\u00e8me lin\u00e9aire.<\/p>","protected":false},"featured_media":20729,"template":"","meta":[],"product_brand":[146],"product_cat":[462,464,465,48,466,80,463],"product_tag":[330],"class_list":{"0":"post-20723","1":"product","2":"type-product","3":"status-publish","4":"has-post-thumbnail","6":"product_brand-pelican","7":"product_cat-emergency-preparedness","8":"product_cat-flood","9":"product_cat-hurricane","10":"product_cat-lighting","11":"product_cat-pandemic","12":"product_cat-scene-lighting","13":"product_cat-wildland-fire","14":"product_tag-pelican","16":"first","17":"instock","18":"shipping-taxable","19":"product-type-simple"},"yoast_head":"<!-- This site is optimized with the Yoast SEO plugin v27.4 - https:\/\/yoast.com\/product\/yoast-seo-wordpress\/ -->\n<title>9600 Modular Lighting System - Safety Source Fire<\/title>\n<meta name=\"robots\" content=\"noindex, follow, max-snippet:-1, max-image-preview:large, max-video-preview:-1\" \/>\n<meta property=\"og:locale\" content=\"fr_CA\" \/>\n<meta property=\"og:type\" content=\"article\" \/>\n<meta property=\"og:title\" content=\"9600 Modular Lighting System - Safety Source Fire\" \/>\n<meta property=\"og:description\" content=\"New linear system work lighting.\" \/>\n<meta property=\"og:url\" content=\"https:\/\/staging.safetysourcefire.ca\/fr_ca\/produit\/9600-modular-lighting-system\/\" \/>\n<meta property=\"og:site_name\" content=\"Safety Source Fire\" \/>\n<meta property=\"article:publisher\" content=\"https:\/\/www.facebook.com\/mmfssca\" \/>\n<meta property=\"article:modified_time\" content=\"2020-07-15T15:21:17+00:00\" \/>\n<meta property=\"og:image\" content=\"https:\/\/staging.safetysourcefire.ca\/wp-content\/uploads\/2020\/05\/pelican-9600-remote-area-modular-light.jpg\" \/>\n\t<meta property=\"og:image:width\" content=\"600\" \/>\n\t<meta property=\"og:image:height\" content=\"600\" \/>\n\t<meta property=\"og:image:type\" content=\"image\/jpeg\" \/>\n<meta name=\"twitter:card\" content=\"summary_large_image\" \/>\n<meta name=\"twitter:site\" content=\"@mmfssca\" \/>\n<meta name=\"twitter:label1\" content=\"Estimation du temps de lecture\" \/>\n\t<meta name=\"twitter:data1\" content=\"1 minute\" \/>\n<script type=\"application\/ld+json\" class=\"yoast-schema-graph\">{\"@context\":\"https:\\\/\\\/schema.org\",\"@graph\":[{\"@type\":\"WebPage\",\"@id\":\"https:\\\/\\\/staging.safetysourcefire.ca\\\/product\\\/9600-modular-lighting-system\\\/\",\"url\":\"https:\\\/\\\/staging.safetysourcefire.ca\\\/product\\\/9600-modular-lighting-system\\\/\",\"name\":\"9600 Modular Lighting System - Safety Source Fire\",\"isPartOf\":{\"@id\":\"https:\\\/\\\/staging.safetysourcefire.ca\\\/#website\"},\"primaryImageOfPage\":{\"@id\":\"https:\\\/\\\/staging.safetysourcefire.ca\\\/product\\\/9600-modular-lighting-system\\\/#primaryimage\"},\"image\":{\"@id\":\"https:\\\/\\\/staging.safetysourcefire.ca\\\/product\\\/9600-modular-lighting-system\\\/#primaryimage\"},\"thumbnailUrl\":\"https:\\\/\\\/staging.safetysourcefire.ca\\\/wp-content\\\/uploads\\\/2020\\\/05\\\/pelican-9600-remote-area-modular-light.jpg\",\"datePublished\":\"2020-04-08T20:42:42+00:00\",\"dateModified\":\"2020-07-15T15:21:17+00:00\",\"breadcrumb\":{\"@id\":\"https:\\\/\\\/staging.safetysourcefire.ca\\\/product\\\/9600-modular-lighting-system\\\/#breadcrumb\"},\"inLanguage\":\"fr-CA\",\"potentialAction\":[{\"@type\":\"ReadAction\",\"target\":[\"https:\\\/\\\/staging.safetysourcefire.ca\\\/product\\\/9600-modular-lighting-system\\\/\"]}]},{\"@type\":\"ImageObject\",\"inLanguage\":\"fr-CA\",\"@id\":\"https:\\\/\\\/staging.safetysourcefire.ca\\\/product\\\/9600-modular-lighting-system\\\/#primaryimage\",\"url\":\"https:\\\/\\\/staging.safetysourcefire.ca\\\/wp-content\\\/uploads\\\/2020\\\/05\\\/pelican-9600-remote-area-modular-light.jpg\",\"contentUrl\":\"https:\\\/\\\/staging.safetysourcefire.ca\\\/wp-content\\\/uploads\\\/2020\\\/05\\\/pelican-9600-remote-area-modular-light.jpg\",\"width\":600,\"height\":600},{\"@type\":\"BreadcrumbList\",\"@id\":\"https:\\\/\\\/staging.safetysourcefire.ca\\\/product\\\/9600-modular-lighting-system\\\/#breadcrumb\",\"itemListElement\":[{\"@type\":\"ListItem\",\"position\":1,\"name\":\"Home\",\"item\":\"https:\\\/\\\/staging.safetysourcefire.ca\\\/\"},{\"@type\":\"ListItem\",\"position\":2,\"name\":\"Products\",\"item\":\"https:\\\/\\\/staging.safetysourcefire.ca\\\/shop\\\/\"},{\"@type\":\"ListItem\",\"position\":3,\"name\":\"9600 Modular Lighting System\"}]},{\"@type\":\"WebSite\",\"@id\":\"https:\\\/\\\/staging.safetysourcefire.ca\\\/#website\",\"url\":\"https:\\\/\\\/staging.safetysourcefire.ca\\\/\",\"name\":\"Safety Source Fire\",\"description\":\"\",\"publisher\":{\"@id\":\"https:\\\/\\\/staging.safetysourcefire.ca\\\/#organization\"},\"potentialAction\":[{\"@type\":\"SearchAction\",\"target\":{\"@type\":\"EntryPoint\",\"urlTemplate\":\"https:\\\/\\\/staging.safetysourcefire.ca\\\/?s={search_term_string}\"},\"query-input\":{\"@type\":\"PropertyValueSpecification\",\"valueRequired\":true,\"valueName\":\"search_term_string\"}}],\"inLanguage\":\"fr-CA\"},{\"@type\":\"Organization\",\"@id\":\"https:\\\/\\\/staging.safetysourcefire.ca\\\/#organization\",\"name\":\"Safety Source Fire\",\"url\":\"https:\\\/\\\/staging.safetysourcefire.ca\\\/\",\"logo\":{\"@type\":\"ImageObject\",\"inLanguage\":\"fr-CA\",\"@id\":\"https:\\\/\\\/staging.safetysourcefire.ca\\\/#\\\/schema\\\/logo\\\/image\\\/\",\"url\":\"https:\\\/\\\/staging.safetysourcefire.ca\\\/wp-content\\\/uploads\\\/2021\\\/01\\\/SSF_logo_CC0000-3.png\",\"contentUrl\":\"https:\\\/\\\/staging.safetysourcefire.ca\\\/wp-content\\\/uploads\\\/2021\\\/01\\\/SSF_logo_CC0000-3.png\",\"width\":1107,\"height\":365,\"caption\":\"Safety Source Fire\"},\"image\":{\"@id\":\"https:\\\/\\\/staging.safetysourcefire.ca\\\/#\\\/schema\\\/logo\\\/image\\\/\"},\"sameAs\":[\"https:\\\/\\\/www.facebook.com\\\/mmfssca\",\"https:\\\/\\\/x.com\\\/mmfssca\"]}]}<\/script>\n<!-- \/ Yoast SEO plugin. -->","yoast_head_json":{"title":"Syst\u00e8me d&#039;\u00e9clairage modulaire 9600 - Source de s\u00e9curit\u00e9 incendie","robots":{"index":"noindex","follow":"follow","max-snippet":"max-snippet:-1","max-image-preview":"max-image-preview:large","max-video-preview":"max-video-preview:-1"},"og_locale":"fr_CA","og_type":"article","og_title":"9600 Modular Lighting System - Safety Source Fire","og_description":"New linear system work lighting.","og_url":"https:\/\/staging.safetysourcefire.ca\/fr_ca\/produit\/9600-modular-lighting-system\/","og_site_name":"Safety Source Fire","article_publisher":"https:\/\/www.facebook.com\/mmfssca","article_modified_time":"2020-07-15T15:21:17+00:00","og_image":[{"width":600,"height":600,"url":"https:\/\/staging.safetysourcefire.ca\/wp-content\/uploads\/2020\/05\/pelican-9600-remote-area-modular-light.jpg","type":"image\/jpeg"}],"twitter_card":"summary_large_image","twitter_site":"@mmfssca","twitter_misc":{"Estimation du temps de lecture":"1 minute"},"schema":{"@context":"https:\/\/schema.org","@graph":[{"@type":"WebPage","@id":"https:\/\/staging.safetysourcefire.ca\/product\/9600-modular-lighting-system\/","url":"https:\/\/staging.safetysourcefire.ca\/product\/9600-modular-lighting-system\/","name":"Syst\u00e8me d&#039;\u00e9clairage modulaire 9600 - Source de s\u00e9curit\u00e9 incendie","isPartOf":{"@id":"https:\/\/staging.safetysourcefire.ca\/#website"},"primaryImageOfPage":{"@id":"https:\/\/staging.safetysourcefire.ca\/product\/9600-modular-lighting-system\/#primaryimage"},"image":{"@id":"https:\/\/staging.safetysourcefire.ca\/product\/9600-modular-lighting-system\/#primaryimage"},"thumbnailUrl":"https:\/\/staging.safetysourcefire.ca\/wp-content\/uploads\/2020\/05\/pelican-9600-remote-area-modular-light.jpg","datePublished":"2020-04-08T20:42:42+00:00","dateModified":"2020-07-15T15:21:17+00:00","breadcrumb":{"@id":"https:\/\/staging.safetysourcefire.ca\/product\/9600-modular-lighting-system\/#breadcrumb"},"inLanguage":"fr-CA","potentialAction":[{"@type":"ReadAction","target":["https:\/\/staging.safetysourcefire.ca\/product\/9600-modular-lighting-system\/"]}]},{"@type":"ImageObject","inLanguage":"fr-CA","@id":"https:\/\/staging.safetysourcefire.ca\/product\/9600-modular-lighting-system\/#primaryimage","url":"https:\/\/staging.safetysourcefire.ca\/wp-content\/uploads\/2020\/05\/pelican-9600-remote-area-modular-light.jpg","contentUrl":"https:\/\/staging.safetysourcefire.ca\/wp-content\/uploads\/2020\/05\/pelican-9600-remote-area-modular-light.jpg","width":600,"height":600},{"@type":"BreadcrumbList","@id":"https:\/\/staging.safetysourcefire.ca\/product\/9600-modular-lighting-system\/#breadcrumb","itemListElement":[{"@type":"ListItem","position":1,"name":"Home","item":"https:\/\/staging.safetysourcefire.ca\/"},{"@type":"ListItem","position":2,"name":"Products","item":"https:\/\/staging.safetysourcefire.ca\/shop\/"},{"@type":"ListItem","position":3,"name":"9600 Modular Lighting System"}]},{"@type":"WebSite","@id":"https:\/\/staging.safetysourcefire.ca\/#website","url":"https:\/\/staging.safetysourcefire.ca\/","name":"Safety Source Fire","description":"","publisher":{"@id":"https:\/\/staging.safetysourcefire.ca\/#organization"},"potentialAction":[{"@type":"SearchAction","target":{"@type":"EntryPoint","urlTemplate":"https:\/\/staging.safetysourcefire.ca\/?s={search_term_string}"},"query-input":{"@type":"PropertyValueSpecification","valueRequired":true,"valueName":"search_term_string"}}],"inLanguage":"fr-CA"},{"@type":"Organization","@id":"https:\/\/staging.safetysourcefire.ca\/#organization","name":"Safety Source Fire","url":"https:\/\/staging.safetysourcefire.ca\/","logo":{"@type":"ImageObject","inLanguage":"fr-CA","@id":"https:\/\/staging.safetysourcefire.ca\/#\/schema\/logo\/image\/","url":"https:\/\/staging.safetysourcefire.ca\/wp-content\/uploads\/2021\/01\/SSF_logo_CC0000-3.png","contentUrl":"https:\/\/staging.safetysourcefire.ca\/wp-content\/uploads\/2021\/01\/SSF_logo_CC0000-3.png","width":1107,"height":365,"caption":"Safety Source Fire"},"image":{"@id":"https:\/\/staging.safetysourcefire.ca\/#\/schema\/logo\/image\/"},"sameAs":["https:\/\/www.facebook.com\/mmfssca","https:\/\/x.com\/mmfssca"]}]}},"_links":{"self":[{"href":"https:\/\/staging.safetysourcefire.ca\/fr_ca\/wp-json\/wp\/v2\/product\/20723","targetHints":{"allow":["GET"]}}],"collection":[{"href":"https:\/\/staging.safetysourcefire.ca\/fr_ca\/wp-json\/wp\/v2\/product"}],"about":[{"href":"https:\/\/staging.safetysourcefire.ca\/fr_ca\/wp-json\/wp\/v2\/types\/product"}],"wp:featuredmedia":[{"embeddable":true,"href":"https:\/\/staging.safetysourcefire.ca\/fr_ca\/wp-json\/wp\/v2\/media\/20729"}],"wp:attachment":[{"href":"https:\/\/staging.safetysourcefire.ca\/fr_ca\/wp-json\/wp\/v2\/media?parent=20723"}],"wp:term":[{"taxonomy":"product_brand","embeddable":true,"href":"https:\/\/staging.safetysourcefire.ca\/fr_ca\/wp-json\/wp\/v2\/product_brand?post=20723"},{"taxonomy":"product_cat","embeddable":true,"href":"https:\/\/staging.safetysourcefire.ca\/fr_ca\/wp-json\/wp\/v2\/product_cat?post=20723"},{"taxonomy":"product_tag","embeddable":true,"href":"https:\/\/staging.safetysourcefire.ca\/fr_ca\/wp-json\/wp\/v2\/product_tag?post=20723"}],"curies":[{"name":"wp","href":"https:\/\/api.w.org\/{rel}","templated":true}]}}