{"id":20721,"date":"2020-04-08T20:38:06","date_gmt":"2020-04-08T20:38:06","guid":{"rendered":"https:\/\/staging.mmfss.ca\/?post_type=product&#038;p=20721"},"modified":"2020-07-15T15:25:48","modified_gmt":"2020-07-15T15:25:48","slug":"9460-remote-area-light","status":"publish","type":"product","link":"https:\/\/staging.safetysourcefire.ca\/fr_ca\/produit\/9460-remote-area-light\/","title":{"rendered":"Lumi\u00e8re pour zone \u00e9loign\u00e9e 9460"},"content":{"rendered":"<p>Con\u00e7u avec un syst\u00e8me de contr\u00f4le intelligent qui calcule et affiche la dur\u00e9e de vie actuelle de la batterie. De plus, il permet \u00e0 l'utilisateur de r\u00e9gler l'intensit\u00e9 de la lumi\u00e8re, de choisir la dur\u00e9e de fonctionnement souhait\u00e9e et de choisir parmi trois niveaux de puissance pr\u00e9d\u00e9finis.<\/p>\n<p>Construit de fa\u00e7on \u00e0 \u00eatre utilis\u00e9e de fa\u00e7on polyvalente, le 9460 RALS dispose de deux m\u00e2ts t\u00e9lescopiques (chacun s'\u00e9tendant jusqu'\u00e0 pr\u00e8s de 6 pieds) et de deux phares d'\u00e9clairage articul\u00e9s sur 360 \u00b0.<\/p>\n<p>Les LED de nouvelle g\u00e9n\u00e9ration du syst\u00e8me peuvent se combiner pour rayonner jusqu'\u00e0 12 000 lumens (6 000 par phare). Aliment\u00e9 par une batterie rechargeable, ce syst\u00e8me offre une possibilit\u00e9 d'activation \u00e0 distance via une application Bluetooth (permet de r\u00e9gler la luminosit\u00e9 de 0% \u00e0 100%).<\/p>\n<p>Pour une longue p\u00e9riode d'utilisation, le 9460 peut fonctionner en continu via un courant d'alimentation mural. La possibilit\u00e9 de laisser l'appareil sur la charge vous permet d'\u00eatre toujours pr\u00eat. Un port d'alimentation 12 volts comprenant un double adaptateur USB permet aussi d'alimenter plusieurs p\u00e9riph\u00e9riques connexes.<\/p>\n<p>Construit de mani\u00e8re autonome dans un bo\u00eetier Pelican robuste, le 9460 est compact et facile \u00e0 transporter au sol gr\u00e2ce \u00e0 une poign\u00e9e r\u00e9tractable et des roues en polyur\u00e9thane (roulement \u00e0 billes en acier inoxydable).<\/p>\n<ul>\n<li>Deux phares d'\u00e9clairage LED t\u00e9lescopiques<\/li>\n<li>Activation \u00e0 distance gr\u00e2ce \u00e0 la technologie Bluetooth\u00ae<\/li>\n<li>Log\u00e9 dans un bo\u00eetier Pelican \u2122 Protector Case \u2122<\/li>\n<li>Double port USB<\/li>\n<li>Fonctionnement silencieux<\/li>\n<li>Peut fonctionner lors de basses temp\u00e9ratures<\/li>\n<li>Syst\u00e8mes de fixation permettant un positionnement droit ou horizontal<\/li>\n<li>Aucun syst\u00e8me d'\u00e9chappement<\/li>\n<li>Indication continue du niveau de batterie avec indicateur clignotant lors de bas niveaux<\/li>\n<li>Conforme RoHS et CE<\/li>\n<\/ul>","protected":false},"excerpt":{"rendered":"<p>Le tout nouveau syst\u00e8me d'\u00e9clairage de zone \u00e9loign\u00e9e (RALS) 9460, plus puissant que son pr\u00e9d\u00e9cesseur, offre une alternative pratique et \u00e9cologiquement responsable compar\u00e9 aux lampes aliment\u00e9es par g\u00e9n\u00e9rateur.<\/p>","protected":false},"featured_media":20736,"template":"","meta":[],"product_brand":[146],"product_cat":[462,464,465,48,466,80,463],"product_tag":[330],"class_list":{"0":"post-20721","1":"product","2":"type-product","3":"status-publish","4":"has-post-thumbnail","6":"product_brand-pelican","7":"product_cat-emergency-preparedness","8":"product_cat-flood","9":"product_cat-hurricane","10":"product_cat-lighting","11":"product_cat-pandemic","12":"product_cat-scene-lighting","13":"product_cat-wildland-fire","14":"product_tag-pelican","16":"first","17":"instock","18":"shipping-taxable","19":"product-type-simple"},"yoast_head":"<!-- This site is optimized with the Yoast SEO plugin v27.4 - https:\/\/yoast.com\/product\/yoast-seo-wordpress\/ -->\n<title>9460 Remote Area Light - Safety Source Fire<\/title>\n<meta name=\"robots\" content=\"noindex, follow, max-snippet:-1, max-image-preview:large, max-video-preview:-1\" \/>\n<meta property=\"og:locale\" content=\"fr_CA\" \/>\n<meta property=\"og:type\" content=\"article\" \/>\n<meta property=\"og:title\" content=\"9460 Remote Area Light - Safety Source Fire\" \/>\n<meta property=\"og:description\" content=\"All new and more powerful 9460 Remote Area Lighting System (RALS) provides convenient and ecologically responsible alternatives to wasteful generator powered lights.\" \/>\n<meta property=\"og:url\" content=\"https:\/\/staging.safetysourcefire.ca\/fr_ca\/produit\/9460-remote-area-light\/\" \/>\n<meta property=\"og:site_name\" content=\"Safety Source Fire\" \/>\n<meta property=\"article:publisher\" content=\"https:\/\/www.facebook.com\/mmfssca\" \/>\n<meta property=\"article:modified_time\" content=\"2020-07-15T15:25:48+00:00\" \/>\n<meta property=\"og:image\" content=\"https:\/\/staging.safetysourcefire.ca\/wp-content\/uploads\/2020\/05\/pelican-9460-gen-3-rals-led-area-light.jpg\" \/>\n\t<meta property=\"og:image:width\" content=\"600\" \/>\n\t<meta property=\"og:image:height\" content=\"600\" \/>\n\t<meta property=\"og:image:type\" content=\"image\/jpeg\" \/>\n<meta name=\"twitter:card\" content=\"summary_large_image\" \/>\n<meta name=\"twitter:site\" content=\"@mmfssca\" \/>\n<meta name=\"twitter:label1\" content=\"Estimation du temps de lecture\" \/>\n\t<meta name=\"twitter:data1\" content=\"1 minute\" \/>\n<script type=\"application\/ld+json\" class=\"yoast-schema-graph\">{\"@context\":\"https:\\\/\\\/schema.org\",\"@graph\":[{\"@type\":\"WebPage\",\"@id\":\"https:\\\/\\\/staging.safetysourcefire.ca\\\/product\\\/9460-remote-area-light\\\/\",\"url\":\"https:\\\/\\\/staging.safetysourcefire.ca\\\/product\\\/9460-remote-area-light\\\/\",\"name\":\"9460 Remote Area Light - Safety Source Fire\",\"isPartOf\":{\"@id\":\"https:\\\/\\\/staging.safetysourcefire.ca\\\/#website\"},\"primaryImageOfPage\":{\"@id\":\"https:\\\/\\\/staging.safetysourcefire.ca\\\/product\\\/9460-remote-area-light\\\/#primaryimage\"},\"image\":{\"@id\":\"https:\\\/\\\/staging.safetysourcefire.ca\\\/product\\\/9460-remote-area-light\\\/#primaryimage\"},\"thumbnailUrl\":\"https:\\\/\\\/staging.safetysourcefire.ca\\\/wp-content\\\/uploads\\\/2020\\\/05\\\/pelican-9460-gen-3-rals-led-area-light.jpg\",\"datePublished\":\"2020-04-08T20:38:06+00:00\",\"dateModified\":\"2020-07-15T15:25:48+00:00\",\"breadcrumb\":{\"@id\":\"https:\\\/\\\/staging.safetysourcefire.ca\\\/product\\\/9460-remote-area-light\\\/#breadcrumb\"},\"inLanguage\":\"fr-CA\",\"potentialAction\":[{\"@type\":\"ReadAction\",\"target\":[\"https:\\\/\\\/staging.safetysourcefire.ca\\\/product\\\/9460-remote-area-light\\\/\"]}]},{\"@type\":\"ImageObject\",\"inLanguage\":\"fr-CA\",\"@id\":\"https:\\\/\\\/staging.safetysourcefire.ca\\\/product\\\/9460-remote-area-light\\\/#primaryimage\",\"url\":\"https:\\\/\\\/staging.safetysourcefire.ca\\\/wp-content\\\/uploads\\\/2020\\\/05\\\/pelican-9460-gen-3-rals-led-area-light.jpg\",\"contentUrl\":\"https:\\\/\\\/staging.safetysourcefire.ca\\\/wp-content\\\/uploads\\\/2020\\\/05\\\/pelican-9460-gen-3-rals-led-area-light.jpg\",\"width\":600,\"height\":600,\"caption\":\"lights\"},{\"@type\":\"BreadcrumbList\",\"@id\":\"https:\\\/\\\/staging.safetysourcefire.ca\\\/product\\\/9460-remote-area-light\\\/#breadcrumb\",\"itemListElement\":[{\"@type\":\"ListItem\",\"position\":1,\"name\":\"Home\",\"item\":\"https:\\\/\\\/staging.safetysourcefire.ca\\\/\"},{\"@type\":\"ListItem\",\"position\":2,\"name\":\"Products\",\"item\":\"https:\\\/\\\/staging.safetysourcefire.ca\\\/shop\\\/\"},{\"@type\":\"ListItem\",\"position\":3,\"name\":\"9460 Remote Area Light\"}]},{\"@type\":\"WebSite\",\"@id\":\"https:\\\/\\\/staging.safetysourcefire.ca\\\/#website\",\"url\":\"https:\\\/\\\/staging.safetysourcefire.ca\\\/\",\"name\":\"Safety Source Fire\",\"description\":\"\",\"publisher\":{\"@id\":\"https:\\\/\\\/staging.safetysourcefire.ca\\\/#organization\"},\"potentialAction\":[{\"@type\":\"SearchAction\",\"target\":{\"@type\":\"EntryPoint\",\"urlTemplate\":\"https:\\\/\\\/staging.safetysourcefire.ca\\\/?s={search_term_string}\"},\"query-input\":{\"@type\":\"PropertyValueSpecification\",\"valueRequired\":true,\"valueName\":\"search_term_string\"}}],\"inLanguage\":\"fr-CA\"},{\"@type\":\"Organization\",\"@id\":\"https:\\\/\\\/staging.safetysourcefire.ca\\\/#organization\",\"name\":\"Safety Source Fire\",\"url\":\"https:\\\/\\\/staging.safetysourcefire.ca\\\/\",\"logo\":{\"@type\":\"ImageObject\",\"inLanguage\":\"fr-CA\",\"@id\":\"https:\\\/\\\/staging.safetysourcefire.ca\\\/#\\\/schema\\\/logo\\\/image\\\/\",\"url\":\"https:\\\/\\\/staging.safetysourcefire.ca\\\/wp-content\\\/uploads\\\/2021\\\/01\\\/SSF_logo_CC0000-3.png\",\"contentUrl\":\"https:\\\/\\\/staging.safetysourcefire.ca\\\/wp-content\\\/uploads\\\/2021\\\/01\\\/SSF_logo_CC0000-3.png\",\"width\":1107,\"height\":365,\"caption\":\"Safety Source Fire\"},\"image\":{\"@id\":\"https:\\\/\\\/staging.safetysourcefire.ca\\\/#\\\/schema\\\/logo\\\/image\\\/\"},\"sameAs\":[\"https:\\\/\\\/www.facebook.com\\\/mmfssca\",\"https:\\\/\\\/x.com\\\/mmfssca\"]}]}<\/script>\n<!-- \/ Yoast SEO plugin. -->","yoast_head_json":{"title":"9460 \u00c9clairage pour zone \u00e9loign\u00e9e - Source de s\u00e9curit\u00e9 incendie","robots":{"index":"noindex","follow":"follow","max-snippet":"max-snippet:-1","max-image-preview":"max-image-preview:large","max-video-preview":"max-video-preview:-1"},"og_locale":"fr_CA","og_type":"article","og_title":"9460 Remote Area Light - Safety Source Fire","og_description":"All new and more powerful 9460 Remote Area Lighting System (RALS) provides convenient and ecologically responsible alternatives to wasteful generator powered lights.","og_url":"https:\/\/staging.safetysourcefire.ca\/fr_ca\/produit\/9460-remote-area-light\/","og_site_name":"Safety Source Fire","article_publisher":"https:\/\/www.facebook.com\/mmfssca","article_modified_time":"2020-07-15T15:25:48+00:00","og_image":[{"width":600,"height":600,"url":"https:\/\/staging.safetysourcefire.ca\/wp-content\/uploads\/2020\/05\/pelican-9460-gen-3-rals-led-area-light.jpg","type":"image\/jpeg"}],"twitter_card":"summary_large_image","twitter_site":"@mmfssca","twitter_misc":{"Estimation du temps de lecture":"1 minute"},"schema":{"@context":"https:\/\/schema.org","@graph":[{"@type":"WebPage","@id":"https:\/\/staging.safetysourcefire.ca\/product\/9460-remote-area-light\/","url":"https:\/\/staging.safetysourcefire.ca\/product\/9460-remote-area-light\/","name":"9460 \u00c9clairage pour zone \u00e9loign\u00e9e - Source de s\u00e9curit\u00e9 incendie","isPartOf":{"@id":"https:\/\/staging.safetysourcefire.ca\/#website"},"primaryImageOfPage":{"@id":"https:\/\/staging.safetysourcefire.ca\/product\/9460-remote-area-light\/#primaryimage"},"image":{"@id":"https:\/\/staging.safetysourcefire.ca\/product\/9460-remote-area-light\/#primaryimage"},"thumbnailUrl":"https:\/\/staging.safetysourcefire.ca\/wp-content\/uploads\/2020\/05\/pelican-9460-gen-3-rals-led-area-light.jpg","datePublished":"2020-04-08T20:38:06+00:00","dateModified":"2020-07-15T15:25:48+00:00","breadcrumb":{"@id":"https:\/\/staging.safetysourcefire.ca\/product\/9460-remote-area-light\/#breadcrumb"},"inLanguage":"fr-CA","potentialAction":[{"@type":"ReadAction","target":["https:\/\/staging.safetysourcefire.ca\/product\/9460-remote-area-light\/"]}]},{"@type":"ImageObject","inLanguage":"fr-CA","@id":"https:\/\/staging.safetysourcefire.ca\/product\/9460-remote-area-light\/#primaryimage","url":"https:\/\/staging.safetysourcefire.ca\/wp-content\/uploads\/2020\/05\/pelican-9460-gen-3-rals-led-area-light.jpg","contentUrl":"https:\/\/staging.safetysourcefire.ca\/wp-content\/uploads\/2020\/05\/pelican-9460-gen-3-rals-led-area-light.jpg","width":600,"height":600,"caption":"lights"},{"@type":"BreadcrumbList","@id":"https:\/\/staging.safetysourcefire.ca\/product\/9460-remote-area-light\/#breadcrumb","itemListElement":[{"@type":"ListItem","position":1,"name":"Home","item":"https:\/\/staging.safetysourcefire.ca\/"},{"@type":"ListItem","position":2,"name":"Products","item":"https:\/\/staging.safetysourcefire.ca\/shop\/"},{"@type":"ListItem","position":3,"name":"9460 Remote Area Light"}]},{"@type":"WebSite","@id":"https:\/\/staging.safetysourcefire.ca\/#website","url":"https:\/\/staging.safetysourcefire.ca\/","name":"Safety Source Fire","description":"","publisher":{"@id":"https:\/\/staging.safetysourcefire.ca\/#organization"},"potentialAction":[{"@type":"SearchAction","target":{"@type":"EntryPoint","urlTemplate":"https:\/\/staging.safetysourcefire.ca\/?s={search_term_string}"},"query-input":{"@type":"PropertyValueSpecification","valueRequired":true,"valueName":"search_term_string"}}],"inLanguage":"fr-CA"},{"@type":"Organization","@id":"https:\/\/staging.safetysourcefire.ca\/#organization","name":"Safety Source Fire","url":"https:\/\/staging.safetysourcefire.ca\/","logo":{"@type":"ImageObject","inLanguage":"fr-CA","@id":"https:\/\/staging.safetysourcefire.ca\/#\/schema\/logo\/image\/","url":"https:\/\/staging.safetysourcefire.ca\/wp-content\/uploads\/2021\/01\/SSF_logo_CC0000-3.png","contentUrl":"https:\/\/staging.safetysourcefire.ca\/wp-content\/uploads\/2021\/01\/SSF_logo_CC0000-3.png","width":1107,"height":365,"caption":"Safety Source Fire"},"image":{"@id":"https:\/\/staging.safetysourcefire.ca\/#\/schema\/logo\/image\/"},"sameAs":["https:\/\/www.facebook.com\/mmfssca","https:\/\/x.com\/mmfssca"]}]}},"_links":{"self":[{"href":"https:\/\/staging.safetysourcefire.ca\/fr_ca\/wp-json\/wp\/v2\/product\/20721","targetHints":{"allow":["GET"]}}],"collection":[{"href":"https:\/\/staging.safetysourcefire.ca\/fr_ca\/wp-json\/wp\/v2\/product"}],"about":[{"href":"https:\/\/staging.safetysourcefire.ca\/fr_ca\/wp-json\/wp\/v2\/types\/product"}],"wp:featuredmedia":[{"embeddable":true,"href":"https:\/\/staging.safetysourcefire.ca\/fr_ca\/wp-json\/wp\/v2\/media\/20736"}],"wp:attachment":[{"href":"https:\/\/staging.safetysourcefire.ca\/fr_ca\/wp-json\/wp\/v2\/media?parent=20721"}],"wp:term":[{"taxonomy":"product_brand","embeddable":true,"href":"https:\/\/staging.safetysourcefire.ca\/fr_ca\/wp-json\/wp\/v2\/product_brand?post=20721"},{"taxonomy":"product_cat","embeddable":true,"href":"https:\/\/staging.safetysourcefire.ca\/fr_ca\/wp-json\/wp\/v2\/product_cat?post=20721"},{"taxonomy":"product_tag","embeddable":true,"href":"https:\/\/staging.safetysourcefire.ca\/fr_ca\/wp-json\/wp\/v2\/product_tag?post=20721"}],"curies":[{"name":"wp","href":"https:\/\/api.w.org\/{rel}","templated":true}]}}