{"id":20634,"date":"2020-04-06T15:45:31","date_gmt":"2020-04-06T15:45:31","guid":{"rendered":"https:\/\/staging.mmfss.ca\/?post_type=product&#038;p=20634"},"modified":"2020-05-06T15:47:27","modified_gmt":"2020-05-06T15:47:27","slug":"combi-tool-pick-shovel-multi-purpose","status":"publish","type":"product","link":"https:\/\/staging.safetysourcefire.ca\/fr_ca\/produit\/combi-tool-pick-shovel-multi-purpose\/","title":{"rendered":"Outil combin\u00e9 multi-usages; Pioche &amp; pelle"},"content":{"rendered":"<p>CT42 FSS<\/p>\n<p>Outil combin\u00e9 (pioche et pelle) avec manche de 42 po. Produit conform\u00e9ment \u00e0 la sp\u00e9cification Forest Service 5100-325A, f\u00e9vrier 1994, et \u00e0 la r\u00e9vision G du dessin MTDC 736 du 16 septembre 2004, ou \u00e0 la derni\u00e8re r\u00e9vision de celle-ci.<\/p>\n<ul>\n<li>Fabriqu\u00e9 aux \u00c9tats-Unis.<\/li>\n<li>Outil de lutte contre les incendies de for\u00eat avec plusieurs positions de travail.<\/li>\n<li>R\u00e9pond ou d\u00e9passe les derni\u00e8res sp\u00e9cifications du service forestier.<\/li>\n<li>La lame et le pic de pelle sont fabriqu\u00e9s \u00e0 partir d'aciers r\u00e9sistants et durables.<\/li>\n<li>Les composants sont enti\u00e8rement trait\u00e9s thermiquement pour une t\u00e9nacit\u00e9 et une usure maximales.<\/li>\n<li>\u00c9mail noir et finition phosphat\u00e9e pour une r\u00e9sistance \u00e0 la rouille.<\/li>\n<li>Manche en fr\u00eane am\u00e9ricain (42 po) offre r\u00e9sistance et durabilit\u00e9.<\/li>\n<\/ul>\n<p><em>\u00ab Je voulais vous faire savoir que je suis extr\u00eamement satisfait \u00e0 la fois de la hache et de l&#039;outil combin\u00e9. La qualit\u00e9 a certainement r\u00e9pondu \u00e0 mes attentes. La hache a une sensation et un \u00e9quilibre formidables. L&#039;outil combin\u00e9 est bien con\u00e7u et robuste. Merci de remercier vos employ\u00e9s pour avoir mis autant de soin \u00e0 produire des produits de cette qualit\u00e9. \u00bb<\/em><\/p>","protected":false},"excerpt":{"rendered":"<p>Outil combin\u00e9 pioche-pelle avec manche de 42 \u2033.<\/p>","protected":false},"featured_media":20631,"template":"","meta":[],"product_brand":[214],"product_cat":[462,46,72,463],"product_tag":[274],"class_list":{"0":"post-20634","1":"product","2":"type-product","3":"status-publish","4":"has-post-thumbnail","6":"product_brand-council-tool","7":"product_cat-emergency-preparedness","8":"product_cat-hand-tools","9":"product_cat-miscellaneous-hand-tools","10":"product_cat-wildland-fire","11":"product_tag-council-tool","13":"first","14":"instock","15":"shipping-taxable","16":"product-type-simple"},"yoast_head":"<!-- This site is optimized with the Yoast SEO plugin v27.4 - https:\/\/yoast.com\/product\/yoast-seo-wordpress\/ -->\n<title>Combi Tool; Pick &amp; Shovel Multi-Purpose - Safety Source Fire<\/title>\n<meta name=\"robots\" content=\"noindex, follow, max-snippet:-1, max-image-preview:large, max-video-preview:-1\" \/>\n<meta property=\"og:locale\" content=\"fr_CA\" \/>\n<meta property=\"og:type\" content=\"article\" \/>\n<meta property=\"og:title\" content=\"Combi Tool; Pick &amp; Shovel Multi-Purpose - Safety Source Fire\" \/>\n<meta property=\"og:description\" content=\"Combination pick and shovel tool with a 42\u2033 handle.\" \/>\n<meta property=\"og:url\" content=\"https:\/\/staging.safetysourcefire.ca\/fr_ca\/produit\/combi-tool-pick-shovel-multi-purpose\/\" \/>\n<meta property=\"og:site_name\" content=\"Safety Source Fire\" \/>\n<meta property=\"article:publisher\" content=\"https:\/\/www.facebook.com\/mmfssca\" \/>\n<meta property=\"article:modified_time\" content=\"2020-05-06T15:47:27+00:00\" \/>\n<meta property=\"og:image\" content=\"https:\/\/staging.safetysourcefire.ca\/wp-content\/uploads\/2020\/05\/ct42fss-1000x1000-1.jpg\" \/>\n\t<meta property=\"og:image:width\" content=\"600\" \/>\n\t<meta property=\"og:image:height\" content=\"600\" \/>\n\t<meta property=\"og:image:type\" content=\"image\/jpeg\" \/>\n<meta name=\"twitter:card\" content=\"summary_large_image\" \/>\n<meta name=\"twitter:site\" content=\"@mmfssca\" \/>\n<meta name=\"twitter:label1\" content=\"Estimation du temps de lecture\" \/>\n\t<meta name=\"twitter:data1\" content=\"1 minute\" \/>\n<script type=\"application\/ld+json\" class=\"yoast-schema-graph\">{\"@context\":\"https:\\\/\\\/schema.org\",\"@graph\":[{\"@type\":\"WebPage\",\"@id\":\"https:\\\/\\\/staging.safetysourcefire.ca\\\/product\\\/combi-tool-pick-shovel-multi-purpose\\\/\",\"url\":\"https:\\\/\\\/staging.safetysourcefire.ca\\\/product\\\/combi-tool-pick-shovel-multi-purpose\\\/\",\"name\":\"Combi Tool; Pick & Shovel Multi-Purpose - Safety Source Fire\",\"isPartOf\":{\"@id\":\"https:\\\/\\\/staging.safetysourcefire.ca\\\/#website\"},\"primaryImageOfPage\":{\"@id\":\"https:\\\/\\\/staging.safetysourcefire.ca\\\/product\\\/combi-tool-pick-shovel-multi-purpose\\\/#primaryimage\"},\"image\":{\"@id\":\"https:\\\/\\\/staging.safetysourcefire.ca\\\/product\\\/combi-tool-pick-shovel-multi-purpose\\\/#primaryimage\"},\"thumbnailUrl\":\"https:\\\/\\\/staging.safetysourcefire.ca\\\/wp-content\\\/uploads\\\/2020\\\/05\\\/ct42fss-1000x1000-1.jpg\",\"datePublished\":\"2020-04-06T15:45:31+00:00\",\"dateModified\":\"2020-05-06T15:47:27+00:00\",\"breadcrumb\":{\"@id\":\"https:\\\/\\\/staging.safetysourcefire.ca\\\/product\\\/combi-tool-pick-shovel-multi-purpose\\\/#breadcrumb\"},\"inLanguage\":\"fr-CA\",\"potentialAction\":[{\"@type\":\"ReadAction\",\"target\":[\"https:\\\/\\\/staging.safetysourcefire.ca\\\/product\\\/combi-tool-pick-shovel-multi-purpose\\\/\"]}]},{\"@type\":\"ImageObject\",\"inLanguage\":\"fr-CA\",\"@id\":\"https:\\\/\\\/staging.safetysourcefire.ca\\\/product\\\/combi-tool-pick-shovel-multi-purpose\\\/#primaryimage\",\"url\":\"https:\\\/\\\/staging.safetysourcefire.ca\\\/wp-content\\\/uploads\\\/2020\\\/05\\\/ct42fss-1000x1000-1.jpg\",\"contentUrl\":\"https:\\\/\\\/staging.safetysourcefire.ca\\\/wp-content\\\/uploads\\\/2020\\\/05\\\/ct42fss-1000x1000-1.jpg\",\"width\":600,\"height\":600,\"caption\":\"tool\"},{\"@type\":\"BreadcrumbList\",\"@id\":\"https:\\\/\\\/staging.safetysourcefire.ca\\\/product\\\/combi-tool-pick-shovel-multi-purpose\\\/#breadcrumb\",\"itemListElement\":[{\"@type\":\"ListItem\",\"position\":1,\"name\":\"Home\",\"item\":\"https:\\\/\\\/staging.safetysourcefire.ca\\\/\"},{\"@type\":\"ListItem\",\"position\":2,\"name\":\"Products\",\"item\":\"https:\\\/\\\/staging.safetysourcefire.ca\\\/shop\\\/\"},{\"@type\":\"ListItem\",\"position\":3,\"name\":\"Combi Tool; Pick &#038; Shovel Multi-Purpose\"}]},{\"@type\":\"WebSite\",\"@id\":\"https:\\\/\\\/staging.safetysourcefire.ca\\\/#website\",\"url\":\"https:\\\/\\\/staging.safetysourcefire.ca\\\/\",\"name\":\"Safety Source Fire\",\"description\":\"\",\"publisher\":{\"@id\":\"https:\\\/\\\/staging.safetysourcefire.ca\\\/#organization\"},\"potentialAction\":[{\"@type\":\"SearchAction\",\"target\":{\"@type\":\"EntryPoint\",\"urlTemplate\":\"https:\\\/\\\/staging.safetysourcefire.ca\\\/?s={search_term_string}\"},\"query-input\":{\"@type\":\"PropertyValueSpecification\",\"valueRequired\":true,\"valueName\":\"search_term_string\"}}],\"inLanguage\":\"fr-CA\"},{\"@type\":\"Organization\",\"@id\":\"https:\\\/\\\/staging.safetysourcefire.ca\\\/#organization\",\"name\":\"Safety Source Fire\",\"url\":\"https:\\\/\\\/staging.safetysourcefire.ca\\\/\",\"logo\":{\"@type\":\"ImageObject\",\"inLanguage\":\"fr-CA\",\"@id\":\"https:\\\/\\\/staging.safetysourcefire.ca\\\/#\\\/schema\\\/logo\\\/image\\\/\",\"url\":\"https:\\\/\\\/staging.safetysourcefire.ca\\\/wp-content\\\/uploads\\\/2021\\\/01\\\/SSF_logo_CC0000-3.png\",\"contentUrl\":\"https:\\\/\\\/staging.safetysourcefire.ca\\\/wp-content\\\/uploads\\\/2021\\\/01\\\/SSF_logo_CC0000-3.png\",\"width\":1107,\"height\":365,\"caption\":\"Safety Source Fire\"},\"image\":{\"@id\":\"https:\\\/\\\/staging.safetysourcefire.ca\\\/#\\\/schema\\\/logo\\\/image\\\/\"},\"sameAs\":[\"https:\\\/\\\/www.facebook.com\\\/mmfssca\",\"https:\\\/\\\/x.com\\\/mmfssca\"]}]}<\/script>\n<!-- \/ Yoast SEO plugin. -->","yoast_head_json":{"title":"Outil combin\u00e9\u00a0; pioche et pelle multi-usages\u00a0\u2013\u00a0Source de s\u00e9curit\u00e9 incendie","robots":{"index":"noindex","follow":"follow","max-snippet":"max-snippet:-1","max-image-preview":"max-image-preview:large","max-video-preview":"max-video-preview:-1"},"og_locale":"fr_CA","og_type":"article","og_title":"Combi Tool; Pick & Shovel Multi-Purpose - Safety Source Fire","og_description":"Combination pick and shovel tool with a 42\u2033 handle.","og_url":"https:\/\/staging.safetysourcefire.ca\/fr_ca\/produit\/combi-tool-pick-shovel-multi-purpose\/","og_site_name":"Safety Source Fire","article_publisher":"https:\/\/www.facebook.com\/mmfssca","article_modified_time":"2020-05-06T15:47:27+00:00","og_image":[{"width":600,"height":600,"url":"https:\/\/staging.safetysourcefire.ca\/wp-content\/uploads\/2020\/05\/ct42fss-1000x1000-1.jpg","type":"image\/jpeg"}],"twitter_card":"summary_large_image","twitter_site":"@mmfssca","twitter_misc":{"Estimation du temps de lecture":"1 minute"},"schema":{"@context":"https:\/\/schema.org","@graph":[{"@type":"WebPage","@id":"https:\/\/staging.safetysourcefire.ca\/product\/combi-tool-pick-shovel-multi-purpose\/","url":"https:\/\/staging.safetysourcefire.ca\/product\/combi-tool-pick-shovel-multi-purpose\/","name":"Outil combin\u00e9\u00a0; pioche et pelle multi-usages\u00a0\u2013\u00a0Source de s\u00e9curit\u00e9 incendie","isPartOf":{"@id":"https:\/\/staging.safetysourcefire.ca\/#website"},"primaryImageOfPage":{"@id":"https:\/\/staging.safetysourcefire.ca\/product\/combi-tool-pick-shovel-multi-purpose\/#primaryimage"},"image":{"@id":"https:\/\/staging.safetysourcefire.ca\/product\/combi-tool-pick-shovel-multi-purpose\/#primaryimage"},"thumbnailUrl":"https:\/\/staging.safetysourcefire.ca\/wp-content\/uploads\/2020\/05\/ct42fss-1000x1000-1.jpg","datePublished":"2020-04-06T15:45:31+00:00","dateModified":"2020-05-06T15:47:27+00:00","breadcrumb":{"@id":"https:\/\/staging.safetysourcefire.ca\/product\/combi-tool-pick-shovel-multi-purpose\/#breadcrumb"},"inLanguage":"fr-CA","potentialAction":[{"@type":"ReadAction","target":["https:\/\/staging.safetysourcefire.ca\/product\/combi-tool-pick-shovel-multi-purpose\/"]}]},{"@type":"ImageObject","inLanguage":"fr-CA","@id":"https:\/\/staging.safetysourcefire.ca\/product\/combi-tool-pick-shovel-multi-purpose\/#primaryimage","url":"https:\/\/staging.safetysourcefire.ca\/wp-content\/uploads\/2020\/05\/ct42fss-1000x1000-1.jpg","contentUrl":"https:\/\/staging.safetysourcefire.ca\/wp-content\/uploads\/2020\/05\/ct42fss-1000x1000-1.jpg","width":600,"height":600,"caption":"tool"},{"@type":"BreadcrumbList","@id":"https:\/\/staging.safetysourcefire.ca\/product\/combi-tool-pick-shovel-multi-purpose\/#breadcrumb","itemListElement":[{"@type":"ListItem","position":1,"name":"Home","item":"https:\/\/staging.safetysourcefire.ca\/"},{"@type":"ListItem","position":2,"name":"Products","item":"https:\/\/staging.safetysourcefire.ca\/shop\/"},{"@type":"ListItem","position":3,"name":"Combi Tool; Pick &#038; Shovel Multi-Purpose"}]},{"@type":"WebSite","@id":"https:\/\/staging.safetysourcefire.ca\/#website","url":"https:\/\/staging.safetysourcefire.ca\/","name":"Safety Source Fire","description":"","publisher":{"@id":"https:\/\/staging.safetysourcefire.ca\/#organization"},"potentialAction":[{"@type":"SearchAction","target":{"@type":"EntryPoint","urlTemplate":"https:\/\/staging.safetysourcefire.ca\/?s={search_term_string}"},"query-input":{"@type":"PropertyValueSpecification","valueRequired":true,"valueName":"search_term_string"}}],"inLanguage":"fr-CA"},{"@type":"Organization","@id":"https:\/\/staging.safetysourcefire.ca\/#organization","name":"Safety Source Fire","url":"https:\/\/staging.safetysourcefire.ca\/","logo":{"@type":"ImageObject","inLanguage":"fr-CA","@id":"https:\/\/staging.safetysourcefire.ca\/#\/schema\/logo\/image\/","url":"https:\/\/staging.safetysourcefire.ca\/wp-content\/uploads\/2021\/01\/SSF_logo_CC0000-3.png","contentUrl":"https:\/\/staging.safetysourcefire.ca\/wp-content\/uploads\/2021\/01\/SSF_logo_CC0000-3.png","width":1107,"height":365,"caption":"Safety Source Fire"},"image":{"@id":"https:\/\/staging.safetysourcefire.ca\/#\/schema\/logo\/image\/"},"sameAs":["https:\/\/www.facebook.com\/mmfssca","https:\/\/x.com\/mmfssca"]}]}},"_links":{"self":[{"href":"https:\/\/staging.safetysourcefire.ca\/fr_ca\/wp-json\/wp\/v2\/product\/20634","targetHints":{"allow":["GET"]}}],"collection":[{"href":"https:\/\/staging.safetysourcefire.ca\/fr_ca\/wp-json\/wp\/v2\/product"}],"about":[{"href":"https:\/\/staging.safetysourcefire.ca\/fr_ca\/wp-json\/wp\/v2\/types\/product"}],"wp:featuredmedia":[{"embeddable":true,"href":"https:\/\/staging.safetysourcefire.ca\/fr_ca\/wp-json\/wp\/v2\/media\/20631"}],"wp:attachment":[{"href":"https:\/\/staging.safetysourcefire.ca\/fr_ca\/wp-json\/wp\/v2\/media?parent=20634"}],"wp:term":[{"taxonomy":"product_brand","embeddable":true,"href":"https:\/\/staging.safetysourcefire.ca\/fr_ca\/wp-json\/wp\/v2\/product_brand?post=20634"},{"taxonomy":"product_cat","embeddable":true,"href":"https:\/\/staging.safetysourcefire.ca\/fr_ca\/wp-json\/wp\/v2\/product_cat?post=20634"},{"taxonomy":"product_tag","embeddable":true,"href":"https:\/\/staging.safetysourcefire.ca\/fr_ca\/wp-json\/wp\/v2\/product_tag?post=20634"}],"curies":[{"name":"wp","href":"https:\/\/api.w.org\/{rel}","templated":true}]}}