{"id":20500,"date":"2020-04-04T17:39:24","date_gmt":"2020-04-04T17:39:24","guid":{"rendered":"https:\/\/staging.mmfss.ca\/?post_type=product&#038;p=20500"},"modified":"2020-05-04T18:38:11","modified_gmt":"2020-05-04T18:38:11","slug":"ironslok-hd-k5003-hd","status":"publish","type":"product","link":"https:\/\/staging.safetysourcefire.ca\/fr_ca\/produit\/ironslok-hd-k5003-hd\/","title":{"rendered":"Ironslok HD - K5003-HD"},"content":{"rendered":"<ul>\n<li>Les composants Ironslok sont moul\u00e9s \u00e0 partir de mat\u00e9riaux de haute qualit\u00e9<\/li>\n<li>Durable et s\u00e9curis\u00e9<\/li>\n<li>Peut \u00eatre mont\u00e9 horizontalement ou verticalement<\/li>\n<\/ul>\n<p><em>\u00ab\u00a0L&#039;ironslok nous a aid\u00e9s \u00e0 r\u00e9soudre \u00e0 la fois les probl\u00e8mes d&#039;accessibilit\u00e9 et de s\u00e9curit\u00e9 en nous offrant un moyen s\u00fbr de monter un ensemble de \u00ab\u00a0fers\u00a0\u00bb directement \u00e0 c\u00f4t\u00e9 d&#039;un strapontin dans la cabine de l&#039;\u00e9chelle 7\u2026. Je recommanderais le syst\u00e8me de montage Ironslok de PAC \u00e0 d&#039;autres soci\u00e9t\u00e9s d&#039;incendie \u00e0 la recherche d&#039;un moyen s\u00fbr, efficace et s\u00e9curis\u00e9 de monter leurs \u00abfers\u00bb.<\/em><\/p>\n<p><em>Capitaine Matt Hoare<\/em><br \/>\n<em>Service d&#039;incendie de Buffalo<\/em><br \/>\n<em>\u00c9chelle 7<\/em><\/p>","protected":false},"excerpt":{"rendered":"<p>Cette trousse de support Ironslok-HD est con\u00e7ue pour les outils en fers plus gros, y compris la hache PIG et le FIRE MAUL! Verrouillage positif avec sangle de verrouillage haute r\u00e9sistance.<\/p>","protected":false},"featured_media":20518,"template":"","meta":[],"product_brand":[473],"product_cat":[46,73],"product_tag":[474,475],"class_list":{"0":"post-20500","1":"product","2":"type-product","3":"status-publish","4":"has-post-thumbnail","6":"product_brand-pac","7":"product_cat-hand-tools","8":"product_cat-storage-mounting","9":"product_tag-pac","10":"product_tag-performance-advantage-company","12":"first","13":"instock","14":"shipping-taxable","15":"product-type-simple"},"yoast_head":"<!-- This site is optimized with the Yoast SEO plugin v27.4 - https:\/\/yoast.com\/product\/yoast-seo-wordpress\/ -->\n<title>Ironslok HD \u2013 K5003-HD - Safety Source Fire<\/title>\n<meta name=\"robots\" content=\"noindex, follow, max-snippet:-1, max-image-preview:large, max-video-preview:-1\" \/>\n<meta property=\"og:locale\" content=\"fr_CA\" \/>\n<meta property=\"og:type\" content=\"article\" \/>\n<meta property=\"og:title\" content=\"Ironslok HD \u2013 K5003-HD - Safety Source Fire\" \/>\n<meta property=\"og:description\" content=\"The Ironslok-HD Bracket Kit is designed for larger irons, including\u00a0the PIG Axe and the FIRE MAUL! Positive locking with high strength\u00a0lock strap.\" \/>\n<meta property=\"og:url\" content=\"https:\/\/staging.safetysourcefire.ca\/fr_ca\/produit\/ironslok-hd-k5003-hd\/\" \/>\n<meta property=\"og:site_name\" content=\"Safety Source Fire\" \/>\n<meta property=\"article:publisher\" content=\"https:\/\/www.facebook.com\/mmfssca\" \/>\n<meta property=\"article:modified_time\" content=\"2020-05-04T18:38:11+00:00\" \/>\n<meta property=\"og:image\" content=\"https:\/\/staging.safetysourcefire.ca\/wp-content\/uploads\/2020\/05\/K5003HD.1.jpg\" \/>\n\t<meta property=\"og:image:width\" content=\"600\" \/>\n\t<meta property=\"og:image:height\" content=\"600\" \/>\n\t<meta property=\"og:image:type\" content=\"image\/jpeg\" \/>\n<meta name=\"twitter:card\" content=\"summary_large_image\" \/>\n<meta name=\"twitter:site\" content=\"@mmfssca\" \/>\n<script type=\"application\/ld+json\" class=\"yoast-schema-graph\">{\"@context\":\"https:\\\/\\\/schema.org\",\"@graph\":[{\"@type\":\"WebPage\",\"@id\":\"https:\\\/\\\/staging.safetysourcefire.ca\\\/product\\\/ironslok-hd-k5003-hd\\\/\",\"url\":\"https:\\\/\\\/staging.safetysourcefire.ca\\\/product\\\/ironslok-hd-k5003-hd\\\/\",\"name\":\"Ironslok HD \u2013 K5003-HD - Safety Source Fire\",\"isPartOf\":{\"@id\":\"https:\\\/\\\/staging.safetysourcefire.ca\\\/#website\"},\"primaryImageOfPage\":{\"@id\":\"https:\\\/\\\/staging.safetysourcefire.ca\\\/product\\\/ironslok-hd-k5003-hd\\\/#primaryimage\"},\"image\":{\"@id\":\"https:\\\/\\\/staging.safetysourcefire.ca\\\/product\\\/ironslok-hd-k5003-hd\\\/#primaryimage\"},\"thumbnailUrl\":\"https:\\\/\\\/staging.safetysourcefire.ca\\\/wp-content\\\/uploads\\\/2020\\\/05\\\/K5003HD.1.jpg\",\"datePublished\":\"2020-04-04T17:39:24+00:00\",\"dateModified\":\"2020-05-04T18:38:11+00:00\",\"breadcrumb\":{\"@id\":\"https:\\\/\\\/staging.safetysourcefire.ca\\\/product\\\/ironslok-hd-k5003-hd\\\/#breadcrumb\"},\"inLanguage\":\"fr-CA\",\"potentialAction\":[{\"@type\":\"ReadAction\",\"target\":[\"https:\\\/\\\/staging.safetysourcefire.ca\\\/product\\\/ironslok-hd-k5003-hd\\\/\"]}]},{\"@type\":\"ImageObject\",\"inLanguage\":\"fr-CA\",\"@id\":\"https:\\\/\\\/staging.safetysourcefire.ca\\\/product\\\/ironslok-hd-k5003-hd\\\/#primaryimage\",\"url\":\"https:\\\/\\\/staging.safetysourcefire.ca\\\/wp-content\\\/uploads\\\/2020\\\/05\\\/K5003HD.1.jpg\",\"contentUrl\":\"https:\\\/\\\/staging.safetysourcefire.ca\\\/wp-content\\\/uploads\\\/2020\\\/05\\\/K5003HD.1.jpg\",\"width\":600,\"height\":600,\"caption\":\"ironslok\"},{\"@type\":\"BreadcrumbList\",\"@id\":\"https:\\\/\\\/staging.safetysourcefire.ca\\\/product\\\/ironslok-hd-k5003-hd\\\/#breadcrumb\",\"itemListElement\":[{\"@type\":\"ListItem\",\"position\":1,\"name\":\"Home\",\"item\":\"https:\\\/\\\/staging.safetysourcefire.ca\\\/\"},{\"@type\":\"ListItem\",\"position\":2,\"name\":\"Products\",\"item\":\"https:\\\/\\\/staging.safetysourcefire.ca\\\/shop\\\/\"},{\"@type\":\"ListItem\",\"position\":3,\"name\":\"Ironslok HD \u2013 K5003-HD\"}]},{\"@type\":\"WebSite\",\"@id\":\"https:\\\/\\\/staging.safetysourcefire.ca\\\/#website\",\"url\":\"https:\\\/\\\/staging.safetysourcefire.ca\\\/\",\"name\":\"Safety Source Fire\",\"description\":\"\",\"publisher\":{\"@id\":\"https:\\\/\\\/staging.safetysourcefire.ca\\\/#organization\"},\"potentialAction\":[{\"@type\":\"SearchAction\",\"target\":{\"@type\":\"EntryPoint\",\"urlTemplate\":\"https:\\\/\\\/staging.safetysourcefire.ca\\\/?s={search_term_string}\"},\"query-input\":{\"@type\":\"PropertyValueSpecification\",\"valueRequired\":true,\"valueName\":\"search_term_string\"}}],\"inLanguage\":\"fr-CA\"},{\"@type\":\"Organization\",\"@id\":\"https:\\\/\\\/staging.safetysourcefire.ca\\\/#organization\",\"name\":\"Safety Source Fire\",\"url\":\"https:\\\/\\\/staging.safetysourcefire.ca\\\/\",\"logo\":{\"@type\":\"ImageObject\",\"inLanguage\":\"fr-CA\",\"@id\":\"https:\\\/\\\/staging.safetysourcefire.ca\\\/#\\\/schema\\\/logo\\\/image\\\/\",\"url\":\"https:\\\/\\\/staging.safetysourcefire.ca\\\/wp-content\\\/uploads\\\/2021\\\/01\\\/SSF_logo_CC0000-3.png\",\"contentUrl\":\"https:\\\/\\\/staging.safetysourcefire.ca\\\/wp-content\\\/uploads\\\/2021\\\/01\\\/SSF_logo_CC0000-3.png\",\"width\":1107,\"height\":365,\"caption\":\"Safety Source Fire\"},\"image\":{\"@id\":\"https:\\\/\\\/staging.safetysourcefire.ca\\\/#\\\/schema\\\/logo\\\/image\\\/\"},\"sameAs\":[\"https:\\\/\\\/www.facebook.com\\\/mmfssca\",\"https:\\\/\\\/x.com\\\/mmfssca\"]}]}<\/script>\n<!-- \/ Yoast SEO plugin. -->","yoast_head_json":{"title":"Ironslok HD \u2013 K5003-HD \u2013 Source de s\u00e9curit\u00e9 incendie","robots":{"index":"noindex","follow":"follow","max-snippet":"max-snippet:-1","max-image-preview":"max-image-preview:large","max-video-preview":"max-video-preview:-1"},"og_locale":"fr_CA","og_type":"article","og_title":"Ironslok HD \u2013 K5003-HD - Safety Source Fire","og_description":"The Ironslok-HD Bracket Kit is designed for larger irons, including\u00a0the PIG Axe and the FIRE MAUL! Positive locking with high strength\u00a0lock strap.","og_url":"https:\/\/staging.safetysourcefire.ca\/fr_ca\/produit\/ironslok-hd-k5003-hd\/","og_site_name":"Safety Source Fire","article_publisher":"https:\/\/www.facebook.com\/mmfssca","article_modified_time":"2020-05-04T18:38:11+00:00","og_image":[{"width":600,"height":600,"url":"https:\/\/staging.safetysourcefire.ca\/wp-content\/uploads\/2020\/05\/K5003HD.1.jpg","type":"image\/jpeg"}],"twitter_card":"summary_large_image","twitter_site":"@mmfssca","schema":{"@context":"https:\/\/schema.org","@graph":[{"@type":"WebPage","@id":"https:\/\/staging.safetysourcefire.ca\/product\/ironslok-hd-k5003-hd\/","url":"https:\/\/staging.safetysourcefire.ca\/product\/ironslok-hd-k5003-hd\/","name":"Ironslok HD \u2013 K5003-HD \u2013 Source de s\u00e9curit\u00e9 incendie","isPartOf":{"@id":"https:\/\/staging.safetysourcefire.ca\/#website"},"primaryImageOfPage":{"@id":"https:\/\/staging.safetysourcefire.ca\/product\/ironslok-hd-k5003-hd\/#primaryimage"},"image":{"@id":"https:\/\/staging.safetysourcefire.ca\/product\/ironslok-hd-k5003-hd\/#primaryimage"},"thumbnailUrl":"https:\/\/staging.safetysourcefire.ca\/wp-content\/uploads\/2020\/05\/K5003HD.1.jpg","datePublished":"2020-04-04T17:39:24+00:00","dateModified":"2020-05-04T18:38:11+00:00","breadcrumb":{"@id":"https:\/\/staging.safetysourcefire.ca\/product\/ironslok-hd-k5003-hd\/#breadcrumb"},"inLanguage":"fr-CA","potentialAction":[{"@type":"ReadAction","target":["https:\/\/staging.safetysourcefire.ca\/product\/ironslok-hd-k5003-hd\/"]}]},{"@type":"ImageObject","inLanguage":"fr-CA","@id":"https:\/\/staging.safetysourcefire.ca\/product\/ironslok-hd-k5003-hd\/#primaryimage","url":"https:\/\/staging.safetysourcefire.ca\/wp-content\/uploads\/2020\/05\/K5003HD.1.jpg","contentUrl":"https:\/\/staging.safetysourcefire.ca\/wp-content\/uploads\/2020\/05\/K5003HD.1.jpg","width":600,"height":600,"caption":"ironslok"},{"@type":"BreadcrumbList","@id":"https:\/\/staging.safetysourcefire.ca\/product\/ironslok-hd-k5003-hd\/#breadcrumb","itemListElement":[{"@type":"ListItem","position":1,"name":"Home","item":"https:\/\/staging.safetysourcefire.ca\/"},{"@type":"ListItem","position":2,"name":"Products","item":"https:\/\/staging.safetysourcefire.ca\/shop\/"},{"@type":"ListItem","position":3,"name":"Ironslok HD \u2013 K5003-HD"}]},{"@type":"WebSite","@id":"https:\/\/staging.safetysourcefire.ca\/#website","url":"https:\/\/staging.safetysourcefire.ca\/","name":"Safety Source Fire","description":"","publisher":{"@id":"https:\/\/staging.safetysourcefire.ca\/#organization"},"potentialAction":[{"@type":"SearchAction","target":{"@type":"EntryPoint","urlTemplate":"https:\/\/staging.safetysourcefire.ca\/?s={search_term_string}"},"query-input":{"@type":"PropertyValueSpecification","valueRequired":true,"valueName":"search_term_string"}}],"inLanguage":"fr-CA"},{"@type":"Organization","@id":"https:\/\/staging.safetysourcefire.ca\/#organization","name":"Safety Source Fire","url":"https:\/\/staging.safetysourcefire.ca\/","logo":{"@type":"ImageObject","inLanguage":"fr-CA","@id":"https:\/\/staging.safetysourcefire.ca\/#\/schema\/logo\/image\/","url":"https:\/\/staging.safetysourcefire.ca\/wp-content\/uploads\/2021\/01\/SSF_logo_CC0000-3.png","contentUrl":"https:\/\/staging.safetysourcefire.ca\/wp-content\/uploads\/2021\/01\/SSF_logo_CC0000-3.png","width":1107,"height":365,"caption":"Safety Source Fire"},"image":{"@id":"https:\/\/staging.safetysourcefire.ca\/#\/schema\/logo\/image\/"},"sameAs":["https:\/\/www.facebook.com\/mmfssca","https:\/\/x.com\/mmfssca"]}]}},"_links":{"self":[{"href":"https:\/\/staging.safetysourcefire.ca\/fr_ca\/wp-json\/wp\/v2\/product\/20500","targetHints":{"allow":["GET"]}}],"collection":[{"href":"https:\/\/staging.safetysourcefire.ca\/fr_ca\/wp-json\/wp\/v2\/product"}],"about":[{"href":"https:\/\/staging.safetysourcefire.ca\/fr_ca\/wp-json\/wp\/v2\/types\/product"}],"wp:featuredmedia":[{"embeddable":true,"href":"https:\/\/staging.safetysourcefire.ca\/fr_ca\/wp-json\/wp\/v2\/media\/20518"}],"wp:attachment":[{"href":"https:\/\/staging.safetysourcefire.ca\/fr_ca\/wp-json\/wp\/v2\/media?parent=20500"}],"wp:term":[{"taxonomy":"product_brand","embeddable":true,"href":"https:\/\/staging.safetysourcefire.ca\/fr_ca\/wp-json\/wp\/v2\/product_brand?post=20500"},{"taxonomy":"product_cat","embeddable":true,"href":"https:\/\/staging.safetysourcefire.ca\/fr_ca\/wp-json\/wp\/v2\/product_cat?post=20500"},{"taxonomy":"product_tag","embeddable":true,"href":"https:\/\/staging.safetysourcefire.ca\/fr_ca\/wp-json\/wp\/v2\/product_tag?post=20500"}],"curies":[{"name":"wp","href":"https:\/\/api.w.org\/{rel}","templated":true}]}}