{"id":20452,"date":"2020-07-09T15:53:35","date_gmt":"2020-07-09T15:53:35","guid":{"rendered":"https:\/\/mmfss.ca\/?post_type=product&#038;p=20452"},"modified":"2021-04-09T15:55:54","modified_gmt":"2021-04-09T15:55:54","slug":"influx-firepro-1977-wildland-fs","status":"publish","type":"product","link":"https:\/\/staging.safetysourcefire.ca\/fr_ca\/produit\/influx-firepro-1977-wildland-fs\/","title":{"rendered":"Lunettes Influx Firepro 1977 Wildland FS"},"content":{"rendered":"<p>Le syst\u00e8me brevet\u00e9 Speed-Clip\u2122 permet un r\u00e9glage rapide de la sangle, m\u00eame avec des gants. Toutes les composantes des lunettes sont r\u00e9sistantes \u00e0 la chaleur et aux flammes, y compris le rembourrage facial OpFoam\u2122.<\/p>\n<p><strong>Fonctionnalit\u00e9s cl\u00e9s suppl\u00e9mentaires\u00a0:<\/strong>\u00a0Le rev\u00eatement avanc\u00e9 ESS ClearZone\u2122 FlowCoat \u00e9limine la bu\u00e9e \u00e0 l'int\u00e9rieur et emp\u00eache les rayures \u00e0 l'ext\u00e9rieur. Des lentilles en polycarbonate interchangeables sans distorsion de 3,0 mm \u00e0 fort impact, insert U-Rx sont disponibles pour ce produit. Protection 100% contre les UVA\/UVB.<\/p>\n<p>Une solution de lunettes de prescription est disponible pour ESS\u00a0<strong><em>Afflux FirePro-1977\u00a0<\/em><\/strong>lunettes : l&#039;ESS\u00a0<strong><em>U-Rx<\/em>\u2122<\/strong>\u00a0Ins\u00e9rer. Ce support de prescription est compatible avec ESS\u00a0<strong><em>S\u00e9rie crois\u00e9e<\/em>\u2122<\/strong>\u00a0et\u00a0<strong><em>LA GLACE<\/em>\u2122<\/strong>\u00a0Eyeshields, fournissant une solution Rx qui peut \u00eatre utilis\u00e9e sur de nombreuses plates-formes ESS eye pro.<\/p>","protected":false},"excerpt":{"rendered":"<p>Voici\u00a0<strong><em>ESS\u00a0<\/em><em>Afflux\u00a0<\/em><em>FirePro-1977 FS<\/em>\u2122\u00a0<\/strong>\u00a0. Les lunettes Wildland sont dot\u00e9es du syst\u00e8me de ventilation r\u00e9glable brevet\u00e9 AVS, pour un mode sans poussi\u00e8re et enti\u00e8rement scell\u00e9, ou un mode sans bu\u00e9e et \u00e0 ventilation ouverte.<\/p>","protected":false},"featured_media":20456,"template":"","meta":[],"product_brand":[468],"product_cat":[462,470,50,463],"product_tag":[469],"class_list":{"0":"post-20452","1":"product","2":"type-product","3":"status-publish","4":"has-post-thumbnail","6":"product_brand-ess","7":"product_cat-emergency-preparedness","8":"product_cat-eye-protection","9":"product_cat-personal-protective-equipment","10":"product_cat-wildland-fire","11":"product_tag-ess","13":"first","14":"instock","15":"shipping-taxable","16":"product-type-simple"},"yoast_head":"<!-- This site is optimized with the Yoast SEO plugin v27.4 - https:\/\/yoast.com\/product\/yoast-seo-wordpress\/ -->\n<title>Influx Firepro 1977 Wildland FS - Safety Source Fire<\/title>\n<meta name=\"robots\" content=\"noindex, follow, max-snippet:-1, max-image-preview:large, max-video-preview:-1\" \/>\n<meta property=\"og:locale\" content=\"fr_CA\" \/>\n<meta property=\"og:type\" content=\"article\" \/>\n<meta property=\"og:title\" content=\"Influx Firepro 1977 Wildland FS - Safety Source Fire\" \/>\n<meta property=\"og:description\" content=\"The\u00a0ESS\u00a0Influx\u00a0FirePro-1977 FS\u2122\u00a0\u00a0wildland goggle features the patented Adjustable Ventilation System\u2122 AVS, for either a dust-free, fully-sealed mode, or a fog-free, open-ventilation mode.\" \/>\n<meta property=\"og:url\" content=\"https:\/\/staging.safetysourcefire.ca\/fr_ca\/produit\/influx-firepro-1977-wildland-fs\/\" \/>\n<meta property=\"og:site_name\" content=\"Safety Source Fire\" \/>\n<meta property=\"article:publisher\" content=\"https:\/\/www.facebook.com\/mmfssca\" \/>\n<meta property=\"article:modified_time\" content=\"2021-04-09T15:55:54+00:00\" \/>\n<meta property=\"og:image\" content=\"https:\/\/staging.safetysourcefire.ca\/wp-content\/uploads\/2020\/05\/influx_firepro_1977_wildland_fs.jpg\" \/>\n\t<meta property=\"og:image:width\" content=\"600\" \/>\n\t<meta property=\"og:image:height\" content=\"600\" \/>\n\t<meta property=\"og:image:type\" content=\"image\/jpeg\" \/>\n<meta name=\"twitter:card\" content=\"summary_large_image\" \/>\n<meta name=\"twitter:site\" content=\"@mmfssca\" \/>\n<script type=\"application\/ld+json\" class=\"yoast-schema-graph\">{\"@context\":\"https:\\\/\\\/schema.org\",\"@graph\":[{\"@type\":\"WebPage\",\"@id\":\"https:\\\/\\\/staging.safetysourcefire.ca\\\/product\\\/influx-firepro-1977-wildland-fs\\\/\",\"url\":\"https:\\\/\\\/staging.safetysourcefire.ca\\\/product\\\/influx-firepro-1977-wildland-fs\\\/\",\"name\":\"Influx Firepro 1977 Wildland FS - Safety Source Fire\",\"isPartOf\":{\"@id\":\"https:\\\/\\\/staging.safetysourcefire.ca\\\/#website\"},\"primaryImageOfPage\":{\"@id\":\"https:\\\/\\\/staging.safetysourcefire.ca\\\/product\\\/influx-firepro-1977-wildland-fs\\\/#primaryimage\"},\"image\":{\"@id\":\"https:\\\/\\\/staging.safetysourcefire.ca\\\/product\\\/influx-firepro-1977-wildland-fs\\\/#primaryimage\"},\"thumbnailUrl\":\"https:\\\/\\\/staging.safetysourcefire.ca\\\/wp-content\\\/uploads\\\/2020\\\/05\\\/influx_firepro_1977_wildland_fs.jpg\",\"datePublished\":\"2020-07-09T15:53:35+00:00\",\"dateModified\":\"2021-04-09T15:55:54+00:00\",\"breadcrumb\":{\"@id\":\"https:\\\/\\\/staging.safetysourcefire.ca\\\/product\\\/influx-firepro-1977-wildland-fs\\\/#breadcrumb\"},\"inLanguage\":\"fr-CA\",\"potentialAction\":[{\"@type\":\"ReadAction\",\"target\":[\"https:\\\/\\\/staging.safetysourcefire.ca\\\/product\\\/influx-firepro-1977-wildland-fs\\\/\"]}]},{\"@type\":\"ImageObject\",\"inLanguage\":\"fr-CA\",\"@id\":\"https:\\\/\\\/staging.safetysourcefire.ca\\\/product\\\/influx-firepro-1977-wildland-fs\\\/#primaryimage\",\"url\":\"https:\\\/\\\/staging.safetysourcefire.ca\\\/wp-content\\\/uploads\\\/2020\\\/05\\\/influx_firepro_1977_wildland_fs.jpg\",\"contentUrl\":\"https:\\\/\\\/staging.safetysourcefire.ca\\\/wp-content\\\/uploads\\\/2020\\\/05\\\/influx_firepro_1977_wildland_fs.jpg\",\"width\":600,\"height\":600,\"caption\":\"goggles\"},{\"@type\":\"BreadcrumbList\",\"@id\":\"https:\\\/\\\/staging.safetysourcefire.ca\\\/product\\\/influx-firepro-1977-wildland-fs\\\/#breadcrumb\",\"itemListElement\":[{\"@type\":\"ListItem\",\"position\":1,\"name\":\"Home\",\"item\":\"https:\\\/\\\/staging.safetysourcefire.ca\\\/\"},{\"@type\":\"ListItem\",\"position\":2,\"name\":\"Products\",\"item\":\"https:\\\/\\\/staging.safetysourcefire.ca\\\/shop\\\/\"},{\"@type\":\"ListItem\",\"position\":3,\"name\":\"Influx Firepro 1977 Wildland FS\"}]},{\"@type\":\"WebSite\",\"@id\":\"https:\\\/\\\/staging.safetysourcefire.ca\\\/#website\",\"url\":\"https:\\\/\\\/staging.safetysourcefire.ca\\\/\",\"name\":\"Safety Source Fire\",\"description\":\"\",\"publisher\":{\"@id\":\"https:\\\/\\\/staging.safetysourcefire.ca\\\/#organization\"},\"potentialAction\":[{\"@type\":\"SearchAction\",\"target\":{\"@type\":\"EntryPoint\",\"urlTemplate\":\"https:\\\/\\\/staging.safetysourcefire.ca\\\/?s={search_term_string}\"},\"query-input\":{\"@type\":\"PropertyValueSpecification\",\"valueRequired\":true,\"valueName\":\"search_term_string\"}}],\"inLanguage\":\"fr-CA\"},{\"@type\":\"Organization\",\"@id\":\"https:\\\/\\\/staging.safetysourcefire.ca\\\/#organization\",\"name\":\"Safety Source Fire\",\"url\":\"https:\\\/\\\/staging.safetysourcefire.ca\\\/\",\"logo\":{\"@type\":\"ImageObject\",\"inLanguage\":\"fr-CA\",\"@id\":\"https:\\\/\\\/staging.safetysourcefire.ca\\\/#\\\/schema\\\/logo\\\/image\\\/\",\"url\":\"https:\\\/\\\/staging.safetysourcefire.ca\\\/wp-content\\\/uploads\\\/2021\\\/01\\\/SSF_logo_CC0000-3.png\",\"contentUrl\":\"https:\\\/\\\/staging.safetysourcefire.ca\\\/wp-content\\\/uploads\\\/2021\\\/01\\\/SSF_logo_CC0000-3.png\",\"width\":1107,\"height\":365,\"caption\":\"Safety Source Fire\"},\"image\":{\"@id\":\"https:\\\/\\\/staging.safetysourcefire.ca\\\/#\\\/schema\\\/logo\\\/image\\\/\"},\"sameAs\":[\"https:\\\/\\\/www.facebook.com\\\/mmfssca\",\"https:\\\/\\\/x.com\\\/mmfssca\"]}]}<\/script>\n<!-- \/ Yoast SEO plugin. -->","yoast_head_json":{"title":"Influx Firepro 1977 Wildland FS - Incendie de source de s\u00e9curit\u00e9","robots":{"index":"noindex","follow":"follow","max-snippet":"max-snippet:-1","max-image-preview":"max-image-preview:large","max-video-preview":"max-video-preview:-1"},"og_locale":"fr_CA","og_type":"article","og_title":"Influx Firepro 1977 Wildland FS - Safety Source Fire","og_description":"The\u00a0ESS\u00a0Influx\u00a0FirePro-1977 FS\u2122\u00a0\u00a0wildland goggle features the patented Adjustable Ventilation System\u2122 AVS, for either a dust-free, fully-sealed mode, or a fog-free, open-ventilation mode.","og_url":"https:\/\/staging.safetysourcefire.ca\/fr_ca\/produit\/influx-firepro-1977-wildland-fs\/","og_site_name":"Safety Source Fire","article_publisher":"https:\/\/www.facebook.com\/mmfssca","article_modified_time":"2021-04-09T15:55:54+00:00","og_image":[{"width":600,"height":600,"url":"https:\/\/staging.safetysourcefire.ca\/wp-content\/uploads\/2020\/05\/influx_firepro_1977_wildland_fs.jpg","type":"image\/jpeg"}],"twitter_card":"summary_large_image","twitter_site":"@mmfssca","schema":{"@context":"https:\/\/schema.org","@graph":[{"@type":"WebPage","@id":"https:\/\/staging.safetysourcefire.ca\/product\/influx-firepro-1977-wildland-fs\/","url":"https:\/\/staging.safetysourcefire.ca\/product\/influx-firepro-1977-wildland-fs\/","name":"Influx Firepro 1977 Wildland FS - Incendie de source de s\u00e9curit\u00e9","isPartOf":{"@id":"https:\/\/staging.safetysourcefire.ca\/#website"},"primaryImageOfPage":{"@id":"https:\/\/staging.safetysourcefire.ca\/product\/influx-firepro-1977-wildland-fs\/#primaryimage"},"image":{"@id":"https:\/\/staging.safetysourcefire.ca\/product\/influx-firepro-1977-wildland-fs\/#primaryimage"},"thumbnailUrl":"https:\/\/staging.safetysourcefire.ca\/wp-content\/uploads\/2020\/05\/influx_firepro_1977_wildland_fs.jpg","datePublished":"2020-07-09T15:53:35+00:00","dateModified":"2021-04-09T15:55:54+00:00","breadcrumb":{"@id":"https:\/\/staging.safetysourcefire.ca\/product\/influx-firepro-1977-wildland-fs\/#breadcrumb"},"inLanguage":"fr-CA","potentialAction":[{"@type":"ReadAction","target":["https:\/\/staging.safetysourcefire.ca\/product\/influx-firepro-1977-wildland-fs\/"]}]},{"@type":"ImageObject","inLanguage":"fr-CA","@id":"https:\/\/staging.safetysourcefire.ca\/product\/influx-firepro-1977-wildland-fs\/#primaryimage","url":"https:\/\/staging.safetysourcefire.ca\/wp-content\/uploads\/2020\/05\/influx_firepro_1977_wildland_fs.jpg","contentUrl":"https:\/\/staging.safetysourcefire.ca\/wp-content\/uploads\/2020\/05\/influx_firepro_1977_wildland_fs.jpg","width":600,"height":600,"caption":"goggles"},{"@type":"BreadcrumbList","@id":"https:\/\/staging.safetysourcefire.ca\/product\/influx-firepro-1977-wildland-fs\/#breadcrumb","itemListElement":[{"@type":"ListItem","position":1,"name":"Home","item":"https:\/\/staging.safetysourcefire.ca\/"},{"@type":"ListItem","position":2,"name":"Products","item":"https:\/\/staging.safetysourcefire.ca\/shop\/"},{"@type":"ListItem","position":3,"name":"Influx Firepro 1977 Wildland FS"}]},{"@type":"WebSite","@id":"https:\/\/staging.safetysourcefire.ca\/#website","url":"https:\/\/staging.safetysourcefire.ca\/","name":"Safety Source Fire","description":"","publisher":{"@id":"https:\/\/staging.safetysourcefire.ca\/#organization"},"potentialAction":[{"@type":"SearchAction","target":{"@type":"EntryPoint","urlTemplate":"https:\/\/staging.safetysourcefire.ca\/?s={search_term_string}"},"query-input":{"@type":"PropertyValueSpecification","valueRequired":true,"valueName":"search_term_string"}}],"inLanguage":"fr-CA"},{"@type":"Organization","@id":"https:\/\/staging.safetysourcefire.ca\/#organization","name":"Safety Source Fire","url":"https:\/\/staging.safetysourcefire.ca\/","logo":{"@type":"ImageObject","inLanguage":"fr-CA","@id":"https:\/\/staging.safetysourcefire.ca\/#\/schema\/logo\/image\/","url":"https:\/\/staging.safetysourcefire.ca\/wp-content\/uploads\/2021\/01\/SSF_logo_CC0000-3.png","contentUrl":"https:\/\/staging.safetysourcefire.ca\/wp-content\/uploads\/2021\/01\/SSF_logo_CC0000-3.png","width":1107,"height":365,"caption":"Safety Source Fire"},"image":{"@id":"https:\/\/staging.safetysourcefire.ca\/#\/schema\/logo\/image\/"},"sameAs":["https:\/\/www.facebook.com\/mmfssca","https:\/\/x.com\/mmfssca"]}]}},"_links":{"self":[{"href":"https:\/\/staging.safetysourcefire.ca\/fr_ca\/wp-json\/wp\/v2\/product\/20452","targetHints":{"allow":["GET"]}}],"collection":[{"href":"https:\/\/staging.safetysourcefire.ca\/fr_ca\/wp-json\/wp\/v2\/product"}],"about":[{"href":"https:\/\/staging.safetysourcefire.ca\/fr_ca\/wp-json\/wp\/v2\/types\/product"}],"wp:featuredmedia":[{"embeddable":true,"href":"https:\/\/staging.safetysourcefire.ca\/fr_ca\/wp-json\/wp\/v2\/media\/20456"}],"wp:attachment":[{"href":"https:\/\/staging.safetysourcefire.ca\/fr_ca\/wp-json\/wp\/v2\/media?parent=20452"}],"wp:term":[{"taxonomy":"product_brand","embeddable":true,"href":"https:\/\/staging.safetysourcefire.ca\/fr_ca\/wp-json\/wp\/v2\/product_brand?post=20452"},{"taxonomy":"product_cat","embeddable":true,"href":"https:\/\/staging.safetysourcefire.ca\/fr_ca\/wp-json\/wp\/v2\/product_cat?post=20452"},{"taxonomy":"product_tag","embeddable":true,"href":"https:\/\/staging.safetysourcefire.ca\/fr_ca\/wp-json\/wp\/v2\/product_tag?post=20452"}],"curies":[{"name":"wp","href":"https:\/\/api.w.org\/{rel}","templated":true}]}}