{"id":20435,"date":"2020-04-22T15:12:25","date_gmt":"2020-04-22T15:12:25","guid":{"rendered":"https:\/\/mmfss.ca\/?post_type=product&#038;p=20435"},"modified":"2025-01-08T20:08:23","modified_gmt":"2025-01-08T20:08:23","slug":"vpo-1x-vinyl-backpack-with-brass-hand-pump","status":"publish","type":"product","link":"https:\/\/staging.safetysourcefire.ca\/fr_ca\/produit\/vpo-1x-vinyl-backpack-with-brass-hand-pump\/","title":{"rendered":"Sac \u00e0 dos en vinyle avec pompe \u00e0 main en laiton VPO-1X"},"content":{"rendered":"<p>Sac pliable de 5 gallons US (19 L) fabriqu\u00e9 en polyester robuste mais l\u00e9ger, recouvert de vinyle pour une protection sup\u00e9rieure contre les perforations et l'abrasion. Les coutures sont renforc\u00e9es aux bons endroits afin d'\u00e9liminer toute possibilit\u00e9 de fuite.<\/p>\n<p>Le VPO-1X inclus une pompe \u00e0 main en laiton WATERAX HPC-X. La pompe comprend une poign\u00e9e pistolet robuste en nylon en arri\u00e8re et une poign\u00e9e en caoutchouc en avant. La pointe de buse combin\u00e9e permet de passer rapidement du jet \u00e0 la pulv\u00e9risation sans outils, et les fonctions d'arr\u00eat et de verrouillage positif emp\u00eachent les fuites, peu importe l'angle d'utilisation.<\/p>\n<p>Le VPO-1X est \u00e9galement dot\u00e9 des toutes nouvelles bretelles WATERAX con\u00e7ues pour offrir aux utilisateurs un confort et une s\u00e9curit\u00e9 accrus. Les sangles moelleuses rembourr\u00e9es offrent un support de charge sup\u00e9rieur et sont fabriqu\u00e9es avec des mat\u00e9riaux respirants pour des op\u00e9rations au sec. Ils comprennent plusieurs sangles de r\u00e9glage pour un ajustement personnalis\u00e9; une sangle de poitrine pour r\u00e9partir la pression, des attaches de fixation robustes et des bandes r\u00e9fl\u00e9chissantes Scotchlite\u00ae pour une visibilit\u00e9 accrue.<\/p>\n<p>POIDS<br \/>\nPoids : 5,6 lb (2,5 kg)<br \/>\nPoids humide : 37,6 lb (17 lb)<\/p>\n<p>CAPACIT\u00c9<br \/>\n5 gallons am\u00e9ricains (19L)<\/p>\n<p>CARACT\u00c9RISTIQUES DU PRODUIT<\/p>\n<p>Sac:<\/p>\n<ul>\n<li>Fabriqu\u00e9 en polyester solide, recouvert de vinyle pliable - n\u00e9cessite un espace de rangement minimal<\/li>\n<li>R\u00e9sistant aux UV et \u00e0 l&#039;ozone<\/li>\n<li>Cr\u00e9pine en plastique amovible<\/li>\n<li>Raccord de tuyau en laiton robuste avec capuchon en laiton<\/li>\n<\/ul>","protected":false},"excerpt":{"rendered":"<p>La nouvelle VPO-1X est la derni\u00e8re pompe \u00e0 main style sac \u00e0 dos \u00e0 rejoindre la s\u00e9rie des WATERAX BACKPAX.<\/p>","protected":false},"featured_media":20437,"template":"","meta":[],"product_brand":[185],"product_cat":[462,44,68,463],"product_tag":[358],"class_list":{"0":"post-20435","1":"product","2":"type-product","3":"status-publish","4":"has-post-thumbnail","6":"product_brand-waterax","7":"product_cat-emergency-preparedness","8":"product_cat-fire-suppression","9":"product_cat-portable-pumps","10":"product_cat-wildland-fire","11":"product_tag-waterax","13":"first","14":"instock","15":"shipping-taxable","16":"product-type-simple"},"yoast_head":"<!-- This site is optimized with the Yoast SEO plugin v27.4 - https:\/\/yoast.com\/product\/yoast-seo-wordpress\/ -->\n<title>VPO-1X Vinyl Backpack with Brass Hand Pump - Safety Source Fire<\/title>\n<meta name=\"robots\" content=\"noindex, follow, max-snippet:-1, max-image-preview:large, max-video-preview:-1\" \/>\n<meta property=\"og:locale\" content=\"fr_CA\" \/>\n<meta property=\"og:type\" content=\"article\" \/>\n<meta property=\"og:title\" content=\"VPO-1X Vinyl Backpack with Brass Hand Pump - Safety Source Fire\" \/>\n<meta property=\"og:description\" content=\"The new VPO-1X is the latest backpack hand pump to join the WATERAX BACKPAX series.\" \/>\n<meta property=\"og:url\" content=\"https:\/\/staging.safetysourcefire.ca\/fr_ca\/produit\/vpo-1x-vinyl-backpack-with-brass-hand-pump\/\" \/>\n<meta property=\"og:site_name\" content=\"Safety Source Fire\" \/>\n<meta property=\"article:publisher\" content=\"https:\/\/www.facebook.com\/mmfssca\" \/>\n<meta property=\"article:modified_time\" content=\"2025-01-08T20:08:23+00:00\" \/>\n<meta property=\"og:image\" content=\"https:\/\/staging.safetysourcefire.ca\/wp-content\/uploads\/2020\/05\/250291.jpg\" \/>\n\t<meta property=\"og:image:width\" content=\"600\" \/>\n\t<meta property=\"og:image:height\" content=\"600\" \/>\n\t<meta property=\"og:image:type\" content=\"image\/jpeg\" \/>\n<meta name=\"twitter:card\" content=\"summary_large_image\" \/>\n<meta name=\"twitter:site\" content=\"@mmfssca\" \/>\n<meta name=\"twitter:label1\" content=\"Estimation du temps de lecture\" \/>\n\t<meta name=\"twitter:data1\" content=\"2 minutes\" \/>\n<script type=\"application\/ld+json\" class=\"yoast-schema-graph\">{\"@context\":\"https:\\\/\\\/schema.org\",\"@graph\":[{\"@type\":\"WebPage\",\"@id\":\"https:\\\/\\\/staging.safetysourcefire.ca\\\/product\\\/vpo-1x-vinyl-backpack-with-brass-hand-pump\\\/\",\"url\":\"https:\\\/\\\/staging.safetysourcefire.ca\\\/product\\\/vpo-1x-vinyl-backpack-with-brass-hand-pump\\\/\",\"name\":\"VPO-1X Vinyl Backpack with Brass Hand Pump - Safety Source Fire\",\"isPartOf\":{\"@id\":\"https:\\\/\\\/staging.safetysourcefire.ca\\\/#website\"},\"primaryImageOfPage\":{\"@id\":\"https:\\\/\\\/staging.safetysourcefire.ca\\\/product\\\/vpo-1x-vinyl-backpack-with-brass-hand-pump\\\/#primaryimage\"},\"image\":{\"@id\":\"https:\\\/\\\/staging.safetysourcefire.ca\\\/product\\\/vpo-1x-vinyl-backpack-with-brass-hand-pump\\\/#primaryimage\"},\"thumbnailUrl\":\"https:\\\/\\\/staging.safetysourcefire.ca\\\/wp-content\\\/uploads\\\/2020\\\/05\\\/250291.jpg\",\"datePublished\":\"2020-04-22T15:12:25+00:00\",\"dateModified\":\"2025-01-08T20:08:23+00:00\",\"breadcrumb\":{\"@id\":\"https:\\\/\\\/staging.safetysourcefire.ca\\\/product\\\/vpo-1x-vinyl-backpack-with-brass-hand-pump\\\/#breadcrumb\"},\"inLanguage\":\"fr-CA\",\"potentialAction\":[{\"@type\":\"ReadAction\",\"target\":[\"https:\\\/\\\/staging.safetysourcefire.ca\\\/product\\\/vpo-1x-vinyl-backpack-with-brass-hand-pump\\\/\"]}]},{\"@type\":\"ImageObject\",\"inLanguage\":\"fr-CA\",\"@id\":\"https:\\\/\\\/staging.safetysourcefire.ca\\\/product\\\/vpo-1x-vinyl-backpack-with-brass-hand-pump\\\/#primaryimage\",\"url\":\"https:\\\/\\\/staging.safetysourcefire.ca\\\/wp-content\\\/uploads\\\/2020\\\/05\\\/250291.jpg\",\"contentUrl\":\"https:\\\/\\\/staging.safetysourcefire.ca\\\/wp-content\\\/uploads\\\/2020\\\/05\\\/250291.jpg\",\"width\":600,\"height\":600,\"caption\":\"yellow backpack\"},{\"@type\":\"BreadcrumbList\",\"@id\":\"https:\\\/\\\/staging.safetysourcefire.ca\\\/product\\\/vpo-1x-vinyl-backpack-with-brass-hand-pump\\\/#breadcrumb\",\"itemListElement\":[{\"@type\":\"ListItem\",\"position\":1,\"name\":\"Home\",\"item\":\"https:\\\/\\\/staging.safetysourcefire.ca\\\/\"},{\"@type\":\"ListItem\",\"position\":2,\"name\":\"Products\",\"item\":\"https:\\\/\\\/staging.safetysourcefire.ca\\\/shop\\\/\"},{\"@type\":\"ListItem\",\"position\":3,\"name\":\"VPO-1X Vinyl Backpack with Brass Hand Pump\"}]},{\"@type\":\"WebSite\",\"@id\":\"https:\\\/\\\/staging.safetysourcefire.ca\\\/#website\",\"url\":\"https:\\\/\\\/staging.safetysourcefire.ca\\\/\",\"name\":\"Safety Source Fire\",\"description\":\"\",\"publisher\":{\"@id\":\"https:\\\/\\\/staging.safetysourcefire.ca\\\/#organization\"},\"potentialAction\":[{\"@type\":\"SearchAction\",\"target\":{\"@type\":\"EntryPoint\",\"urlTemplate\":\"https:\\\/\\\/staging.safetysourcefire.ca\\\/?s={search_term_string}\"},\"query-input\":{\"@type\":\"PropertyValueSpecification\",\"valueRequired\":true,\"valueName\":\"search_term_string\"}}],\"inLanguage\":\"fr-CA\"},{\"@type\":\"Organization\",\"@id\":\"https:\\\/\\\/staging.safetysourcefire.ca\\\/#organization\",\"name\":\"Safety Source Fire\",\"url\":\"https:\\\/\\\/staging.safetysourcefire.ca\\\/\",\"logo\":{\"@type\":\"ImageObject\",\"inLanguage\":\"fr-CA\",\"@id\":\"https:\\\/\\\/staging.safetysourcefire.ca\\\/#\\\/schema\\\/logo\\\/image\\\/\",\"url\":\"https:\\\/\\\/staging.safetysourcefire.ca\\\/wp-content\\\/uploads\\\/2021\\\/01\\\/SSF_logo_CC0000-3.png\",\"contentUrl\":\"https:\\\/\\\/staging.safetysourcefire.ca\\\/wp-content\\\/uploads\\\/2021\\\/01\\\/SSF_logo_CC0000-3.png\",\"width\":1107,\"height\":365,\"caption\":\"Safety Source Fire\"},\"image\":{\"@id\":\"https:\\\/\\\/staging.safetysourcefire.ca\\\/#\\\/schema\\\/logo\\\/image\\\/\"},\"sameAs\":[\"https:\\\/\\\/www.facebook.com\\\/mmfssca\",\"https:\\\/\\\/x.com\\\/mmfssca\"]}]}<\/script>\n<!-- \/ Yoast SEO plugin. -->","yoast_head_json":{"title":"Sac \u00e0 dos en vinyle VPO-1X avec pompe \u00e0 main en laiton - Safety Source Fire","robots":{"index":"noindex","follow":"follow","max-snippet":"max-snippet:-1","max-image-preview":"max-image-preview:large","max-video-preview":"max-video-preview:-1"},"og_locale":"fr_CA","og_type":"article","og_title":"VPO-1X Vinyl Backpack with Brass Hand Pump - Safety Source Fire","og_description":"The new VPO-1X is the latest backpack hand pump to join the WATERAX BACKPAX series.","og_url":"https:\/\/staging.safetysourcefire.ca\/fr_ca\/produit\/vpo-1x-vinyl-backpack-with-brass-hand-pump\/","og_site_name":"Safety Source Fire","article_publisher":"https:\/\/www.facebook.com\/mmfssca","article_modified_time":"2025-01-08T20:08:23+00:00","og_image":[{"width":600,"height":600,"url":"https:\/\/staging.safetysourcefire.ca\/wp-content\/uploads\/2020\/05\/250291.jpg","type":"image\/jpeg"}],"twitter_card":"summary_large_image","twitter_site":"@mmfssca","twitter_misc":{"Estimation du temps de lecture":"2 minutes"},"schema":{"@context":"https:\/\/schema.org","@graph":[{"@type":"WebPage","@id":"https:\/\/staging.safetysourcefire.ca\/product\/vpo-1x-vinyl-backpack-with-brass-hand-pump\/","url":"https:\/\/staging.safetysourcefire.ca\/product\/vpo-1x-vinyl-backpack-with-brass-hand-pump\/","name":"Sac \u00e0 dos en vinyle VPO-1X avec pompe \u00e0 main en laiton - Safety Source Fire","isPartOf":{"@id":"https:\/\/staging.safetysourcefire.ca\/#website"},"primaryImageOfPage":{"@id":"https:\/\/staging.safetysourcefire.ca\/product\/vpo-1x-vinyl-backpack-with-brass-hand-pump\/#primaryimage"},"image":{"@id":"https:\/\/staging.safetysourcefire.ca\/product\/vpo-1x-vinyl-backpack-with-brass-hand-pump\/#primaryimage"},"thumbnailUrl":"https:\/\/staging.safetysourcefire.ca\/wp-content\/uploads\/2020\/05\/250291.jpg","datePublished":"2020-04-22T15:12:25+00:00","dateModified":"2025-01-08T20:08:23+00:00","breadcrumb":{"@id":"https:\/\/staging.safetysourcefire.ca\/product\/vpo-1x-vinyl-backpack-with-brass-hand-pump\/#breadcrumb"},"inLanguage":"fr-CA","potentialAction":[{"@type":"ReadAction","target":["https:\/\/staging.safetysourcefire.ca\/product\/vpo-1x-vinyl-backpack-with-brass-hand-pump\/"]}]},{"@type":"ImageObject","inLanguage":"fr-CA","@id":"https:\/\/staging.safetysourcefire.ca\/product\/vpo-1x-vinyl-backpack-with-brass-hand-pump\/#primaryimage","url":"https:\/\/staging.safetysourcefire.ca\/wp-content\/uploads\/2020\/05\/250291.jpg","contentUrl":"https:\/\/staging.safetysourcefire.ca\/wp-content\/uploads\/2020\/05\/250291.jpg","width":600,"height":600,"caption":"yellow backpack"},{"@type":"BreadcrumbList","@id":"https:\/\/staging.safetysourcefire.ca\/product\/vpo-1x-vinyl-backpack-with-brass-hand-pump\/#breadcrumb","itemListElement":[{"@type":"ListItem","position":1,"name":"Home","item":"https:\/\/staging.safetysourcefire.ca\/"},{"@type":"ListItem","position":2,"name":"Products","item":"https:\/\/staging.safetysourcefire.ca\/shop\/"},{"@type":"ListItem","position":3,"name":"VPO-1X Vinyl Backpack with Brass Hand Pump"}]},{"@type":"WebSite","@id":"https:\/\/staging.safetysourcefire.ca\/#website","url":"https:\/\/staging.safetysourcefire.ca\/","name":"Safety Source Fire","description":"","publisher":{"@id":"https:\/\/staging.safetysourcefire.ca\/#organization"},"potentialAction":[{"@type":"SearchAction","target":{"@type":"EntryPoint","urlTemplate":"https:\/\/staging.safetysourcefire.ca\/?s={search_term_string}"},"query-input":{"@type":"PropertyValueSpecification","valueRequired":true,"valueName":"search_term_string"}}],"inLanguage":"fr-CA"},{"@type":"Organization","@id":"https:\/\/staging.safetysourcefire.ca\/#organization","name":"Safety Source Fire","url":"https:\/\/staging.safetysourcefire.ca\/","logo":{"@type":"ImageObject","inLanguage":"fr-CA","@id":"https:\/\/staging.safetysourcefire.ca\/#\/schema\/logo\/image\/","url":"https:\/\/staging.safetysourcefire.ca\/wp-content\/uploads\/2021\/01\/SSF_logo_CC0000-3.png","contentUrl":"https:\/\/staging.safetysourcefire.ca\/wp-content\/uploads\/2021\/01\/SSF_logo_CC0000-3.png","width":1107,"height":365,"caption":"Safety Source Fire"},"image":{"@id":"https:\/\/staging.safetysourcefire.ca\/#\/schema\/logo\/image\/"},"sameAs":["https:\/\/www.facebook.com\/mmfssca","https:\/\/x.com\/mmfssca"]}]}},"_links":{"self":[{"href":"https:\/\/staging.safetysourcefire.ca\/fr_ca\/wp-json\/wp\/v2\/product\/20435","targetHints":{"allow":["GET"]}}],"collection":[{"href":"https:\/\/staging.safetysourcefire.ca\/fr_ca\/wp-json\/wp\/v2\/product"}],"about":[{"href":"https:\/\/staging.safetysourcefire.ca\/fr_ca\/wp-json\/wp\/v2\/types\/product"}],"wp:featuredmedia":[{"embeddable":true,"href":"https:\/\/staging.safetysourcefire.ca\/fr_ca\/wp-json\/wp\/v2\/media\/20437"}],"wp:attachment":[{"href":"https:\/\/staging.safetysourcefire.ca\/fr_ca\/wp-json\/wp\/v2\/media?parent=20435"}],"wp:term":[{"taxonomy":"product_brand","embeddable":true,"href":"https:\/\/staging.safetysourcefire.ca\/fr_ca\/wp-json\/wp\/v2\/product_brand?post=20435"},{"taxonomy":"product_cat","embeddable":true,"href":"https:\/\/staging.safetysourcefire.ca\/fr_ca\/wp-json\/wp\/v2\/product_cat?post=20435"},{"taxonomy":"product_tag","embeddable":true,"href":"https:\/\/staging.safetysourcefire.ca\/fr_ca\/wp-json\/wp\/v2\/product_tag?post=20435"}],"curies":[{"name":"wp","href":"https:\/\/api.w.org\/{rel}","templated":true}]}}