{"id":20286,"date":"2020-04-22T20:48:46","date_gmt":"2020-04-22T20:48:46","guid":{"rendered":"https:\/\/mmfss.ca\/?post_type=product&#038;p=20286"},"modified":"2024-08-07T19:07:48","modified_gmt":"2024-08-07T19:07:48","slug":"greenlite-x-strut","status":"publish","type":"product","link":"https:\/\/staging.safetysourcefire.ca\/fr_ca\/produit\/greenlite-x-strut\/","title":{"rendered":"GreenLite X-Strut"},"content":{"rendered":"<p>Vous n'avez pas besoin de sacrifier la qualit\u00e9 ou l'efficacit\u00e9 pour respecter votre budget. Le GreenLite \u2122 X-Strut\u00ae poss\u00e8de les m\u00eames caract\u00e9ristiques que nos plus grandes entretoises, mais est r\u00e9duit pour une utilisation avec des v\u00e9hicules plus l\u00e9gers. Lorsqu'il est combin\u00e9 avec l'Add-On Jack, notre GreenLite \u2122 est incontestablement le support de force le plus puissant que vous puissiez obtenir dans cette gamme de prix.<\/p>\n<p>Pr\u00e9sent\u00e9 ci-haut avec une prise suppl\u00e9mentaire (GLX-JACK). Ce v\u00e9rin est sp\u00e9cialement con\u00e7u pour le GreenLite avec une capacit\u00e9 de levage de 2 500 lb et un facteur de s\u00e9curit\u00e9 de 2:1. Poids du v\u00e9rin: 16\u00a0lb.<\/p>\n<p>SP\u00c9CIFICATIONS (facteur de s\u00e9curit\u00e9 2:1 sur les entretoises et accessoires)<\/p>\n<p>Article # GLX-STRT (long)<\/p>\n<ul>\n<li>WLL de la colonne\u00a0: 2\u00a0500 lb<\/li>\n<li>CMU de levage\u00a0: 2\u00a0500 lb<\/li>\n<li>Hauteur \u00e9tendue\u00a0: 85,5\u2033<\/li>\n<li>Hauteur repli\u00e9e : 54,25\u2033<\/li>\n<li>Poids\u00a0: 29\u00a0lb*<\/li>\n<\/ul>\n<p>Article # SGL-STRT (court)<\/p>\n<ul>\n<li>WLL de la colonne\u00a0: 2\u00a0500 lb<\/li>\n<li>CMU de levage\u00a0: 2\u00a0500 lb<\/li>\n<li>Hauteur d\u00e9ploy\u00e9e : 62\u2033<\/li>\n<li>Hauteur repli\u00e9e : 42\u2033<\/li>\n<li>Poids\u00a0: 22\u00a0lb*<\/li>\n<\/ul>\n<p>* Le poids du support comprend le raccord de t\u00eate pivotant CRG, la plaque de base, la sangle \u00e0 cliquet et tout le mat\u00e9riel. Le mod\u00e8le court n'inclut pas la sangle \u00e0 cliquet int\u00e9gr\u00e9e. Poids du v\u00e9rin suppl\u00e9mentaire\u00a0: 12\u00a0lb.<\/p>\n<p>Disponible en trousse standard \u00e0 2 points, trousse de luxe \u00e0 4 points, trousse Texas \u00e0 3 points et trousse de luxe pour 2 voitures. <a href=\"https:\/\/staging.safetysourcefire.ca\/wp-content\/uploads\/2020\/04\/2018-catalog.compressed.pdf\">Voir le catalogue pour plus de d\u00e9tails (pdf).<\/a><\/p>","protected":false},"excerpt":{"rendered":"<p>Petits budgets, grandes fonctionnalit\u00e9s<\/p>","protected":false},"featured_media":20273,"template":"","meta":[],"product_brand":[255],"product_cat":[128,51,133],"product_tag":[336,455,457,456],"class_list":{"0":"post-20286","1":"product","2":"type-product","3":"status-publish","4":"has-post-thumbnail","6":"product_brand-res-q-jack","7":"product_cat-extrication-rescue","8":"product_cat-rescue","9":"product_cat-stabilization-shoring","10":"product_tag-res-q-jack","11":"product_tag-strut","12":"product_tag-struts","13":"product_tag-x-strut","15":"first","16":"instock","17":"shipping-taxable","18":"product-type-simple"},"yoast_head":"<!-- This site is optimized with the Yoast SEO plugin v27.4 - https:\/\/yoast.com\/product\/yoast-seo-wordpress\/ -->\n<title>GreenLite X-Strut - Safety Source Fire<\/title>\n<meta name=\"robots\" content=\"noindex, follow, max-snippet:-1, max-image-preview:large, max-video-preview:-1\" \/>\n<meta property=\"og:locale\" content=\"fr_CA\" \/>\n<meta property=\"og:type\" content=\"article\" \/>\n<meta property=\"og:title\" content=\"GreenLite X-Strut - Safety Source Fire\" \/>\n<meta property=\"og:description\" content=\"Big features for small budgets\" \/>\n<meta property=\"og:url\" content=\"https:\/\/staging.safetysourcefire.ca\/fr_ca\/produit\/greenlite-x-strut\/\" \/>\n<meta property=\"og:site_name\" content=\"Safety Source Fire\" \/>\n<meta property=\"article:publisher\" content=\"https:\/\/www.facebook.com\/mmfssca\" \/>\n<meta property=\"article:modified_time\" content=\"2024-08-07T19:07:48+00:00\" \/>\n<meta property=\"og:image\" content=\"https:\/\/staging.safetysourcefire.ca\/wp-content\/uploads\/2020\/04\/greenlite-with-jack-min.jpg\" \/>\n\t<meta property=\"og:image:width\" content=\"600\" \/>\n\t<meta property=\"og:image:height\" content=\"600\" \/>\n\t<meta property=\"og:image:type\" content=\"image\/jpeg\" \/>\n<meta name=\"twitter:card\" content=\"summary_large_image\" \/>\n<meta name=\"twitter:site\" content=\"@mmfssca\" \/>\n<meta name=\"twitter:label1\" content=\"Estimation du temps de lecture\" \/>\n\t<meta name=\"twitter:data1\" content=\"1 minute\" \/>\n<script type=\"application\/ld+json\" class=\"yoast-schema-graph\">{\"@context\":\"https:\\\/\\\/schema.org\",\"@graph\":[{\"@type\":\"WebPage\",\"@id\":\"https:\\\/\\\/staging.safetysourcefire.ca\\\/product\\\/greenlite-x-strut\\\/\",\"url\":\"https:\\\/\\\/staging.safetysourcefire.ca\\\/product\\\/greenlite-x-strut\\\/\",\"name\":\"GreenLite X-Strut - Safety Source Fire\",\"isPartOf\":{\"@id\":\"https:\\\/\\\/staging.safetysourcefire.ca\\\/#website\"},\"primaryImageOfPage\":{\"@id\":\"https:\\\/\\\/staging.safetysourcefire.ca\\\/product\\\/greenlite-x-strut\\\/#primaryimage\"},\"image\":{\"@id\":\"https:\\\/\\\/staging.safetysourcefire.ca\\\/product\\\/greenlite-x-strut\\\/#primaryimage\"},\"thumbnailUrl\":\"https:\\\/\\\/staging.safetysourcefire.ca\\\/wp-content\\\/uploads\\\/2020\\\/04\\\/greenlite-with-jack-min.jpg\",\"datePublished\":\"2020-04-22T20:48:46+00:00\",\"dateModified\":\"2024-08-07T19:07:48+00:00\",\"breadcrumb\":{\"@id\":\"https:\\\/\\\/staging.safetysourcefire.ca\\\/product\\\/greenlite-x-strut\\\/#breadcrumb\"},\"inLanguage\":\"fr-CA\",\"potentialAction\":[{\"@type\":\"ReadAction\",\"target\":[\"https:\\\/\\\/staging.safetysourcefire.ca\\\/product\\\/greenlite-x-strut\\\/\"]}]},{\"@type\":\"ImageObject\",\"inLanguage\":\"fr-CA\",\"@id\":\"https:\\\/\\\/staging.safetysourcefire.ca\\\/product\\\/greenlite-x-strut\\\/#primaryimage\",\"url\":\"https:\\\/\\\/staging.safetysourcefire.ca\\\/wp-content\\\/uploads\\\/2020\\\/04\\\/greenlite-with-jack-min.jpg\",\"contentUrl\":\"https:\\\/\\\/staging.safetysourcefire.ca\\\/wp-content\\\/uploads\\\/2020\\\/04\\\/greenlite-with-jack-min.jpg\",\"width\":600,\"height\":600,\"caption\":\"GreenLite with jack\"},{\"@type\":\"BreadcrumbList\",\"@id\":\"https:\\\/\\\/staging.safetysourcefire.ca\\\/product\\\/greenlite-x-strut\\\/#breadcrumb\",\"itemListElement\":[{\"@type\":\"ListItem\",\"position\":1,\"name\":\"Home\",\"item\":\"https:\\\/\\\/staging.safetysourcefire.ca\\\/\"},{\"@type\":\"ListItem\",\"position\":2,\"name\":\"Products\",\"item\":\"https:\\\/\\\/staging.safetysourcefire.ca\\\/shop\\\/\"},{\"@type\":\"ListItem\",\"position\":3,\"name\":\"GreenLite X-Strut\"}]},{\"@type\":\"WebSite\",\"@id\":\"https:\\\/\\\/staging.safetysourcefire.ca\\\/#website\",\"url\":\"https:\\\/\\\/staging.safetysourcefire.ca\\\/\",\"name\":\"Safety Source Fire\",\"description\":\"\",\"publisher\":{\"@id\":\"https:\\\/\\\/staging.safetysourcefire.ca\\\/#organization\"},\"potentialAction\":[{\"@type\":\"SearchAction\",\"target\":{\"@type\":\"EntryPoint\",\"urlTemplate\":\"https:\\\/\\\/staging.safetysourcefire.ca\\\/?s={search_term_string}\"},\"query-input\":{\"@type\":\"PropertyValueSpecification\",\"valueRequired\":true,\"valueName\":\"search_term_string\"}}],\"inLanguage\":\"fr-CA\"},{\"@type\":\"Organization\",\"@id\":\"https:\\\/\\\/staging.safetysourcefire.ca\\\/#organization\",\"name\":\"Safety Source Fire\",\"url\":\"https:\\\/\\\/staging.safetysourcefire.ca\\\/\",\"logo\":{\"@type\":\"ImageObject\",\"inLanguage\":\"fr-CA\",\"@id\":\"https:\\\/\\\/staging.safetysourcefire.ca\\\/#\\\/schema\\\/logo\\\/image\\\/\",\"url\":\"https:\\\/\\\/staging.safetysourcefire.ca\\\/wp-content\\\/uploads\\\/2021\\\/01\\\/SSF_logo_CC0000-3.png\",\"contentUrl\":\"https:\\\/\\\/staging.safetysourcefire.ca\\\/wp-content\\\/uploads\\\/2021\\\/01\\\/SSF_logo_CC0000-3.png\",\"width\":1107,\"height\":365,\"caption\":\"Safety Source Fire\"},\"image\":{\"@id\":\"https:\\\/\\\/staging.safetysourcefire.ca\\\/#\\\/schema\\\/logo\\\/image\\\/\"},\"sameAs\":[\"https:\\\/\\\/www.facebook.com\\\/mmfssca\",\"https:\\\/\\\/x.com\\\/mmfssca\"]}]}<\/script>\n<!-- \/ Yoast SEO plugin. -->","yoast_head_json":{"title":"GreenLite X-Strut - Source de s\u00e9curit\u00e9 incendie","robots":{"index":"noindex","follow":"follow","max-snippet":"max-snippet:-1","max-image-preview":"max-image-preview:large","max-video-preview":"max-video-preview:-1"},"og_locale":"fr_CA","og_type":"article","og_title":"GreenLite X-Strut - Safety Source Fire","og_description":"Big features for small budgets","og_url":"https:\/\/staging.safetysourcefire.ca\/fr_ca\/produit\/greenlite-x-strut\/","og_site_name":"Safety Source Fire","article_publisher":"https:\/\/www.facebook.com\/mmfssca","article_modified_time":"2024-08-07T19:07:48+00:00","og_image":[{"width":600,"height":600,"url":"https:\/\/staging.safetysourcefire.ca\/wp-content\/uploads\/2020\/04\/greenlite-with-jack-min.jpg","type":"image\/jpeg"}],"twitter_card":"summary_large_image","twitter_site":"@mmfssca","twitter_misc":{"Estimation du temps de lecture":"1 minute"},"schema":{"@context":"https:\/\/schema.org","@graph":[{"@type":"WebPage","@id":"https:\/\/staging.safetysourcefire.ca\/product\/greenlite-x-strut\/","url":"https:\/\/staging.safetysourcefire.ca\/product\/greenlite-x-strut\/","name":"GreenLite X-Strut - Source de s\u00e9curit\u00e9 incendie","isPartOf":{"@id":"https:\/\/staging.safetysourcefire.ca\/#website"},"primaryImageOfPage":{"@id":"https:\/\/staging.safetysourcefire.ca\/product\/greenlite-x-strut\/#primaryimage"},"image":{"@id":"https:\/\/staging.safetysourcefire.ca\/product\/greenlite-x-strut\/#primaryimage"},"thumbnailUrl":"https:\/\/staging.safetysourcefire.ca\/wp-content\/uploads\/2020\/04\/greenlite-with-jack-min.jpg","datePublished":"2020-04-22T20:48:46+00:00","dateModified":"2024-08-07T19:07:48+00:00","breadcrumb":{"@id":"https:\/\/staging.safetysourcefire.ca\/product\/greenlite-x-strut\/#breadcrumb"},"inLanguage":"fr-CA","potentialAction":[{"@type":"ReadAction","target":["https:\/\/staging.safetysourcefire.ca\/product\/greenlite-x-strut\/"]}]},{"@type":"ImageObject","inLanguage":"fr-CA","@id":"https:\/\/staging.safetysourcefire.ca\/product\/greenlite-x-strut\/#primaryimage","url":"https:\/\/staging.safetysourcefire.ca\/wp-content\/uploads\/2020\/04\/greenlite-with-jack-min.jpg","contentUrl":"https:\/\/staging.safetysourcefire.ca\/wp-content\/uploads\/2020\/04\/greenlite-with-jack-min.jpg","width":600,"height":600,"caption":"GreenLite with jack"},{"@type":"BreadcrumbList","@id":"https:\/\/staging.safetysourcefire.ca\/product\/greenlite-x-strut\/#breadcrumb","itemListElement":[{"@type":"ListItem","position":1,"name":"Home","item":"https:\/\/staging.safetysourcefire.ca\/"},{"@type":"ListItem","position":2,"name":"Products","item":"https:\/\/staging.safetysourcefire.ca\/shop\/"},{"@type":"ListItem","position":3,"name":"GreenLite X-Strut"}]},{"@type":"WebSite","@id":"https:\/\/staging.safetysourcefire.ca\/#website","url":"https:\/\/staging.safetysourcefire.ca\/","name":"Safety Source Fire","description":"","publisher":{"@id":"https:\/\/staging.safetysourcefire.ca\/#organization"},"potentialAction":[{"@type":"SearchAction","target":{"@type":"EntryPoint","urlTemplate":"https:\/\/staging.safetysourcefire.ca\/?s={search_term_string}"},"query-input":{"@type":"PropertyValueSpecification","valueRequired":true,"valueName":"search_term_string"}}],"inLanguage":"fr-CA"},{"@type":"Organization","@id":"https:\/\/staging.safetysourcefire.ca\/#organization","name":"Safety Source Fire","url":"https:\/\/staging.safetysourcefire.ca\/","logo":{"@type":"ImageObject","inLanguage":"fr-CA","@id":"https:\/\/staging.safetysourcefire.ca\/#\/schema\/logo\/image\/","url":"https:\/\/staging.safetysourcefire.ca\/wp-content\/uploads\/2021\/01\/SSF_logo_CC0000-3.png","contentUrl":"https:\/\/staging.safetysourcefire.ca\/wp-content\/uploads\/2021\/01\/SSF_logo_CC0000-3.png","width":1107,"height":365,"caption":"Safety Source Fire"},"image":{"@id":"https:\/\/staging.safetysourcefire.ca\/#\/schema\/logo\/image\/"},"sameAs":["https:\/\/www.facebook.com\/mmfssca","https:\/\/x.com\/mmfssca"]}]}},"_links":{"self":[{"href":"https:\/\/staging.safetysourcefire.ca\/fr_ca\/wp-json\/wp\/v2\/product\/20286","targetHints":{"allow":["GET"]}}],"collection":[{"href":"https:\/\/staging.safetysourcefire.ca\/fr_ca\/wp-json\/wp\/v2\/product"}],"about":[{"href":"https:\/\/staging.safetysourcefire.ca\/fr_ca\/wp-json\/wp\/v2\/types\/product"}],"wp:featuredmedia":[{"embeddable":true,"href":"https:\/\/staging.safetysourcefire.ca\/fr_ca\/wp-json\/wp\/v2\/media\/20273"}],"wp:attachment":[{"href":"https:\/\/staging.safetysourcefire.ca\/fr_ca\/wp-json\/wp\/v2\/media?parent=20286"}],"wp:term":[{"taxonomy":"product_brand","embeddable":true,"href":"https:\/\/staging.safetysourcefire.ca\/fr_ca\/wp-json\/wp\/v2\/product_brand?post=20286"},{"taxonomy":"product_cat","embeddable":true,"href":"https:\/\/staging.safetysourcefire.ca\/fr_ca\/wp-json\/wp\/v2\/product_cat?post=20286"},{"taxonomy":"product_tag","embeddable":true,"href":"https:\/\/staging.safetysourcefire.ca\/fr_ca\/wp-json\/wp\/v2\/product_tag?post=20286"}],"curies":[{"name":"wp","href":"https:\/\/api.w.org\/{rel}","templated":true}]}}