{"id":20265,"date":"2020-04-22T19:42:37","date_gmt":"2020-04-22T19:42:37","guid":{"rendered":"https:\/\/mmfss.ca\/?post_type=product&#038;p=20265"},"modified":"2024-08-07T19:08:55","modified_gmt":"2024-08-07T19:08:55","slug":"steel-x-strut","status":"publish","type":"product","link":"https:\/\/staging.safetysourcefire.ca\/fr_ca\/produit\/steel-x-strut\/","title":{"rendered":"Steel X-Strut"},"content":{"rendered":"<p>Notre Steel X-Strut\u00ae est \u00e0 l'origine de la r\u00e9volution des v\u00e9rins extensionnables. Il repr\u00e9sente la jambe de force de stabilisation en acier la plus compl\u00e8te du march\u00e9. Comblant l'\u00e9cart entre notre jambe de force \u00e9conomique GreenLite\u2122 et notre aluminium X-Strut\u00ae de qualit\u00e9 sup\u00e9rieure, le Steel X combine les fonctionnalit\u00e9s de la s\u00e9rie X-Strut\u00ae avec une charge de travail suffisante pour tout sc\u00e9nario de sauvetage courant.<\/p>\n<p>D\u00e9montr\u00e9 ci-haut avec prise d'extension (STX-JACK). Ce v\u00e9rin est sp\u00e9cialement con\u00e7u pour le Steel X-Strut\u00ae avec une capacit\u00e9 de levage de 4 000 lb et un facteur de s\u00e9curit\u00e9 de 2:1. Poids : 22 livres.<\/p>\n<p>SP\u00c9CIFICATIONS (facteur de s\u00e9curit\u00e9 de 2:1 sur les supports de force et les accessoires)<\/p>\n<p>Article # STX-STRT (jambe longue)<\/p>\n<ul>\n<li>WLL de la colonne\u00a0: 4\u00a0000\u00a0lb<\/li>\n<li>CMU de levage\u00a0: 4\u00a0000\u00a0lb<\/li>\n<li>Hauteur \u00e9tendue\u00a0:\u00a081,5\u00a0<\/li>\n<li>Hauteur effondr\u00e9e : 53,5\u2033<\/li>\n<li>Poids\u00a0: 38\u00a0LBS*<\/li>\n<\/ul>\n<p>Article # SSX-STRT (jambe courte)<\/p>\n<ul>\n<li>WLL de la colonne\u00a0: 4\u00a0000\u00a0lb<\/li>\n<li>CMU de levage\u00a0: 4\u00a0000\u00a0lb<\/li>\n<li>Hauteur \u00e9tendue\u00a0: 59\u00a0<\/li>\n<li>Hauteur effondr\u00e9e: 40\u2033<\/li>\n<li>Poids\u00a0: 27\u00a0lbs*<\/li>\n<\/ul>\n<p>* Le poids indiqu\u00e9 comprend le raccord de t\u00eate pivotante CRG, la plaque de base, la sangle \u00e0 cliquet et tout le mat\u00e9riel. La jambe de force courte n'inclut pas la sangle \u00e0 cliquet int\u00e9gr\u00e9e. Poids du v\u00e9rin suppl\u00e9mentaire\u00a0: 23\u00a0lb.<\/p>\n<p>GOUPILLES CNES ERGONOMIQUES<\/p>\n<ul>\n<li>Notre conception exclusive de broches coniques pr\u00e9sente une extr\u00e9mit\u00e9 \u00e9vas\u00e9e, ce qui rend ces broches faciles \u00e0 saisir et difficiles \u00e0 perdre. L'extr\u00e9mit\u00e9 \u00e9vas\u00e9e aide \u00e9galement \u00e0 aligner automatiquement la prise compl\u00e9mentaire pour une fixation rapide et facile.<\/li>\n<\/ul>\n<p>CONSTRUCTION EN ACIER ROBUSTE<\/p>\n<ul>\n<li>Le Steel X-Strut\u00ae est construit en acier durable pour 4 000 lb de force, puis enduit de poudre pour des ann\u00e9es de durabilit\u00e9.<\/li>\n<\/ul>\n<p>RACCORD CRG PIVOTANT<\/p>\n<ul>\n<li>Le Steel X-Strut\u00ae est livr\u00e9 de base avec notre raccord de t\u00eate pivotant CRG qui vous offre une vari\u00e9t\u00e9 d'options de point et pivote \u00e0 360 \u00b0.<\/li>\n<\/ul>\n<p>SANGLE \u00c0 CLIQUET INT\u00c9GR\u00c9E<\/p>\n<ul>\n<li>Le Steel X-Strut\u00ae comprend une sangle \u00e0 cliquet avec des crochets m\u00e9talliques mont\u00e9s sur le c\u00f4t\u00e9, gardant votre sangle l\u00e0 o\u00f9 vous le souhaitez.<\/li>\n<\/ul>\n<p>PUISSANCE DE LEVAGE X-STRUT\u00ae<\/p>\n<ul>\n<li>Le Steel X-Strut\u00ae peut transformer d'un support d'\u00e9taiement \u00e0 un support de levage en quelques secondes gr\u00e2ce \u00e0 notre v\u00e9rin m\u00e9canique amovible, vous offrant 4 000 lb. de capacit\u00e9 de levage.<\/li>\n<li>Besoin de plus d'un pied ? Retirez simplement la prise d'extension sans broche et r\u00e9initialisez l'appareil pour b\u00e9n\u00e9ficier de 12 pouces de levage suppl\u00e9mentaires.<\/li>\n<\/ul>\n<p>ANNEAU EN D MONT\u00c9 SUR STRUT<\/p>\n<ul>\n<li>Le Steel X-Strut\u00ae comprend un anneau en D suppl\u00e9mentaire mont\u00e9 directement sur le ch\u00e2ssis de la jambe de force pour une polyvalence accrue dans la fixation des sangles et des crochets.<\/li>\n<\/ul>\n<p>ANNEAUX EN D MONT\u00c9S SUR LA BASE<\/p>\n<ul>\n<li>Les anneaux pivotants int\u00e9gr\u00e9s \u00e0 la plaque de base permettent une fixation rapide des sangles, des crochets et des cha\u00eenes. Peuvent \u00e9galement servir de r\u00e9cepteur de piquet lorsqu'un ancrage est n\u00e9cessaire.<\/li>\n<\/ul>\n<p>2 TAILLES DISPONIBLES<\/p>\n<ul>\n<li>Disponible en version longue (photo) ou en version plus courte, pour des options de rangement accrues et des capacit\u00e9s inf\u00e9rieures de levage.<\/li>\n<\/ul>\n<p>Disponible en trousse standard \u00e0 2 points, trousse de luxe \u00e0 4 points, trousse Texas \u00e0 3 points et trousse de luxe pour 2 voitures. <a href=\"https:\/\/staging.safetysourcefire.ca\/wp-content\/uploads\/2020\/04\/2018-catalog.compressed.pdf\">Voir le catalogue pour plus de d\u00e9tails (pdf).<\/a><\/p>","protected":false},"excerpt":{"rendered":"<p>Le X-Strut original<\/p>","protected":false},"featured_media":20272,"template":"","meta":[],"product_brand":[255],"product_cat":[128,51,133],"product_tag":[336,455,457,456],"class_list":{"0":"post-20265","1":"product","2":"type-product","3":"status-publish","4":"has-post-thumbnail","6":"product_brand-res-q-jack","7":"product_cat-extrication-rescue","8":"product_cat-rescue","9":"product_cat-stabilization-shoring","10":"product_tag-res-q-jack","11":"product_tag-strut","12":"product_tag-struts","13":"product_tag-x-strut","15":"first","16":"instock","17":"shipping-taxable","18":"product-type-simple"},"yoast_head":"<!-- This site is optimized with the Yoast SEO plugin v27.4 - https:\/\/yoast.com\/product\/yoast-seo-wordpress\/ -->\n<title>Steel X-Strut - Safety Source Fire<\/title>\n<meta name=\"robots\" content=\"noindex, follow, max-snippet:-1, max-image-preview:large, max-video-preview:-1\" \/>\n<meta property=\"og:locale\" content=\"fr_CA\" \/>\n<meta property=\"og:type\" content=\"article\" \/>\n<meta property=\"og:title\" content=\"Steel X-Strut - Safety Source Fire\" \/>\n<meta property=\"og:description\" content=\"The Original X-Strut\" \/>\n<meta property=\"og:url\" content=\"https:\/\/staging.safetysourcefire.ca\/fr_ca\/produit\/steel-x-strut\/\" \/>\n<meta property=\"og:site_name\" content=\"Safety Source Fire\" \/>\n<meta property=\"article:publisher\" content=\"https:\/\/www.facebook.com\/mmfssca\" \/>\n<meta property=\"article:modified_time\" content=\"2024-08-07T19:08:55+00:00\" \/>\n<meta property=\"og:image\" content=\"https:\/\/staging.safetysourcefire.ca\/wp-content\/uploads\/2020\/04\/steel-x-with-jack-min.jpg\" \/>\n\t<meta property=\"og:image:width\" content=\"600\" \/>\n\t<meta property=\"og:image:height\" content=\"600\" \/>\n\t<meta property=\"og:image:type\" content=\"image\/jpeg\" \/>\n<meta name=\"twitter:card\" content=\"summary_large_image\" \/>\n<meta name=\"twitter:site\" content=\"@mmfssca\" \/>\n<meta name=\"twitter:label1\" content=\"Estimation du temps de lecture\" \/>\n\t<meta name=\"twitter:data1\" content=\"2 minutes\" \/>\n<script type=\"application\/ld+json\" class=\"yoast-schema-graph\">{\"@context\":\"https:\\\/\\\/schema.org\",\"@graph\":[{\"@type\":\"WebPage\",\"@id\":\"https:\\\/\\\/staging.safetysourcefire.ca\\\/product\\\/steel-x-strut\\\/\",\"url\":\"https:\\\/\\\/staging.safetysourcefire.ca\\\/product\\\/steel-x-strut\\\/\",\"name\":\"Steel X-Strut - Safety Source Fire\",\"isPartOf\":{\"@id\":\"https:\\\/\\\/staging.safetysourcefire.ca\\\/#website\"},\"primaryImageOfPage\":{\"@id\":\"https:\\\/\\\/staging.safetysourcefire.ca\\\/product\\\/steel-x-strut\\\/#primaryimage\"},\"image\":{\"@id\":\"https:\\\/\\\/staging.safetysourcefire.ca\\\/product\\\/steel-x-strut\\\/#primaryimage\"},\"thumbnailUrl\":\"https:\\\/\\\/staging.safetysourcefire.ca\\\/wp-content\\\/uploads\\\/2020\\\/04\\\/steel-x-with-jack-min.jpg\",\"datePublished\":\"2020-04-22T19:42:37+00:00\",\"dateModified\":\"2024-08-07T19:08:55+00:00\",\"breadcrumb\":{\"@id\":\"https:\\\/\\\/staging.safetysourcefire.ca\\\/product\\\/steel-x-strut\\\/#breadcrumb\"},\"inLanguage\":\"fr-CA\",\"potentialAction\":[{\"@type\":\"ReadAction\",\"target\":[\"https:\\\/\\\/staging.safetysourcefire.ca\\\/product\\\/steel-x-strut\\\/\"]}]},{\"@type\":\"ImageObject\",\"inLanguage\":\"fr-CA\",\"@id\":\"https:\\\/\\\/staging.safetysourcefire.ca\\\/product\\\/steel-x-strut\\\/#primaryimage\",\"url\":\"https:\\\/\\\/staging.safetysourcefire.ca\\\/wp-content\\\/uploads\\\/2020\\\/04\\\/steel-x-with-jack-min.jpg\",\"contentUrl\":\"https:\\\/\\\/staging.safetysourcefire.ca\\\/wp-content\\\/uploads\\\/2020\\\/04\\\/steel-x-with-jack-min.jpg\",\"width\":600,\"height\":600,\"caption\":\"steel x-strut with jack\"},{\"@type\":\"BreadcrumbList\",\"@id\":\"https:\\\/\\\/staging.safetysourcefire.ca\\\/product\\\/steel-x-strut\\\/#breadcrumb\",\"itemListElement\":[{\"@type\":\"ListItem\",\"position\":1,\"name\":\"Home\",\"item\":\"https:\\\/\\\/staging.safetysourcefire.ca\\\/\"},{\"@type\":\"ListItem\",\"position\":2,\"name\":\"Products\",\"item\":\"https:\\\/\\\/staging.safetysourcefire.ca\\\/shop\\\/\"},{\"@type\":\"ListItem\",\"position\":3,\"name\":\"Steel X-Strut\"}]},{\"@type\":\"WebSite\",\"@id\":\"https:\\\/\\\/staging.safetysourcefire.ca\\\/#website\",\"url\":\"https:\\\/\\\/staging.safetysourcefire.ca\\\/\",\"name\":\"Safety Source Fire\",\"description\":\"\",\"publisher\":{\"@id\":\"https:\\\/\\\/staging.safetysourcefire.ca\\\/#organization\"},\"potentialAction\":[{\"@type\":\"SearchAction\",\"target\":{\"@type\":\"EntryPoint\",\"urlTemplate\":\"https:\\\/\\\/staging.safetysourcefire.ca\\\/?s={search_term_string}\"},\"query-input\":{\"@type\":\"PropertyValueSpecification\",\"valueRequired\":true,\"valueName\":\"search_term_string\"}}],\"inLanguage\":\"fr-CA\"},{\"@type\":\"Organization\",\"@id\":\"https:\\\/\\\/staging.safetysourcefire.ca\\\/#organization\",\"name\":\"Safety Source Fire\",\"url\":\"https:\\\/\\\/staging.safetysourcefire.ca\\\/\",\"logo\":{\"@type\":\"ImageObject\",\"inLanguage\":\"fr-CA\",\"@id\":\"https:\\\/\\\/staging.safetysourcefire.ca\\\/#\\\/schema\\\/logo\\\/image\\\/\",\"url\":\"https:\\\/\\\/staging.safetysourcefire.ca\\\/wp-content\\\/uploads\\\/2021\\\/01\\\/SSF_logo_CC0000-3.png\",\"contentUrl\":\"https:\\\/\\\/staging.safetysourcefire.ca\\\/wp-content\\\/uploads\\\/2021\\\/01\\\/SSF_logo_CC0000-3.png\",\"width\":1107,\"height\":365,\"caption\":\"Safety Source Fire\"},\"image\":{\"@id\":\"https:\\\/\\\/staging.safetysourcefire.ca\\\/#\\\/schema\\\/logo\\\/image\\\/\"},\"sameAs\":[\"https:\\\/\\\/www.facebook.com\\\/mmfssca\",\"https:\\\/\\\/x.com\\\/mmfssca\"]}]}<\/script>\n<!-- \/ Yoast SEO plugin. -->","yoast_head_json":{"title":"Entretoise en acier X-Strut - S\u00e9curit\u00e9 incendie","robots":{"index":"noindex","follow":"follow","max-snippet":"max-snippet:-1","max-image-preview":"max-image-preview:large","max-video-preview":"max-video-preview:-1"},"og_locale":"fr_CA","og_type":"article","og_title":"Steel X-Strut - Safety Source Fire","og_description":"The Original X-Strut","og_url":"https:\/\/staging.safetysourcefire.ca\/fr_ca\/produit\/steel-x-strut\/","og_site_name":"Safety Source Fire","article_publisher":"https:\/\/www.facebook.com\/mmfssca","article_modified_time":"2024-08-07T19:08:55+00:00","og_image":[{"width":600,"height":600,"url":"https:\/\/staging.safetysourcefire.ca\/wp-content\/uploads\/2020\/04\/steel-x-with-jack-min.jpg","type":"image\/jpeg"}],"twitter_card":"summary_large_image","twitter_site":"@mmfssca","twitter_misc":{"Estimation du temps de lecture":"2 minutes"},"schema":{"@context":"https:\/\/schema.org","@graph":[{"@type":"WebPage","@id":"https:\/\/staging.safetysourcefire.ca\/product\/steel-x-strut\/","url":"https:\/\/staging.safetysourcefire.ca\/product\/steel-x-strut\/","name":"Entretoise en acier X-Strut - S\u00e9curit\u00e9 incendie","isPartOf":{"@id":"https:\/\/staging.safetysourcefire.ca\/#website"},"primaryImageOfPage":{"@id":"https:\/\/staging.safetysourcefire.ca\/product\/steel-x-strut\/#primaryimage"},"image":{"@id":"https:\/\/staging.safetysourcefire.ca\/product\/steel-x-strut\/#primaryimage"},"thumbnailUrl":"https:\/\/staging.safetysourcefire.ca\/wp-content\/uploads\/2020\/04\/steel-x-with-jack-min.jpg","datePublished":"2020-04-22T19:42:37+00:00","dateModified":"2024-08-07T19:08:55+00:00","breadcrumb":{"@id":"https:\/\/staging.safetysourcefire.ca\/product\/steel-x-strut\/#breadcrumb"},"inLanguage":"fr-CA","potentialAction":[{"@type":"ReadAction","target":["https:\/\/staging.safetysourcefire.ca\/product\/steel-x-strut\/"]}]},{"@type":"ImageObject","inLanguage":"fr-CA","@id":"https:\/\/staging.safetysourcefire.ca\/product\/steel-x-strut\/#primaryimage","url":"https:\/\/staging.safetysourcefire.ca\/wp-content\/uploads\/2020\/04\/steel-x-with-jack-min.jpg","contentUrl":"https:\/\/staging.safetysourcefire.ca\/wp-content\/uploads\/2020\/04\/steel-x-with-jack-min.jpg","width":600,"height":600,"caption":"steel x-strut with jack"},{"@type":"BreadcrumbList","@id":"https:\/\/staging.safetysourcefire.ca\/product\/steel-x-strut\/#breadcrumb","itemListElement":[{"@type":"ListItem","position":1,"name":"Home","item":"https:\/\/staging.safetysourcefire.ca\/"},{"@type":"ListItem","position":2,"name":"Products","item":"https:\/\/staging.safetysourcefire.ca\/shop\/"},{"@type":"ListItem","position":3,"name":"Steel X-Strut"}]},{"@type":"WebSite","@id":"https:\/\/staging.safetysourcefire.ca\/#website","url":"https:\/\/staging.safetysourcefire.ca\/","name":"Safety Source Fire","description":"","publisher":{"@id":"https:\/\/staging.safetysourcefire.ca\/#organization"},"potentialAction":[{"@type":"SearchAction","target":{"@type":"EntryPoint","urlTemplate":"https:\/\/staging.safetysourcefire.ca\/?s={search_term_string}"},"query-input":{"@type":"PropertyValueSpecification","valueRequired":true,"valueName":"search_term_string"}}],"inLanguage":"fr-CA"},{"@type":"Organization","@id":"https:\/\/staging.safetysourcefire.ca\/#organization","name":"Safety Source Fire","url":"https:\/\/staging.safetysourcefire.ca\/","logo":{"@type":"ImageObject","inLanguage":"fr-CA","@id":"https:\/\/staging.safetysourcefire.ca\/#\/schema\/logo\/image\/","url":"https:\/\/staging.safetysourcefire.ca\/wp-content\/uploads\/2021\/01\/SSF_logo_CC0000-3.png","contentUrl":"https:\/\/staging.safetysourcefire.ca\/wp-content\/uploads\/2021\/01\/SSF_logo_CC0000-3.png","width":1107,"height":365,"caption":"Safety Source Fire"},"image":{"@id":"https:\/\/staging.safetysourcefire.ca\/#\/schema\/logo\/image\/"},"sameAs":["https:\/\/www.facebook.com\/mmfssca","https:\/\/x.com\/mmfssca"]}]}},"_links":{"self":[{"href":"https:\/\/staging.safetysourcefire.ca\/fr_ca\/wp-json\/wp\/v2\/product\/20265","targetHints":{"allow":["GET"]}}],"collection":[{"href":"https:\/\/staging.safetysourcefire.ca\/fr_ca\/wp-json\/wp\/v2\/product"}],"about":[{"href":"https:\/\/staging.safetysourcefire.ca\/fr_ca\/wp-json\/wp\/v2\/types\/product"}],"wp:featuredmedia":[{"embeddable":true,"href":"https:\/\/staging.safetysourcefire.ca\/fr_ca\/wp-json\/wp\/v2\/media\/20272"}],"wp:attachment":[{"href":"https:\/\/staging.safetysourcefire.ca\/fr_ca\/wp-json\/wp\/v2\/media?parent=20265"}],"wp:term":[{"taxonomy":"product_brand","embeddable":true,"href":"https:\/\/staging.safetysourcefire.ca\/fr_ca\/wp-json\/wp\/v2\/product_brand?post=20265"},{"taxonomy":"product_cat","embeddable":true,"href":"https:\/\/staging.safetysourcefire.ca\/fr_ca\/wp-json\/wp\/v2\/product_cat?post=20265"},{"taxonomy":"product_tag","embeddable":true,"href":"https:\/\/staging.safetysourcefire.ca\/fr_ca\/wp-json\/wp\/v2\/product_tag?post=20265"}],"curies":[{"name":"wp","href":"https:\/\/api.w.org\/{rel}","templated":true}]}}