{"id":20253,"date":"2020-04-22T19:15:22","date_gmt":"2020-04-22T19:15:22","guid":{"rendered":"https:\/\/mmfss.ca\/?post_type=product&#038;p=20253"},"modified":"2024-08-07T19:06:10","modified_gmt":"2024-08-07T19:06:10","slug":"super-x-strut","status":"publish","type":"product","link":"https:\/\/staging.safetysourcefire.ca\/fr_ca\/produit\/super-x-strut\/","title":{"rendered":"Super X-Strut"},"content":{"rendered":"<p>Le Super X-Strut\u00ae est notre jambe de force de stabilisation et de levage haut de gamme. Il est capable de stabiliser et de soulever de gros v\u00e9hicules ainsi que d&#039;effectuer des op\u00e9rations d&#039;effondrement de structures et de sauvetage minier. Le Super X-Strut\u00ae est usin\u00e9 \u00e0 partir d&#039;aluminium massif et comporte des colliers filet\u00e9s au lieu de nos broches standard, ce qui en fait notre jambe de force la plus solide et la plus rapide \u00e0 d\u00e9ployer. Ces jambes de force sont disponibles en deux tailles pour s&#039;adapter \u00e0 une vari\u00e9t\u00e9 de situations. Renseignez-vous sur les chambres \u00e0 air pleines pour encore plus de puissance de stabilisation.<\/p>\n<p>Illustr\u00e9 ci-haut avec prise d'extension (SPX-JACK). Ce v\u00e9rin est sp\u00e9cialement con\u00e7u pour le Super X-Strut\u00ae avec une capacit\u00e9 de levage de 6 000 lb et un facteur de s\u00e9curit\u00e9 de 2:1. Poids : 25 livres.<\/p>\n<p>SP\u00c9CIFICATIONS (facteur de s\u00e9curit\u00e9 de 2:1 sur les supports de force et les accessoires)<\/p>\n<p>Article # SPX-EX56 (jambe longue)<\/p>\n<ul>\n<li>WLL de la colonne\u00a0: 19\u00a0300 lb<\/li>\n<li>CMU de levage : 6 000 lb<\/li>\n<li>Hauteur \u00e9tendue\u00a0:\u00a0100\u00a0<\/li>\n<li>Hauteur effondr\u00e9e : 67,5\u2033<\/li>\n<li>Poids\u00a0: 46\u00a0lb*<\/li>\n<\/ul>\n<p>Article # SPX-EX41 (jambe courte)<\/p>\n<ul>\n<li>WLL de la colonne\u00a0: 19\u00a0300 lb<\/li>\n<li>CMU de levage : 6 000 lb<\/li>\n<li>Hauteur \u00e9tendue\u00a0: 68,5\u00a0<\/li>\n<li>Hauteur effondr\u00e9e\u00a0:\u00a051,5\u00a0<\/li>\n<li>Poids\u00a0:\u00a036\u00a0LBS*<\/li>\n<\/ul>\n<p>* Le poids indiqu\u00e9 comprend le tube int\u00e9rieur creux, le raccord de t\u00eate pivotant CRG, la plaque de base de d\u00e9sincarc\u00e9ration et tout le mat\u00e9riel. Une sangle \u00e0 cliquet avec crochets m\u00e9talliques est incluse avec chaque jambe de force. Poids du v\u00e9rin suppl\u00e9mentaire : 25 lb. Test\u00e9 WLL avec tube int\u00e9rieur creux et des raccords d'extr\u00e9mit\u00e9 de d\u00e9sincarc\u00e9ration \u00e0 une extension de 6\u2032. *Appelez-nous pour en savoir plus \u00e0 propos du tube int\u00e9rieur solide.<\/p>\n<p>RACCORD CRG PIVOTANT<\/p>\n<ul>\n<li>Le Super X-Strut\u00ae est livr\u00e9 de base avec notre raccord de t\u00eate pivotant CRG.<\/li>\n<\/ul>\n<p>CONSTRUCTION EN ALUMINIUM<\/p>\n<ul>\n<li>Le Super X-Strut\u00ae est frais\u00e9 \u00e0 partir d&#039;aluminium solide 6061-T6 pour une r\u00e9sistance sup\u00e9rieure lors de l&#039;\u00e9tayage, de la stabilisation et du levage, sans ajouter de poids.<\/li>\n<\/ul>\n<p>RACCORDS D&#039;EXTR\u00c9MIT\u00c9 \u00c0 D\u00c9GAGEMENT RAPIDE<\/p>\n<ul>\n<li>Changez les embouts en un instant en tirant sur une seule goupille de retenue. \u00c9tant donn\u00e9 que Super X-Strut\u00ae est compatible avec les embouts des autres fabricants, vous pouvez facilement faire des interventions d'aide mutuelle avec d'autres services.<\/li>\n<\/ul>\n<p>FONCTIONNEMENT SANS BROCHE<\/p>\n<ul>\n<li>La conception du tube filet\u00e9 Super X-Strut\u00ae \u00e9limine le besoin de goupilles, rendant la configuration plus rapide que jamais. Le tube filet\u00e9 permet un r\u00e9glage en hauteur lors de la stabilisation ou du levage ainsi que lors de l'abaissement de charges.<\/li>\n<\/ul>\n<p>PUISSANCE DE LEVAGE X-STRUT\u00ae<\/p>\n<ul>\n<li>Le Super X-Strut\u00ae se transforme d'un support d'\u00e9taiement en support de levage en quelques secondes gr\u00e2ce \u00e0 notre v\u00e9rin m\u00e9canique amovible, vous offrant 6 000 lb de capacit\u00e9 de levage.<\/li>\n<li>Besoin de plus d'un pied ? Retirez simplement la prise d'extension sans broche et r\u00e9initialisez l'appareil pour b\u00e9n\u00e9ficier de 12 pouces de levage suppl\u00e9mentaires.<\/li>\n<\/ul>\n<p>RACCORD D&#039;AIR DISPONIBLE<\/p>\n<ul>\n<li>Renseignez-vous sur le fraisage du Super X-Strut\u00ae avec notre raccord pneumatique pour une utilisation avec des syst\u00e8mes pneumatiques.<\/li>\n<\/ul>\n<p>ANNEAUX EN D MONT\u00c9S SUR LA BASE<\/p>\n<ul>\n<li>Les anneaux pivotants int\u00e9gr\u00e9s \u00e0 la plaque de base permettent une fixation rapide des sangles, des crochets et des cha\u00eenes. Peuvent \u00e9galement servir de r\u00e9cepteur de piquet lorsqu'un ancrage est n\u00e9cessaire.<\/li>\n<\/ul>\n<p>2 TAILLES DISPONIBLES<\/p>\n<ul>\n<li>Disponible en version longue (photo) ou en version plus courte, pour des options de rangement accrues et des capacit\u00e9s inf\u00e9rieures de levage.<\/li>\n<\/ul>\n<p>Disponible en trousse standard \u00e0 2 points, trousse de luxe \u00e0 4 points, trousse Texas \u00e0 3 points et trousse de luxe pour 2 voitures. <a href=\"https:\/\/staging.safetysourcefire.ca\/wp-content\/uploads\/2020\/04\/2018-catalog.compressed.pdf\">Voir le catalogue pour plus de d\u00e9tails (pdf).<\/a><\/p>","protected":false},"excerpt":{"rendered":"<p>Notre entretoise la plus solide<\/p>","protected":false},"featured_media":20256,"template":"","meta":[],"product_brand":[255],"product_cat":[128,51,133],"product_tag":[336,455,457,456],"class_list":{"0":"post-20253","1":"product","2":"type-product","3":"status-publish","4":"has-post-thumbnail","6":"product_brand-res-q-jack","7":"product_cat-extrication-rescue","8":"product_cat-rescue","9":"product_cat-stabilization-shoring","10":"product_tag-res-q-jack","11":"product_tag-strut","12":"product_tag-struts","13":"product_tag-x-strut","15":"first","16":"instock","17":"shipping-taxable","18":"product-type-simple"},"yoast_head":"<!-- This site is optimized with the Yoast SEO plugin v27.4 - https:\/\/yoast.com\/product\/yoast-seo-wordpress\/ -->\n<title>Super X-Strut - Safety Source Fire<\/title>\n<meta name=\"robots\" content=\"noindex, follow, max-snippet:-1, max-image-preview:large, max-video-preview:-1\" \/>\n<meta property=\"og:locale\" content=\"fr_CA\" \/>\n<meta property=\"og:type\" content=\"article\" \/>\n<meta property=\"og:title\" content=\"Super X-Strut - Safety Source Fire\" \/>\n<meta property=\"og:description\" content=\"Our strongest strut\" \/>\n<meta property=\"og:url\" content=\"https:\/\/staging.safetysourcefire.ca\/fr_ca\/produit\/super-x-strut\/\" \/>\n<meta property=\"og:site_name\" content=\"Safety Source Fire\" \/>\n<meta property=\"article:publisher\" content=\"https:\/\/www.facebook.com\/mmfssca\" \/>\n<meta property=\"article:modified_time\" content=\"2024-08-07T19:06:10+00:00\" \/>\n<meta property=\"og:image\" content=\"https:\/\/staging.safetysourcefire.ca\/wp-content\/uploads\/2020\/04\/superxwith-jack-min.jpg\" \/>\n\t<meta property=\"og:image:width\" content=\"600\" \/>\n\t<meta property=\"og:image:height\" content=\"600\" \/>\n\t<meta property=\"og:image:type\" content=\"image\/jpeg\" \/>\n<meta name=\"twitter:card\" content=\"summary_large_image\" \/>\n<meta name=\"twitter:site\" content=\"@mmfssca\" \/>\n<meta name=\"twitter:label1\" content=\"Estimation du temps de lecture\" \/>\n\t<meta name=\"twitter:data1\" content=\"3 minutes\" \/>\n<script type=\"application\/ld+json\" class=\"yoast-schema-graph\">{\"@context\":\"https:\\\/\\\/schema.org\",\"@graph\":[{\"@type\":\"WebPage\",\"@id\":\"https:\\\/\\\/staging.safetysourcefire.ca\\\/product\\\/super-x-strut\\\/\",\"url\":\"https:\\\/\\\/staging.safetysourcefire.ca\\\/product\\\/super-x-strut\\\/\",\"name\":\"Super X-Strut - Safety Source Fire\",\"isPartOf\":{\"@id\":\"https:\\\/\\\/staging.safetysourcefire.ca\\\/#website\"},\"primaryImageOfPage\":{\"@id\":\"https:\\\/\\\/staging.safetysourcefire.ca\\\/product\\\/super-x-strut\\\/#primaryimage\"},\"image\":{\"@id\":\"https:\\\/\\\/staging.safetysourcefire.ca\\\/product\\\/super-x-strut\\\/#primaryimage\"},\"thumbnailUrl\":\"https:\\\/\\\/staging.safetysourcefire.ca\\\/wp-content\\\/uploads\\\/2020\\\/04\\\/superxwith-jack-min.jpg\",\"datePublished\":\"2020-04-22T19:15:22+00:00\",\"dateModified\":\"2024-08-07T19:06:10+00:00\",\"breadcrumb\":{\"@id\":\"https:\\\/\\\/staging.safetysourcefire.ca\\\/product\\\/super-x-strut\\\/#breadcrumb\"},\"inLanguage\":\"fr-CA\",\"potentialAction\":[{\"@type\":\"ReadAction\",\"target\":[\"https:\\\/\\\/staging.safetysourcefire.ca\\\/product\\\/super-x-strut\\\/\"]}]},{\"@type\":\"ImageObject\",\"inLanguage\":\"fr-CA\",\"@id\":\"https:\\\/\\\/staging.safetysourcefire.ca\\\/product\\\/super-x-strut\\\/#primaryimage\",\"url\":\"https:\\\/\\\/staging.safetysourcefire.ca\\\/wp-content\\\/uploads\\\/2020\\\/04\\\/superxwith-jack-min.jpg\",\"contentUrl\":\"https:\\\/\\\/staging.safetysourcefire.ca\\\/wp-content\\\/uploads\\\/2020\\\/04\\\/superxwith-jack-min.jpg\",\"width\":600,\"height\":600,\"caption\":\"super x strut with jack\"},{\"@type\":\"BreadcrumbList\",\"@id\":\"https:\\\/\\\/staging.safetysourcefire.ca\\\/product\\\/super-x-strut\\\/#breadcrumb\",\"itemListElement\":[{\"@type\":\"ListItem\",\"position\":1,\"name\":\"Home\",\"item\":\"https:\\\/\\\/staging.safetysourcefire.ca\\\/\"},{\"@type\":\"ListItem\",\"position\":2,\"name\":\"Products\",\"item\":\"https:\\\/\\\/staging.safetysourcefire.ca\\\/shop\\\/\"},{\"@type\":\"ListItem\",\"position\":3,\"name\":\"Super X-Strut\"}]},{\"@type\":\"WebSite\",\"@id\":\"https:\\\/\\\/staging.safetysourcefire.ca\\\/#website\",\"url\":\"https:\\\/\\\/staging.safetysourcefire.ca\\\/\",\"name\":\"Safety Source Fire\",\"description\":\"\",\"publisher\":{\"@id\":\"https:\\\/\\\/staging.safetysourcefire.ca\\\/#organization\"},\"potentialAction\":[{\"@type\":\"SearchAction\",\"target\":{\"@type\":\"EntryPoint\",\"urlTemplate\":\"https:\\\/\\\/staging.safetysourcefire.ca\\\/?s={search_term_string}\"},\"query-input\":{\"@type\":\"PropertyValueSpecification\",\"valueRequired\":true,\"valueName\":\"search_term_string\"}}],\"inLanguage\":\"fr-CA\"},{\"@type\":\"Organization\",\"@id\":\"https:\\\/\\\/staging.safetysourcefire.ca\\\/#organization\",\"name\":\"Safety Source Fire\",\"url\":\"https:\\\/\\\/staging.safetysourcefire.ca\\\/\",\"logo\":{\"@type\":\"ImageObject\",\"inLanguage\":\"fr-CA\",\"@id\":\"https:\\\/\\\/staging.safetysourcefire.ca\\\/#\\\/schema\\\/logo\\\/image\\\/\",\"url\":\"https:\\\/\\\/staging.safetysourcefire.ca\\\/wp-content\\\/uploads\\\/2021\\\/01\\\/SSF_logo_CC0000-3.png\",\"contentUrl\":\"https:\\\/\\\/staging.safetysourcefire.ca\\\/wp-content\\\/uploads\\\/2021\\\/01\\\/SSF_logo_CC0000-3.png\",\"width\":1107,\"height\":365,\"caption\":\"Safety Source Fire\"},\"image\":{\"@id\":\"https:\\\/\\\/staging.safetysourcefire.ca\\\/#\\\/schema\\\/logo\\\/image\\\/\"},\"sameAs\":[\"https:\\\/\\\/www.facebook.com\\\/mmfssca\",\"https:\\\/\\\/x.com\\\/mmfssca\"]}]}<\/script>\n<!-- \/ Yoast SEO plugin. -->","yoast_head_json":{"title":"Super X-Strut - Source de s\u00e9curit\u00e9 incendie","robots":{"index":"noindex","follow":"follow","max-snippet":"max-snippet:-1","max-image-preview":"max-image-preview:large","max-video-preview":"max-video-preview:-1"},"og_locale":"fr_CA","og_type":"article","og_title":"Super X-Strut - Safety Source Fire","og_description":"Our strongest strut","og_url":"https:\/\/staging.safetysourcefire.ca\/fr_ca\/produit\/super-x-strut\/","og_site_name":"Safety Source Fire","article_publisher":"https:\/\/www.facebook.com\/mmfssca","article_modified_time":"2024-08-07T19:06:10+00:00","og_image":[{"width":600,"height":600,"url":"https:\/\/staging.safetysourcefire.ca\/wp-content\/uploads\/2020\/04\/superxwith-jack-min.jpg","type":"image\/jpeg"}],"twitter_card":"summary_large_image","twitter_site":"@mmfssca","twitter_misc":{"Estimation du temps de lecture":"3 minutes"},"schema":{"@context":"https:\/\/schema.org","@graph":[{"@type":"WebPage","@id":"https:\/\/staging.safetysourcefire.ca\/product\/super-x-strut\/","url":"https:\/\/staging.safetysourcefire.ca\/product\/super-x-strut\/","name":"Super X-Strut - Source de s\u00e9curit\u00e9 incendie","isPartOf":{"@id":"https:\/\/staging.safetysourcefire.ca\/#website"},"primaryImageOfPage":{"@id":"https:\/\/staging.safetysourcefire.ca\/product\/super-x-strut\/#primaryimage"},"image":{"@id":"https:\/\/staging.safetysourcefire.ca\/product\/super-x-strut\/#primaryimage"},"thumbnailUrl":"https:\/\/staging.safetysourcefire.ca\/wp-content\/uploads\/2020\/04\/superxwith-jack-min.jpg","datePublished":"2020-04-22T19:15:22+00:00","dateModified":"2024-08-07T19:06:10+00:00","breadcrumb":{"@id":"https:\/\/staging.safetysourcefire.ca\/product\/super-x-strut\/#breadcrumb"},"inLanguage":"fr-CA","potentialAction":[{"@type":"ReadAction","target":["https:\/\/staging.safetysourcefire.ca\/product\/super-x-strut\/"]}]},{"@type":"ImageObject","inLanguage":"fr-CA","@id":"https:\/\/staging.safetysourcefire.ca\/product\/super-x-strut\/#primaryimage","url":"https:\/\/staging.safetysourcefire.ca\/wp-content\/uploads\/2020\/04\/superxwith-jack-min.jpg","contentUrl":"https:\/\/staging.safetysourcefire.ca\/wp-content\/uploads\/2020\/04\/superxwith-jack-min.jpg","width":600,"height":600,"caption":"super x strut with jack"},{"@type":"BreadcrumbList","@id":"https:\/\/staging.safetysourcefire.ca\/product\/super-x-strut\/#breadcrumb","itemListElement":[{"@type":"ListItem","position":1,"name":"Home","item":"https:\/\/staging.safetysourcefire.ca\/"},{"@type":"ListItem","position":2,"name":"Products","item":"https:\/\/staging.safetysourcefire.ca\/shop\/"},{"@type":"ListItem","position":3,"name":"Super X-Strut"}]},{"@type":"WebSite","@id":"https:\/\/staging.safetysourcefire.ca\/#website","url":"https:\/\/staging.safetysourcefire.ca\/","name":"Safety Source Fire","description":"","publisher":{"@id":"https:\/\/staging.safetysourcefire.ca\/#organization"},"potentialAction":[{"@type":"SearchAction","target":{"@type":"EntryPoint","urlTemplate":"https:\/\/staging.safetysourcefire.ca\/?s={search_term_string}"},"query-input":{"@type":"PropertyValueSpecification","valueRequired":true,"valueName":"search_term_string"}}],"inLanguage":"fr-CA"},{"@type":"Organization","@id":"https:\/\/staging.safetysourcefire.ca\/#organization","name":"Safety Source Fire","url":"https:\/\/staging.safetysourcefire.ca\/","logo":{"@type":"ImageObject","inLanguage":"fr-CA","@id":"https:\/\/staging.safetysourcefire.ca\/#\/schema\/logo\/image\/","url":"https:\/\/staging.safetysourcefire.ca\/wp-content\/uploads\/2021\/01\/SSF_logo_CC0000-3.png","contentUrl":"https:\/\/staging.safetysourcefire.ca\/wp-content\/uploads\/2021\/01\/SSF_logo_CC0000-3.png","width":1107,"height":365,"caption":"Safety Source Fire"},"image":{"@id":"https:\/\/staging.safetysourcefire.ca\/#\/schema\/logo\/image\/"},"sameAs":["https:\/\/www.facebook.com\/mmfssca","https:\/\/x.com\/mmfssca"]}]}},"_links":{"self":[{"href":"https:\/\/staging.safetysourcefire.ca\/fr_ca\/wp-json\/wp\/v2\/product\/20253","targetHints":{"allow":["GET"]}}],"collection":[{"href":"https:\/\/staging.safetysourcefire.ca\/fr_ca\/wp-json\/wp\/v2\/product"}],"about":[{"href":"https:\/\/staging.safetysourcefire.ca\/fr_ca\/wp-json\/wp\/v2\/types\/product"}],"wp:featuredmedia":[{"embeddable":true,"href":"https:\/\/staging.safetysourcefire.ca\/fr_ca\/wp-json\/wp\/v2\/media\/20256"}],"wp:attachment":[{"href":"https:\/\/staging.safetysourcefire.ca\/fr_ca\/wp-json\/wp\/v2\/media?parent=20253"}],"wp:term":[{"taxonomy":"product_brand","embeddable":true,"href":"https:\/\/staging.safetysourcefire.ca\/fr_ca\/wp-json\/wp\/v2\/product_brand?post=20253"},{"taxonomy":"product_cat","embeddable":true,"href":"https:\/\/staging.safetysourcefire.ca\/fr_ca\/wp-json\/wp\/v2\/product_cat?post=20253"},{"taxonomy":"product_tag","embeddable":true,"href":"https:\/\/staging.safetysourcefire.ca\/fr_ca\/wp-json\/wp\/v2\/product_tag?post=20253"}],"curies":[{"name":"wp","href":"https:\/\/api.w.org\/{rel}","templated":true}]}}