{"id":20202,"date":"2020-07-09T19:11:34","date_gmt":"2020-07-09T19:11:34","guid":{"rendered":"https:\/\/mmfss.ca\/?post_type=product&#038;p=20202"},"modified":"2021-04-09T15:56:29","modified_gmt":"2021-04-09T15:56:29","slug":"hyperquat-disinfectant-cleaner-4l","status":"publish","type":"product","link":"https:\/\/staging.safetysourcefire.ca\/fr_ca\/produit\/hyperquat-disinfectant-cleaner-4l\/","title":{"rendered":"Nettoyant d\u00e9sinfectant HYPERQUAT (4L)"},"content":{"rendered":"<p>Nettoyant d\u00e9sinfectant neutre sans parfum, bact\u00e9ricide, fongicide et virucide HYPERQUAT<\/p>\n<p>HYPERQUAT est un 5<sup>e<\/sup> nettoyant d\u00e9sinfectant neutre facilement utilisable avec un syst\u00e8me de vadrouille plate ou un chiffon de nettoyage en microfibre. Sa formule sans parfum r\u00e9pond aux besoins des personnes sensibles aux odeurs telles que les patients se remettant d'une op\u00e9ration.<\/p>\n<p>HYPERQUAT est un d\u00e9tergent quaternaire hautement concentr\u00e9; un syst\u00e8me de dilution est donc recommand\u00e9 pour son utilisation. HYPERQUAT est id\u00e9al pour le travail quotidien dans les \u00e9tablissements de sant\u00e9 et les usines alimentaires. Il est a noter qu'il n'endommagera pas les planchers finis.<\/p>\n<p>Ce nettoyant \u00e0 base d&#039;ammonium quaternaire de cinqui\u00e8me g\u00e9n\u00e9ration s&#039;est av\u00e9r\u00e9 efficace contre un large \u00e9ventail de micro-organismes.<\/p>\n<p>HYPERQUAT est un d\u00e9sinfectant neutre (DIN : 02241052).<\/p>\n<div id=\"specification_techniques\">\n<div id=\"onglet_specifications_techniques\" class=\"horizontal_collapsables_blocks\">\n<div class=\"lm-collapsable_content contenu_specifications_techniques opened_target\">\n<table>\n<tbody>\n<tr>\n<td class=\"even\">\n<div class=\"titles\">Fonctionnalit\u00e9<\/div>\n<\/td>\n<td class=\"answers even\">\n<div class=\"answers\">5\u00e8me g\u00e9n\u00e9ration<\/div>\n<\/td>\n<\/tr>\n<tr>\n<td class=\"odd\">\n<div class=\"titles\">Fabricant<\/div>\n<\/td>\n<td class=\"answers odd\">\n<div class=\"answers\">Lalema<\/div>\n<\/td>\n<\/tr>\n<tr>\n<td class=\"even\">\n<div class=\"titles\">Taper<\/div>\n<\/td>\n<td class=\"answers even\">\n<div class=\"answers\">Concentr\u00e9<\/div>\n<\/td>\n<\/tr>\n<tr>\n<td class=\"odd\">\n<div class=\"titles\">Ingr\u00e9dient actif<\/div>\n<\/td>\n<td class=\"answers odd\">\n<div class=\"answers\">Ammonium quaternaire<\/div>\n<\/td>\n<\/tr>\n<tr>\n<td class=\"even\">\n<div class=\"titles\">Pourcentage d&#039;ingr\u00e9dients actifs (concentr\u00e9s)<\/div>\n<\/td>\n<td class=\"answers even\">\n<div class=\"answers\">15.36 %<\/div>\n<\/td>\n<\/tr>\n<tr>\n<td class=\"odd\">\n<div class=\"titles\">Dilution<\/div>\n<\/td>\n<td class=\"answers odd\">\n<div class=\"answers\">1:256<\/div>\n<\/td>\n<\/tr>\n<tr>\n<td class=\"even\">\n<div class=\"titles\">pH concentr\u00e9 (25 \u00b0C)<\/div>\n<\/td>\n<td class=\"answers even\">\n<div class=\"answers\">6,7 \u2013 8,8<\/div>\n<\/td>\n<\/tr>\n<tr>\n<td class=\"odd\">\n<div class=\"titles\">Fragrance<\/div>\n<\/td>\n<td class=\"answers odd\">\n<div class=\"answers\">Non parfum\u00e9<\/div>\n<\/td>\n<\/tr>\n<tr>\n<td class=\"even\">\n<div class=\"titles\">Couleur<\/div>\n<\/td>\n<td class=\"answers even\">\n<div class=\"answers\">Incolore<\/div>\n<\/td>\n<\/tr>\n<tr>\n<td class=\"odd\">\n<div class=\"titles\">Solubilit\u00e9<\/div>\n<\/td>\n<td class=\"answers odd\">\n<div class=\"answers\">Soluble dans l&#039;eau<\/div>\n<\/td>\n<\/tr>\n<tr>\n<td class=\"even\">\n<div class=\"titles\">Densit\u00e9 sp\u00e9cifique (25 \u00b0C)<\/div>\n<\/td>\n<td class=\"answers even\">\n<div class=\"answers\">1,000 \u2013 1,020<\/div>\n<\/td>\n<\/tr>\n<tr>\n<td class=\"odd\">\n<div class=\"titles\">Inflammabilit\u00e9<\/div>\n<\/td>\n<td class=\"answers odd\">\n<div class=\"answers\">Ininflammable<\/div>\n<\/td>\n<\/tr>\n<tr>\n<td class=\"even\">\n<div class=\"titles\">Stabilit\u00e9<\/div>\n<\/td>\n<td class=\"answers even\">\n<div class=\"answers\">Stable 1 an entre 10 \u00b0C et 40 \u00b0C<\/div>\n<\/td>\n<\/tr>\n<tr>\n<td class=\"odd\">\n<div class=\"titles\">Entreposage<\/div>\n<\/td>\n<td class=\"answers odd\">\n<div class=\"answers\">\u00c9viter le gel et la chaleur excessive<\/div>\n<\/td>\n<\/tr>\n<tr>\n<td class=\"even\">\n<div class=\"titles\">Le volume<\/div>\n<\/td>\n<td class=\"answers even\">\n<div class=\"answers\">4 L<\/div>\n<\/td>\n<\/tr>\n<\/tbody>\n<\/table>\n<\/div>\n<\/div>\n<\/div>\n<p class=\"p2\">HYPERQUAT a \u00e9t\u00e9 \u00e9valu\u00e9 pour une utilisation sur <a href=\"https:\/\/staging.safetysourcefire.ca\/wp-content\/uploads\/2020\/04\/3M-Scott-Cleaning-and-Disinfecting.pdf\">Masques 3M\u2122 Scott\u2122, adaptateurs de pression n\u00e9gative et r\u00e9gulateurs mont\u00e9s sur masque (MMR)<\/a>.<\/p>\n<p><a href=\"https:\/\/staging.safetysourcefire.ca\/wp-content\/uploads\/2020\/04\/Hyperquat-Spec-Sheet.pdf\">Fiche technique<\/a><\/p>\n<p><a href=\"https:\/\/staging.safetysourcefire.ca\/wp-content\/uploads\/2020\/04\/Hyperquat-SDS-Sheet.pdf\">Fiche de donn\u00e9es de s\u00e9curit\u00e9<\/a><\/p>\n<p>&nbsp;<\/p>","protected":false},"excerpt":{"rendered":"<p>D\u00e9sinfectant neutre de 5e g\u00e9n\u00e9ration - sans parfum<\/p>","protected":false},"featured_media":19861,"template":"","meta":[],"product_brand":[442],"product_cat":[445,75,462,47,123,466,50,45],"product_tag":[443],"class_list":{"0":"post-20202","1":"product","2":"type-product","3":"status-publish","4":"has-post-thumbnail","6":"product_brand-lalema","7":"product_cat-cleaning","8":"product_cat-decontamination","9":"product_cat-emergency-preparedness","10":"product_cat-hazmat","11":"product_cat-hazmat-ppe","12":"product_cat-pandemic","13":"product_cat-personal-protective-equipment","14":"product_cat-respiratory","15":"product_tag-lalema","17":"first","18":"instock","19":"shipping-taxable","20":"product-type-simple"},"yoast_head":"<!-- This site is optimized with the Yoast SEO plugin v27.4 - https:\/\/yoast.com\/product\/yoast-seo-wordpress\/ -->\n<title>HYPERQUAT Disinfectant Cleaner (4L) - Safety Source Fire<\/title>\n<meta name=\"robots\" content=\"noindex, follow, max-snippet:-1, max-image-preview:large, max-video-preview:-1\" \/>\n<meta property=\"og:locale\" content=\"fr_CA\" \/>\n<meta property=\"og:type\" content=\"article\" \/>\n<meta property=\"og:title\" content=\"HYPERQUAT Disinfectant Cleaner (4L) - Safety Source Fire\" \/>\n<meta property=\"og:description\" content=\"Fragrance-free 5th generation quaternary neutral disinfectant\" \/>\n<meta property=\"og:url\" content=\"https:\/\/staging.safetysourcefire.ca\/fr_ca\/produit\/hyperquat-disinfectant-cleaner-4l\/\" \/>\n<meta property=\"og:site_name\" content=\"Safety Source Fire\" \/>\n<meta property=\"article:publisher\" content=\"https:\/\/www.facebook.com\/mmfssca\" \/>\n<meta property=\"article:modified_time\" content=\"2021-04-09T15:56:29+00:00\" \/>\n<meta property=\"og:image\" content=\"https:\/\/staging.safetysourcefire.ca\/wp-content\/uploads\/2020\/04\/hyperquat4L.jpg\" \/>\n\t<meta property=\"og:image:width\" content=\"600\" \/>\n\t<meta property=\"og:image:height\" content=\"600\" \/>\n\t<meta property=\"og:image:type\" content=\"image\/jpeg\" \/>\n<meta name=\"twitter:card\" content=\"summary_large_image\" \/>\n<meta name=\"twitter:site\" content=\"@mmfssca\" \/>\n<meta name=\"twitter:label1\" content=\"Estimation du temps de lecture\" \/>\n\t<meta name=\"twitter:data1\" content=\"1 minute\" \/>\n<script type=\"application\/ld+json\" class=\"yoast-schema-graph\">{\"@context\":\"https:\\\/\\\/schema.org\",\"@graph\":[{\"@type\":\"WebPage\",\"@id\":\"https:\\\/\\\/staging.safetysourcefire.ca\\\/product\\\/hyperquat-disinfectant-cleaner-4l\\\/\",\"url\":\"https:\\\/\\\/staging.safetysourcefire.ca\\\/product\\\/hyperquat-disinfectant-cleaner-4l\\\/\",\"name\":\"HYPERQUAT Disinfectant Cleaner (4L) - Safety Source Fire\",\"isPartOf\":{\"@id\":\"https:\\\/\\\/staging.safetysourcefire.ca\\\/#website\"},\"primaryImageOfPage\":{\"@id\":\"https:\\\/\\\/staging.safetysourcefire.ca\\\/product\\\/hyperquat-disinfectant-cleaner-4l\\\/#primaryimage\"},\"image\":{\"@id\":\"https:\\\/\\\/staging.safetysourcefire.ca\\\/product\\\/hyperquat-disinfectant-cleaner-4l\\\/#primaryimage\"},\"thumbnailUrl\":\"https:\\\/\\\/staging.safetysourcefire.ca\\\/wp-content\\\/uploads\\\/2020\\\/04\\\/hyperquat4L.jpg\",\"datePublished\":\"2020-07-09T19:11:34+00:00\",\"dateModified\":\"2021-04-09T15:56:29+00:00\",\"breadcrumb\":{\"@id\":\"https:\\\/\\\/staging.safetysourcefire.ca\\\/product\\\/hyperquat-disinfectant-cleaner-4l\\\/#breadcrumb\"},\"inLanguage\":\"fr-CA\",\"potentialAction\":[{\"@type\":\"ReadAction\",\"target\":[\"https:\\\/\\\/staging.safetysourcefire.ca\\\/product\\\/hyperquat-disinfectant-cleaner-4l\\\/\"]}]},{\"@type\":\"ImageObject\",\"inLanguage\":\"fr-CA\",\"@id\":\"https:\\\/\\\/staging.safetysourcefire.ca\\\/product\\\/hyperquat-disinfectant-cleaner-4l\\\/#primaryimage\",\"url\":\"https:\\\/\\\/staging.safetysourcefire.ca\\\/wp-content\\\/uploads\\\/2020\\\/04\\\/hyperquat4L.jpg\",\"contentUrl\":\"https:\\\/\\\/staging.safetysourcefire.ca\\\/wp-content\\\/uploads\\\/2020\\\/04\\\/hyperquat4L.jpg\",\"width\":600,\"height\":600,\"caption\":\"jug of cleaner\"},{\"@type\":\"BreadcrumbList\",\"@id\":\"https:\\\/\\\/staging.safetysourcefire.ca\\\/product\\\/hyperquat-disinfectant-cleaner-4l\\\/#breadcrumb\",\"itemListElement\":[{\"@type\":\"ListItem\",\"position\":1,\"name\":\"Home\",\"item\":\"https:\\\/\\\/staging.safetysourcefire.ca\\\/\"},{\"@type\":\"ListItem\",\"position\":2,\"name\":\"Products\",\"item\":\"https:\\\/\\\/staging.safetysourcefire.ca\\\/shop\\\/\"},{\"@type\":\"ListItem\",\"position\":3,\"name\":\"HYPERQUAT Disinfectant Cleaner (4L)\"}]},{\"@type\":\"WebSite\",\"@id\":\"https:\\\/\\\/staging.safetysourcefire.ca\\\/#website\",\"url\":\"https:\\\/\\\/staging.safetysourcefire.ca\\\/\",\"name\":\"Safety Source Fire\",\"description\":\"\",\"publisher\":{\"@id\":\"https:\\\/\\\/staging.safetysourcefire.ca\\\/#organization\"},\"potentialAction\":[{\"@type\":\"SearchAction\",\"target\":{\"@type\":\"EntryPoint\",\"urlTemplate\":\"https:\\\/\\\/staging.safetysourcefire.ca\\\/?s={search_term_string}\"},\"query-input\":{\"@type\":\"PropertyValueSpecification\",\"valueRequired\":true,\"valueName\":\"search_term_string\"}}],\"inLanguage\":\"fr-CA\"},{\"@type\":\"Organization\",\"@id\":\"https:\\\/\\\/staging.safetysourcefire.ca\\\/#organization\",\"name\":\"Safety Source Fire\",\"url\":\"https:\\\/\\\/staging.safetysourcefire.ca\\\/\",\"logo\":{\"@type\":\"ImageObject\",\"inLanguage\":\"fr-CA\",\"@id\":\"https:\\\/\\\/staging.safetysourcefire.ca\\\/#\\\/schema\\\/logo\\\/image\\\/\",\"url\":\"https:\\\/\\\/staging.safetysourcefire.ca\\\/wp-content\\\/uploads\\\/2021\\\/01\\\/SSF_logo_CC0000-3.png\",\"contentUrl\":\"https:\\\/\\\/staging.safetysourcefire.ca\\\/wp-content\\\/uploads\\\/2021\\\/01\\\/SSF_logo_CC0000-3.png\",\"width\":1107,\"height\":365,\"caption\":\"Safety Source Fire\"},\"image\":{\"@id\":\"https:\\\/\\\/staging.safetysourcefire.ca\\\/#\\\/schema\\\/logo\\\/image\\\/\"},\"sameAs\":[\"https:\\\/\\\/www.facebook.com\\\/mmfssca\",\"https:\\\/\\\/x.com\\\/mmfssca\"]}]}<\/script>\n<!-- \/ Yoast SEO plugin. -->","yoast_head_json":{"title":"Nettoyant d\u00e9sinfectant HYPERQUAT (4 L) - Safety Source Fire","robots":{"index":"noindex","follow":"follow","max-snippet":"max-snippet:-1","max-image-preview":"max-image-preview:large","max-video-preview":"max-video-preview:-1"},"og_locale":"fr_CA","og_type":"article","og_title":"HYPERQUAT Disinfectant Cleaner (4L) - Safety Source Fire","og_description":"Fragrance-free 5th generation quaternary neutral disinfectant","og_url":"https:\/\/staging.safetysourcefire.ca\/fr_ca\/produit\/hyperquat-disinfectant-cleaner-4l\/","og_site_name":"Safety Source Fire","article_publisher":"https:\/\/www.facebook.com\/mmfssca","article_modified_time":"2021-04-09T15:56:29+00:00","og_image":[{"width":600,"height":600,"url":"https:\/\/staging.safetysourcefire.ca\/wp-content\/uploads\/2020\/04\/hyperquat4L.jpg","type":"image\/jpeg"}],"twitter_card":"summary_large_image","twitter_site":"@mmfssca","twitter_misc":{"Estimation du temps de lecture":"1 minute"},"schema":{"@context":"https:\/\/schema.org","@graph":[{"@type":"WebPage","@id":"https:\/\/staging.safetysourcefire.ca\/product\/hyperquat-disinfectant-cleaner-4l\/","url":"https:\/\/staging.safetysourcefire.ca\/product\/hyperquat-disinfectant-cleaner-4l\/","name":"Nettoyant d\u00e9sinfectant HYPERQUAT (4 L) - Safety Source Fire","isPartOf":{"@id":"https:\/\/staging.safetysourcefire.ca\/#website"},"primaryImageOfPage":{"@id":"https:\/\/staging.safetysourcefire.ca\/product\/hyperquat-disinfectant-cleaner-4l\/#primaryimage"},"image":{"@id":"https:\/\/staging.safetysourcefire.ca\/product\/hyperquat-disinfectant-cleaner-4l\/#primaryimage"},"thumbnailUrl":"https:\/\/staging.safetysourcefire.ca\/wp-content\/uploads\/2020\/04\/hyperquat4L.jpg","datePublished":"2020-07-09T19:11:34+00:00","dateModified":"2021-04-09T15:56:29+00:00","breadcrumb":{"@id":"https:\/\/staging.safetysourcefire.ca\/product\/hyperquat-disinfectant-cleaner-4l\/#breadcrumb"},"inLanguage":"fr-CA","potentialAction":[{"@type":"ReadAction","target":["https:\/\/staging.safetysourcefire.ca\/product\/hyperquat-disinfectant-cleaner-4l\/"]}]},{"@type":"ImageObject","inLanguage":"fr-CA","@id":"https:\/\/staging.safetysourcefire.ca\/product\/hyperquat-disinfectant-cleaner-4l\/#primaryimage","url":"https:\/\/staging.safetysourcefire.ca\/wp-content\/uploads\/2020\/04\/hyperquat4L.jpg","contentUrl":"https:\/\/staging.safetysourcefire.ca\/wp-content\/uploads\/2020\/04\/hyperquat4L.jpg","width":600,"height":600,"caption":"jug of cleaner"},{"@type":"BreadcrumbList","@id":"https:\/\/staging.safetysourcefire.ca\/product\/hyperquat-disinfectant-cleaner-4l\/#breadcrumb","itemListElement":[{"@type":"ListItem","position":1,"name":"Home","item":"https:\/\/staging.safetysourcefire.ca\/"},{"@type":"ListItem","position":2,"name":"Products","item":"https:\/\/staging.safetysourcefire.ca\/shop\/"},{"@type":"ListItem","position":3,"name":"HYPERQUAT Disinfectant Cleaner (4L)"}]},{"@type":"WebSite","@id":"https:\/\/staging.safetysourcefire.ca\/#website","url":"https:\/\/staging.safetysourcefire.ca\/","name":"Safety Source Fire","description":"","publisher":{"@id":"https:\/\/staging.safetysourcefire.ca\/#organization"},"potentialAction":[{"@type":"SearchAction","target":{"@type":"EntryPoint","urlTemplate":"https:\/\/staging.safetysourcefire.ca\/?s={search_term_string}"},"query-input":{"@type":"PropertyValueSpecification","valueRequired":true,"valueName":"search_term_string"}}],"inLanguage":"fr-CA"},{"@type":"Organization","@id":"https:\/\/staging.safetysourcefire.ca\/#organization","name":"Safety Source Fire","url":"https:\/\/staging.safetysourcefire.ca\/","logo":{"@type":"ImageObject","inLanguage":"fr-CA","@id":"https:\/\/staging.safetysourcefire.ca\/#\/schema\/logo\/image\/","url":"https:\/\/staging.safetysourcefire.ca\/wp-content\/uploads\/2021\/01\/SSF_logo_CC0000-3.png","contentUrl":"https:\/\/staging.safetysourcefire.ca\/wp-content\/uploads\/2021\/01\/SSF_logo_CC0000-3.png","width":1107,"height":365,"caption":"Safety Source Fire"},"image":{"@id":"https:\/\/staging.safetysourcefire.ca\/#\/schema\/logo\/image\/"},"sameAs":["https:\/\/www.facebook.com\/mmfssca","https:\/\/x.com\/mmfssca"]}]}},"_links":{"self":[{"href":"https:\/\/staging.safetysourcefire.ca\/fr_ca\/wp-json\/wp\/v2\/product\/20202","targetHints":{"allow":["GET"]}}],"collection":[{"href":"https:\/\/staging.safetysourcefire.ca\/fr_ca\/wp-json\/wp\/v2\/product"}],"about":[{"href":"https:\/\/staging.safetysourcefire.ca\/fr_ca\/wp-json\/wp\/v2\/types\/product"}],"wp:featuredmedia":[{"embeddable":true,"href":"https:\/\/staging.safetysourcefire.ca\/fr_ca\/wp-json\/wp\/v2\/media\/19861"}],"wp:attachment":[{"href":"https:\/\/staging.safetysourcefire.ca\/fr_ca\/wp-json\/wp\/v2\/media?parent=20202"}],"wp:term":[{"taxonomy":"product_brand","embeddable":true,"href":"https:\/\/staging.safetysourcefire.ca\/fr_ca\/wp-json\/wp\/v2\/product_brand?post=20202"},{"taxonomy":"product_cat","embeddable":true,"href":"https:\/\/staging.safetysourcefire.ca\/fr_ca\/wp-json\/wp\/v2\/product_cat?post=20202"},{"taxonomy":"product_tag","embeddable":true,"href":"https:\/\/staging.safetysourcefire.ca\/fr_ca\/wp-json\/wp\/v2\/product_tag?post=20202"}],"curies":[{"name":"wp","href":"https:\/\/api.w.org\/{rel}","templated":true}]}}