{"id":20051,"date":"2020-04-21T18:52:31","date_gmt":"2020-04-21T18:52:31","guid":{"rendered":"https:\/\/mmfss.ca\/?post_type=product&#038;p=20051"},"modified":"2022-01-04T17:56:27","modified_gmt":"2022-01-04T17:56:27","slug":"dsxi-cloud-connected-kit-ventis-mx4","status":"publish","type":"product","link":"https:\/\/staging.safetysourcefire.ca\/fr_ca\/produit\/dsxi-cloud-connected-kit-ventis-mx4\/","title":{"rendered":"Station d'accueil et trousse de connection au nuage de donn\u00e9es DSXI"},"content":{"rendered":"<p>18109405<\/p>\n<p>Disponible pour Ventis Pro, Ventis MX4, MX6, Radius, GasBadge et Tango<\/p>\n<p>La trousse ''DSXi Cloud Connected'' inclue la station d'accueil, le r\u00e9gulateur, l'\u00e9talonnage de gaz et tous les tubes n\u00e9cessaires \u00e0 l'installation.<\/p>\n<ul>\n<li class=\"p2\">Les programmes de tests fonctionnels et d'\u00e9talonnage peuvent \u00eatre suivis et configur\u00e9s pour \u00eatre ex\u00e9cut\u00e9s automatiquement, garantissant que les instruments soient pr\u00eats \u00e0 l'emploi avant le d\u00e9but d'un quart de travail.<\/li>\n<li class=\"p2\">L'entreposage de donn\u00e9es sur le nuage vous offre une tranquillit\u00e9 d'esprit gr\u00e2ce \u00e0 la sauvegarde automatique des fichiers et une r\u00e9cup\u00e9ration facile en cas de perte de donn\u00e9es inattendue.<\/li>\n<li class=\"p2\">G\u00e9rez sans effort votre flotte, vos donn\u00e9es et vos mises \u00e0 jour logicielles \u00e0 partir de n&#039;importe quel appareil connect\u00e9 au Web.<\/li>\n<li class=\"p2\">Les alertes et avis courriel fournissent des informations sur l'exposition des travailleurs et l'utilisation des instruments, ainsi que sur les besoins d'entretien des instruments.<\/li>\n<li class=\"p3\">Arr\u00eatez de vous soucier du gaz d'\u00e9talonnage. Le programme de r\u00e9approvisionnement en gaz d'\u00e9talonnage automatique (en option) vous offre un moyen efficace de g\u00e9rer vos besoins en gaz d'\u00e9talonnage. De nouveaux cylindres vous seront exp\u00e9di\u00e9s lorsque vous en aurez besoin.<\/li>\n<\/ul>\n<p><a href=\"https:\/\/staging.safetysourcefire.ca\/wp-content\/uploads\/2020\/04\/Industrial-Scientific-DSX-Docking-Station-Brochure.pdf\">Brochure de la station d&#039;accueil DSX<\/a><\/p>\n<p>&nbsp;<\/p>","protected":false},"excerpt":{"rendered":"<p>Le DSX connect\u00e9 directement au nuage est une solution automatis\u00e9e de maintenance parfaite pour l'enregistrement d'information et la de gestion de flotte.<\/p>","protected":false},"featured_media":20052,"template":"","meta":[],"product_brand":[397],"product_cat":[76,47],"product_tag":[398],"class_list":{"0":"post-20051","1":"product","2":"type-product","3":"status-publish","4":"has-post-thumbnail","6":"product_brand-industrial-scientific","7":"product_cat-gas-detection","8":"product_cat-hazmat","9":"product_tag-industrial-scientific","11":"first","12":"instock","13":"shipping-taxable","14":"product-type-simple"},"yoast_head":"<!-- This site is optimized with the Yoast SEO plugin v27.4 - https:\/\/yoast.com\/product\/yoast-seo-wordpress\/ -->\n<title>DSXI Cloud Connected Kit, Docking Station - Safety Source Fire<\/title>\n<meta name=\"robots\" content=\"noindex, follow, max-snippet:-1, max-image-preview:large, max-video-preview:-1\" \/>\n<meta property=\"og:locale\" content=\"fr_CA\" \/>\n<meta property=\"og:type\" content=\"article\" \/>\n<meta property=\"og:title\" content=\"DSXI Cloud Connected Kit, Docking Station - Safety Source Fire\" \/>\n<meta property=\"og:description\" content=\"The DSX in cloud-connected mode is an automated maintenance, record storage, and fleet management solution.\" \/>\n<meta property=\"og:url\" content=\"https:\/\/staging.safetysourcefire.ca\/fr_ca\/produit\/dsxi-cloud-connected-kit-ventis-mx4\/\" \/>\n<meta property=\"og:site_name\" content=\"Safety Source Fire\" \/>\n<meta property=\"article:publisher\" content=\"https:\/\/www.facebook.com\/mmfssca\" \/>\n<meta property=\"article:modified_time\" content=\"2022-01-04T17:56:27+00:00\" \/>\n<meta property=\"og:image\" content=\"https:\/\/staging.safetysourcefire.ca\/wp-content\/uploads\/2020\/04\/18109405ventismx4_dsxi_cloud_connected.jpg\" \/>\n\t<meta property=\"og:image:width\" content=\"600\" \/>\n\t<meta property=\"og:image:height\" content=\"600\" \/>\n\t<meta property=\"og:image:type\" content=\"image\/jpeg\" \/>\n<meta name=\"twitter:card\" content=\"summary_large_image\" \/>\n<meta name=\"twitter:site\" content=\"@mmfssca\" \/>\n<meta name=\"twitter:label1\" content=\"Estimation du temps de lecture\" \/>\n\t<meta name=\"twitter:data1\" content=\"1 minute\" \/>\n<script type=\"application\/ld+json\" class=\"yoast-schema-graph\">{\"@context\":\"https:\\\/\\\/schema.org\",\"@graph\":[{\"@type\":\"WebPage\",\"@id\":\"https:\\\/\\\/staging.safetysourcefire.ca\\\/product\\\/dsxi-cloud-connected-kit-ventis-mx4\\\/\",\"url\":\"https:\\\/\\\/staging.safetysourcefire.ca\\\/product\\\/dsxi-cloud-connected-kit-ventis-mx4\\\/\",\"name\":\"DSXI Cloud Connected Kit, Docking Station - Safety Source Fire\",\"isPartOf\":{\"@id\":\"https:\\\/\\\/staging.safetysourcefire.ca\\\/#website\"},\"primaryImageOfPage\":{\"@id\":\"https:\\\/\\\/staging.safetysourcefire.ca\\\/product\\\/dsxi-cloud-connected-kit-ventis-mx4\\\/#primaryimage\"},\"image\":{\"@id\":\"https:\\\/\\\/staging.safetysourcefire.ca\\\/product\\\/dsxi-cloud-connected-kit-ventis-mx4\\\/#primaryimage\"},\"thumbnailUrl\":\"https:\\\/\\\/staging.safetysourcefire.ca\\\/wp-content\\\/uploads\\\/2020\\\/04\\\/18109405ventismx4_dsxi_cloud_connected.jpg\",\"datePublished\":\"2020-04-21T18:52:31+00:00\",\"dateModified\":\"2022-01-04T17:56:27+00:00\",\"breadcrumb\":{\"@id\":\"https:\\\/\\\/staging.safetysourcefire.ca\\\/product\\\/dsxi-cloud-connected-kit-ventis-mx4\\\/#breadcrumb\"},\"inLanguage\":\"fr-CA\",\"potentialAction\":[{\"@type\":\"ReadAction\",\"target\":[\"https:\\\/\\\/staging.safetysourcefire.ca\\\/product\\\/dsxi-cloud-connected-kit-ventis-mx4\\\/\"]}]},{\"@type\":\"ImageObject\",\"inLanguage\":\"fr-CA\",\"@id\":\"https:\\\/\\\/staging.safetysourcefire.ca\\\/product\\\/dsxi-cloud-connected-kit-ventis-mx4\\\/#primaryimage\",\"url\":\"https:\\\/\\\/staging.safetysourcefire.ca\\\/wp-content\\\/uploads\\\/2020\\\/04\\\/18109405ventismx4_dsxi_cloud_connected.jpg\",\"contentUrl\":\"https:\\\/\\\/staging.safetysourcefire.ca\\\/wp-content\\\/uploads\\\/2020\\\/04\\\/18109405ventismx4_dsxi_cloud_connected.jpg\",\"width\":600,\"height\":600,\"caption\":\"accessory kit\"},{\"@type\":\"BreadcrumbList\",\"@id\":\"https:\\\/\\\/staging.safetysourcefire.ca\\\/product\\\/dsxi-cloud-connected-kit-ventis-mx4\\\/#breadcrumb\",\"itemListElement\":[{\"@type\":\"ListItem\",\"position\":1,\"name\":\"Home\",\"item\":\"https:\\\/\\\/staging.safetysourcefire.ca\\\/\"},{\"@type\":\"ListItem\",\"position\":2,\"name\":\"Products\",\"item\":\"https:\\\/\\\/staging.safetysourcefire.ca\\\/shop\\\/\"},{\"@type\":\"ListItem\",\"position\":3,\"name\":\"DSXI Cloud Connected Kit, Docking Station\"}]},{\"@type\":\"WebSite\",\"@id\":\"https:\\\/\\\/staging.safetysourcefire.ca\\\/#website\",\"url\":\"https:\\\/\\\/staging.safetysourcefire.ca\\\/\",\"name\":\"Safety Source Fire\",\"description\":\"\",\"publisher\":{\"@id\":\"https:\\\/\\\/staging.safetysourcefire.ca\\\/#organization\"},\"potentialAction\":[{\"@type\":\"SearchAction\",\"target\":{\"@type\":\"EntryPoint\",\"urlTemplate\":\"https:\\\/\\\/staging.safetysourcefire.ca\\\/?s={search_term_string}\"},\"query-input\":{\"@type\":\"PropertyValueSpecification\",\"valueRequired\":true,\"valueName\":\"search_term_string\"}}],\"inLanguage\":\"fr-CA\"},{\"@type\":\"Organization\",\"@id\":\"https:\\\/\\\/staging.safetysourcefire.ca\\\/#organization\",\"name\":\"Safety Source Fire\",\"url\":\"https:\\\/\\\/staging.safetysourcefire.ca\\\/\",\"logo\":{\"@type\":\"ImageObject\",\"inLanguage\":\"fr-CA\",\"@id\":\"https:\\\/\\\/staging.safetysourcefire.ca\\\/#\\\/schema\\\/logo\\\/image\\\/\",\"url\":\"https:\\\/\\\/staging.safetysourcefire.ca\\\/wp-content\\\/uploads\\\/2021\\\/01\\\/SSF_logo_CC0000-3.png\",\"contentUrl\":\"https:\\\/\\\/staging.safetysourcefire.ca\\\/wp-content\\\/uploads\\\/2021\\\/01\\\/SSF_logo_CC0000-3.png\",\"width\":1107,\"height\":365,\"caption\":\"Safety Source Fire\"},\"image\":{\"@id\":\"https:\\\/\\\/staging.safetysourcefire.ca\\\/#\\\/schema\\\/logo\\\/image\\\/\"},\"sameAs\":[\"https:\\\/\\\/www.facebook.com\\\/mmfssca\",\"https:\\\/\\\/x.com\\\/mmfssca\"]}]}<\/script>\n<!-- \/ Yoast SEO plugin. -->","yoast_head_json":{"title":"Kit connect\u00e9 DSXI Cloud, station d&#039;accueil - S\u00e9curit\u00e9 incendie","robots":{"index":"noindex","follow":"follow","max-snippet":"max-snippet:-1","max-image-preview":"max-image-preview:large","max-video-preview":"max-video-preview:-1"},"og_locale":"fr_CA","og_type":"article","og_title":"DSXI Cloud Connected Kit, Docking Station - Safety Source Fire","og_description":"The DSX in cloud-connected mode is an automated maintenance, record storage, and fleet management solution.","og_url":"https:\/\/staging.safetysourcefire.ca\/fr_ca\/produit\/dsxi-cloud-connected-kit-ventis-mx4\/","og_site_name":"Safety Source Fire","article_publisher":"https:\/\/www.facebook.com\/mmfssca","article_modified_time":"2022-01-04T17:56:27+00:00","og_image":[{"width":600,"height":600,"url":"https:\/\/staging.safetysourcefire.ca\/wp-content\/uploads\/2020\/04\/18109405ventismx4_dsxi_cloud_connected.jpg","type":"image\/jpeg"}],"twitter_card":"summary_large_image","twitter_site":"@mmfssca","twitter_misc":{"Estimation du temps de lecture":"1 minute"},"schema":{"@context":"https:\/\/schema.org","@graph":[{"@type":"WebPage","@id":"https:\/\/staging.safetysourcefire.ca\/product\/dsxi-cloud-connected-kit-ventis-mx4\/","url":"https:\/\/staging.safetysourcefire.ca\/product\/dsxi-cloud-connected-kit-ventis-mx4\/","name":"Kit connect\u00e9 DSXI Cloud, station d&#039;accueil - S\u00e9curit\u00e9 incendie","isPartOf":{"@id":"https:\/\/staging.safetysourcefire.ca\/#website"},"primaryImageOfPage":{"@id":"https:\/\/staging.safetysourcefire.ca\/product\/dsxi-cloud-connected-kit-ventis-mx4\/#primaryimage"},"image":{"@id":"https:\/\/staging.safetysourcefire.ca\/product\/dsxi-cloud-connected-kit-ventis-mx4\/#primaryimage"},"thumbnailUrl":"https:\/\/staging.safetysourcefire.ca\/wp-content\/uploads\/2020\/04\/18109405ventismx4_dsxi_cloud_connected.jpg","datePublished":"2020-04-21T18:52:31+00:00","dateModified":"2022-01-04T17:56:27+00:00","breadcrumb":{"@id":"https:\/\/staging.safetysourcefire.ca\/product\/dsxi-cloud-connected-kit-ventis-mx4\/#breadcrumb"},"inLanguage":"fr-CA","potentialAction":[{"@type":"ReadAction","target":["https:\/\/staging.safetysourcefire.ca\/product\/dsxi-cloud-connected-kit-ventis-mx4\/"]}]},{"@type":"ImageObject","inLanguage":"fr-CA","@id":"https:\/\/staging.safetysourcefire.ca\/product\/dsxi-cloud-connected-kit-ventis-mx4\/#primaryimage","url":"https:\/\/staging.safetysourcefire.ca\/wp-content\/uploads\/2020\/04\/18109405ventismx4_dsxi_cloud_connected.jpg","contentUrl":"https:\/\/staging.safetysourcefire.ca\/wp-content\/uploads\/2020\/04\/18109405ventismx4_dsxi_cloud_connected.jpg","width":600,"height":600,"caption":"accessory kit"},{"@type":"BreadcrumbList","@id":"https:\/\/staging.safetysourcefire.ca\/product\/dsxi-cloud-connected-kit-ventis-mx4\/#breadcrumb","itemListElement":[{"@type":"ListItem","position":1,"name":"Home","item":"https:\/\/staging.safetysourcefire.ca\/"},{"@type":"ListItem","position":2,"name":"Products","item":"https:\/\/staging.safetysourcefire.ca\/shop\/"},{"@type":"ListItem","position":3,"name":"DSXI Cloud Connected Kit, Docking Station"}]},{"@type":"WebSite","@id":"https:\/\/staging.safetysourcefire.ca\/#website","url":"https:\/\/staging.safetysourcefire.ca\/","name":"Safety Source Fire","description":"","publisher":{"@id":"https:\/\/staging.safetysourcefire.ca\/#organization"},"potentialAction":[{"@type":"SearchAction","target":{"@type":"EntryPoint","urlTemplate":"https:\/\/staging.safetysourcefire.ca\/?s={search_term_string}"},"query-input":{"@type":"PropertyValueSpecification","valueRequired":true,"valueName":"search_term_string"}}],"inLanguage":"fr-CA"},{"@type":"Organization","@id":"https:\/\/staging.safetysourcefire.ca\/#organization","name":"Safety Source Fire","url":"https:\/\/staging.safetysourcefire.ca\/","logo":{"@type":"ImageObject","inLanguage":"fr-CA","@id":"https:\/\/staging.safetysourcefire.ca\/#\/schema\/logo\/image\/","url":"https:\/\/staging.safetysourcefire.ca\/wp-content\/uploads\/2021\/01\/SSF_logo_CC0000-3.png","contentUrl":"https:\/\/staging.safetysourcefire.ca\/wp-content\/uploads\/2021\/01\/SSF_logo_CC0000-3.png","width":1107,"height":365,"caption":"Safety Source Fire"},"image":{"@id":"https:\/\/staging.safetysourcefire.ca\/#\/schema\/logo\/image\/"},"sameAs":["https:\/\/www.facebook.com\/mmfssca","https:\/\/x.com\/mmfssca"]}]}},"_links":{"self":[{"href":"https:\/\/staging.safetysourcefire.ca\/fr_ca\/wp-json\/wp\/v2\/product\/20051","targetHints":{"allow":["GET"]}}],"collection":[{"href":"https:\/\/staging.safetysourcefire.ca\/fr_ca\/wp-json\/wp\/v2\/product"}],"about":[{"href":"https:\/\/staging.safetysourcefire.ca\/fr_ca\/wp-json\/wp\/v2\/types\/product"}],"wp:featuredmedia":[{"embeddable":true,"href":"https:\/\/staging.safetysourcefire.ca\/fr_ca\/wp-json\/wp\/v2\/media\/20052"}],"wp:attachment":[{"href":"https:\/\/staging.safetysourcefire.ca\/fr_ca\/wp-json\/wp\/v2\/media?parent=20051"}],"wp:term":[{"taxonomy":"product_brand","embeddable":true,"href":"https:\/\/staging.safetysourcefire.ca\/fr_ca\/wp-json\/wp\/v2\/product_brand?post=20051"},{"taxonomy":"product_cat","embeddable":true,"href":"https:\/\/staging.safetysourcefire.ca\/fr_ca\/wp-json\/wp\/v2\/product_cat?post=20051"},{"taxonomy":"product_tag","embeddable":true,"href":"https:\/\/staging.safetysourcefire.ca\/fr_ca\/wp-json\/wp\/v2\/product_tag?post=20051"}],"curies":[{"name":"wp","href":"https:\/\/api.w.org\/{rel}","templated":true}]}}