{"id":20015,"date":"2020-12-22T07:00:11","date_gmt":"2020-12-22T07:00:11","guid":{"rendered":"https:\/\/mmfss.ca\/?post_type=product&#038;p=20015"},"modified":"2021-04-09T15:54:34","modified_gmt":"2021-04-09T15:54:34","slug":"backpack-pump-gbp10evo3","status":"publish","type":"product","link":"https:\/\/staging.safetysourcefire.ca\/fr_ca\/produit\/backpack-pump-gbp10evo3\/","title":{"rendered":"Pompe sac \u00e0 dos GBP10EVO3\u00a0"},"content":{"rendered":"<p>Holmatro pr\u00e9sente sa nouvelle pompe format sac \u00e0 dos: une petite pompe l\u00e9g\u00e8re, aliment\u00e9e par batterie, \u00e9quip\u00e9e d'un connecteur CORE. Cette pompe compacte vous offre une flexibilit\u00e9 optimale pour travailler avec les outils CORE de Holmatro. L'appareil est aliment\u00e9 par la technologie EVO3 bien connue et ayant fait ses preuves, et utilise la m\u00eame batterie que celle des autres outils EVO3.<\/p>\n<p>La pompe et sa batterie sont contenues dans un sac \u00e0 dos pratique et facile \u00e0 transporter par une seule personne. L'appareil fonctionne sans \u00e9mission et est s\u00e9curitaire \u00e0 utiliser dans des espaces confin\u00e9s tels que les tunnels, les trains ou les b\u00e2timents en ruines. Gr\u00e2ce \u00e0 son indice de protection IP 54, cette nouvelle pompe sac \u00e0 dos comporte une protection de l'appareil contre la poussi\u00e8re et toutes les conditions m\u00e9t\u00e9orologiques.<\/p>\n<p>Le contenant d'huile de la pompe est de 425 cm3 \/ 14,4 oz. Il est donc suffisamment grand pour \u00eatre utilis\u00e9 en combinaison avec tous les outils Holmatro CORE, \u00e0 l'exception des v\u00e9rins plus grands (t\u00e9lescopiques).<\/p>\n<p>Tr\u00e8s portable<\/p>\n<ul class=\"usp-list\" data-js-change-to-list=\"\">\n<li data-feature-id=\"1\">La pompe est compacte, l\u00e9g\u00e8re et contenue dans un sac \u00e0 dos<\/li>\n<\/ul>\n<p>Technologie EVO3 reconnue<\/p>\n<ul class=\"usp-list\" data-js-change-to-list=\"\">\n<li data-feature-id=\"1\">La batterie utilis\u00e9e pour la pompe est la m\u00eame que celle utilis\u00e9e pour tous les autres outils Holmatro EVO3<\/li>\n<\/ul>\n<p>Grande teneur en huile<\/p>\n<ul class=\"usp-list\" data-js-change-to-list=\"\">\n<li data-feature-id=\"1\">La pompe peut \u00eatre utilis\u00e9e avec tous les outils CORE, \u00e0 l'exception des v\u00e9rins t\u00e9lescopiques 15t et 22t<\/li>\n<\/ul>\n<p>Utilisation s\u00e9curitaire dans les environnements \u00e9prouvants<\/p>\n<ul class=\"usp-list\" data-js-change-to-list=\"\">\n<li data-feature-id=\"1\">Gr\u00e2ce \u00e0 l&#039;indice IP 54: protection contre la poussi\u00e8re et les \u00e9claboussures d&#039;eau<\/li>\n<\/ul>\n<p>Sans \u00e9mission<\/p>\n<ul class=\"usp-list\" data-js-change-to-list=\"\">\n<li data-feature-id=\"1\">Id\u00e9al pour une utilisation dans des espaces confin\u00e9s et \/ ou souterrains<\/li>\n<\/ul>","protected":false},"excerpt":{"rendered":"<p>Petite pompe l\u00e9g\u00e8re, op\u00e9r\u00e9e \u00e0 batterie, avec connexion CORE, contenue dans un sac \u00e0 dos.<\/p>","protected":false},"featured_media":20016,"template":"","meta":[],"product_brand":[174],"product_cat":[462,128,464,465,51],"product_tag":[448,309],"class_list":{"0":"post-20015","1":"product","2":"type-product","3":"status-publish","4":"has-post-thumbnail","6":"product_brand-holmatro","7":"product_cat-emergency-preparedness","8":"product_cat-extrication-rescue","9":"product_cat-flood","10":"product_cat-hurricane","11":"product_cat-rescue","12":"product_tag-core","13":"product_tag-holmatro","15":"first","16":"instock","17":"shipping-taxable","18":"product-type-simple"},"yoast_head":"<!-- This site is optimized with the Yoast SEO plugin v27.4 - https:\/\/yoast.com\/product\/yoast-seo-wordpress\/ -->\n<title>Backpack Pump GBP10EVO3\u00a0 - Safety Source Fire<\/title>\n<meta name=\"robots\" content=\"noindex, follow, max-snippet:-1, max-image-preview:large, max-video-preview:-1\" \/>\n<meta property=\"og:locale\" content=\"fr_CA\" \/>\n<meta property=\"og:type\" content=\"article\" \/>\n<meta property=\"og:title\" content=\"Backpack Pump GBP10EVO3\u00a0 - Safety Source Fire\" \/>\n<meta property=\"og:description\" content=\"Small, lightweight battery-driven pump with a CORE connection, contained in a backpack.\" \/>\n<meta property=\"og:url\" content=\"https:\/\/staging.safetysourcefire.ca\/fr_ca\/produit\/backpack-pump-gbp10evo3\/\" \/>\n<meta property=\"og:site_name\" content=\"Safety Source Fire\" \/>\n<meta property=\"article:publisher\" content=\"https:\/\/www.facebook.com\/mmfssca\" \/>\n<meta property=\"article:modified_time\" content=\"2021-04-09T15:54:34+00:00\" \/>\n<meta property=\"og:image\" content=\"https:\/\/staging.safetysourcefire.ca\/wp-content\/uploads\/2020\/04\/battery-pump-gbp10evo3-excl-battery-en-21122.jpg\" \/>\n\t<meta property=\"og:image:width\" content=\"600\" \/>\n\t<meta property=\"og:image:height\" content=\"600\" \/>\n\t<meta property=\"og:image:type\" content=\"image\/jpeg\" \/>\n<meta name=\"twitter:card\" content=\"summary_large_image\" \/>\n<meta name=\"twitter:site\" content=\"@mmfssca\" \/>\n<meta name=\"twitter:label1\" content=\"Estimation du temps de lecture\" \/>\n\t<meta name=\"twitter:data1\" content=\"1 minute\" \/>\n<script type=\"application\/ld+json\" class=\"yoast-schema-graph\">{\"@context\":\"https:\\\/\\\/schema.org\",\"@graph\":[{\"@type\":\"WebPage\",\"@id\":\"https:\\\/\\\/staging.safetysourcefire.ca\\\/product\\\/backpack-pump-gbp10evo3\\\/\",\"url\":\"https:\\\/\\\/staging.safetysourcefire.ca\\\/product\\\/backpack-pump-gbp10evo3\\\/\",\"name\":\"Backpack Pump GBP10EVO3\u00a0 - Safety Source Fire\",\"isPartOf\":{\"@id\":\"https:\\\/\\\/staging.safetysourcefire.ca\\\/#website\"},\"primaryImageOfPage\":{\"@id\":\"https:\\\/\\\/staging.safetysourcefire.ca\\\/product\\\/backpack-pump-gbp10evo3\\\/#primaryimage\"},\"image\":{\"@id\":\"https:\\\/\\\/staging.safetysourcefire.ca\\\/product\\\/backpack-pump-gbp10evo3\\\/#primaryimage\"},\"thumbnailUrl\":\"https:\\\/\\\/staging.safetysourcefire.ca\\\/wp-content\\\/uploads\\\/2020\\\/04\\\/battery-pump-gbp10evo3-excl-battery-en-21122.jpg\",\"datePublished\":\"2020-12-22T07:00:11+00:00\",\"dateModified\":\"2021-04-09T15:54:34+00:00\",\"breadcrumb\":{\"@id\":\"https:\\\/\\\/staging.safetysourcefire.ca\\\/product\\\/backpack-pump-gbp10evo3\\\/#breadcrumb\"},\"inLanguage\":\"fr-CA\",\"potentialAction\":[{\"@type\":\"ReadAction\",\"target\":[\"https:\\\/\\\/staging.safetysourcefire.ca\\\/product\\\/backpack-pump-gbp10evo3\\\/\"]}]},{\"@type\":\"ImageObject\",\"inLanguage\":\"fr-CA\",\"@id\":\"https:\\\/\\\/staging.safetysourcefire.ca\\\/product\\\/backpack-pump-gbp10evo3\\\/#primaryimage\",\"url\":\"https:\\\/\\\/staging.safetysourcefire.ca\\\/wp-content\\\/uploads\\\/2020\\\/04\\\/battery-pump-gbp10evo3-excl-battery-en-21122.jpg\",\"contentUrl\":\"https:\\\/\\\/staging.safetysourcefire.ca\\\/wp-content\\\/uploads\\\/2020\\\/04\\\/battery-pump-gbp10evo3-excl-battery-en-21122.jpg\",\"width\":600,\"height\":600,\"caption\":\"back pack\"},{\"@type\":\"BreadcrumbList\",\"@id\":\"https:\\\/\\\/staging.safetysourcefire.ca\\\/product\\\/backpack-pump-gbp10evo3\\\/#breadcrumb\",\"itemListElement\":[{\"@type\":\"ListItem\",\"position\":1,\"name\":\"Home\",\"item\":\"https:\\\/\\\/staging.safetysourcefire.ca\\\/\"},{\"@type\":\"ListItem\",\"position\":2,\"name\":\"Products\",\"item\":\"https:\\\/\\\/staging.safetysourcefire.ca\\\/shop\\\/\"},{\"@type\":\"ListItem\",\"position\":3,\"name\":\"Backpack Pump GBP10EVO3\u00a0\"}]},{\"@type\":\"WebSite\",\"@id\":\"https:\\\/\\\/staging.safetysourcefire.ca\\\/#website\",\"url\":\"https:\\\/\\\/staging.safetysourcefire.ca\\\/\",\"name\":\"Safety Source Fire\",\"description\":\"\",\"publisher\":{\"@id\":\"https:\\\/\\\/staging.safetysourcefire.ca\\\/#organization\"},\"potentialAction\":[{\"@type\":\"SearchAction\",\"target\":{\"@type\":\"EntryPoint\",\"urlTemplate\":\"https:\\\/\\\/staging.safetysourcefire.ca\\\/?s={search_term_string}\"},\"query-input\":{\"@type\":\"PropertyValueSpecification\",\"valueRequired\":true,\"valueName\":\"search_term_string\"}}],\"inLanguage\":\"fr-CA\"},{\"@type\":\"Organization\",\"@id\":\"https:\\\/\\\/staging.safetysourcefire.ca\\\/#organization\",\"name\":\"Safety Source Fire\",\"url\":\"https:\\\/\\\/staging.safetysourcefire.ca\\\/\",\"logo\":{\"@type\":\"ImageObject\",\"inLanguage\":\"fr-CA\",\"@id\":\"https:\\\/\\\/staging.safetysourcefire.ca\\\/#\\\/schema\\\/logo\\\/image\\\/\",\"url\":\"https:\\\/\\\/staging.safetysourcefire.ca\\\/wp-content\\\/uploads\\\/2021\\\/01\\\/SSF_logo_CC0000-3.png\",\"contentUrl\":\"https:\\\/\\\/staging.safetysourcefire.ca\\\/wp-content\\\/uploads\\\/2021\\\/01\\\/SSF_logo_CC0000-3.png\",\"width\":1107,\"height\":365,\"caption\":\"Safety Source Fire\"},\"image\":{\"@id\":\"https:\\\/\\\/staging.safetysourcefire.ca\\\/#\\\/schema\\\/logo\\\/image\\\/\"},\"sameAs\":[\"https:\\\/\\\/www.facebook.com\\\/mmfssca\",\"https:\\\/\\\/x.com\\\/mmfssca\"]}]}<\/script>\n<!-- \/ Yoast SEO plugin. -->","yoast_head_json":{"title":"Pompe \u00e0 dos GBP10EVO3 - S\u00e9curit\u00e9 incendie","robots":{"index":"noindex","follow":"follow","max-snippet":"max-snippet:-1","max-image-preview":"max-image-preview:large","max-video-preview":"max-video-preview:-1"},"og_locale":"fr_CA","og_type":"article","og_title":"Backpack Pump GBP10EVO3\u00a0 - Safety Source Fire","og_description":"Small, lightweight battery-driven pump with a CORE connection, contained in a backpack.","og_url":"https:\/\/staging.safetysourcefire.ca\/fr_ca\/produit\/backpack-pump-gbp10evo3\/","og_site_name":"Safety Source Fire","article_publisher":"https:\/\/www.facebook.com\/mmfssca","article_modified_time":"2021-04-09T15:54:34+00:00","og_image":[{"width":600,"height":600,"url":"https:\/\/staging.safetysourcefire.ca\/wp-content\/uploads\/2020\/04\/battery-pump-gbp10evo3-excl-battery-en-21122.jpg","type":"image\/jpeg"}],"twitter_card":"summary_large_image","twitter_site":"@mmfssca","twitter_misc":{"Estimation du temps de lecture":"1 minute"},"schema":{"@context":"https:\/\/schema.org","@graph":[{"@type":"WebPage","@id":"https:\/\/staging.safetysourcefire.ca\/product\/backpack-pump-gbp10evo3\/","url":"https:\/\/staging.safetysourcefire.ca\/product\/backpack-pump-gbp10evo3\/","name":"Pompe \u00e0 dos GBP10EVO3 - S\u00e9curit\u00e9 incendie","isPartOf":{"@id":"https:\/\/staging.safetysourcefire.ca\/#website"},"primaryImageOfPage":{"@id":"https:\/\/staging.safetysourcefire.ca\/product\/backpack-pump-gbp10evo3\/#primaryimage"},"image":{"@id":"https:\/\/staging.safetysourcefire.ca\/product\/backpack-pump-gbp10evo3\/#primaryimage"},"thumbnailUrl":"https:\/\/staging.safetysourcefire.ca\/wp-content\/uploads\/2020\/04\/battery-pump-gbp10evo3-excl-battery-en-21122.jpg","datePublished":"2020-12-22T07:00:11+00:00","dateModified":"2021-04-09T15:54:34+00:00","breadcrumb":{"@id":"https:\/\/staging.safetysourcefire.ca\/product\/backpack-pump-gbp10evo3\/#breadcrumb"},"inLanguage":"fr-CA","potentialAction":[{"@type":"ReadAction","target":["https:\/\/staging.safetysourcefire.ca\/product\/backpack-pump-gbp10evo3\/"]}]},{"@type":"ImageObject","inLanguage":"fr-CA","@id":"https:\/\/staging.safetysourcefire.ca\/product\/backpack-pump-gbp10evo3\/#primaryimage","url":"https:\/\/staging.safetysourcefire.ca\/wp-content\/uploads\/2020\/04\/battery-pump-gbp10evo3-excl-battery-en-21122.jpg","contentUrl":"https:\/\/staging.safetysourcefire.ca\/wp-content\/uploads\/2020\/04\/battery-pump-gbp10evo3-excl-battery-en-21122.jpg","width":600,"height":600,"caption":"back pack"},{"@type":"BreadcrumbList","@id":"https:\/\/staging.safetysourcefire.ca\/product\/backpack-pump-gbp10evo3\/#breadcrumb","itemListElement":[{"@type":"ListItem","position":1,"name":"Home","item":"https:\/\/staging.safetysourcefire.ca\/"},{"@type":"ListItem","position":2,"name":"Products","item":"https:\/\/staging.safetysourcefire.ca\/shop\/"},{"@type":"ListItem","position":3,"name":"Backpack Pump GBP10EVO3\u00a0"}]},{"@type":"WebSite","@id":"https:\/\/staging.safetysourcefire.ca\/#website","url":"https:\/\/staging.safetysourcefire.ca\/","name":"Safety Source Fire","description":"","publisher":{"@id":"https:\/\/staging.safetysourcefire.ca\/#organization"},"potentialAction":[{"@type":"SearchAction","target":{"@type":"EntryPoint","urlTemplate":"https:\/\/staging.safetysourcefire.ca\/?s={search_term_string}"},"query-input":{"@type":"PropertyValueSpecification","valueRequired":true,"valueName":"search_term_string"}}],"inLanguage":"fr-CA"},{"@type":"Organization","@id":"https:\/\/staging.safetysourcefire.ca\/#organization","name":"Safety Source Fire","url":"https:\/\/staging.safetysourcefire.ca\/","logo":{"@type":"ImageObject","inLanguage":"fr-CA","@id":"https:\/\/staging.safetysourcefire.ca\/#\/schema\/logo\/image\/","url":"https:\/\/staging.safetysourcefire.ca\/wp-content\/uploads\/2021\/01\/SSF_logo_CC0000-3.png","contentUrl":"https:\/\/staging.safetysourcefire.ca\/wp-content\/uploads\/2021\/01\/SSF_logo_CC0000-3.png","width":1107,"height":365,"caption":"Safety Source Fire"},"image":{"@id":"https:\/\/staging.safetysourcefire.ca\/#\/schema\/logo\/image\/"},"sameAs":["https:\/\/www.facebook.com\/mmfssca","https:\/\/x.com\/mmfssca"]}]}},"_links":{"self":[{"href":"https:\/\/staging.safetysourcefire.ca\/fr_ca\/wp-json\/wp\/v2\/product\/20015","targetHints":{"allow":["GET"]}}],"collection":[{"href":"https:\/\/staging.safetysourcefire.ca\/fr_ca\/wp-json\/wp\/v2\/product"}],"about":[{"href":"https:\/\/staging.safetysourcefire.ca\/fr_ca\/wp-json\/wp\/v2\/types\/product"}],"wp:featuredmedia":[{"embeddable":true,"href":"https:\/\/staging.safetysourcefire.ca\/fr_ca\/wp-json\/wp\/v2\/media\/20016"}],"wp:attachment":[{"href":"https:\/\/staging.safetysourcefire.ca\/fr_ca\/wp-json\/wp\/v2\/media?parent=20015"}],"wp:term":[{"taxonomy":"product_brand","embeddable":true,"href":"https:\/\/staging.safetysourcefire.ca\/fr_ca\/wp-json\/wp\/v2\/product_brand?post=20015"},{"taxonomy":"product_cat","embeddable":true,"href":"https:\/\/staging.safetysourcefire.ca\/fr_ca\/wp-json\/wp\/v2\/product_cat?post=20015"},{"taxonomy":"product_tag","embeddable":true,"href":"https:\/\/staging.safetysourcefire.ca\/fr_ca\/wp-json\/wp\/v2\/product_tag?post=20015"}],"curies":[{"name":"wp","href":"https:\/\/api.w.org\/{rel}","templated":true}]}}