{"id":19855,"date":"2020-07-09T06:00:49","date_gmt":"2020-07-09T06:00:49","guid":{"rendered":"https:\/\/mmfss.ca\/?post_type=product&#038;p=19855"},"modified":"2021-04-09T15:55:38","modified_gmt":"2021-04-09T15:55:38","slug":"hyperquat-disinfectant-cleaner-for-twist-mixx","status":"publish","type":"product","link":"https:\/\/staging.safetysourcefire.ca\/fr_ca\/produit\/hyperquat-disinfectant-cleaner-for-twist-mixx\/","title":{"rendered":"Nettoyant d\u00e9sinfectant HYPERQUAT avec syst\u00e8me de dilution ''Twist &amp; Mixx''"},"content":{"rendered":"<p>HYPERQUAT est un nettoyant d\u00e9sinfectant neutre de 5\u00e8me g\u00e9n\u00e9ration facilement utilisable avec un syst\u00e8me de vadrouille plate ou un chiffon de nettoyage en microfibre. Sa formulation sans parfum r\u00e9pond aux besoins des personnes sensibles aux odeurs telles que les patients se remettant d&#039;une op\u00e9ration.<\/p>\n<p>HYPERQUAT est un d\u00e9tergent quaternaire hautement concentr\u00e9; un syst\u00e8me de dilution est donc recommand\u00e9 pour son utilisation. HYPERQUAT est id\u00e9al pour le travail quotidien dans les \u00e9tablissements de sant\u00e9 et les usines alimentaires. Il est a noter qu'il n'endommagera pas les planchers finis.<\/p>\n<p>Ce nettoyant \u00e0 base d&#039;ammonium quaternaire de cinqui\u00e8me g\u00e9n\u00e9ration s&#039;est av\u00e9r\u00e9 efficace contre un large \u00e9ventail de micro-organismes.<\/p>\n<p>HYPERQUAT est un d\u00e9sinfectant neutre (DIN : 02241052).<\/p>\n<p>Disponible en d\u00e9bit Hi ou Lo.<\/p>\n<p class=\"p2\">HYPERQUAT a \u00e9t\u00e9 \u00e9valu\u00e9 pour une utilisation sur <a href=\"https:\/\/staging.safetysourcefire.ca\/wp-content\/uploads\/2020\/04\/3M-Scott-Cleaning-and-Disinfecting.pdf\">Masques 3M\u2122 Scott\u2122, adaptateurs de pression n\u00e9gative et r\u00e9gulateurs mont\u00e9s sur masque (MMR)<\/a>.<\/p>\n<p><a href=\"https:\/\/staging.safetysourcefire.ca\/wp-content\/uploads\/2020\/04\/Hyperquat-Spec-Sheet.pdf\">Fiche technique<\/a><\/p>\n<p><a href=\"https:\/\/staging.safetysourcefire.ca\/wp-content\/uploads\/2020\/04\/Hyperquat-SDS-Sheet.pdf\">Fiche de donn\u00e9es de s\u00e9curit\u00e9<\/a><\/p>\n<p>De la compagnie Lalema, ce <a href=\"https:\/\/staging.safetysourcefire.ca\/fr_ca\/produit\/twist-mixx-dilution-system\/\">Syst\u00e8me de dilution Twist &amp; Mixx<\/a> fonctionne par gravit\u00e9 plut\u00f4t que m\u00e9caniquement, \u00e9liminant ainsi les variations de concentration dues aux changements de pression. Son ing\u00e9nierie, sa conception et sa polyvalence en font l'un des meilleurs syst\u00e8mes de dilution au monde.<\/p>\n<p>&nbsp;<\/p>\n<p><iframe loading=\"lazy\" src=\"https:\/\/www.youtube.com\/embed\/Z8bCio-Q5cA\" width=\"720\" height=\"405\" frameborder=\"0\" allowfullscreen=\"allowfullscreen\"><\/iframe><\/p>\n<p><iframe loading=\"lazy\" src=\"https:\/\/www.youtube.com\/embed\/bFjM-vsTJJ8\" width=\"720\" height=\"405\" frameborder=\"0\" allowfullscreen=\"allowfullscreen\"><\/iframe><\/p>","protected":false},"excerpt":{"rendered":"<p>D\u00e9sinfectant neutre de 5e g\u00e9n\u00e9ration - sans parfum<\/p>","protected":false},"featured_media":20203,"template":"","meta":[],"product_brand":[442],"product_cat":[445,75,462,47,123,466,50,45],"product_tag":[443],"class_list":{"0":"post-19855","1":"product","2":"type-product","3":"status-publish","4":"has-post-thumbnail","6":"product_brand-lalema","7":"product_cat-cleaning","8":"product_cat-decontamination","9":"product_cat-emergency-preparedness","10":"product_cat-hazmat","11":"product_cat-hazmat-ppe","12":"product_cat-pandemic","13":"product_cat-personal-protective-equipment","14":"product_cat-respiratory","15":"product_tag-lalema","17":"first","18":"instock","19":"shipping-taxable","20":"product-type-simple"},"yoast_head":"<!-- This site is optimized with the Yoast SEO plugin v27.4 - https:\/\/yoast.com\/product\/yoast-seo-wordpress\/ -->\n<title>HYPERQUAT Disinfectant Cleaner for Twist &amp; Mixx - Safety Source Fire<\/title>\n<meta name=\"robots\" content=\"noindex, follow, max-snippet:-1, max-image-preview:large, max-video-preview:-1\" \/>\n<meta property=\"og:locale\" content=\"fr_CA\" \/>\n<meta property=\"og:type\" content=\"article\" \/>\n<meta property=\"og:title\" content=\"HYPERQUAT Disinfectant Cleaner for Twist &amp; Mixx - Safety Source Fire\" \/>\n<meta property=\"og:description\" content=\"Fragrance-free 5th generation quaternary neutral disinfectant\" \/>\n<meta property=\"og:url\" content=\"https:\/\/staging.safetysourcefire.ca\/fr_ca\/produit\/hyperquat-disinfectant-cleaner-for-twist-mixx\/\" \/>\n<meta property=\"og:site_name\" content=\"Safety Source Fire\" \/>\n<meta property=\"article:publisher\" content=\"https:\/\/www.facebook.com\/mmfssca\" \/>\n<meta property=\"article:modified_time\" content=\"2021-04-09T15:55:38+00:00\" \/>\n<meta property=\"og:image\" content=\"https:\/\/staging.safetysourcefire.ca\/wp-content\/uploads\/2020\/04\/HyperquatLoHi.jpg\" \/>\n\t<meta property=\"og:image:width\" content=\"600\" \/>\n\t<meta property=\"og:image:height\" content=\"600\" \/>\n\t<meta property=\"og:image:type\" content=\"image\/jpeg\" \/>\n<meta name=\"twitter:card\" content=\"summary_large_image\" \/>\n<meta name=\"twitter:site\" content=\"@mmfssca\" \/>\n<meta name=\"twitter:label1\" content=\"Estimation du temps de lecture\" \/>\n\t<meta name=\"twitter:data1\" content=\"1 minute\" \/>\n<script type=\"application\/ld+json\" class=\"yoast-schema-graph\">{\"@context\":\"https:\\\/\\\/schema.org\",\"@graph\":[{\"@type\":\"WebPage\",\"@id\":\"https:\\\/\\\/staging.safetysourcefire.ca\\\/product\\\/hyperquat-disinfectant-cleaner-for-twist-mixx\\\/\",\"url\":\"https:\\\/\\\/staging.safetysourcefire.ca\\\/product\\\/hyperquat-disinfectant-cleaner-for-twist-mixx\\\/\",\"name\":\"HYPERQUAT Disinfectant Cleaner for Twist & Mixx - Safety Source Fire\",\"isPartOf\":{\"@id\":\"https:\\\/\\\/staging.safetysourcefire.ca\\\/#website\"},\"primaryImageOfPage\":{\"@id\":\"https:\\\/\\\/staging.safetysourcefire.ca\\\/product\\\/hyperquat-disinfectant-cleaner-for-twist-mixx\\\/#primaryimage\"},\"image\":{\"@id\":\"https:\\\/\\\/staging.safetysourcefire.ca\\\/product\\\/hyperquat-disinfectant-cleaner-for-twist-mixx\\\/#primaryimage\"},\"thumbnailUrl\":\"https:\\\/\\\/staging.safetysourcefire.ca\\\/wp-content\\\/uploads\\\/2020\\\/04\\\/HyperquatLoHi.jpg\",\"datePublished\":\"2020-07-09T06:00:49+00:00\",\"dateModified\":\"2021-04-09T15:55:38+00:00\",\"breadcrumb\":{\"@id\":\"https:\\\/\\\/staging.safetysourcefire.ca\\\/product\\\/hyperquat-disinfectant-cleaner-for-twist-mixx\\\/#breadcrumb\"},\"inLanguage\":\"fr-CA\",\"potentialAction\":[{\"@type\":\"ReadAction\",\"target\":[\"https:\\\/\\\/staging.safetysourcefire.ca\\\/product\\\/hyperquat-disinfectant-cleaner-for-twist-mixx\\\/\"]}]},{\"@type\":\"ImageObject\",\"inLanguage\":\"fr-CA\",\"@id\":\"https:\\\/\\\/staging.safetysourcefire.ca\\\/product\\\/hyperquat-disinfectant-cleaner-for-twist-mixx\\\/#primaryimage\",\"url\":\"https:\\\/\\\/staging.safetysourcefire.ca\\\/wp-content\\\/uploads\\\/2020\\\/04\\\/HyperquatLoHi.jpg\",\"contentUrl\":\"https:\\\/\\\/staging.safetysourcefire.ca\\\/wp-content\\\/uploads\\\/2020\\\/04\\\/HyperquatLoHi.jpg\",\"width\":600,\"height\":600,\"caption\":\"2 plastic containers\"},{\"@type\":\"BreadcrumbList\",\"@id\":\"https:\\\/\\\/staging.safetysourcefire.ca\\\/product\\\/hyperquat-disinfectant-cleaner-for-twist-mixx\\\/#breadcrumb\",\"itemListElement\":[{\"@type\":\"ListItem\",\"position\":1,\"name\":\"Home\",\"item\":\"https:\\\/\\\/staging.safetysourcefire.ca\\\/\"},{\"@type\":\"ListItem\",\"position\":2,\"name\":\"Products\",\"item\":\"https:\\\/\\\/staging.safetysourcefire.ca\\\/shop\\\/\"},{\"@type\":\"ListItem\",\"position\":3,\"name\":\"HYPERQUAT Disinfectant Cleaner for Twist &#038; Mixx\"}]},{\"@type\":\"WebSite\",\"@id\":\"https:\\\/\\\/staging.safetysourcefire.ca\\\/#website\",\"url\":\"https:\\\/\\\/staging.safetysourcefire.ca\\\/\",\"name\":\"Safety Source Fire\",\"description\":\"\",\"publisher\":{\"@id\":\"https:\\\/\\\/staging.safetysourcefire.ca\\\/#organization\"},\"potentialAction\":[{\"@type\":\"SearchAction\",\"target\":{\"@type\":\"EntryPoint\",\"urlTemplate\":\"https:\\\/\\\/staging.safetysourcefire.ca\\\/?s={search_term_string}\"},\"query-input\":{\"@type\":\"PropertyValueSpecification\",\"valueRequired\":true,\"valueName\":\"search_term_string\"}}],\"inLanguage\":\"fr-CA\"},{\"@type\":\"Organization\",\"@id\":\"https:\\\/\\\/staging.safetysourcefire.ca\\\/#organization\",\"name\":\"Safety Source Fire\",\"url\":\"https:\\\/\\\/staging.safetysourcefire.ca\\\/\",\"logo\":{\"@type\":\"ImageObject\",\"inLanguage\":\"fr-CA\",\"@id\":\"https:\\\/\\\/staging.safetysourcefire.ca\\\/#\\\/schema\\\/logo\\\/image\\\/\",\"url\":\"https:\\\/\\\/staging.safetysourcefire.ca\\\/wp-content\\\/uploads\\\/2021\\\/01\\\/SSF_logo_CC0000-3.png\",\"contentUrl\":\"https:\\\/\\\/staging.safetysourcefire.ca\\\/wp-content\\\/uploads\\\/2021\\\/01\\\/SSF_logo_CC0000-3.png\",\"width\":1107,\"height\":365,\"caption\":\"Safety Source Fire\"},\"image\":{\"@id\":\"https:\\\/\\\/staging.safetysourcefire.ca\\\/#\\\/schema\\\/logo\\\/image\\\/\"},\"sameAs\":[\"https:\\\/\\\/www.facebook.com\\\/mmfssca\",\"https:\\\/\\\/x.com\\\/mmfssca\"]}]}<\/script>\n<!-- \/ Yoast SEO plugin. -->","yoast_head_json":{"title":"Nettoyant d\u00e9sinfectant HYPERQUAT pour Twist &amp; Mixx - Safety Source Fire","robots":{"index":"noindex","follow":"follow","max-snippet":"max-snippet:-1","max-image-preview":"max-image-preview:large","max-video-preview":"max-video-preview:-1"},"og_locale":"fr_CA","og_type":"article","og_title":"HYPERQUAT Disinfectant Cleaner for Twist & Mixx - Safety Source Fire","og_description":"Fragrance-free 5th generation quaternary neutral disinfectant","og_url":"https:\/\/staging.safetysourcefire.ca\/fr_ca\/produit\/hyperquat-disinfectant-cleaner-for-twist-mixx\/","og_site_name":"Safety Source Fire","article_publisher":"https:\/\/www.facebook.com\/mmfssca","article_modified_time":"2021-04-09T15:55:38+00:00","og_image":[{"width":600,"height":600,"url":"https:\/\/staging.safetysourcefire.ca\/wp-content\/uploads\/2020\/04\/HyperquatLoHi.jpg","type":"image\/jpeg"}],"twitter_card":"summary_large_image","twitter_site":"@mmfssca","twitter_misc":{"Estimation du temps de lecture":"1 minute"},"schema":{"@context":"https:\/\/schema.org","@graph":[{"@type":"WebPage","@id":"https:\/\/staging.safetysourcefire.ca\/product\/hyperquat-disinfectant-cleaner-for-twist-mixx\/","url":"https:\/\/staging.safetysourcefire.ca\/product\/hyperquat-disinfectant-cleaner-for-twist-mixx\/","name":"Nettoyant d\u00e9sinfectant HYPERQUAT pour Twist &amp; Mixx - Safety Source Fire","isPartOf":{"@id":"https:\/\/staging.safetysourcefire.ca\/#website"},"primaryImageOfPage":{"@id":"https:\/\/staging.safetysourcefire.ca\/product\/hyperquat-disinfectant-cleaner-for-twist-mixx\/#primaryimage"},"image":{"@id":"https:\/\/staging.safetysourcefire.ca\/product\/hyperquat-disinfectant-cleaner-for-twist-mixx\/#primaryimage"},"thumbnailUrl":"https:\/\/staging.safetysourcefire.ca\/wp-content\/uploads\/2020\/04\/HyperquatLoHi.jpg","datePublished":"2020-07-09T06:00:49+00:00","dateModified":"2021-04-09T15:55:38+00:00","breadcrumb":{"@id":"https:\/\/staging.safetysourcefire.ca\/product\/hyperquat-disinfectant-cleaner-for-twist-mixx\/#breadcrumb"},"inLanguage":"fr-CA","potentialAction":[{"@type":"ReadAction","target":["https:\/\/staging.safetysourcefire.ca\/product\/hyperquat-disinfectant-cleaner-for-twist-mixx\/"]}]},{"@type":"ImageObject","inLanguage":"fr-CA","@id":"https:\/\/staging.safetysourcefire.ca\/product\/hyperquat-disinfectant-cleaner-for-twist-mixx\/#primaryimage","url":"https:\/\/staging.safetysourcefire.ca\/wp-content\/uploads\/2020\/04\/HyperquatLoHi.jpg","contentUrl":"https:\/\/staging.safetysourcefire.ca\/wp-content\/uploads\/2020\/04\/HyperquatLoHi.jpg","width":600,"height":600,"caption":"2 plastic containers"},{"@type":"BreadcrumbList","@id":"https:\/\/staging.safetysourcefire.ca\/product\/hyperquat-disinfectant-cleaner-for-twist-mixx\/#breadcrumb","itemListElement":[{"@type":"ListItem","position":1,"name":"Home","item":"https:\/\/staging.safetysourcefire.ca\/"},{"@type":"ListItem","position":2,"name":"Products","item":"https:\/\/staging.safetysourcefire.ca\/shop\/"},{"@type":"ListItem","position":3,"name":"HYPERQUAT Disinfectant Cleaner for Twist &#038; Mixx"}]},{"@type":"WebSite","@id":"https:\/\/staging.safetysourcefire.ca\/#website","url":"https:\/\/staging.safetysourcefire.ca\/","name":"Safety Source Fire","description":"","publisher":{"@id":"https:\/\/staging.safetysourcefire.ca\/#organization"},"potentialAction":[{"@type":"SearchAction","target":{"@type":"EntryPoint","urlTemplate":"https:\/\/staging.safetysourcefire.ca\/?s={search_term_string}"},"query-input":{"@type":"PropertyValueSpecification","valueRequired":true,"valueName":"search_term_string"}}],"inLanguage":"fr-CA"},{"@type":"Organization","@id":"https:\/\/staging.safetysourcefire.ca\/#organization","name":"Safety Source Fire","url":"https:\/\/staging.safetysourcefire.ca\/","logo":{"@type":"ImageObject","inLanguage":"fr-CA","@id":"https:\/\/staging.safetysourcefire.ca\/#\/schema\/logo\/image\/","url":"https:\/\/staging.safetysourcefire.ca\/wp-content\/uploads\/2021\/01\/SSF_logo_CC0000-3.png","contentUrl":"https:\/\/staging.safetysourcefire.ca\/wp-content\/uploads\/2021\/01\/SSF_logo_CC0000-3.png","width":1107,"height":365,"caption":"Safety Source Fire"},"image":{"@id":"https:\/\/staging.safetysourcefire.ca\/#\/schema\/logo\/image\/"},"sameAs":["https:\/\/www.facebook.com\/mmfssca","https:\/\/x.com\/mmfssca"]}]}},"_links":{"self":[{"href":"https:\/\/staging.safetysourcefire.ca\/fr_ca\/wp-json\/wp\/v2\/product\/19855","targetHints":{"allow":["GET"]}}],"collection":[{"href":"https:\/\/staging.safetysourcefire.ca\/fr_ca\/wp-json\/wp\/v2\/product"}],"about":[{"href":"https:\/\/staging.safetysourcefire.ca\/fr_ca\/wp-json\/wp\/v2\/types\/product"}],"wp:featuredmedia":[{"embeddable":true,"href":"https:\/\/staging.safetysourcefire.ca\/fr_ca\/wp-json\/wp\/v2\/media\/20203"}],"wp:attachment":[{"href":"https:\/\/staging.safetysourcefire.ca\/fr_ca\/wp-json\/wp\/v2\/media?parent=19855"}],"wp:term":[{"taxonomy":"product_brand","embeddable":true,"href":"https:\/\/staging.safetysourcefire.ca\/fr_ca\/wp-json\/wp\/v2\/product_brand?post=19855"},{"taxonomy":"product_cat","embeddable":true,"href":"https:\/\/staging.safetysourcefire.ca\/fr_ca\/wp-json\/wp\/v2\/product_cat?post=19855"},{"taxonomy":"product_tag","embeddable":true,"href":"https:\/\/staging.safetysourcefire.ca\/fr_ca\/wp-json\/wp\/v2\/product_tag?post=19855"}],"curies":[{"name":"wp","href":"https:\/\/api.w.org\/{rel}","templated":true}]}}