{"id":1975,"date":"2017-06-01T15:21:12","date_gmt":"2017-06-01T15:21:12","guid":{"rendered":"http:\/\/mmfss.ca\/?post_type=product&#038;p=1975"},"modified":"2020-04-21T17:20:17","modified_gmt":"2020-04-21T17:20:17","slug":"telescopic-ram-tr-5350-lp","status":"publish","type":"product","link":"https:\/\/staging.safetysourcefire.ca\/fr_ca\/produit\/telescopic-ram-tr-5350-lp\/","title":{"rendered":"V\u00e9rin t\u00e9lescopique TR 5350 LP"},"content":{"rendered":"<p><strong>Fonctionnalit\u00e9s:<\/strong><\/p>\n<p>Poids r\u00e9duit<\/p>\n<ul>\n<li>Gr\u00e2ce \u00e0 de nouveaux mat\u00e9riaux, \u00e0 l'int\u00e9gration de composants uniques et \u00e0 une conception intelligente, l'outil est facile \u00e0 transporter et \u00e0 manipuler, r\u00e9duisant ainsi la fatigue physique de l'utilisateur.<\/li>\n<\/ul>\n<p>Performances accrues<\/p>\n<ul>\n<li>Plus de force d'\u00e9cartement au 2e \u00e9tage, l\u00e0 o\u00f9 vous en avez le plus besoin. Plus de longueur pour augmenter vos options de d\u00e9sincarc\u00e9ration.<\/li>\n<\/ul>\n<p>Pointeur laser int\u00e9gr\u00e9 dans la t\u00eate<\/p>\n<ul>\n<li>Marque l'endroit exact o\u00f9 le b\u00e9lier touchera l'objet<\/li>\n<li>Permet un positionnement correct du premier coup: permet de gagner du temps tout en \u00e9tant plus s\u00e9curitaire pour le patient<\/li>\n<\/ul>\n<p>\u00c9clairage LED int\u00e9gr\u00e9<\/p>\n<ul>\n<li>\u00c9clairage du piston et du c\u00f4t\u00e9 de la base du v\u00e9rin (6 LED au total)<\/li>\n<li>Travaillez de jour comme de nuit sans \u00eatre g\u00ean\u00e9 par votre ombre!<\/li>\n<\/ul>\n<p>Poign\u00e9e de transport ergonomique<\/p>\n<ul>\n<li>Nouveau concept de poign\u00e9e pour un transport facile : l'outil reste en \u00e9quilibre<\/li>\n<li>Montage parall\u00e8le \u00e0 l&#039;outil pour limiter les dimensions<\/li>\n<\/ul>\n<p>Valve de vitesse int\u00e9gr\u00e9e<\/p>\n<ul>\n<li>Lorsqu&#039;il est d\u00e9charg\u00e9, le piston s&#039;\u00e9tend rapidement \u00e0 la distance souhait\u00e9e pour acc\u00e9l\u00e9rer le positionnement de votre v\u00e9rin<\/li>\n<\/ul>\n<p>Nouvelle poign\u00e9e de contr\u00f4le<\/p>\n<ul>\n<li>Conception ergonomique am\u00e9lior\u00e9e, offrant une meilleure prise en main pour un contr\u00f4le optimal de l&#039;outil<\/li>\n<\/ul>","protected":false},"excerpt":{"rendered":"<p>Features Decreased weight Lighter than ever, thanks to new materials, component integration and smart design. Easier to carry and handle, reducing physical strain. Increased performance More spreading force in 2nd stage, where you need it the most, and more length to expand your extrication options Integrated laser pointer in ram head Marks the exact spot [&hellip;]<\/p>\n","protected":false},"featured_media":1915,"template":"","meta":[],"product_brand":[174],"product_cat":[128,51],"product_tag":[309],"class_list":{"0":"post-1975","1":"product","2":"type-product","3":"status-publish","4":"has-post-thumbnail","6":"product_brand-holmatro","7":"product_cat-extrication-rescue","8":"product_cat-rescue","9":"product_tag-holmatro","11":"first","12":"instock","13":"shipping-taxable","14":"product-type-simple"},"yoast_head":"<!-- This site is optimized with the Yoast SEO plugin v27.4 - https:\/\/yoast.com\/product\/yoast-seo-wordpress\/ -->\n<title>Telescopic Ram TR 5350 LP - Safety Source Fire<\/title>\n<meta name=\"robots\" content=\"noindex, follow, max-snippet:-1, max-image-preview:large, max-video-preview:-1\" \/>\n<meta property=\"og:locale\" content=\"fr_CA\" \/>\n<meta property=\"og:type\" content=\"article\" \/>\n<meta property=\"og:title\" content=\"Telescopic Ram TR 5350 LP - Safety Source Fire\" \/>\n<meta property=\"og:description\" content=\"Features Decreased weight Lighter than ever, thanks to new materials, component integration and smart design. Easier to carry and handle, reducing physical strain. Increased performance More spreading force in 2nd stage, where you need it the most, and more length to expand your extrication options Integrated laser pointer in ram head Marks the exact spot [&hellip;]\" \/>\n<meta property=\"og:url\" content=\"https:\/\/staging.safetysourcefire.ca\/fr_ca\/produit\/telescopic-ram-tr-5350-lp\/\" \/>\n<meta property=\"og:site_name\" content=\"Safety Source Fire\" \/>\n<meta property=\"article:publisher\" content=\"https:\/\/www.facebook.com\/mmfssca\" \/>\n<meta property=\"article:modified_time\" content=\"2020-04-21T17:20:17+00:00\" \/>\n<meta property=\"og:image\" content=\"https:\/\/staging.safetysourcefire.ca\/wp-content\/uploads\/2017\/05\/TR-5350.jpg\" \/>\n\t<meta property=\"og:image:width\" content=\"600\" \/>\n\t<meta property=\"og:image:height\" content=\"600\" \/>\n\t<meta property=\"og:image:type\" content=\"image\/jpeg\" \/>\n<meta name=\"twitter:card\" content=\"summary_large_image\" \/>\n<meta name=\"twitter:site\" content=\"@mmfssca\" \/>\n<meta name=\"twitter:label1\" content=\"Estimation du temps de lecture\" \/>\n\t<meta name=\"twitter:data1\" content=\"1 minute\" \/>\n<script type=\"application\/ld+json\" class=\"yoast-schema-graph\">{\"@context\":\"https:\\\/\\\/schema.org\",\"@graph\":[{\"@type\":\"WebPage\",\"@id\":\"https:\\\/\\\/staging.safetysourcefire.ca\\\/product\\\/telescopic-ram-tr-5350-lp\\\/\",\"url\":\"https:\\\/\\\/staging.safetysourcefire.ca\\\/product\\\/telescopic-ram-tr-5350-lp\\\/\",\"name\":\"Telescopic Ram TR 5350 LP - Safety Source Fire\",\"isPartOf\":{\"@id\":\"https:\\\/\\\/staging.safetysourcefire.ca\\\/#website\"},\"primaryImageOfPage\":{\"@id\":\"https:\\\/\\\/staging.safetysourcefire.ca\\\/product\\\/telescopic-ram-tr-5350-lp\\\/#primaryimage\"},\"image\":{\"@id\":\"https:\\\/\\\/staging.safetysourcefire.ca\\\/product\\\/telescopic-ram-tr-5350-lp\\\/#primaryimage\"},\"thumbnailUrl\":\"https:\\\/\\\/staging.safetysourcefire.ca\\\/wp-content\\\/uploads\\\/2017\\\/05\\\/TR-5350.jpg\",\"datePublished\":\"2017-06-01T15:21:12+00:00\",\"dateModified\":\"2020-04-21T17:20:17+00:00\",\"breadcrumb\":{\"@id\":\"https:\\\/\\\/staging.safetysourcefire.ca\\\/product\\\/telescopic-ram-tr-5350-lp\\\/#breadcrumb\"},\"inLanguage\":\"fr-CA\",\"potentialAction\":[{\"@type\":\"ReadAction\",\"target\":[\"https:\\\/\\\/staging.safetysourcefire.ca\\\/product\\\/telescopic-ram-tr-5350-lp\\\/\"]}]},{\"@type\":\"ImageObject\",\"inLanguage\":\"fr-CA\",\"@id\":\"https:\\\/\\\/staging.safetysourcefire.ca\\\/product\\\/telescopic-ram-tr-5350-lp\\\/#primaryimage\",\"url\":\"https:\\\/\\\/staging.safetysourcefire.ca\\\/wp-content\\\/uploads\\\/2017\\\/05\\\/TR-5350.jpg\",\"contentUrl\":\"https:\\\/\\\/staging.safetysourcefire.ca\\\/wp-content\\\/uploads\\\/2017\\\/05\\\/TR-5350.jpg\",\"width\":600,\"height\":600,\"caption\":\"Telescopic Ram TR 5350 LP\"},{\"@type\":\"BreadcrumbList\",\"@id\":\"https:\\\/\\\/staging.safetysourcefire.ca\\\/product\\\/telescopic-ram-tr-5350-lp\\\/#breadcrumb\",\"itemListElement\":[{\"@type\":\"ListItem\",\"position\":1,\"name\":\"Home\",\"item\":\"https:\\\/\\\/staging.safetysourcefire.ca\\\/\"},{\"@type\":\"ListItem\",\"position\":2,\"name\":\"Products\",\"item\":\"https:\\\/\\\/staging.safetysourcefire.ca\\\/shop\\\/\"},{\"@type\":\"ListItem\",\"position\":3,\"name\":\"Telescopic Ram TR 5350 LP\"}]},{\"@type\":\"WebSite\",\"@id\":\"https:\\\/\\\/staging.safetysourcefire.ca\\\/#website\",\"url\":\"https:\\\/\\\/staging.safetysourcefire.ca\\\/\",\"name\":\"Safety Source Fire\",\"description\":\"\",\"publisher\":{\"@id\":\"https:\\\/\\\/staging.safetysourcefire.ca\\\/#organization\"},\"potentialAction\":[{\"@type\":\"SearchAction\",\"target\":{\"@type\":\"EntryPoint\",\"urlTemplate\":\"https:\\\/\\\/staging.safetysourcefire.ca\\\/?s={search_term_string}\"},\"query-input\":{\"@type\":\"PropertyValueSpecification\",\"valueRequired\":true,\"valueName\":\"search_term_string\"}}],\"inLanguage\":\"fr-CA\"},{\"@type\":\"Organization\",\"@id\":\"https:\\\/\\\/staging.safetysourcefire.ca\\\/#organization\",\"name\":\"Safety Source Fire\",\"url\":\"https:\\\/\\\/staging.safetysourcefire.ca\\\/\",\"logo\":{\"@type\":\"ImageObject\",\"inLanguage\":\"fr-CA\",\"@id\":\"https:\\\/\\\/staging.safetysourcefire.ca\\\/#\\\/schema\\\/logo\\\/image\\\/\",\"url\":\"https:\\\/\\\/staging.safetysourcefire.ca\\\/wp-content\\\/uploads\\\/2021\\\/01\\\/SSF_logo_CC0000-3.png\",\"contentUrl\":\"https:\\\/\\\/staging.safetysourcefire.ca\\\/wp-content\\\/uploads\\\/2021\\\/01\\\/SSF_logo_CC0000-3.png\",\"width\":1107,\"height\":365,\"caption\":\"Safety Source Fire\"},\"image\":{\"@id\":\"https:\\\/\\\/staging.safetysourcefire.ca\\\/#\\\/schema\\\/logo\\\/image\\\/\"},\"sameAs\":[\"https:\\\/\\\/www.facebook.com\\\/mmfssca\",\"https:\\\/\\\/x.com\\\/mmfssca\"]}]}<\/script>\n<!-- \/ Yoast SEO plugin. -->","yoast_head_json":{"title":"V\u00e9rin t\u00e9lescopique TR 5350 LP - Safety Source Fire","robots":{"index":"noindex","follow":"follow","max-snippet":"max-snippet:-1","max-image-preview":"max-image-preview:large","max-video-preview":"max-video-preview:-1"},"og_locale":"fr_CA","og_type":"article","og_title":"Telescopic Ram TR 5350 LP - Safety Source Fire","og_description":"Features Decreased weight Lighter than ever, thanks to new materials, component integration and smart design. Easier to carry and handle, reducing physical strain. Increased performance More spreading force in 2nd stage, where you need it the most, and more length to expand your extrication options Integrated laser pointer in ram head Marks the exact spot [&hellip;]","og_url":"https:\/\/staging.safetysourcefire.ca\/fr_ca\/produit\/telescopic-ram-tr-5350-lp\/","og_site_name":"Safety Source Fire","article_publisher":"https:\/\/www.facebook.com\/mmfssca","article_modified_time":"2020-04-21T17:20:17+00:00","og_image":[{"width":600,"height":600,"url":"https:\/\/staging.safetysourcefire.ca\/wp-content\/uploads\/2017\/05\/TR-5350.jpg","type":"image\/jpeg"}],"twitter_card":"summary_large_image","twitter_site":"@mmfssca","twitter_misc":{"Estimation du temps de lecture":"1 minute"},"schema":{"@context":"https:\/\/schema.org","@graph":[{"@type":"WebPage","@id":"https:\/\/staging.safetysourcefire.ca\/product\/telescopic-ram-tr-5350-lp\/","url":"https:\/\/staging.safetysourcefire.ca\/product\/telescopic-ram-tr-5350-lp\/","name":"V\u00e9rin t\u00e9lescopique TR 5350 LP - Safety Source Fire","isPartOf":{"@id":"https:\/\/staging.safetysourcefire.ca\/#website"},"primaryImageOfPage":{"@id":"https:\/\/staging.safetysourcefire.ca\/product\/telescopic-ram-tr-5350-lp\/#primaryimage"},"image":{"@id":"https:\/\/staging.safetysourcefire.ca\/product\/telescopic-ram-tr-5350-lp\/#primaryimage"},"thumbnailUrl":"https:\/\/staging.safetysourcefire.ca\/wp-content\/uploads\/2017\/05\/TR-5350.jpg","datePublished":"2017-06-01T15:21:12+00:00","dateModified":"2020-04-21T17:20:17+00:00","breadcrumb":{"@id":"https:\/\/staging.safetysourcefire.ca\/product\/telescopic-ram-tr-5350-lp\/#breadcrumb"},"inLanguage":"fr-CA","potentialAction":[{"@type":"ReadAction","target":["https:\/\/staging.safetysourcefire.ca\/product\/telescopic-ram-tr-5350-lp\/"]}]},{"@type":"ImageObject","inLanguage":"fr-CA","@id":"https:\/\/staging.safetysourcefire.ca\/product\/telescopic-ram-tr-5350-lp\/#primaryimage","url":"https:\/\/staging.safetysourcefire.ca\/wp-content\/uploads\/2017\/05\/TR-5350.jpg","contentUrl":"https:\/\/staging.safetysourcefire.ca\/wp-content\/uploads\/2017\/05\/TR-5350.jpg","width":600,"height":600,"caption":"Telescopic Ram TR 5350 LP"},{"@type":"BreadcrumbList","@id":"https:\/\/staging.safetysourcefire.ca\/product\/telescopic-ram-tr-5350-lp\/#breadcrumb","itemListElement":[{"@type":"ListItem","position":1,"name":"Home","item":"https:\/\/staging.safetysourcefire.ca\/"},{"@type":"ListItem","position":2,"name":"Products","item":"https:\/\/staging.safetysourcefire.ca\/shop\/"},{"@type":"ListItem","position":3,"name":"Telescopic Ram TR 5350 LP"}]},{"@type":"WebSite","@id":"https:\/\/staging.safetysourcefire.ca\/#website","url":"https:\/\/staging.safetysourcefire.ca\/","name":"Safety Source Fire","description":"","publisher":{"@id":"https:\/\/staging.safetysourcefire.ca\/#organization"},"potentialAction":[{"@type":"SearchAction","target":{"@type":"EntryPoint","urlTemplate":"https:\/\/staging.safetysourcefire.ca\/?s={search_term_string}"},"query-input":{"@type":"PropertyValueSpecification","valueRequired":true,"valueName":"search_term_string"}}],"inLanguage":"fr-CA"},{"@type":"Organization","@id":"https:\/\/staging.safetysourcefire.ca\/#organization","name":"Safety Source Fire","url":"https:\/\/staging.safetysourcefire.ca\/","logo":{"@type":"ImageObject","inLanguage":"fr-CA","@id":"https:\/\/staging.safetysourcefire.ca\/#\/schema\/logo\/image\/","url":"https:\/\/staging.safetysourcefire.ca\/wp-content\/uploads\/2021\/01\/SSF_logo_CC0000-3.png","contentUrl":"https:\/\/staging.safetysourcefire.ca\/wp-content\/uploads\/2021\/01\/SSF_logo_CC0000-3.png","width":1107,"height":365,"caption":"Safety Source Fire"},"image":{"@id":"https:\/\/staging.safetysourcefire.ca\/#\/schema\/logo\/image\/"},"sameAs":["https:\/\/www.facebook.com\/mmfssca","https:\/\/x.com\/mmfssca"]}]}},"_links":{"self":[{"href":"https:\/\/staging.safetysourcefire.ca\/fr_ca\/wp-json\/wp\/v2\/product\/1975","targetHints":{"allow":["GET"]}}],"collection":[{"href":"https:\/\/staging.safetysourcefire.ca\/fr_ca\/wp-json\/wp\/v2\/product"}],"about":[{"href":"https:\/\/staging.safetysourcefire.ca\/fr_ca\/wp-json\/wp\/v2\/types\/product"}],"wp:featuredmedia":[{"embeddable":true,"href":"https:\/\/staging.safetysourcefire.ca\/fr_ca\/wp-json\/wp\/v2\/media\/1915"}],"wp:attachment":[{"href":"https:\/\/staging.safetysourcefire.ca\/fr_ca\/wp-json\/wp\/v2\/media?parent=1975"}],"wp:term":[{"taxonomy":"product_brand","embeddable":true,"href":"https:\/\/staging.safetysourcefire.ca\/fr_ca\/wp-json\/wp\/v2\/product_brand?post=1975"},{"taxonomy":"product_cat","embeddable":true,"href":"https:\/\/staging.safetysourcefire.ca\/fr_ca\/wp-json\/wp\/v2\/product_cat?post=1975"},{"taxonomy":"product_tag","embeddable":true,"href":"https:\/\/staging.safetysourcefire.ca\/fr_ca\/wp-json\/wp\/v2\/product_tag?post=1975"}],"curies":[{"name":"wp","href":"https:\/\/api.w.org\/{rel}","templated":true}]}}