{"id":1967,"date":"2017-06-01T15:09:54","date_gmt":"2017-06-01T15:09:54","guid":{"rendered":"http:\/\/mmfss.ca\/?post_type=product&#038;p=1967"},"modified":"2018-03-19T13:51:03","modified_gmt":"2018-03-19T13:51:03","slug":"electric-trio-pump-sr-40-hc-3-r","status":"publish","type":"product","link":"https:\/\/staging.safetysourcefire.ca\/fr_ca\/produit\/electric-trio-pump-sr-40-hc-3-r\/","title":{"rendered":"Pompe \u00e9lectrique Trio SR 40 HC 3 R"},"content":{"rendered":"<p><strong>Options incluses:<\/strong><\/p>\n<ul>\n<li>Indicateur de niveau d&#039;huile hydraulique (jauge)<\/li>\n<li>Poign\u00e9e de transport souple<\/li>\n<li>Interrupteur marche\/arr\u00eat \u00e0 distance<\/li>\n<\/ul>\n<p><strong>Fonctionnalit\u00e9s:<\/strong><\/p>\n<p>Technologie CORE<\/p>\n<ul>\n<li>Plus rapide (gain de temps)<\/li>\n<li>Plus s\u00e9curitaire (plus facile \u00e0 utiliser)<\/li>\n<li>Plus efficace (r\u00e9duit la fatigue chez les utilisateurs)<\/li>\n<\/ul>\n<p>Pompe \u00e0 3 niveaux<\/p>\n<ul>\n<li>D\u00e9bit\/vitesse beaucoup plus \u00e9lev\u00e9s au 2e niveau: pour des op\u00e9rations de sauvetage plus rapides<\/li>\n<li>D\u00e9bit\/vitesse inf\u00e9rieurs au 3e niveau: pour un meilleur contr\u00f4le de l'outil<\/li>\n<\/ul>\n<p>Grande capacit\u00e9 d&#039;huile hydraulique<\/p>\n<ul>\n<li>Assez d&#039;huile pour faire fonctionner 3 outils en m\u00eame temps<\/li>\n<\/ul>\n<p>Indicateur de niveau d&#039;huile hydraulique<\/p>\n<ul>\n<li>Jauge int\u00e9gr\u00e9e sur le dessus du r\u00e9servoir pour une surveillance rapide et facile du niveau d'huile<\/li>\n<\/ul>\n<p>Poign\u00e9e de transport souple<\/p>\n<ul>\n<li>Meilleure adh\u00e9rence<\/li>\n<li>Conception ergonomique pour un meilleur \u00e9quilibre de transport<\/li>\n<li>Plus facile \u00e0 transporter<\/li>\n<\/ul>\n<p>\u00c9clairage LED (accessoire en option)<\/p>\n<ul>\n<li>Facile \u00e0 rep\u00e9rer dans l'obscurit\u00e9<\/li>\n<li>Facilite le couplage et le d\u00e9couplage des tuyaux dans l&#039;obscurit\u00e9<\/li>\n<\/ul>\n<p>Huile min\u00e9rale non toxique<\/p>\n<ul>\n<li>\u00c9cologique<\/li>\n<\/ul>","protected":false},"excerpt":{"rendered":"<p>Pompe trio  \u00e9lectrique de la gamme Spider, 240 VAC, version CORE, avec 3 connexions pour outils (MTO: fonctionnement simultan\u00e9 des outils).<\/p>\n<p>&nbsp;<\/p>","protected":false},"featured_media":1906,"template":"","meta":[],"product_brand":[174],"product_cat":[128,51],"product_tag":[309],"class_list":{"0":"post-1967","1":"product","2":"type-product","3":"status-publish","4":"has-post-thumbnail","6":"product_brand-holmatro","7":"product_cat-extrication-rescue","8":"product_cat-rescue","9":"product_tag-holmatro","11":"first","12":"instock","13":"shipping-taxable","14":"product-type-simple"},"yoast_head":"<!-- This site is optimized with the Yoast SEO plugin v27.4 - https:\/\/yoast.com\/product\/yoast-seo-wordpress\/ -->\n<title>Electric Trio Pump SR 40 HC 3 R - Safety Source Fire<\/title>\n<meta name=\"robots\" content=\"noindex, follow, max-snippet:-1, max-image-preview:large, max-video-preview:-1\" \/>\n<meta property=\"og:locale\" content=\"fr_CA\" \/>\n<meta property=\"og:type\" content=\"article\" \/>\n<meta property=\"og:title\" content=\"Electric Trio Pump SR 40 HC 3 R - Safety Source Fire\" \/>\n<meta property=\"og:description\" content=\"240 VAC electrically-driven Spider range trio pump, CORE version, with 3 tool connections (MTO: simultaneous tool operation).  &nbsp;\" \/>\n<meta property=\"og:url\" content=\"https:\/\/staging.safetysourcefire.ca\/fr_ca\/produit\/electric-trio-pump-sr-40-hc-3-r\/\" \/>\n<meta property=\"og:site_name\" content=\"Safety Source Fire\" \/>\n<meta property=\"article:publisher\" content=\"https:\/\/www.facebook.com\/mmfssca\" \/>\n<meta property=\"article:modified_time\" content=\"2018-03-19T13:51:03+00:00\" \/>\n<meta property=\"og:image\" content=\"https:\/\/staging.safetysourcefire.ca\/wp-content\/uploads\/2017\/05\/SR-40-HC-3.jpg\" \/>\n\t<meta property=\"og:image:width\" content=\"600\" \/>\n\t<meta property=\"og:image:height\" content=\"600\" \/>\n\t<meta property=\"og:image:type\" content=\"image\/jpeg\" \/>\n<meta name=\"twitter:card\" content=\"summary_large_image\" \/>\n<meta name=\"twitter:site\" content=\"@mmfssca\" \/>\n<meta name=\"twitter:label1\" content=\"Estimation du temps de lecture\" \/>\n\t<meta name=\"twitter:data1\" content=\"1 minute\" \/>\n<script type=\"application\/ld+json\" class=\"yoast-schema-graph\">{\"@context\":\"https:\\\/\\\/schema.org\",\"@graph\":[{\"@type\":\"WebPage\",\"@id\":\"https:\\\/\\\/staging.safetysourcefire.ca\\\/product\\\/electric-trio-pump-sr-40-hc-3-r\\\/\",\"url\":\"https:\\\/\\\/staging.safetysourcefire.ca\\\/product\\\/electric-trio-pump-sr-40-hc-3-r\\\/\",\"name\":\"Electric Trio Pump SR 40 HC 3 R - Safety Source Fire\",\"isPartOf\":{\"@id\":\"https:\\\/\\\/staging.safetysourcefire.ca\\\/#website\"},\"primaryImageOfPage\":{\"@id\":\"https:\\\/\\\/staging.safetysourcefire.ca\\\/product\\\/electric-trio-pump-sr-40-hc-3-r\\\/#primaryimage\"},\"image\":{\"@id\":\"https:\\\/\\\/staging.safetysourcefire.ca\\\/product\\\/electric-trio-pump-sr-40-hc-3-r\\\/#primaryimage\"},\"thumbnailUrl\":\"https:\\\/\\\/staging.safetysourcefire.ca\\\/wp-content\\\/uploads\\\/2017\\\/05\\\/SR-40-HC-3.jpg\",\"datePublished\":\"2017-06-01T15:09:54+00:00\",\"dateModified\":\"2018-03-19T13:51:03+00:00\",\"breadcrumb\":{\"@id\":\"https:\\\/\\\/staging.safetysourcefire.ca\\\/product\\\/electric-trio-pump-sr-40-hc-3-r\\\/#breadcrumb\"},\"inLanguage\":\"fr-CA\",\"potentialAction\":[{\"@type\":\"ReadAction\",\"target\":[\"https:\\\/\\\/staging.safetysourcefire.ca\\\/product\\\/electric-trio-pump-sr-40-hc-3-r\\\/\"]}]},{\"@type\":\"ImageObject\",\"inLanguage\":\"fr-CA\",\"@id\":\"https:\\\/\\\/staging.safetysourcefire.ca\\\/product\\\/electric-trio-pump-sr-40-hc-3-r\\\/#primaryimage\",\"url\":\"https:\\\/\\\/staging.safetysourcefire.ca\\\/wp-content\\\/uploads\\\/2017\\\/05\\\/SR-40-HC-3.jpg\",\"contentUrl\":\"https:\\\/\\\/staging.safetysourcefire.ca\\\/wp-content\\\/uploads\\\/2017\\\/05\\\/SR-40-HC-3.jpg\",\"width\":600,\"height\":600,\"caption\":\"Electric Trio Pump SR 40 HC 3\"},{\"@type\":\"BreadcrumbList\",\"@id\":\"https:\\\/\\\/staging.safetysourcefire.ca\\\/product\\\/electric-trio-pump-sr-40-hc-3-r\\\/#breadcrumb\",\"itemListElement\":[{\"@type\":\"ListItem\",\"position\":1,\"name\":\"Home\",\"item\":\"https:\\\/\\\/staging.safetysourcefire.ca\\\/\"},{\"@type\":\"ListItem\",\"position\":2,\"name\":\"Products\",\"item\":\"https:\\\/\\\/staging.safetysourcefire.ca\\\/shop\\\/\"},{\"@type\":\"ListItem\",\"position\":3,\"name\":\"Electric Trio Pump SR 40 HC 3 R\"}]},{\"@type\":\"WebSite\",\"@id\":\"https:\\\/\\\/staging.safetysourcefire.ca\\\/#website\",\"url\":\"https:\\\/\\\/staging.safetysourcefire.ca\\\/\",\"name\":\"Safety Source Fire\",\"description\":\"\",\"publisher\":{\"@id\":\"https:\\\/\\\/staging.safetysourcefire.ca\\\/#organization\"},\"potentialAction\":[{\"@type\":\"SearchAction\",\"target\":{\"@type\":\"EntryPoint\",\"urlTemplate\":\"https:\\\/\\\/staging.safetysourcefire.ca\\\/?s={search_term_string}\"},\"query-input\":{\"@type\":\"PropertyValueSpecification\",\"valueRequired\":true,\"valueName\":\"search_term_string\"}}],\"inLanguage\":\"fr-CA\"},{\"@type\":\"Organization\",\"@id\":\"https:\\\/\\\/staging.safetysourcefire.ca\\\/#organization\",\"name\":\"Safety Source Fire\",\"url\":\"https:\\\/\\\/staging.safetysourcefire.ca\\\/\",\"logo\":{\"@type\":\"ImageObject\",\"inLanguage\":\"fr-CA\",\"@id\":\"https:\\\/\\\/staging.safetysourcefire.ca\\\/#\\\/schema\\\/logo\\\/image\\\/\",\"url\":\"https:\\\/\\\/staging.safetysourcefire.ca\\\/wp-content\\\/uploads\\\/2021\\\/01\\\/SSF_logo_CC0000-3.png\",\"contentUrl\":\"https:\\\/\\\/staging.safetysourcefire.ca\\\/wp-content\\\/uploads\\\/2021\\\/01\\\/SSF_logo_CC0000-3.png\",\"width\":1107,\"height\":365,\"caption\":\"Safety Source Fire\"},\"image\":{\"@id\":\"https:\\\/\\\/staging.safetysourcefire.ca\\\/#\\\/schema\\\/logo\\\/image\\\/\"},\"sameAs\":[\"https:\\\/\\\/www.facebook.com\\\/mmfssca\",\"https:\\\/\\\/x.com\\\/mmfssca\"]}]}<\/script>\n<!-- \/ Yoast SEO plugin. -->","yoast_head_json":{"title":"Pompe \u00e9lectrique Trio SR 40 HC 3 R - S\u00e9curit\u00e9 incendie","robots":{"index":"noindex","follow":"follow","max-snippet":"max-snippet:-1","max-image-preview":"max-image-preview:large","max-video-preview":"max-video-preview:-1"},"og_locale":"fr_CA","og_type":"article","og_title":"Electric Trio Pump SR 40 HC 3 R - Safety Source Fire","og_description":"240 VAC electrically-driven Spider range trio pump, CORE version, with 3 tool connections (MTO: simultaneous tool operation).  &nbsp;","og_url":"https:\/\/staging.safetysourcefire.ca\/fr_ca\/produit\/electric-trio-pump-sr-40-hc-3-r\/","og_site_name":"Safety Source Fire","article_publisher":"https:\/\/www.facebook.com\/mmfssca","article_modified_time":"2018-03-19T13:51:03+00:00","og_image":[{"width":600,"height":600,"url":"https:\/\/staging.safetysourcefire.ca\/wp-content\/uploads\/2017\/05\/SR-40-HC-3.jpg","type":"image\/jpeg"}],"twitter_card":"summary_large_image","twitter_site":"@mmfssca","twitter_misc":{"Estimation du temps de lecture":"1 minute"},"schema":{"@context":"https:\/\/schema.org","@graph":[{"@type":"WebPage","@id":"https:\/\/staging.safetysourcefire.ca\/product\/electric-trio-pump-sr-40-hc-3-r\/","url":"https:\/\/staging.safetysourcefire.ca\/product\/electric-trio-pump-sr-40-hc-3-r\/","name":"Pompe \u00e9lectrique Trio SR 40 HC 3 R - S\u00e9curit\u00e9 incendie","isPartOf":{"@id":"https:\/\/staging.safetysourcefire.ca\/#website"},"primaryImageOfPage":{"@id":"https:\/\/staging.safetysourcefire.ca\/product\/electric-trio-pump-sr-40-hc-3-r\/#primaryimage"},"image":{"@id":"https:\/\/staging.safetysourcefire.ca\/product\/electric-trio-pump-sr-40-hc-3-r\/#primaryimage"},"thumbnailUrl":"https:\/\/staging.safetysourcefire.ca\/wp-content\/uploads\/2017\/05\/SR-40-HC-3.jpg","datePublished":"2017-06-01T15:09:54+00:00","dateModified":"2018-03-19T13:51:03+00:00","breadcrumb":{"@id":"https:\/\/staging.safetysourcefire.ca\/product\/electric-trio-pump-sr-40-hc-3-r\/#breadcrumb"},"inLanguage":"fr-CA","potentialAction":[{"@type":"ReadAction","target":["https:\/\/staging.safetysourcefire.ca\/product\/electric-trio-pump-sr-40-hc-3-r\/"]}]},{"@type":"ImageObject","inLanguage":"fr-CA","@id":"https:\/\/staging.safetysourcefire.ca\/product\/electric-trio-pump-sr-40-hc-3-r\/#primaryimage","url":"https:\/\/staging.safetysourcefire.ca\/wp-content\/uploads\/2017\/05\/SR-40-HC-3.jpg","contentUrl":"https:\/\/staging.safetysourcefire.ca\/wp-content\/uploads\/2017\/05\/SR-40-HC-3.jpg","width":600,"height":600,"caption":"Electric Trio Pump SR 40 HC 3"},{"@type":"BreadcrumbList","@id":"https:\/\/staging.safetysourcefire.ca\/product\/electric-trio-pump-sr-40-hc-3-r\/#breadcrumb","itemListElement":[{"@type":"ListItem","position":1,"name":"Home","item":"https:\/\/staging.safetysourcefire.ca\/"},{"@type":"ListItem","position":2,"name":"Products","item":"https:\/\/staging.safetysourcefire.ca\/shop\/"},{"@type":"ListItem","position":3,"name":"Electric Trio Pump SR 40 HC 3 R"}]},{"@type":"WebSite","@id":"https:\/\/staging.safetysourcefire.ca\/#website","url":"https:\/\/staging.safetysourcefire.ca\/","name":"Safety Source Fire","description":"","publisher":{"@id":"https:\/\/staging.safetysourcefire.ca\/#organization"},"potentialAction":[{"@type":"SearchAction","target":{"@type":"EntryPoint","urlTemplate":"https:\/\/staging.safetysourcefire.ca\/?s={search_term_string}"},"query-input":{"@type":"PropertyValueSpecification","valueRequired":true,"valueName":"search_term_string"}}],"inLanguage":"fr-CA"},{"@type":"Organization","@id":"https:\/\/staging.safetysourcefire.ca\/#organization","name":"Safety Source Fire","url":"https:\/\/staging.safetysourcefire.ca\/","logo":{"@type":"ImageObject","inLanguage":"fr-CA","@id":"https:\/\/staging.safetysourcefire.ca\/#\/schema\/logo\/image\/","url":"https:\/\/staging.safetysourcefire.ca\/wp-content\/uploads\/2021\/01\/SSF_logo_CC0000-3.png","contentUrl":"https:\/\/staging.safetysourcefire.ca\/wp-content\/uploads\/2021\/01\/SSF_logo_CC0000-3.png","width":1107,"height":365,"caption":"Safety Source Fire"},"image":{"@id":"https:\/\/staging.safetysourcefire.ca\/#\/schema\/logo\/image\/"},"sameAs":["https:\/\/www.facebook.com\/mmfssca","https:\/\/x.com\/mmfssca"]}]}},"_links":{"self":[{"href":"https:\/\/staging.safetysourcefire.ca\/fr_ca\/wp-json\/wp\/v2\/product\/1967","targetHints":{"allow":["GET"]}}],"collection":[{"href":"https:\/\/staging.safetysourcefire.ca\/fr_ca\/wp-json\/wp\/v2\/product"}],"about":[{"href":"https:\/\/staging.safetysourcefire.ca\/fr_ca\/wp-json\/wp\/v2\/types\/product"}],"wp:featuredmedia":[{"embeddable":true,"href":"https:\/\/staging.safetysourcefire.ca\/fr_ca\/wp-json\/wp\/v2\/media\/1906"}],"wp:attachment":[{"href":"https:\/\/staging.safetysourcefire.ca\/fr_ca\/wp-json\/wp\/v2\/media?parent=1967"}],"wp:term":[{"taxonomy":"product_brand","embeddable":true,"href":"https:\/\/staging.safetysourcefire.ca\/fr_ca\/wp-json\/wp\/v2\/product_brand?post=1967"},{"taxonomy":"product_cat","embeddable":true,"href":"https:\/\/staging.safetysourcefire.ca\/fr_ca\/wp-json\/wp\/v2\/product_cat?post=1967"},{"taxonomy":"product_tag","embeddable":true,"href":"https:\/\/staging.safetysourcefire.ca\/fr_ca\/wp-json\/wp\/v2\/product_tag?post=1967"}],"curies":[{"name":"wp","href":"https:\/\/api.w.org\/{rel}","templated":true}]}}