{"id":1513,"date":"2017-05-18T16:52:35","date_gmt":"2017-05-18T16:52:35","guid":{"rendered":"http:\/\/mmfss.ca\/?post_type=product&#038;p=1513"},"modified":"2020-05-01T17:59:15","modified_gmt":"2020-05-01T17:59:15","slug":"professional-trauma-bag","status":"publish","type":"product","link":"https:\/\/staging.safetysourcefire.ca\/fr_ca\/produit\/professional-trauma-bag\/","title":{"rendered":"Sac professionnel de traumatologie BLS"},"content":{"rendered":"<p>Le sac de traumatologie professionnel de Ferno est dot\u00e9 d'un dos \u00e0 profil bas pour garder la trousse pr\u00e8s de l'utilisateur ainsi que d'un syst\u00e8me de harnais escamotable. Les sacs de traumatologie professionnels de Ferno comprennent des caract\u00e9ristiques durables telles que la construction DuPont\u00ae Cordura\u00ae, les fermetures \u00e0 glissi\u00e8re YKK\u00ae et la mousse structurelle Plastazote\u00ae \u00e0 double densit\u00e9. Les caract\u00e9ristiques suppl\u00e9mentaires incluent des renforts et des inserts amovibles pour une configuration personnalis\u00e9e, des bretelles dissimul\u00e9es, des \u00e9tiquettes r\u00e9fl\u00e9chissantes et un fond rempla\u00e7able qui prot\u00e8ge le sac du sol humide. Chaque sac est couvert par une garantie \u00e0 vie limit\u00e9e. Disponible en bleu ou rouge.<\/p>\n<p>Mod\u00e8le 5107<\/p>\n<div>\n<h3>FONCTIONNALIT\u00c9S<\/h3>\n<ul>\n<li>Dos \u00e0 profil bas<\/li>\n<li>Bandouli\u00e8re antid\u00e9rapante<\/li>\n<li>Poche avant organis\u00e9e avec \u00e9lastique et pochettes<\/li>\n<li>Syst\u00e8me de harnais de sac \u00e0 dos escamotable<\/li>\n<li>Fond de remplacement mod\u00e8le 5156 disponible<\/li>\n<li>Compatible avec la mini trousse<\/li>\n<li>La construction DuPont\u00ae Cordura\u00ae et la mousse structurelle Plastizoted\u00ae \u00e0 double densit\u00e9 offrent la meilleure qualit\u00e9 et une dur\u00e9e de vie plus longue<\/li>\n<li>Disponible en bleu ou rouge<\/li>\n<\/ul>\n<\/div>\n<div>\n<h3>AVANTAGES<\/h3>\n<ul>\n<li>Le dos \u00e0 profil bas maintient le sac pr\u00e8s de son utilisateur<\/li>\n<li>Bandouli\u00e8re antid\u00e9rapante<\/li>\n<li>Poche sup\u00e9rieure externe facile d&#039;acc\u00e8s pour le dispositif d&#039;aspiration<\/li>\n<\/ul>\n<\/div>\n<table class=\"spec_table\" border=\"0\" width=\"100%\" cellspacing=\"0\" cellpadding=\"4\">\n<tbody>\n<tr>\n<td colspan=\"2\" bgcolor=\"#dddddd\"><strong>Hauteur<\/strong><\/td>\n<\/tr>\n<tr align=\"center\">\n<td>15 pouces<\/td>\n<td>38cm<\/td>\n<\/tr>\n<tr>\n<td colspan=\"2\" bgcolor=\"#dddddd\"><strong>Longueur<\/strong><\/td>\n<\/tr>\n<tr align=\"center\">\n<td>22 pouces<\/td>\n<td>56cm<\/td>\n<\/tr>\n<tr>\n<td colspan=\"2\" bgcolor=\"#dddddd\"><strong>Largeur<\/strong><\/td>\n<\/tr>\n<tr align=\"center\">\n<td>12 pouces<\/td>\n<td>30cm<\/td>\n<\/tr>\n<\/tbody>\n<\/table>","protected":false},"excerpt":{"rendered":"<p>Le sac professionnel de traumatologie de Ferno optimise l'organisation afin d'accommoder les \u00e9quipements modernes utilis\u00e9s par les professionnels de l'urgence d'aujourd'hui.<\/p>","protected":false},"featured_media":1475,"template":"","meta":[],"product_brand":[168],"product_cat":[117,462,49,466],"product_tag":[288],"class_list":{"0":"post-1513","1":"product","2":"type-product","3":"status-publish","4":"has-post-thumbnail","6":"product_brand-ferno","7":"product_cat-bags-cases-and-storage","8":"product_cat-emergency-preparedness","9":"product_cat-medical","10":"product_cat-pandemic","11":"product_tag-ferno","13":"first","14":"instock","15":"shipping-taxable","16":"product-type-simple"},"yoast_head":"<!-- This site is optimized with the Yoast SEO plugin v27.4 - https:\/\/yoast.com\/product\/yoast-seo-wordpress\/ -->\n<title>Professional BLS Trauma Bag - Safety Source Fire<\/title>\n<meta name=\"robots\" content=\"noindex, follow, max-snippet:-1, max-image-preview:large, max-video-preview:-1\" \/>\n<meta property=\"og:locale\" content=\"fr_CA\" \/>\n<meta property=\"og:type\" content=\"article\" \/>\n<meta property=\"og:title\" content=\"Professional BLS Trauma Bag - Safety Source Fire\" \/>\n<meta property=\"og:description\" content=\"Ferno&#039;s Professional Trauma Bag optimizes organization to accommodate the most modern supplies being used by emergency professionals today.\" \/>\n<meta property=\"og:url\" content=\"https:\/\/staging.safetysourcefire.ca\/fr_ca\/produit\/professional-trauma-bag\/\" \/>\n<meta property=\"og:site_name\" content=\"Safety Source Fire\" \/>\n<meta property=\"article:publisher\" content=\"https:\/\/www.facebook.com\/mmfssca\" \/>\n<meta property=\"article:modified_time\" content=\"2020-05-01T17:59:15+00:00\" \/>\n<meta property=\"og:image\" content=\"https:\/\/staging.safetysourcefire.ca\/wp-content\/uploads\/2017\/05\/Ferno-MB5107.jpg\" \/>\n\t<meta property=\"og:image:width\" content=\"600\" \/>\n\t<meta property=\"og:image:height\" content=\"600\" \/>\n\t<meta property=\"og:image:type\" content=\"image\/jpeg\" \/>\n<meta name=\"twitter:card\" content=\"summary_large_image\" \/>\n<meta name=\"twitter:site\" content=\"@mmfssca\" \/>\n<meta name=\"twitter:label1\" content=\"Estimation du temps de lecture\" \/>\n\t<meta name=\"twitter:data1\" content=\"1 minute\" \/>\n<script type=\"application\/ld+json\" class=\"yoast-schema-graph\">{\"@context\":\"https:\\\/\\\/schema.org\",\"@graph\":[{\"@type\":\"WebPage\",\"@id\":\"https:\\\/\\\/staging.safetysourcefire.ca\\\/product\\\/professional-trauma-bag\\\/\",\"url\":\"https:\\\/\\\/staging.safetysourcefire.ca\\\/product\\\/professional-trauma-bag\\\/\",\"name\":\"Professional BLS Trauma Bag - Safety Source Fire\",\"isPartOf\":{\"@id\":\"https:\\\/\\\/staging.safetysourcefire.ca\\\/#website\"},\"primaryImageOfPage\":{\"@id\":\"https:\\\/\\\/staging.safetysourcefire.ca\\\/product\\\/professional-trauma-bag\\\/#primaryimage\"},\"image\":{\"@id\":\"https:\\\/\\\/staging.safetysourcefire.ca\\\/product\\\/professional-trauma-bag\\\/#primaryimage\"},\"thumbnailUrl\":\"https:\\\/\\\/staging.safetysourcefire.ca\\\/wp-content\\\/uploads\\\/2017\\\/05\\\/Ferno-MB5107.jpg\",\"datePublished\":\"2017-05-18T16:52:35+00:00\",\"dateModified\":\"2020-05-01T17:59:15+00:00\",\"breadcrumb\":{\"@id\":\"https:\\\/\\\/staging.safetysourcefire.ca\\\/product\\\/professional-trauma-bag\\\/#breadcrumb\"},\"inLanguage\":\"fr-CA\",\"potentialAction\":[{\"@type\":\"ReadAction\",\"target\":[\"https:\\\/\\\/staging.safetysourcefire.ca\\\/product\\\/professional-trauma-bag\\\/\"]}]},{\"@type\":\"ImageObject\",\"inLanguage\":\"fr-CA\",\"@id\":\"https:\\\/\\\/staging.safetysourcefire.ca\\\/product\\\/professional-trauma-bag\\\/#primaryimage\",\"url\":\"https:\\\/\\\/staging.safetysourcefire.ca\\\/wp-content\\\/uploads\\\/2017\\\/05\\\/Ferno-MB5107.jpg\",\"contentUrl\":\"https:\\\/\\\/staging.safetysourcefire.ca\\\/wp-content\\\/uploads\\\/2017\\\/05\\\/Ferno-MB5107.jpg\",\"width\":600,\"height\":600,\"caption\":\"Professional Trauma Bag\"},{\"@type\":\"BreadcrumbList\",\"@id\":\"https:\\\/\\\/staging.safetysourcefire.ca\\\/product\\\/professional-trauma-bag\\\/#breadcrumb\",\"itemListElement\":[{\"@type\":\"ListItem\",\"position\":1,\"name\":\"Home\",\"item\":\"https:\\\/\\\/staging.safetysourcefire.ca\\\/\"},{\"@type\":\"ListItem\",\"position\":2,\"name\":\"Products\",\"item\":\"https:\\\/\\\/staging.safetysourcefire.ca\\\/shop\\\/\"},{\"@type\":\"ListItem\",\"position\":3,\"name\":\"Professional BLS Trauma Bag\"}]},{\"@type\":\"WebSite\",\"@id\":\"https:\\\/\\\/staging.safetysourcefire.ca\\\/#website\",\"url\":\"https:\\\/\\\/staging.safetysourcefire.ca\\\/\",\"name\":\"Safety Source Fire\",\"description\":\"\",\"publisher\":{\"@id\":\"https:\\\/\\\/staging.safetysourcefire.ca\\\/#organization\"},\"potentialAction\":[{\"@type\":\"SearchAction\",\"target\":{\"@type\":\"EntryPoint\",\"urlTemplate\":\"https:\\\/\\\/staging.safetysourcefire.ca\\\/?s={search_term_string}\"},\"query-input\":{\"@type\":\"PropertyValueSpecification\",\"valueRequired\":true,\"valueName\":\"search_term_string\"}}],\"inLanguage\":\"fr-CA\"},{\"@type\":\"Organization\",\"@id\":\"https:\\\/\\\/staging.safetysourcefire.ca\\\/#organization\",\"name\":\"Safety Source Fire\",\"url\":\"https:\\\/\\\/staging.safetysourcefire.ca\\\/\",\"logo\":{\"@type\":\"ImageObject\",\"inLanguage\":\"fr-CA\",\"@id\":\"https:\\\/\\\/staging.safetysourcefire.ca\\\/#\\\/schema\\\/logo\\\/image\\\/\",\"url\":\"https:\\\/\\\/staging.safetysourcefire.ca\\\/wp-content\\\/uploads\\\/2021\\\/01\\\/SSF_logo_CC0000-3.png\",\"contentUrl\":\"https:\\\/\\\/staging.safetysourcefire.ca\\\/wp-content\\\/uploads\\\/2021\\\/01\\\/SSF_logo_CC0000-3.png\",\"width\":1107,\"height\":365,\"caption\":\"Safety Source Fire\"},\"image\":{\"@id\":\"https:\\\/\\\/staging.safetysourcefire.ca\\\/#\\\/schema\\\/logo\\\/image\\\/\"},\"sameAs\":[\"https:\\\/\\\/www.facebook.com\\\/mmfssca\",\"https:\\\/\\\/x.com\\\/mmfssca\"]}]}<\/script>\n<!-- \/ Yoast SEO plugin. -->","yoast_head_json":{"title":"Professional BLS Trauma Bag - Safety Source Fire","robots":{"index":"noindex","follow":"follow","max-snippet":"max-snippet:-1","max-image-preview":"max-image-preview:large","max-video-preview":"max-video-preview:-1"},"og_locale":"fr_CA","og_type":"article","og_title":"Professional BLS Trauma Bag - Safety Source Fire","og_description":"Ferno's Professional Trauma Bag optimizes organization to accommodate the most modern supplies being used by emergency professionals today.","og_url":"https:\/\/staging.safetysourcefire.ca\/fr_ca\/produit\/professional-trauma-bag\/","og_site_name":"Safety Source Fire","article_publisher":"https:\/\/www.facebook.com\/mmfssca","article_modified_time":"2020-05-01T17:59:15+00:00","og_image":[{"width":600,"height":600,"url":"https:\/\/staging.safetysourcefire.ca\/wp-content\/uploads\/2017\/05\/Ferno-MB5107.jpg","type":"image\/jpeg"}],"twitter_card":"summary_large_image","twitter_site":"@mmfssca","twitter_misc":{"Estimation du temps de lecture":"1 minute"},"schema":{"@context":"https:\/\/schema.org","@graph":[{"@type":"WebPage","@id":"https:\/\/staging.safetysourcefire.ca\/product\/professional-trauma-bag\/","url":"https:\/\/staging.safetysourcefire.ca\/product\/professional-trauma-bag\/","name":"Professional BLS Trauma Bag - Safety Source Fire","isPartOf":{"@id":"https:\/\/staging.safetysourcefire.ca\/#website"},"primaryImageOfPage":{"@id":"https:\/\/staging.safetysourcefire.ca\/product\/professional-trauma-bag\/#primaryimage"},"image":{"@id":"https:\/\/staging.safetysourcefire.ca\/product\/professional-trauma-bag\/#primaryimage"},"thumbnailUrl":"https:\/\/staging.safetysourcefire.ca\/wp-content\/uploads\/2017\/05\/Ferno-MB5107.jpg","datePublished":"2017-05-18T16:52:35+00:00","dateModified":"2020-05-01T17:59:15+00:00","breadcrumb":{"@id":"https:\/\/staging.safetysourcefire.ca\/product\/professional-trauma-bag\/#breadcrumb"},"inLanguage":"fr-CA","potentialAction":[{"@type":"ReadAction","target":["https:\/\/staging.safetysourcefire.ca\/product\/professional-trauma-bag\/"]}]},{"@type":"ImageObject","inLanguage":"fr-CA","@id":"https:\/\/staging.safetysourcefire.ca\/product\/professional-trauma-bag\/#primaryimage","url":"https:\/\/staging.safetysourcefire.ca\/wp-content\/uploads\/2017\/05\/Ferno-MB5107.jpg","contentUrl":"https:\/\/staging.safetysourcefire.ca\/wp-content\/uploads\/2017\/05\/Ferno-MB5107.jpg","width":600,"height":600,"caption":"Professional Trauma Bag"},{"@type":"BreadcrumbList","@id":"https:\/\/staging.safetysourcefire.ca\/product\/professional-trauma-bag\/#breadcrumb","itemListElement":[{"@type":"ListItem","position":1,"name":"Home","item":"https:\/\/staging.safetysourcefire.ca\/"},{"@type":"ListItem","position":2,"name":"Products","item":"https:\/\/staging.safetysourcefire.ca\/shop\/"},{"@type":"ListItem","position":3,"name":"Professional BLS Trauma Bag"}]},{"@type":"WebSite","@id":"https:\/\/staging.safetysourcefire.ca\/#website","url":"https:\/\/staging.safetysourcefire.ca\/","name":"Safety Source Fire","description":"","publisher":{"@id":"https:\/\/staging.safetysourcefire.ca\/#organization"},"potentialAction":[{"@type":"SearchAction","target":{"@type":"EntryPoint","urlTemplate":"https:\/\/staging.safetysourcefire.ca\/?s={search_term_string}"},"query-input":{"@type":"PropertyValueSpecification","valueRequired":true,"valueName":"search_term_string"}}],"inLanguage":"fr-CA"},{"@type":"Organization","@id":"https:\/\/staging.safetysourcefire.ca\/#organization","name":"Safety Source Fire","url":"https:\/\/staging.safetysourcefire.ca\/","logo":{"@type":"ImageObject","inLanguage":"fr-CA","@id":"https:\/\/staging.safetysourcefire.ca\/#\/schema\/logo\/image\/","url":"https:\/\/staging.safetysourcefire.ca\/wp-content\/uploads\/2021\/01\/SSF_logo_CC0000-3.png","contentUrl":"https:\/\/staging.safetysourcefire.ca\/wp-content\/uploads\/2021\/01\/SSF_logo_CC0000-3.png","width":1107,"height":365,"caption":"Safety Source Fire"},"image":{"@id":"https:\/\/staging.safetysourcefire.ca\/#\/schema\/logo\/image\/"},"sameAs":["https:\/\/www.facebook.com\/mmfssca","https:\/\/x.com\/mmfssca"]}]}},"_links":{"self":[{"href":"https:\/\/staging.safetysourcefire.ca\/fr_ca\/wp-json\/wp\/v2\/product\/1513","targetHints":{"allow":["GET"]}}],"collection":[{"href":"https:\/\/staging.safetysourcefire.ca\/fr_ca\/wp-json\/wp\/v2\/product"}],"about":[{"href":"https:\/\/staging.safetysourcefire.ca\/fr_ca\/wp-json\/wp\/v2\/types\/product"}],"wp:featuredmedia":[{"embeddable":true,"href":"https:\/\/staging.safetysourcefire.ca\/fr_ca\/wp-json\/wp\/v2\/media\/1475"}],"wp:attachment":[{"href":"https:\/\/staging.safetysourcefire.ca\/fr_ca\/wp-json\/wp\/v2\/media?parent=1513"}],"wp:term":[{"taxonomy":"product_brand","embeddable":true,"href":"https:\/\/staging.safetysourcefire.ca\/fr_ca\/wp-json\/wp\/v2\/product_brand?post=1513"},{"taxonomy":"product_cat","embeddable":true,"href":"https:\/\/staging.safetysourcefire.ca\/fr_ca\/wp-json\/wp\/v2\/product_cat?post=1513"},{"taxonomy":"product_tag","embeddable":true,"href":"https:\/\/staging.safetysourcefire.ca\/fr_ca\/wp-json\/wp\/v2\/product_tag?post=1513"}],"curies":[{"name":"wp","href":"https:\/\/api.w.org\/{rel}","templated":true}]}}