{"id":12944,"date":"2019-11-19T15:04:25","date_gmt":"2019-11-19T15:04:25","guid":{"rendered":"https:\/\/mmfss.ca\/?post_type=product&#038;p=12944"},"modified":"2019-11-19T15:15:15","modified_gmt":"2019-11-19T15:15:15","slug":"combi-tool-ct-5114","status":"publish","type":"product","link":"https:\/\/staging.safetysourcefire.ca\/fr_ca\/produit\/combi-tool-ct-5114\/","title":{"rendered":"Outil combin\u00e9 CT 5114"},"content":{"rendered":"<p class=\"pdp__standard-applied-with\"><strong>Options incluses:<\/strong><\/p>\n<div class=\"pdp__standard-supplied-list\">\n<ul class=\"usp-list\" data-js-change-to-list=\"\">\n<li>Poign\u00e9e de transport avec \u00e9clairage LED int\u00e9gr\u00e9<\/li>\n<li>Technologie i-Bolt<\/li>\n<li>Poign\u00e9e de commande ergonomique redessin\u00e9e pour une meilleure prise en main<\/li>\n<li>Technologie CORE: plus rapide, plus s\u00e9curitaire, plus facile d'utilisation<\/li>\n<\/ul>\n<\/div>\n<p><iframe loading=\"lazy\" src=\"https:\/\/www.youtube.com\/embed\/ptssJ7Je_mE\" width=\"560\" height=\"315\" frameborder=\"0\" allowfullscreen=\"allowfullscreen\"><\/iframe><\/p>\n<p><strong>Extr\u00eamement compact et ultra-l\u00e9ger<\/strong><\/p>\n<ul class=\"usp-list\" data-js-change-to-list=\"\">\n<li style=\"list-style-type: none;\">\n<ul class=\"usp-list\" data-js-change-to-list=\"\">\n<li>Facile \u00e0 transporter, \u00e0 manipuler, \u00e0 transporter et \u00e0 ranger<\/li>\n<li>Id\u00e9al pour une utilisation dans des espaces confin\u00e9s<\/li>\n<\/ul>\n<\/li>\n<\/ul>\n<p><strong>Rapport optimal poids\/performances<\/strong><\/p>\n<ul class=\"usp-list\" data-js-change-to-list=\"\">\n<li style=\"list-style-type: none;\">\n<ul class=\"usp-list\" data-js-change-to-list=\"\">\n<li>Force d&#039;\u00e9pandage tr\u00e8s \u00e9lev\u00e9e et grande distance d&#039;\u00e9pandage par rapport \u00e0 la taille et au poids<\/li>\n<li>Force de coupe \u00e9lev\u00e9e et grande ouverture de coupe par rapport \u00e0 la taille et au poids<\/li>\n<\/ul>\n<\/li>\n<\/ul>\n<p><strong>Multifonctionnel<\/strong><\/p>\n<ul class=\"usp-list\" data-js-change-to-list=\"\">\n<li style=\"list-style-type: none;\">\n<ul class=\"usp-list\" data-js-change-to-list=\"\">\n<li>Un seul outil pour couper, \u00e9taler et presser<\/li>\n<li>Convient \u00e0 une vari\u00e9t\u00e9 d'op\u00e9rations: de l'intervention rapide dans le sauvetage de v\u00e9hicules \u00e0 l'USAR<\/li>\n<li>Vous pouvez acc\u00e9der \u00e0 un v\u00e9hicule moderne avec un seul outil (test\u00e9 sur une Opel Insignia, en \u00e9vitant les piliers)<\/li>\n<li>Convient pour utilisation sous l'eau<\/li>\n<\/ul>\n<\/li>\n<\/ul>\n<p><strong>Compatible \u00e0 toutes les pompes Holmatro CORE<\/strong><\/p>\n<ul class=\"usp-list\" data-js-change-to-list=\"\">\n<li style=\"list-style-type: none;\">\n<ul class=\"usp-list\" data-js-change-to-list=\"\">\n<li>En \u00e9tant s\u00e9par\u00e9e, la pompe diminue le poids de l'outil et augmente la maniabilit\u00e9<\/li>\n<\/ul>\n<\/li>\n<\/ul>\n<p><strong>\u00c9quip\u00e9 de la technologie i-Bolt<\/strong><\/p>\n<ul class=\"usp-list\" data-js-change-to-list=\"\">\n<li style=\"list-style-type: none;\">\n<ul class=\"usp-list\" data-js-change-to-list=\"\">\n<li>Construction \u00e0 boulon central plat pour un meilleur acc\u00e8s aux espaces \u00e9troits<\/li>\n<li>Sert directement les lames ensemble, ce qui se traduit par moins de s\u00e9paration des lames et une meilleure performance de coupe<\/li>\n<\/ul>\n<\/li>\n<\/ul>\n<p><strong>Poign\u00e9e de transport ergonomique avec \u00e9clairage LED int\u00e9gr\u00e9<\/strong><\/p>\n<ul class=\"usp-list\" data-js-change-to-list=\"\">\n<li>\u00c9clairage LED am\u00e9lior\u00e9 dans la poign\u00e9e de transport. Gr\u00e2ce aux six lumi\u00e8res avec rendement lumineux plus \u00e9lev\u00e9, les utilisateurs peuvent travailler nuit et jour sans \u00eatre g\u00ean\u00e9s par leurs propres ombres.<\/li>\n<li>Conception ergonomique optimis\u00e9e de la poign\u00e9e de transport augmentant le confort de l'op\u00e9rateur dans diverses positions de travail.<\/li>\n<\/ul>","protected":false},"excerpt":{"rendered":"<p>Pour \u00e9taler, couper et presser avec un seul outil - version CORE.<\/p>","protected":false},"featured_media":12946,"template":"","meta":[],"product_brand":[174],"product_cat":[128,51],"product_tag":[309],"class_list":{"0":"post-12944","1":"product","2":"type-product","3":"status-publish","4":"has-post-thumbnail","6":"product_brand-holmatro","7":"product_cat-extrication-rescue","8":"product_cat-rescue","9":"product_tag-holmatro","11":"first","12":"instock","13":"shipping-taxable","14":"product-type-simple"},"yoast_head":"<!-- This site is optimized with the Yoast SEO plugin v27.4 - https:\/\/yoast.com\/product\/yoast-seo-wordpress\/ -->\n<title>Combi Tool CT 5114 - Safety Source Fire<\/title>\n<meta name=\"robots\" content=\"noindex, follow, max-snippet:-1, max-image-preview:large, max-video-preview:-1\" \/>\n<meta property=\"og:locale\" content=\"fr_CA\" \/>\n<meta property=\"og:type\" content=\"article\" \/>\n<meta property=\"og:title\" content=\"Combi Tool CT 5114 - Safety Source Fire\" \/>\n<meta property=\"og:description\" content=\"For spreading, cutting and squeezing with one tool - CORE version.\" \/>\n<meta property=\"og:url\" content=\"https:\/\/staging.safetysourcefire.ca\/fr_ca\/produit\/combi-tool-ct-5114\/\" \/>\n<meta property=\"og:site_name\" content=\"Safety Source Fire\" \/>\n<meta property=\"article:publisher\" content=\"https:\/\/www.facebook.com\/mmfssca\" \/>\n<meta property=\"article:modified_time\" content=\"2019-11-19T15:15:15+00:00\" \/>\n<meta property=\"og:image\" content=\"https:\/\/staging.safetysourcefire.ca\/wp-content\/uploads\/2019\/11\/combi-tool-ct-5114-en-20446.jpg\" \/>\n\t<meta property=\"og:image:width\" content=\"600\" \/>\n\t<meta property=\"og:image:height\" content=\"600\" \/>\n\t<meta property=\"og:image:type\" content=\"image\/jpeg\" \/>\n<meta name=\"twitter:card\" content=\"summary_large_image\" \/>\n<meta name=\"twitter:site\" content=\"@mmfssca\" \/>\n<meta name=\"twitter:label1\" content=\"Estimation du temps de lecture\" \/>\n\t<meta name=\"twitter:data1\" content=\"1 minute\" \/>\n<script type=\"application\/ld+json\" class=\"yoast-schema-graph\">{\"@context\":\"https:\\\/\\\/schema.org\",\"@graph\":[{\"@type\":\"WebPage\",\"@id\":\"https:\\\/\\\/staging.safetysourcefire.ca\\\/product\\\/combi-tool-ct-5114\\\/\",\"url\":\"https:\\\/\\\/staging.safetysourcefire.ca\\\/product\\\/combi-tool-ct-5114\\\/\",\"name\":\"Combi Tool CT 5114 - Safety Source Fire\",\"isPartOf\":{\"@id\":\"https:\\\/\\\/staging.safetysourcefire.ca\\\/#website\"},\"primaryImageOfPage\":{\"@id\":\"https:\\\/\\\/staging.safetysourcefire.ca\\\/product\\\/combi-tool-ct-5114\\\/#primaryimage\"},\"image\":{\"@id\":\"https:\\\/\\\/staging.safetysourcefire.ca\\\/product\\\/combi-tool-ct-5114\\\/#primaryimage\"},\"thumbnailUrl\":\"https:\\\/\\\/staging.safetysourcefire.ca\\\/wp-content\\\/uploads\\\/2019\\\/11\\\/combi-tool-ct-5114-en-20446.jpg\",\"datePublished\":\"2019-11-19T15:04:25+00:00\",\"dateModified\":\"2019-11-19T15:15:15+00:00\",\"breadcrumb\":{\"@id\":\"https:\\\/\\\/staging.safetysourcefire.ca\\\/product\\\/combi-tool-ct-5114\\\/#breadcrumb\"},\"inLanguage\":\"fr-CA\",\"potentialAction\":[{\"@type\":\"ReadAction\",\"target\":[\"https:\\\/\\\/staging.safetysourcefire.ca\\\/product\\\/combi-tool-ct-5114\\\/\"]}]},{\"@type\":\"ImageObject\",\"inLanguage\":\"fr-CA\",\"@id\":\"https:\\\/\\\/staging.safetysourcefire.ca\\\/product\\\/combi-tool-ct-5114\\\/#primaryimage\",\"url\":\"https:\\\/\\\/staging.safetysourcefire.ca\\\/wp-content\\\/uploads\\\/2019\\\/11\\\/combi-tool-ct-5114-en-20446.jpg\",\"contentUrl\":\"https:\\\/\\\/staging.safetysourcefire.ca\\\/wp-content\\\/uploads\\\/2019\\\/11\\\/combi-tool-ct-5114-en-20446.jpg\",\"width\":600,\"height\":600,\"caption\":\"combi tool\"},{\"@type\":\"BreadcrumbList\",\"@id\":\"https:\\\/\\\/staging.safetysourcefire.ca\\\/product\\\/combi-tool-ct-5114\\\/#breadcrumb\",\"itemListElement\":[{\"@type\":\"ListItem\",\"position\":1,\"name\":\"Home\",\"item\":\"https:\\\/\\\/staging.safetysourcefire.ca\\\/\"},{\"@type\":\"ListItem\",\"position\":2,\"name\":\"Products\",\"item\":\"https:\\\/\\\/staging.safetysourcefire.ca\\\/shop\\\/\"},{\"@type\":\"ListItem\",\"position\":3,\"name\":\"Combi Tool CT 5114\"}]},{\"@type\":\"WebSite\",\"@id\":\"https:\\\/\\\/staging.safetysourcefire.ca\\\/#website\",\"url\":\"https:\\\/\\\/staging.safetysourcefire.ca\\\/\",\"name\":\"Safety Source Fire\",\"description\":\"\",\"publisher\":{\"@id\":\"https:\\\/\\\/staging.safetysourcefire.ca\\\/#organization\"},\"potentialAction\":[{\"@type\":\"SearchAction\",\"target\":{\"@type\":\"EntryPoint\",\"urlTemplate\":\"https:\\\/\\\/staging.safetysourcefire.ca\\\/?s={search_term_string}\"},\"query-input\":{\"@type\":\"PropertyValueSpecification\",\"valueRequired\":true,\"valueName\":\"search_term_string\"}}],\"inLanguage\":\"fr-CA\"},{\"@type\":\"Organization\",\"@id\":\"https:\\\/\\\/staging.safetysourcefire.ca\\\/#organization\",\"name\":\"Safety Source Fire\",\"url\":\"https:\\\/\\\/staging.safetysourcefire.ca\\\/\",\"logo\":{\"@type\":\"ImageObject\",\"inLanguage\":\"fr-CA\",\"@id\":\"https:\\\/\\\/staging.safetysourcefire.ca\\\/#\\\/schema\\\/logo\\\/image\\\/\",\"url\":\"https:\\\/\\\/staging.safetysourcefire.ca\\\/wp-content\\\/uploads\\\/2021\\\/01\\\/SSF_logo_CC0000-3.png\",\"contentUrl\":\"https:\\\/\\\/staging.safetysourcefire.ca\\\/wp-content\\\/uploads\\\/2021\\\/01\\\/SSF_logo_CC0000-3.png\",\"width\":1107,\"height\":365,\"caption\":\"Safety Source Fire\"},\"image\":{\"@id\":\"https:\\\/\\\/staging.safetysourcefire.ca\\\/#\\\/schema\\\/logo\\\/image\\\/\"},\"sameAs\":[\"https:\\\/\\\/www.facebook.com\\\/mmfssca\",\"https:\\\/\\\/x.com\\\/mmfssca\"]}]}<\/script>\n<!-- \/ Yoast SEO plugin. -->","yoast_head_json":{"title":"Outil combin\u00e9 CT 5114 - Source de s\u00e9curit\u00e9 incendie","robots":{"index":"noindex","follow":"follow","max-snippet":"max-snippet:-1","max-image-preview":"max-image-preview:large","max-video-preview":"max-video-preview:-1"},"og_locale":"fr_CA","og_type":"article","og_title":"Combi Tool CT 5114 - Safety Source Fire","og_description":"For spreading, cutting and squeezing with one tool - CORE version.","og_url":"https:\/\/staging.safetysourcefire.ca\/fr_ca\/produit\/combi-tool-ct-5114\/","og_site_name":"Safety Source Fire","article_publisher":"https:\/\/www.facebook.com\/mmfssca","article_modified_time":"2019-11-19T15:15:15+00:00","og_image":[{"width":600,"height":600,"url":"https:\/\/staging.safetysourcefire.ca\/wp-content\/uploads\/2019\/11\/combi-tool-ct-5114-en-20446.jpg","type":"image\/jpeg"}],"twitter_card":"summary_large_image","twitter_site":"@mmfssca","twitter_misc":{"Estimation du temps de lecture":"1 minute"},"schema":{"@context":"https:\/\/schema.org","@graph":[{"@type":"WebPage","@id":"https:\/\/staging.safetysourcefire.ca\/product\/combi-tool-ct-5114\/","url":"https:\/\/staging.safetysourcefire.ca\/product\/combi-tool-ct-5114\/","name":"Outil combin\u00e9 CT 5114 - Source de s\u00e9curit\u00e9 incendie","isPartOf":{"@id":"https:\/\/staging.safetysourcefire.ca\/#website"},"primaryImageOfPage":{"@id":"https:\/\/staging.safetysourcefire.ca\/product\/combi-tool-ct-5114\/#primaryimage"},"image":{"@id":"https:\/\/staging.safetysourcefire.ca\/product\/combi-tool-ct-5114\/#primaryimage"},"thumbnailUrl":"https:\/\/staging.safetysourcefire.ca\/wp-content\/uploads\/2019\/11\/combi-tool-ct-5114-en-20446.jpg","datePublished":"2019-11-19T15:04:25+00:00","dateModified":"2019-11-19T15:15:15+00:00","breadcrumb":{"@id":"https:\/\/staging.safetysourcefire.ca\/product\/combi-tool-ct-5114\/#breadcrumb"},"inLanguage":"fr-CA","potentialAction":[{"@type":"ReadAction","target":["https:\/\/staging.safetysourcefire.ca\/product\/combi-tool-ct-5114\/"]}]},{"@type":"ImageObject","inLanguage":"fr-CA","@id":"https:\/\/staging.safetysourcefire.ca\/product\/combi-tool-ct-5114\/#primaryimage","url":"https:\/\/staging.safetysourcefire.ca\/wp-content\/uploads\/2019\/11\/combi-tool-ct-5114-en-20446.jpg","contentUrl":"https:\/\/staging.safetysourcefire.ca\/wp-content\/uploads\/2019\/11\/combi-tool-ct-5114-en-20446.jpg","width":600,"height":600,"caption":"combi tool"},{"@type":"BreadcrumbList","@id":"https:\/\/staging.safetysourcefire.ca\/product\/combi-tool-ct-5114\/#breadcrumb","itemListElement":[{"@type":"ListItem","position":1,"name":"Home","item":"https:\/\/staging.safetysourcefire.ca\/"},{"@type":"ListItem","position":2,"name":"Products","item":"https:\/\/staging.safetysourcefire.ca\/shop\/"},{"@type":"ListItem","position":3,"name":"Combi Tool CT 5114"}]},{"@type":"WebSite","@id":"https:\/\/staging.safetysourcefire.ca\/#website","url":"https:\/\/staging.safetysourcefire.ca\/","name":"Safety Source Fire","description":"","publisher":{"@id":"https:\/\/staging.safetysourcefire.ca\/#organization"},"potentialAction":[{"@type":"SearchAction","target":{"@type":"EntryPoint","urlTemplate":"https:\/\/staging.safetysourcefire.ca\/?s={search_term_string}"},"query-input":{"@type":"PropertyValueSpecification","valueRequired":true,"valueName":"search_term_string"}}],"inLanguage":"fr-CA"},{"@type":"Organization","@id":"https:\/\/staging.safetysourcefire.ca\/#organization","name":"Safety Source Fire","url":"https:\/\/staging.safetysourcefire.ca\/","logo":{"@type":"ImageObject","inLanguage":"fr-CA","@id":"https:\/\/staging.safetysourcefire.ca\/#\/schema\/logo\/image\/","url":"https:\/\/staging.safetysourcefire.ca\/wp-content\/uploads\/2021\/01\/SSF_logo_CC0000-3.png","contentUrl":"https:\/\/staging.safetysourcefire.ca\/wp-content\/uploads\/2021\/01\/SSF_logo_CC0000-3.png","width":1107,"height":365,"caption":"Safety Source Fire"},"image":{"@id":"https:\/\/staging.safetysourcefire.ca\/#\/schema\/logo\/image\/"},"sameAs":["https:\/\/www.facebook.com\/mmfssca","https:\/\/x.com\/mmfssca"]}]}},"_links":{"self":[{"href":"https:\/\/staging.safetysourcefire.ca\/fr_ca\/wp-json\/wp\/v2\/product\/12944","targetHints":{"allow":["GET"]}}],"collection":[{"href":"https:\/\/staging.safetysourcefire.ca\/fr_ca\/wp-json\/wp\/v2\/product"}],"about":[{"href":"https:\/\/staging.safetysourcefire.ca\/fr_ca\/wp-json\/wp\/v2\/types\/product"}],"wp:featuredmedia":[{"embeddable":true,"href":"https:\/\/staging.safetysourcefire.ca\/fr_ca\/wp-json\/wp\/v2\/media\/12946"}],"wp:attachment":[{"href":"https:\/\/staging.safetysourcefire.ca\/fr_ca\/wp-json\/wp\/v2\/media?parent=12944"}],"wp:term":[{"taxonomy":"product_brand","embeddable":true,"href":"https:\/\/staging.safetysourcefire.ca\/fr_ca\/wp-json\/wp\/v2\/product_brand?post=12944"},{"taxonomy":"product_cat","embeddable":true,"href":"https:\/\/staging.safetysourcefire.ca\/fr_ca\/wp-json\/wp\/v2\/product_cat?post=12944"},{"taxonomy":"product_tag","embeddable":true,"href":"https:\/\/staging.safetysourcefire.ca\/fr_ca\/wp-json\/wp\/v2\/product_tag?post=12944"}],"curies":[{"name":"wp","href":"https:\/\/api.w.org\/{rel}","templated":true}]}}