{"id":1285,"date":"2021-04-26T08:00:01","date_gmt":"2021-04-26T08:00:01","guid":{"rendered":"http:\/\/mmfss.ca\/?post_type=product&#038;p=1285"},"modified":"2021-04-26T19:54:54","modified_gmt":"2021-04-26T19:54:54","slug":"smartdummy-rescue-manikin","status":"publish","type":"product","link":"https:\/\/staging.safetysourcefire.ca\/fr_ca\/produit\/smartdummy-rescue-manikin\/","title":{"rendered":"Mannequin de sauvetage SmartDummy\u2122"},"content":{"rendered":"<p>Durable<\/p>\n<ul>\n<li>Construit avec des mat\u00e9riaux r\u00e9sistants \u00e0 l&#039;\u00e9crasement, un rev\u00eatement uni-shell robuste, une sangle Drag Rescue Device (DRD) et des bottes amovibles.<\/li>\n<\/ul>\n<p>R\u00e9aliste<\/p>\n<ul>\n<li>Le rembourrage lest\u00e9 interne offre une r\u00e9partition uniforme du poids et donne l'impression de travailler avec une v\u00e9ritable victime.<\/li>\n<\/ul>\n<p>Aucun  pincement<\/p>\n<ul>\n<li>Les articulations flexibles permettent une gamme compl\u00e8te de mouvements sans aucun point de pincement.<\/li>\n<\/ul>\n<p>Voix int\u00e9gr\u00e9e<\/p>\n<ul>\n<li>La VoiceBox interactive et int\u00e9gr\u00e9e donne une voix \u00e0 votre victime, ce qui ajoute au r\u00e9alisme du sc\u00e9nario.<\/li>\n<\/ul>\n<div id=\"hs_cos_wrapper_widget_1511980576770\" class=\"hs_cos_wrapper hs_cos_wrapper_widget hs_cos_wrapper_type_custom_widget\" data-hs-cos-general-type=\"widget\" data-hs-cos-type=\"custom_widget\">\n<div class=\"list-holder margin--short--bottom\" data-image=\"https:\/\/cdn2.hubspot.net\/hubfs\/3475623\/jeff-durable_4-6_170724FVEF2318.jpg\"><\/div>\n<\/div>\n<div id=\"hs_cos_wrapper_widget_1541430084888\" class=\"hs_cos_wrapper hs_cos_wrapper_widget hs_cos_wrapper_type_module\" data-hs-cos-general-type=\"widget\" data-hs-cos-type=\"module\"><span id=\"hs_cos_wrapper_widget_1541430084888_\" class=\"hs_cos_wrapper hs_cos_wrapper_widget hs_cos_wrapper_type_cta\" data-hs-cos-general-type=\"widget\" data-hs-cos-type=\"cta\"><span id=\"hs-cta-wrapper-713bdcec-47c7-4491-a06d-63b078cd8e87\" class=\"hs-cta-wrapper\"><span id=\"hs-cta-713bdcec-47c7-4491-a06d-63b078cd8e87\" class=\"hs-cta-node hs-cta-713bdcec-47c7-4491-a06d-63b078cd8e87\" data-hs-drop=\"true\"><a id=\"cta_button_3475623_6469a9dd-7a70-4136-bca8-52201987da95\" class=\"cta_button\" title=\"T\u00e9l\u00e9charger la fiche produit\" href=\"https:\/\/www.lionprotects.com\/cs\/c\/?cta_guid=6469a9dd-7a70-4136-bca8-52201987da95&amp;signature=AAH58kHdrCVeqpcgYpN4H9UM7B4faC75zg&amp;pageId=5455541744&amp;placement_guid=713bdcec-47c7-4491-a06d-63b078cd8e87&amp;click=6342c455-c3a2-4b0b-a117-537c9d5d337b&amp;hsutk=d12f911d5883f4ab8ec83423e54b1d3f&amp;canon=https%3A%2F%2Fwww.lionprotects.com%2Fsmartdummy-rescue-manikin&amp;utm_referrer=https%3A%2F%2Fwww.lionprotects.com%2Frescue-manikin&amp;portal_id=3475623&amp;redirect_url=APefjpHivjDjjsbZVCr96iL24X-NRDmFe4baEvdt7ysR-wMwAYpJQpVELQA6ZBvwIqp-Us_h6mSWaAD-dOo2FuAaKW6vmcEobIDrVu11H1CBZzp65YszjmsCyM354E9UeXvHhE21u7Wvf94J1lC4zn6EnWKDXGdszpJJxG_m58fKkoZgrd99krMfQjNR9ct4KQuOPuQmjFss0PlWUdAJHR7XASNYi2Cex99vRh6YdbGQVWD2b2Y2jz-iEeukSIIZPCESgDLiQ1pNJjYJLNa0rkX2nmAkiwiBOLT_wRQpPzQ4T_IdnUMm3Dm4lrS8aK8FjR3pTjpxUwuqVekZ8Ej92U1TS6occwXBnmsWgpFJf8Tlp-LMYjnTZgzKUekXazsJel2_76AdoTDTR7abl2IVSDvuSTP7JA8Xng&amp;__hstc=47088440.d12f911d5883f4ab8ec83423e54b1d3f.1617731482883.1619123413572.1619455555674.10&amp;__hssc=47088440.12.1619455555674&amp;__hsfp=2282831983&amp;contentType=standard-page\">T\u00e9l\u00e9charger la fiche produit<\/a><\/span><\/span><\/span><\/div>\n<p>&nbsp;<\/p>\n<p>OPPORTUNIT\u00c9S DE FORMATION<\/p>\n<ul>\n<li>Le syst\u00e8me num\u00e9rique de formation au feu Attack\u2122 peut \u00eatre utilis\u00e9 dans le cadre d'une formation pratique lorsque la suppression des incendies est l'objectif ou pour ajouter du r\u00e9alisme dans les situations de formation au feu o\u00f9 la suppression des incendies n'est pas l'objectif principal.<\/li>\n<\/ul>\n<p>SOYEZ PR\u00caTS<\/p>\n<ul>\n<li>Entra\u00eenez-vous pour le pire et esp\u00e9rez le meilleur. Utilisez nos mannequins de sauvetage pour pratiquer les techniques de survie les plus avanc\u00e9es.<\/li>\n<\/ul>\n<p>EXTRACTION DE V\u00c9HICULES<\/p>\n<ul>\n<li>Pour plus de r\u00e9alisme, int\u00e9grez un mannequin de sauvetage \u00e0 votre formation sur la stabilisation et  l'extraction de v\u00e9hicule.<\/li>\n<\/ul>\n<p>EFFONDREMENT DES B\u00c2TIMENTS<\/p>\n<ul>\n<li>Utilisez notre mannequin de sauvetage pour vous entra\u00eener \u00e0 l'\u00e9taiement, au levage et au d\u00e9placement de structures, ainsi qu'\u00e0 la rupture des b\u00e2timents. Pr\u00e9parez vos sp\u00e9cialistes du sauvetage \u00e0 d\u00e9placer de gros d\u00e9bris de b\u00e9ton pour acc\u00e9der aux victimes pi\u00e9g\u00e9es.<\/li>\n<\/ul>\n<p>&nbsp;<\/p>\n<p><iframe loading=\"lazy\" title=\"Mannequins de sauvetage LION SmartDummy\u2122\" width=\"980\" height=\"551\" src=\"https:\/\/www.youtube.com\/embed\/WRdi8SmlLGU?feature=oembed\" frameborder=\"0\" allow=\"accelerometer; autoplay; clipboard-write; encrypted-media; gyroscope; picture-in-picture\" allowfullscreen><\/iframe><\/p>","protected":false},"excerpt":{"rendered":"<p>Cr\u00e9ez facilement des sc\u00e9narios de formation dans lesquels vos \u00e9quipes doivent sauver des victimes<\/p>","protected":false},"featured_media":1269,"template":"","meta":[],"product_brand":[421],"product_cat":[509,511,166,57],"product_tag":[266,493,513],"class_list":{"0":"post-1285","1":"product","2":"type-product","3":"status-publish","4":"has-post-thumbnail","6":"product_brand-lion","7":"product_cat-lion-firefighter-training-props","8":"product_cat-smartdummy-training-manikins","9":"product_cat-training-dummies","10":"product_cat-training-products","11":"product_tag-bullex","12":"product_tag-lion","13":"product_tag-mannequin","15":"first","16":"instock","17":"shipping-taxable","18":"product-type-simple"},"yoast_head":"<!-- This site is optimized with the Yoast SEO plugin v27.4 - https:\/\/yoast.com\/product\/yoast-seo-wordpress\/ -->\n<title>SmartDummy\u2122 Rescue Manikin - Safety Source Fire<\/title>\n<meta name=\"robots\" content=\"noindex, follow, max-snippet:-1, max-image-preview:large, max-video-preview:-1\" \/>\n<meta property=\"og:locale\" content=\"fr_CA\" \/>\n<meta property=\"og:type\" content=\"article\" \/>\n<meta property=\"og:title\" content=\"SmartDummy\u2122 Rescue Manikin - Safety Source Fire\" \/>\n<meta property=\"og:description\" content=\"Easily create victim training scenarios\" \/>\n<meta property=\"og:url\" content=\"https:\/\/staging.safetysourcefire.ca\/fr_ca\/produit\/smartdummy-rescue-manikin\/\" \/>\n<meta property=\"og:site_name\" content=\"Safety Source Fire\" \/>\n<meta property=\"article:publisher\" content=\"https:\/\/www.facebook.com\/mmfssca\" \/>\n<meta property=\"article:modified_time\" content=\"2021-04-26T19:54:54+00:00\" \/>\n<meta property=\"og:image\" content=\"https:\/\/staging.safetysourcefire.ca\/wp-content\/uploads\/2017\/05\/SmartDummy-1.jpg\" \/>\n\t<meta property=\"og:image:width\" content=\"600\" \/>\n\t<meta property=\"og:image:height\" content=\"600\" \/>\n\t<meta property=\"og:image:type\" content=\"image\/jpeg\" \/>\n<meta name=\"twitter:card\" content=\"summary_large_image\" \/>\n<meta name=\"twitter:site\" content=\"@mmfssca\" \/>\n<meta name=\"twitter:label1\" content=\"Estimation du temps de lecture\" \/>\n\t<meta name=\"twitter:data1\" content=\"1 minute\" \/>\n<script type=\"application\/ld+json\" class=\"yoast-schema-graph\">{\"@context\":\"https:\\\/\\\/schema.org\",\"@graph\":[{\"@type\":\"WebPage\",\"@id\":\"https:\\\/\\\/staging.safetysourcefire.ca\\\/product\\\/smartdummy-rescue-manikin\\\/\",\"url\":\"https:\\\/\\\/staging.safetysourcefire.ca\\\/product\\\/smartdummy-rescue-manikin\\\/\",\"name\":\"SmartDummy\u2122 Rescue Manikin - Safety Source Fire\",\"isPartOf\":{\"@id\":\"https:\\\/\\\/staging.safetysourcefire.ca\\\/#website\"},\"primaryImageOfPage\":{\"@id\":\"https:\\\/\\\/staging.safetysourcefire.ca\\\/product\\\/smartdummy-rescue-manikin\\\/#primaryimage\"},\"image\":{\"@id\":\"https:\\\/\\\/staging.safetysourcefire.ca\\\/product\\\/smartdummy-rescue-manikin\\\/#primaryimage\"},\"thumbnailUrl\":\"https:\\\/\\\/staging.safetysourcefire.ca\\\/wp-content\\\/uploads\\\/2017\\\/05\\\/SmartDummy-1.jpg\",\"datePublished\":\"2021-04-26T08:00:01+00:00\",\"dateModified\":\"2021-04-26T19:54:54+00:00\",\"breadcrumb\":{\"@id\":\"https:\\\/\\\/staging.safetysourcefire.ca\\\/product\\\/smartdummy-rescue-manikin\\\/#breadcrumb\"},\"inLanguage\":\"fr-CA\",\"potentialAction\":[{\"@type\":\"ReadAction\",\"target\":[\"https:\\\/\\\/staging.safetysourcefire.ca\\\/product\\\/smartdummy-rescue-manikin\\\/\"]}]},{\"@type\":\"ImageObject\",\"inLanguage\":\"fr-CA\",\"@id\":\"https:\\\/\\\/staging.safetysourcefire.ca\\\/product\\\/smartdummy-rescue-manikin\\\/#primaryimage\",\"url\":\"https:\\\/\\\/staging.safetysourcefire.ca\\\/wp-content\\\/uploads\\\/2017\\\/05\\\/SmartDummy-1.jpg\",\"contentUrl\":\"https:\\\/\\\/staging.safetysourcefire.ca\\\/wp-content\\\/uploads\\\/2017\\\/05\\\/SmartDummy-1.jpg\",\"width\":600,\"height\":600,\"caption\":\"SmartDummy\u2122 Rescue Manikin\"},{\"@type\":\"BreadcrumbList\",\"@id\":\"https:\\\/\\\/staging.safetysourcefire.ca\\\/product\\\/smartdummy-rescue-manikin\\\/#breadcrumb\",\"itemListElement\":[{\"@type\":\"ListItem\",\"position\":1,\"name\":\"Home\",\"item\":\"https:\\\/\\\/staging.safetysourcefire.ca\\\/\"},{\"@type\":\"ListItem\",\"position\":2,\"name\":\"Products\",\"item\":\"https:\\\/\\\/staging.safetysourcefire.ca\\\/shop\\\/\"},{\"@type\":\"ListItem\",\"position\":3,\"name\":\"SmartDummy\u2122 Rescue Manikin\"}]},{\"@type\":\"WebSite\",\"@id\":\"https:\\\/\\\/staging.safetysourcefire.ca\\\/#website\",\"url\":\"https:\\\/\\\/staging.safetysourcefire.ca\\\/\",\"name\":\"Safety Source Fire\",\"description\":\"\",\"publisher\":{\"@id\":\"https:\\\/\\\/staging.safetysourcefire.ca\\\/#organization\"},\"potentialAction\":[{\"@type\":\"SearchAction\",\"target\":{\"@type\":\"EntryPoint\",\"urlTemplate\":\"https:\\\/\\\/staging.safetysourcefire.ca\\\/?s={search_term_string}\"},\"query-input\":{\"@type\":\"PropertyValueSpecification\",\"valueRequired\":true,\"valueName\":\"search_term_string\"}}],\"inLanguage\":\"fr-CA\"},{\"@type\":\"Organization\",\"@id\":\"https:\\\/\\\/staging.safetysourcefire.ca\\\/#organization\",\"name\":\"Safety Source Fire\",\"url\":\"https:\\\/\\\/staging.safetysourcefire.ca\\\/\",\"logo\":{\"@type\":\"ImageObject\",\"inLanguage\":\"fr-CA\",\"@id\":\"https:\\\/\\\/staging.safetysourcefire.ca\\\/#\\\/schema\\\/logo\\\/image\\\/\",\"url\":\"https:\\\/\\\/staging.safetysourcefire.ca\\\/wp-content\\\/uploads\\\/2021\\\/01\\\/SSF_logo_CC0000-3.png\",\"contentUrl\":\"https:\\\/\\\/staging.safetysourcefire.ca\\\/wp-content\\\/uploads\\\/2021\\\/01\\\/SSF_logo_CC0000-3.png\",\"width\":1107,\"height\":365,\"caption\":\"Safety Source Fire\"},\"image\":{\"@id\":\"https:\\\/\\\/staging.safetysourcefire.ca\\\/#\\\/schema\\\/logo\\\/image\\\/\"},\"sameAs\":[\"https:\\\/\\\/www.facebook.com\\\/mmfssca\",\"https:\\\/\\\/x.com\\\/mmfssca\"]}]}<\/script>\n<!-- \/ Yoast SEO plugin. -->","yoast_head_json":{"title":"Mannequin de sauvetage SmartDummy\u2122 - Source de s\u00e9curit\u00e9 incendie","robots":{"index":"noindex","follow":"follow","max-snippet":"max-snippet:-1","max-image-preview":"max-image-preview:large","max-video-preview":"max-video-preview:-1"},"og_locale":"fr_CA","og_type":"article","og_title":"SmartDummy\u2122 Rescue Manikin - Safety Source Fire","og_description":"Easily create victim training scenarios","og_url":"https:\/\/staging.safetysourcefire.ca\/fr_ca\/produit\/smartdummy-rescue-manikin\/","og_site_name":"Safety Source Fire","article_publisher":"https:\/\/www.facebook.com\/mmfssca","article_modified_time":"2021-04-26T19:54:54+00:00","og_image":[{"width":600,"height":600,"url":"https:\/\/staging.safetysourcefire.ca\/wp-content\/uploads\/2017\/05\/SmartDummy-1.jpg","type":"image\/jpeg"}],"twitter_card":"summary_large_image","twitter_site":"@mmfssca","twitter_misc":{"Estimation du temps de lecture":"1 minute"},"schema":{"@context":"https:\/\/schema.org","@graph":[{"@type":"WebPage","@id":"https:\/\/staging.safetysourcefire.ca\/product\/smartdummy-rescue-manikin\/","url":"https:\/\/staging.safetysourcefire.ca\/product\/smartdummy-rescue-manikin\/","name":"Mannequin de sauvetage SmartDummy\u2122 - Source de s\u00e9curit\u00e9 incendie","isPartOf":{"@id":"https:\/\/staging.safetysourcefire.ca\/#website"},"primaryImageOfPage":{"@id":"https:\/\/staging.safetysourcefire.ca\/product\/smartdummy-rescue-manikin\/#primaryimage"},"image":{"@id":"https:\/\/staging.safetysourcefire.ca\/product\/smartdummy-rescue-manikin\/#primaryimage"},"thumbnailUrl":"https:\/\/staging.safetysourcefire.ca\/wp-content\/uploads\/2017\/05\/SmartDummy-1.jpg","datePublished":"2021-04-26T08:00:01+00:00","dateModified":"2021-04-26T19:54:54+00:00","breadcrumb":{"@id":"https:\/\/staging.safetysourcefire.ca\/product\/smartdummy-rescue-manikin\/#breadcrumb"},"inLanguage":"fr-CA","potentialAction":[{"@type":"ReadAction","target":["https:\/\/staging.safetysourcefire.ca\/product\/smartdummy-rescue-manikin\/"]}]},{"@type":"ImageObject","inLanguage":"fr-CA","@id":"https:\/\/staging.safetysourcefire.ca\/product\/smartdummy-rescue-manikin\/#primaryimage","url":"https:\/\/staging.safetysourcefire.ca\/wp-content\/uploads\/2017\/05\/SmartDummy-1.jpg","contentUrl":"https:\/\/staging.safetysourcefire.ca\/wp-content\/uploads\/2017\/05\/SmartDummy-1.jpg","width":600,"height":600,"caption":"SmartDummy\u2122 Rescue Manikin"},{"@type":"BreadcrumbList","@id":"https:\/\/staging.safetysourcefire.ca\/product\/smartdummy-rescue-manikin\/#breadcrumb","itemListElement":[{"@type":"ListItem","position":1,"name":"Home","item":"https:\/\/staging.safetysourcefire.ca\/"},{"@type":"ListItem","position":2,"name":"Products","item":"https:\/\/staging.safetysourcefire.ca\/shop\/"},{"@type":"ListItem","position":3,"name":"SmartDummy\u2122 Rescue Manikin"}]},{"@type":"WebSite","@id":"https:\/\/staging.safetysourcefire.ca\/#website","url":"https:\/\/staging.safetysourcefire.ca\/","name":"Safety Source Fire","description":"","publisher":{"@id":"https:\/\/staging.safetysourcefire.ca\/#organization"},"potentialAction":[{"@type":"SearchAction","target":{"@type":"EntryPoint","urlTemplate":"https:\/\/staging.safetysourcefire.ca\/?s={search_term_string}"},"query-input":{"@type":"PropertyValueSpecification","valueRequired":true,"valueName":"search_term_string"}}],"inLanguage":"fr-CA"},{"@type":"Organization","@id":"https:\/\/staging.safetysourcefire.ca\/#organization","name":"Safety Source Fire","url":"https:\/\/staging.safetysourcefire.ca\/","logo":{"@type":"ImageObject","inLanguage":"fr-CA","@id":"https:\/\/staging.safetysourcefire.ca\/#\/schema\/logo\/image\/","url":"https:\/\/staging.safetysourcefire.ca\/wp-content\/uploads\/2021\/01\/SSF_logo_CC0000-3.png","contentUrl":"https:\/\/staging.safetysourcefire.ca\/wp-content\/uploads\/2021\/01\/SSF_logo_CC0000-3.png","width":1107,"height":365,"caption":"Safety Source Fire"},"image":{"@id":"https:\/\/staging.safetysourcefire.ca\/#\/schema\/logo\/image\/"},"sameAs":["https:\/\/www.facebook.com\/mmfssca","https:\/\/x.com\/mmfssca"]}]}},"_links":{"self":[{"href":"https:\/\/staging.safetysourcefire.ca\/fr_ca\/wp-json\/wp\/v2\/product\/1285","targetHints":{"allow":["GET"]}}],"collection":[{"href":"https:\/\/staging.safetysourcefire.ca\/fr_ca\/wp-json\/wp\/v2\/product"}],"about":[{"href":"https:\/\/staging.safetysourcefire.ca\/fr_ca\/wp-json\/wp\/v2\/types\/product"}],"wp:featuredmedia":[{"embeddable":true,"href":"https:\/\/staging.safetysourcefire.ca\/fr_ca\/wp-json\/wp\/v2\/media\/1269"}],"wp:attachment":[{"href":"https:\/\/staging.safetysourcefire.ca\/fr_ca\/wp-json\/wp\/v2\/media?parent=1285"}],"wp:term":[{"taxonomy":"product_brand","embeddable":true,"href":"https:\/\/staging.safetysourcefire.ca\/fr_ca\/wp-json\/wp\/v2\/product_brand?post=1285"},{"taxonomy":"product_cat","embeddable":true,"href":"https:\/\/staging.safetysourcefire.ca\/fr_ca\/wp-json\/wp\/v2\/product_cat?post=1285"},{"taxonomy":"product_tag","embeddable":true,"href":"https:\/\/staging.safetysourcefire.ca\/fr_ca\/wp-json\/wp\/v2\/product_tag?post=1285"}],"curies":[{"name":"wp","href":"https:\/\/api.w.org\/{rel}","templated":true}]}}