{"id":1271,"date":"2021-04-26T17:42:21","date_gmt":"2021-04-26T17:42:21","guid":{"rendered":"http:\/\/mmfss.ca\/?post_type=product&#038;p=1271"},"modified":"2023-05-31T13:07:52","modified_gmt":"2023-05-31T13:07:52","slug":"attack-digital-fire-training-system","status":"publish","type":"product","link":"https:\/\/staging.safetysourcefire.ca\/fr_ca\/produit\/attack-digital-fire-training-system\/","title":{"rendered":"Syst\u00e8me d'entra\u00eenement num\u00e9rique Attack\u2122"},"content":{"rendered":"<p>Entra\u00eenez-vous n'importe o\u00f9<\/p>\n<ul>\n<li>Syst\u00e8me \u00e0 utiliser dans n'importe quel endroit, m\u00eame dans les zones o\u00f9 le tir r\u00e9el n'est pas possible.<\/li>\n<\/ul>\n<p>Diversifiez votre formation<\/p>\n<ul>\n<li>Vous permet de placer le foyer du feu dans un nouvel emplacement \u00e0 tout moment.<\/li>\n<\/ul>\n<p>Formation r\u00e9aliste<\/p>\n<ul>\n<li>Utilisez des tuyaux d'arrosage num\u00e9riques ou tuyaux d'eau. Assez r\u00e9sistant pour supporter un tuyau flexible de 2\u00bd pouces.<\/li>\n<\/ul>\n<p>Connectez-vous sans fil avec plusieurs accessoires<\/p>\n<ul>\n<li>Compatible avec des panneaux suppl\u00e9mentaires ou des g\u00e9n\u00e9rateurs de fum\u00e9e.<\/li>\n<\/ul>\n<p><a href=\"https:\/\/www.lionprotects.com\/cs\/c\/?cta_guid=9eb62d81-2224-4404-9e4e-ec07e11c0804&amp;signature=AAH58kH6Xj6q_kxj1sU0JgeARWR2o3Qivg&amp;pageId=5451690120&amp;placement_guid=abd6f053-eef3-4272-b0c4-a0984ac4ea1f&amp;click=b6f74cf2-fafd-451b-94ee-880ef91bc590&amp;hsutk=d12f911d5883f4ab8ec83423e54b1d3f&amp;canon=https%3A%2F%2Fwww.lionprotects.com%2Ffirefighter-training-props-attack&amp;utm_referrer=https%3A%2F%2Fwww.lionprotects.com%2Fdigital-firefighter-training-props&amp;portal_id=3475623&amp;redirect_url=APefjpFGcQXkzm34WZkGKE_V46NFh9RnZNb2HhHVbrpw66NNYfyXBsMa2__eoEkamOlsRM30_G4UiUnsVoIO5KvVJP0kRl-thtzRGG-dQyAoTfQ052EFOFxBg1lsl9EFsF54p4bznocn0C4J_D4PMbtVQwEwvIHTSD2NhTz2KB3S32YPeVfaoRqgWpDh4r3oKKIK94vggKHLlqIttNGoEJKa8iFRWyn2-uwDFvDHg8TFVfoGPh4JY_3ZgipOA8ufSni-MCOlllVxPTW-4D51bpBdu1ycgwH2dV8Dg6Zz80PksXS0ZoZK-yaH6XiawxSEgsioF_7CGc6tdnHXXVGiST6kw2lOw0iZjpcCP9jecHC604Sv3vyxQp4md9_q7LNtjZ_nuG2xn82pKRsBQsk4smJv-N_JuEd3qA&amp;__hstc=47088440.d12f911d5883f4ab8ec83423e54b1d3f.1617731482883.1619455555674.1619464147827.11&amp;__hssc=47088440.22.1619464147827&amp;__hsfp=2282831983&amp;contentType=standard-page\">T\u00e9l\u00e9charger la fiche produit<\/a><\/p>\n<p>&nbsp;<\/p>\n<p><iframe loading=\"lazy\" title=\"Syst\u00e8me num\u00e9rique d&#039;entra\u00eenement au feu LION ATTACK\u2122\" width=\"980\" height=\"551\" src=\"https:\/\/www.youtube.com\/embed\/xWo9uzOaim8?feature=oembed&#038;enablejsapi=1&#038;origin=https:\/\/staging.safetysourcefire.ca\" frameborder=\"0\" allow=\"accelerometer; autoplay; clipboard-write; encrypted-media; gyroscope; picture-in-picture\" allowfullscreen><\/iframe><\/p>\n<p>&nbsp;<\/p>\n<p>CROISSANCE R\u00c9ALISTE DU FEU<br \/>\nLa croissance du feu et les conditions de fum\u00e9e sont bas\u00e9es sur des donn\u00e9es de recherche sur le feu fournies par des laboratoires reconnus au niveau national. La production de fum\u00e9e est li\u00e9e \u00e0 la taille de l'incendie et au temps \u00e9coul\u00e9 depuis l'allumage. Une fois le feu allum\u00e9, il grandira et s'\u00e9tendra \u00e0 des panneaux suppl\u00e9mentaires tout en produisant des volumes de fum\u00e9e r\u00e9alistes. Le syst\u00e8me peut \u00e9galement \u00eatre contr\u00f4l\u00e9 manuellement tout au long de le la formation, avec la t\u00e9l\u00e9commande industrielle.<\/p>\n<p>INSTALLATION<br \/>\nLe panneau portable comprend une base lest\u00e9e avec un r\u00e9servoir rechargeable pouvant contenir 400 lb d'eau pour maintenir le panneau stable et droit pendant vos sc\u00e9narios d'entra\u00eenement les plus intenses. Le r\u00e9servoir se plie pour un rangement et un transport faciles. Le panneau est \u00e9quip\u00e9 d'une sangle de transport pour la portabilit\u00e9 ou peut \u00eatre fix\u00e9 au mur dans votre \u00e9tablissement.<\/p>\n<p>RALLONGE INCENDIE<br \/>\nVotre formation peut consister en un ou plusieurs panneaux ATTACK qui se connectent sans fil pour cr\u00e9er des sc\u00e9narios d'extension d'incendie. Cr\u00e9ez un plus grand foyer de feu, ainsi que des sc\u00e9narios o\u00f9 le feu s'est \u00e9tendu aux pi\u00e8ces adjacentes ou \u00e0 l'\u00e9tage sup\u00e9rieur. La connectivit\u00e9 sans fil vous permet de cr\u00e9er des sc\u00e9narios tels que des incendies de structure de b\u00e2timents ou des incendies de sous-sol qui s'\u00e9tendent jusqu'au grenier. Personnalisez les conditions d'incendie pour atteindre vos objectifs sp\u00e9cifiques.<\/p>\n<p>T\u00c9L\u00c9COMMANDE<br \/>\nLa t\u00e9l\u00e9commande contr\u00f4le la classe et la difficult\u00e9 du feu. La production de fum\u00e9e, l'allumage des flammes et les r\u00e9glages de volume peuvent \u00e9galement \u00eatre contr\u00f4l\u00e9s manuellement, si vous le souhaitez. La t\u00e9l\u00e9commande permet de d\u00e9marrer et d'arr\u00eater facilement les \u00e9volutions. La t\u00e9l\u00e9commande industrielle \u00e9tanche est con\u00e7ue pour \u00eatre utilis\u00e9e avec des mains gant\u00e9es et peut \u00eatre attach\u00e9e sur des v\u00eatements ou du mat\u00e9riel pour un acc\u00e8s facile.<\/p>\n<p>G\u00c9N\u00c9RATION DE FUM\u00c9E<br \/>\nL'ATTACKTM est disponible avec un g\u00e9n\u00e9rateur de fum\u00e9e LION SG400 capable de produire plus de 4 000 pieds cubes de fum\u00e9e par minute. Le SG400 est disponible dans un bo\u00eetier r\u00e9sistant \u00e0 l'eau et aux chocs qui abrite \u00e9galement une alimentation GFCI et une station r\u00e9p\u00e9titrice.<\/p>\n<p>D\u00c9TECTION DES TUYAUX<br \/>\nLe panneau ATTACK est suffisamment r\u00e9sistant pour g\u00e9rer n&#039;importe quel tuyau flexible de votre arsenal d&#039;entra\u00eenement. Les capteurs thermiques int\u00e9gr\u00e9s du panneau \u00e9tanche d\u00e9tectent l&#039;application d&#039;eau et les flammes num\u00e9riques r\u00e9agissent automatiquement.<\/p>\n<p>Le syst\u00e8me comprend des effets sonores et une g\u00e9n\u00e9ration de fum\u00e9e qui r\u00e9agissent de mani\u00e8re dynamique aux actions des stagiaires, pour une exp\u00e9rience encore plus r\u00e9aliste. La Steam Conversion Technology\u2122 recr\u00e9e les conditions de faible visibilit\u00e9 pr\u00e9sentes lorsque l'eau est appliqu\u00e9e pour la premi\u00e8re fois sur un feu r\u00e9el.<\/p>\n<p>PORTABILIT\u00c9<br \/>\nLe syst\u00e8me peut \u00eatre install\u00e9 ou emball\u00e9 en moins de cinq minutes et peut \u00eatre facilement transport\u00e9 ou exp\u00e9di\u00e9 vers plusieurs sites de formation.<\/p>\n<p>OPPORTUNIT\u00c9S DE FORMATION<br \/>\nLe syst\u00e8me num\u00e9rique d&#039;entra\u00eenement aux incendies ATTACK peut \u00eatre utilis\u00e9 dans le cadre d&#039;une formation pratique lorsque l&#039;objectif est l&#039;extinction des incendies. Il ajoute \u00e9galement du r\u00e9alisme dans les situations d&#039;entra\u00eenement au feu o\u00f9 la suppression des incendies n&#039;est pas l&#039;objectif principal.<\/p>\n<ul>\n<li>SC\u00c9NARIOS<br \/>\nCr\u00e9ez des sc\u00e9narios de tir (de base ou intenses) avec extension lorsque le tir r\u00e9el n'est pas possible.<\/li>\n<li>R\u00c9EL<br \/>\nUtilisez l&#039;ATTACK pour vous entra\u00eener sur les bases afin de tirer le meilleur parti des br\u00fblures \u00e0 feu r\u00e9el.<\/li>\n<li>ENVIRONNEMENT<br \/>\nInitiez les nouveaux pompiers aux conditions de feu et de fum\u00e9e dans un environnement s\u00e9curitaire.<\/li>\n<li>EMPLACEMENT<br \/>\nModifiez l'emplacement et les caract\u00e9ristiques du feu entre les \u00e9volutions afin que l'entra\u00eenement ne devienne trop pr\u00e9visible.<\/li>\n<li>SIMULER LES CONDITIONS<br \/>\nSimulez des conditions d&#039;incendie o\u00f9 mettre de l&#039;eau sur le feu n&#039;est pas l&#039;objectif principal, mais la taille et l&#039;emplacement du feu sont importants.<\/li>\n<li>R\u00c9ALISME<br \/>\nAjoutez plus de r\u00e9alisme aux exercices tels que la recherche d'a\u00e9ration, les op\u00e9rations RIT ainsi que la recherche et sauvetage.<\/li>\n<\/ul>","protected":false},"excerpt":{"rendered":"<p>Entra\u00eenez-vous contre les flammes et la fum\u00e9e, m\u00eame quand le tir r\u00e9el n'est pas possible.<\/p>","protected":false},"featured_media":25392,"template":"","meta":[],"product_brand":[421],"product_cat":[139,516,509,57],"product_tag":[266,493],"class_list":{"0":"post-1271","1":"product","2":"type-product","3":"status-publish","4":"has-post-thumbnail","6":"product_brand-lion","7":"product_cat-digital","8":"product_cat-digital-training-props","9":"product_cat-lion-firefighter-training-props","10":"product_cat-training-products","11":"product_tag-bullex","12":"product_tag-lion","14":"first","15":"instock","16":"shipping-taxable","17":"product-type-simple"},"yoast_head":"<!-- This site is optimized with the Yoast SEO plugin v27.4 - https:\/\/yoast.com\/product\/yoast-seo-wordpress\/ -->\n<title>Attack\u2122 Digital Fire Training System - Safety Source Fire<\/title>\n<meta name=\"robots\" content=\"noindex, follow, max-snippet:-1, max-image-preview:large, max-video-preview:-1\" \/>\n<meta property=\"og:locale\" content=\"fr_CA\" \/>\n<meta property=\"og:type\" content=\"article\" \/>\n<meta property=\"og:title\" content=\"Attack\u2122 Digital Fire Training System - Safety Source Fire\" \/>\n<meta property=\"og:description\" content=\"Flames and smoke where live fire isn&#039;t possible\" \/>\n<meta property=\"og:url\" content=\"https:\/\/staging.safetysourcefire.ca\/fr_ca\/produit\/attack-digital-fire-training-system\/\" \/>\n<meta property=\"og:site_name\" content=\"Safety Source Fire\" \/>\n<meta property=\"article:publisher\" content=\"https:\/\/www.facebook.com\/mmfssca\" \/>\n<meta property=\"article:modified_time\" content=\"2023-05-31T13:07:52+00:00\" \/>\n<meta property=\"og:image\" content=\"https:\/\/staging.safetysourcefire.ca\/wp-content\/uploads\/2021\/04\/LION-ATTACK\u2122-V2.0-and-Digital-Nozzle-Product-Photo.jpg\" \/>\n\t<meta property=\"og:image:width\" content=\"600\" \/>\n\t<meta property=\"og:image:height\" content=\"600\" \/>\n\t<meta property=\"og:image:type\" content=\"image\/jpeg\" \/>\n<meta name=\"twitter:card\" content=\"summary_large_image\" \/>\n<meta name=\"twitter:site\" content=\"@mmfssca\" \/>\n<meta name=\"twitter:label1\" content=\"Estimation du temps de lecture\" \/>\n\t<meta name=\"twitter:data1\" content=\"3 minutes\" \/>\n<script type=\"application\/ld+json\" class=\"yoast-schema-graph\">{\"@context\":\"https:\\\/\\\/schema.org\",\"@graph\":[{\"@type\":\"WebPage\",\"@id\":\"https:\\\/\\\/staging.safetysourcefire.ca\\\/product\\\/attack-digital-fire-training-system\\\/\",\"url\":\"https:\\\/\\\/staging.safetysourcefire.ca\\\/product\\\/attack-digital-fire-training-system\\\/\",\"name\":\"Attack\u2122 Digital Fire Training System - Safety Source Fire\",\"isPartOf\":{\"@id\":\"https:\\\/\\\/staging.safetysourcefire.ca\\\/#website\"},\"primaryImageOfPage\":{\"@id\":\"https:\\\/\\\/staging.safetysourcefire.ca\\\/product\\\/attack-digital-fire-training-system\\\/#primaryimage\"},\"image\":{\"@id\":\"https:\\\/\\\/staging.safetysourcefire.ca\\\/product\\\/attack-digital-fire-training-system\\\/#primaryimage\"},\"thumbnailUrl\":\"https:\\\/\\\/staging.safetysourcefire.ca\\\/wp-content\\\/uploads\\\/2021\\\/04\\\/LION-ATTACK\u2122-V2.0-and-Digital-Nozzle-Product-Photo.jpg\",\"datePublished\":\"2021-04-26T17:42:21+00:00\",\"dateModified\":\"2023-05-31T13:07:52+00:00\",\"breadcrumb\":{\"@id\":\"https:\\\/\\\/staging.safetysourcefire.ca\\\/product\\\/attack-digital-fire-training-system\\\/#breadcrumb\"},\"inLanguage\":\"fr-CA\",\"potentialAction\":[{\"@type\":\"ReadAction\",\"target\":[\"https:\\\/\\\/staging.safetysourcefire.ca\\\/product\\\/attack-digital-fire-training-system\\\/\"]}]},{\"@type\":\"ImageObject\",\"inLanguage\":\"fr-CA\",\"@id\":\"https:\\\/\\\/staging.safetysourcefire.ca\\\/product\\\/attack-digital-fire-training-system\\\/#primaryimage\",\"url\":\"https:\\\/\\\/staging.safetysourcefire.ca\\\/wp-content\\\/uploads\\\/2021\\\/04\\\/LION-ATTACK\u2122-V2.0-and-Digital-Nozzle-Product-Photo.jpg\",\"contentUrl\":\"https:\\\/\\\/staging.safetysourcefire.ca\\\/wp-content\\\/uploads\\\/2021\\\/04\\\/LION-ATTACK\u2122-V2.0-and-Digital-Nozzle-Product-Photo.jpg\",\"width\":600,\"height\":600,\"caption\":\"Attack system\"},{\"@type\":\"BreadcrumbList\",\"@id\":\"https:\\\/\\\/staging.safetysourcefire.ca\\\/product\\\/attack-digital-fire-training-system\\\/#breadcrumb\",\"itemListElement\":[{\"@type\":\"ListItem\",\"position\":1,\"name\":\"Home\",\"item\":\"https:\\\/\\\/staging.safetysourcefire.ca\\\/\"},{\"@type\":\"ListItem\",\"position\":2,\"name\":\"Products\",\"item\":\"https:\\\/\\\/staging.safetysourcefire.ca\\\/shop\\\/\"},{\"@type\":\"ListItem\",\"position\":3,\"name\":\"Attack\u2122 Digital Fire Training System\"}]},{\"@type\":\"WebSite\",\"@id\":\"https:\\\/\\\/staging.safetysourcefire.ca\\\/#website\",\"url\":\"https:\\\/\\\/staging.safetysourcefire.ca\\\/\",\"name\":\"Safety Source Fire\",\"description\":\"\",\"publisher\":{\"@id\":\"https:\\\/\\\/staging.safetysourcefire.ca\\\/#organization\"},\"potentialAction\":[{\"@type\":\"SearchAction\",\"target\":{\"@type\":\"EntryPoint\",\"urlTemplate\":\"https:\\\/\\\/staging.safetysourcefire.ca\\\/?s={search_term_string}\"},\"query-input\":{\"@type\":\"PropertyValueSpecification\",\"valueRequired\":true,\"valueName\":\"search_term_string\"}}],\"inLanguage\":\"fr-CA\"},{\"@type\":\"Organization\",\"@id\":\"https:\\\/\\\/staging.safetysourcefire.ca\\\/#organization\",\"name\":\"Safety Source Fire\",\"url\":\"https:\\\/\\\/staging.safetysourcefire.ca\\\/\",\"logo\":{\"@type\":\"ImageObject\",\"inLanguage\":\"fr-CA\",\"@id\":\"https:\\\/\\\/staging.safetysourcefire.ca\\\/#\\\/schema\\\/logo\\\/image\\\/\",\"url\":\"https:\\\/\\\/staging.safetysourcefire.ca\\\/wp-content\\\/uploads\\\/2021\\\/01\\\/SSF_logo_CC0000-3.png\",\"contentUrl\":\"https:\\\/\\\/staging.safetysourcefire.ca\\\/wp-content\\\/uploads\\\/2021\\\/01\\\/SSF_logo_CC0000-3.png\",\"width\":1107,\"height\":365,\"caption\":\"Safety Source Fire\"},\"image\":{\"@id\":\"https:\\\/\\\/staging.safetysourcefire.ca\\\/#\\\/schema\\\/logo\\\/image\\\/\"},\"sameAs\":[\"https:\\\/\\\/www.facebook.com\\\/mmfssca\",\"https:\\\/\\\/x.com\\\/mmfssca\"]}]}<\/script>\n<!-- \/ Yoast SEO plugin. -->","yoast_head_json":{"title":"Syst\u00e8me d&#039;entra\u00eenement num\u00e9rique au tir Attack\u2122 - Safety Source Fire","robots":{"index":"noindex","follow":"follow","max-snippet":"max-snippet:-1","max-image-preview":"max-image-preview:large","max-video-preview":"max-video-preview:-1"},"og_locale":"fr_CA","og_type":"article","og_title":"Attack\u2122 Digital Fire Training System - Safety Source Fire","og_description":"Flames and smoke where live fire isn't possible","og_url":"https:\/\/staging.safetysourcefire.ca\/fr_ca\/produit\/attack-digital-fire-training-system\/","og_site_name":"Safety Source Fire","article_publisher":"https:\/\/www.facebook.com\/mmfssca","article_modified_time":"2023-05-31T13:07:52+00:00","og_image":[{"width":600,"height":600,"url":"https:\/\/staging.safetysourcefire.ca\/wp-content\/uploads\/2021\/04\/LION-ATTACK\u2122-V2.0-and-Digital-Nozzle-Product-Photo.jpg","type":"image\/jpeg"}],"twitter_card":"summary_large_image","twitter_site":"@mmfssca","twitter_misc":{"Estimation du temps de lecture":"3 minutes"},"schema":{"@context":"https:\/\/schema.org","@graph":[{"@type":"WebPage","@id":"https:\/\/staging.safetysourcefire.ca\/product\/attack-digital-fire-training-system\/","url":"https:\/\/staging.safetysourcefire.ca\/product\/attack-digital-fire-training-system\/","name":"Syst\u00e8me d&#039;entra\u00eenement num\u00e9rique au tir Attack\u2122 - Safety Source Fire","isPartOf":{"@id":"https:\/\/staging.safetysourcefire.ca\/#website"},"primaryImageOfPage":{"@id":"https:\/\/staging.safetysourcefire.ca\/product\/attack-digital-fire-training-system\/#primaryimage"},"image":{"@id":"https:\/\/staging.safetysourcefire.ca\/product\/attack-digital-fire-training-system\/#primaryimage"},"thumbnailUrl":"https:\/\/staging.safetysourcefire.ca\/wp-content\/uploads\/2021\/04\/LION-ATTACK\u2122-V2.0-and-Digital-Nozzle-Product-Photo.jpg","datePublished":"2021-04-26T17:42:21+00:00","dateModified":"2023-05-31T13:07:52+00:00","breadcrumb":{"@id":"https:\/\/staging.safetysourcefire.ca\/product\/attack-digital-fire-training-system\/#breadcrumb"},"inLanguage":"fr-CA","potentialAction":[{"@type":"ReadAction","target":["https:\/\/staging.safetysourcefire.ca\/product\/attack-digital-fire-training-system\/"]}]},{"@type":"ImageObject","inLanguage":"fr-CA","@id":"https:\/\/staging.safetysourcefire.ca\/product\/attack-digital-fire-training-system\/#primaryimage","url":"https:\/\/staging.safetysourcefire.ca\/wp-content\/uploads\/2021\/04\/LION-ATTACK\u2122-V2.0-and-Digital-Nozzle-Product-Photo.jpg","contentUrl":"https:\/\/staging.safetysourcefire.ca\/wp-content\/uploads\/2021\/04\/LION-ATTACK\u2122-V2.0-and-Digital-Nozzle-Product-Photo.jpg","width":600,"height":600,"caption":"Attack system"},{"@type":"BreadcrumbList","@id":"https:\/\/staging.safetysourcefire.ca\/product\/attack-digital-fire-training-system\/#breadcrumb","itemListElement":[{"@type":"ListItem","position":1,"name":"Home","item":"https:\/\/staging.safetysourcefire.ca\/"},{"@type":"ListItem","position":2,"name":"Products","item":"https:\/\/staging.safetysourcefire.ca\/shop\/"},{"@type":"ListItem","position":3,"name":"Attack\u2122 Digital Fire Training System"}]},{"@type":"WebSite","@id":"https:\/\/staging.safetysourcefire.ca\/#website","url":"https:\/\/staging.safetysourcefire.ca\/","name":"Safety Source Fire","description":"","publisher":{"@id":"https:\/\/staging.safetysourcefire.ca\/#organization"},"potentialAction":[{"@type":"SearchAction","target":{"@type":"EntryPoint","urlTemplate":"https:\/\/staging.safetysourcefire.ca\/?s={search_term_string}"},"query-input":{"@type":"PropertyValueSpecification","valueRequired":true,"valueName":"search_term_string"}}],"inLanguage":"fr-CA"},{"@type":"Organization","@id":"https:\/\/staging.safetysourcefire.ca\/#organization","name":"Safety Source Fire","url":"https:\/\/staging.safetysourcefire.ca\/","logo":{"@type":"ImageObject","inLanguage":"fr-CA","@id":"https:\/\/staging.safetysourcefire.ca\/#\/schema\/logo\/image\/","url":"https:\/\/staging.safetysourcefire.ca\/wp-content\/uploads\/2021\/01\/SSF_logo_CC0000-3.png","contentUrl":"https:\/\/staging.safetysourcefire.ca\/wp-content\/uploads\/2021\/01\/SSF_logo_CC0000-3.png","width":1107,"height":365,"caption":"Safety Source Fire"},"image":{"@id":"https:\/\/staging.safetysourcefire.ca\/#\/schema\/logo\/image\/"},"sameAs":["https:\/\/www.facebook.com\/mmfssca","https:\/\/x.com\/mmfssca"]}]}},"_links":{"self":[{"href":"https:\/\/staging.safetysourcefire.ca\/fr_ca\/wp-json\/wp\/v2\/product\/1271","targetHints":{"allow":["GET"]}}],"collection":[{"href":"https:\/\/staging.safetysourcefire.ca\/fr_ca\/wp-json\/wp\/v2\/product"}],"about":[{"href":"https:\/\/staging.safetysourcefire.ca\/fr_ca\/wp-json\/wp\/v2\/types\/product"}],"wp:featuredmedia":[{"embeddable":true,"href":"https:\/\/staging.safetysourcefire.ca\/fr_ca\/wp-json\/wp\/v2\/media\/25392"}],"wp:attachment":[{"href":"https:\/\/staging.safetysourcefire.ca\/fr_ca\/wp-json\/wp\/v2\/media?parent=1271"}],"wp:term":[{"taxonomy":"product_brand","embeddable":true,"href":"https:\/\/staging.safetysourcefire.ca\/fr_ca\/wp-json\/wp\/v2\/product_brand?post=1271"},{"taxonomy":"product_cat","embeddable":true,"href":"https:\/\/staging.safetysourcefire.ca\/fr_ca\/wp-json\/wp\/v2\/product_cat?post=1271"},{"taxonomy":"product_tag","embeddable":true,"href":"https:\/\/staging.safetysourcefire.ca\/fr_ca\/wp-json\/wp\/v2\/product_tag?post=1271"}],"curies":[{"name":"wp","href":"https:\/\/api.w.org\/{rel}","templated":true}]}}