{"id":1054,"date":"2017-05-09T18:21:54","date_gmt":"2017-05-09T18:21:54","guid":{"rendered":"http:\/\/mmfss.ca\/?post_type=product&#038;p=1054"},"modified":"2018-03-19T14:01:17","modified_gmt":"2018-03-19T14:01:17","slug":"power-tiny","status":"publish","type":"product","link":"https:\/\/staging.safetysourcefire.ca\/fr_ca\/produit\/power-tiny\/","title":{"rendered":"G\u00e9n\u00e9rateur de brouillard Power-Tiny"},"content":{"rendered":"<p>Il compl\u00e8te parfaitement la gamme des machines Tiny-Fogger et Tiny Compact tout en proposant un \u00e9quilibre parfait entre grande flexibilit\u00e9 et puissant d\u00e9bit de brouillard. Convient bien au monde du th\u00e9\u00e2tre, du cin\u00e9ma, de la t\u00e9l\u00e9vision, de la photographie, des com\u00e9dies musicales, des effets sp\u00e9ciaux, des tests de d\u00e9bit d'air et d'\u00e9tanch\u00e9it\u00e9 \u00e0 l'air. Bref, partout o\u00f9 le brouillard est n\u00e9cessaire rapidement et efficacement, le Power-Tiny est l'alternative qu'il vous faut!<\/p>\n<p><strong>Fonctionnalit\u00e9s:<\/strong><\/p>\n<ul>\n<li>Temps minimal de r\u00e9chauffement<br \/>\nEn une seconde seulement, le Power-Tiny est pr\u00eat \u00e0 l'emploi, sur place.<\/li>\n<li>Pratique et petit<br \/>\nLe poids l\u00e9ger (5,6 kg) et les petites dimensions (L=22,3, L=10, H=21 cm) rendent la machine utilisable pour des usages mobiles.<\/li>\n<li>Sortie r\u00e9glable<br \/>\nLa sortie du Power-Tiny peut \u00eatre ajust\u00e9e avec le bouton de r\u00e9glage. Le bouton de d\u00e9verrouillage est int\u00e9gr\u00e9 \u00e0 la poign\u00e9e. Ainsi, une utilisation confortable d'une seule main est possible.<\/li>\n<li>Contr\u00f4l\u00e9 par microprocesseur<br \/>\nLe c\u0153ur de cette machine est \u00e9quip\u00e9 d'un microprocesseur qui contr\u00f4le et supervise toutes les fonctions importantes. Cela garantit un fonctionnement continu et s\u00e9curitaire.<\/li>\n<li>Capacit\u00e9 de 250 heures<br \/>\nGr\u00e2ce \u00e0 un m\u00e9canisme de contr\u00f4le intelligent, la batterie ne fournit de l'\u00e9nergie que lorsque cela est n\u00e9cessaire. Ainsi, le temps de fonctionnement est consid\u00e9rablement augment\u00e9 - pouvant aller jusqu'\u00e0 250 heures.<\/li>\n<\/ul>\n<p>Avec une seule batterie, 10 minutes de sortie continue ou jusqu'\u00e0 150 x 5 secondes en rafales peuvent \u00eatre produites. Lorsque la batterie est \u00e0 plat, elle doit \u00eatre recharg\u00e9e avec le chargeur fourni.<\/p>\n<p>Un ensemble de complet de batterie est disponible en option (batterie compl\u00e8te avec bo\u00eetier, PCB et fusibles).<br \/>\nCe g\u00e9n\u00e9rateur de brouillard peut \u00eatre facilement d\u00e9connect\u00e9 de la batterie et peut \u00eatre connect\u00e9 rapidement \u00e0 la nouvelle batterie.<\/p>\n<ul>\n<li>Consommation minimale de fluide<br \/>\nFluide sp\u00e9cial garantissant la production d'un brouillard dense avec la plus faible consommation de fluide.<\/li>\n<li>Contr\u00f4le<br \/>\nPower-Tiny est \u00e9quip\u00e9 d'une prise XLR \u00e0 3 broches pour le contr\u00f4le analogique (0 \u2013 10 V). Une t\u00e9l\u00e9commande XLR ainsi qu'une t\u00e9l\u00e9commande radio sans fil peuvent \u00eatre connect\u00e9es \u00e0 l'appareil (toutes deux en option).<\/li>\n<\/ul>\n<p>Avec un convertisseur DMX (DMXit), la machine peut \u00eatre contr\u00f4l\u00e9e via DMX 512.<\/p>\n<p>Avec la minuterie en option (TIMEit), un temps de brouillard et d&#039;attente peut \u00eatre programm\u00e9.<\/p>","protected":false},"excerpt":{"rendered":"<p>Look Solutions vous propose Power-Tiny : un nouveau g\u00e9n\u00e9rateur de brouillard fonctionnant \u00e0 piles.<\/p>","protected":false},"featured_media":1235,"template":"","meta":[],"product_brand":[164],"product_cat":[141,57],"product_tag":[322],"class_list":{"0":"post-1054","1":"product","2":"type-product","3":"status-publish","4":"has-post-thumbnail","6":"product_brand-look-solutions","7":"product_cat-smoke-machines","8":"product_cat-training-products","9":"product_tag-look-solutions","11":"first","12":"instock","13":"shipping-taxable","14":"product-type-simple"},"yoast_head":"<!-- This site is optimized with the Yoast SEO plugin v27.4 - https:\/\/yoast.com\/product\/yoast-seo-wordpress\/ -->\n<title>Power Tiny - Safety Source Fire<\/title>\n<meta name=\"robots\" content=\"noindex, follow, max-snippet:-1, max-image-preview:large, max-video-preview:-1\" \/>\n<meta property=\"og:locale\" content=\"fr_CA\" \/>\n<meta property=\"og:type\" content=\"article\" \/>\n<meta property=\"og:title\" content=\"Power Tiny - Safety Source Fire\" \/>\n<meta property=\"og:description\" content=\"The Power-Tiny is the new battery-operated fog generator from Look Solutions.\" \/>\n<meta property=\"og:url\" content=\"https:\/\/staging.safetysourcefire.ca\/fr_ca\/produit\/power-tiny\/\" \/>\n<meta property=\"og:site_name\" content=\"Safety Source Fire\" \/>\n<meta property=\"article:publisher\" content=\"https:\/\/www.facebook.com\/mmfssca\" \/>\n<meta property=\"article:modified_time\" content=\"2018-03-19T14:01:17+00:00\" \/>\n<meta property=\"og:image\" content=\"https:\/\/staging.safetysourcefire.ca\/wp-content\/uploads\/2017\/05\/Power-Tiny-1.jpg\" \/>\n\t<meta property=\"og:image:width\" content=\"600\" \/>\n\t<meta property=\"og:image:height\" content=\"600\" \/>\n\t<meta property=\"og:image:type\" content=\"image\/jpeg\" \/>\n<meta name=\"twitter:card\" content=\"summary_large_image\" \/>\n<meta name=\"twitter:site\" content=\"@mmfssca\" \/>\n<meta name=\"twitter:label1\" content=\"Estimation du temps de lecture\" \/>\n\t<meta name=\"twitter:data1\" content=\"2 minutes\" \/>\n<script type=\"application\/ld+json\" class=\"yoast-schema-graph\">{\"@context\":\"https:\\\/\\\/schema.org\",\"@graph\":[{\"@type\":\"WebPage\",\"@id\":\"https:\\\/\\\/staging.safetysourcefire.ca\\\/product\\\/power-tiny\\\/\",\"url\":\"https:\\\/\\\/staging.safetysourcefire.ca\\\/product\\\/power-tiny\\\/\",\"name\":\"Power Tiny - Safety Source Fire\",\"isPartOf\":{\"@id\":\"https:\\\/\\\/staging.safetysourcefire.ca\\\/#website\"},\"primaryImageOfPage\":{\"@id\":\"https:\\\/\\\/staging.safetysourcefire.ca\\\/product\\\/power-tiny\\\/#primaryimage\"},\"image\":{\"@id\":\"https:\\\/\\\/staging.safetysourcefire.ca\\\/product\\\/power-tiny\\\/#primaryimage\"},\"thumbnailUrl\":\"https:\\\/\\\/staging.safetysourcefire.ca\\\/wp-content\\\/uploads\\\/2017\\\/05\\\/Power-Tiny-1.jpg\",\"datePublished\":\"2017-05-09T18:21:54+00:00\",\"dateModified\":\"2018-03-19T14:01:17+00:00\",\"breadcrumb\":{\"@id\":\"https:\\\/\\\/staging.safetysourcefire.ca\\\/product\\\/power-tiny\\\/#breadcrumb\"},\"inLanguage\":\"fr-CA\",\"potentialAction\":[{\"@type\":\"ReadAction\",\"target\":[\"https:\\\/\\\/staging.safetysourcefire.ca\\\/product\\\/power-tiny\\\/\"]}]},{\"@type\":\"ImageObject\",\"inLanguage\":\"fr-CA\",\"@id\":\"https:\\\/\\\/staging.safetysourcefire.ca\\\/product\\\/power-tiny\\\/#primaryimage\",\"url\":\"https:\\\/\\\/staging.safetysourcefire.ca\\\/wp-content\\\/uploads\\\/2017\\\/05\\\/Power-Tiny-1.jpg\",\"contentUrl\":\"https:\\\/\\\/staging.safetysourcefire.ca\\\/wp-content\\\/uploads\\\/2017\\\/05\\\/Power-Tiny-1.jpg\",\"width\":600,\"height\":600,\"caption\":\"Power Tiny Smoke Machine\"},{\"@type\":\"BreadcrumbList\",\"@id\":\"https:\\\/\\\/staging.safetysourcefire.ca\\\/product\\\/power-tiny\\\/#breadcrumb\",\"itemListElement\":[{\"@type\":\"ListItem\",\"position\":1,\"name\":\"Home\",\"item\":\"https:\\\/\\\/staging.safetysourcefire.ca\\\/\"},{\"@type\":\"ListItem\",\"position\":2,\"name\":\"Products\",\"item\":\"https:\\\/\\\/staging.safetysourcefire.ca\\\/shop\\\/\"},{\"@type\":\"ListItem\",\"position\":3,\"name\":\"Power Tiny\"}]},{\"@type\":\"WebSite\",\"@id\":\"https:\\\/\\\/staging.safetysourcefire.ca\\\/#website\",\"url\":\"https:\\\/\\\/staging.safetysourcefire.ca\\\/\",\"name\":\"Safety Source Fire\",\"description\":\"\",\"publisher\":{\"@id\":\"https:\\\/\\\/staging.safetysourcefire.ca\\\/#organization\"},\"potentialAction\":[{\"@type\":\"SearchAction\",\"target\":{\"@type\":\"EntryPoint\",\"urlTemplate\":\"https:\\\/\\\/staging.safetysourcefire.ca\\\/?s={search_term_string}\"},\"query-input\":{\"@type\":\"PropertyValueSpecification\",\"valueRequired\":true,\"valueName\":\"search_term_string\"}}],\"inLanguage\":\"fr-CA\"},{\"@type\":\"Organization\",\"@id\":\"https:\\\/\\\/staging.safetysourcefire.ca\\\/#organization\",\"name\":\"Safety Source Fire\",\"url\":\"https:\\\/\\\/staging.safetysourcefire.ca\\\/\",\"logo\":{\"@type\":\"ImageObject\",\"inLanguage\":\"fr-CA\",\"@id\":\"https:\\\/\\\/staging.safetysourcefire.ca\\\/#\\\/schema\\\/logo\\\/image\\\/\",\"url\":\"https:\\\/\\\/staging.safetysourcefire.ca\\\/wp-content\\\/uploads\\\/2021\\\/01\\\/SSF_logo_CC0000-3.png\",\"contentUrl\":\"https:\\\/\\\/staging.safetysourcefire.ca\\\/wp-content\\\/uploads\\\/2021\\\/01\\\/SSF_logo_CC0000-3.png\",\"width\":1107,\"height\":365,\"caption\":\"Safety Source Fire\"},\"image\":{\"@id\":\"https:\\\/\\\/staging.safetysourcefire.ca\\\/#\\\/schema\\\/logo\\\/image\\\/\"},\"sameAs\":[\"https:\\\/\\\/www.facebook.com\\\/mmfssca\",\"https:\\\/\\\/x.com\\\/mmfssca\"]}]}<\/script>\n<!-- \/ Yoast SEO plugin. -->","yoast_head_json":{"title":"Power Tiny - Source de s\u00e9curit\u00e9 incendie","robots":{"index":"noindex","follow":"follow","max-snippet":"max-snippet:-1","max-image-preview":"max-image-preview:large","max-video-preview":"max-video-preview:-1"},"og_locale":"fr_CA","og_type":"article","og_title":"Power Tiny - Safety Source Fire","og_description":"The Power-Tiny is the new battery-operated fog generator from Look Solutions.","og_url":"https:\/\/staging.safetysourcefire.ca\/fr_ca\/produit\/power-tiny\/","og_site_name":"Safety Source Fire","article_publisher":"https:\/\/www.facebook.com\/mmfssca","article_modified_time":"2018-03-19T14:01:17+00:00","og_image":[{"width":600,"height":600,"url":"https:\/\/staging.safetysourcefire.ca\/wp-content\/uploads\/2017\/05\/Power-Tiny-1.jpg","type":"image\/jpeg"}],"twitter_card":"summary_large_image","twitter_site":"@mmfssca","twitter_misc":{"Estimation du temps de lecture":"2 minutes"},"schema":{"@context":"https:\/\/schema.org","@graph":[{"@type":"WebPage","@id":"https:\/\/staging.safetysourcefire.ca\/product\/power-tiny\/","url":"https:\/\/staging.safetysourcefire.ca\/product\/power-tiny\/","name":"Power Tiny - Source de s\u00e9curit\u00e9 incendie","isPartOf":{"@id":"https:\/\/staging.safetysourcefire.ca\/#website"},"primaryImageOfPage":{"@id":"https:\/\/staging.safetysourcefire.ca\/product\/power-tiny\/#primaryimage"},"image":{"@id":"https:\/\/staging.safetysourcefire.ca\/product\/power-tiny\/#primaryimage"},"thumbnailUrl":"https:\/\/staging.safetysourcefire.ca\/wp-content\/uploads\/2017\/05\/Power-Tiny-1.jpg","datePublished":"2017-05-09T18:21:54+00:00","dateModified":"2018-03-19T14:01:17+00:00","breadcrumb":{"@id":"https:\/\/staging.safetysourcefire.ca\/product\/power-tiny\/#breadcrumb"},"inLanguage":"fr-CA","potentialAction":[{"@type":"ReadAction","target":["https:\/\/staging.safetysourcefire.ca\/product\/power-tiny\/"]}]},{"@type":"ImageObject","inLanguage":"fr-CA","@id":"https:\/\/staging.safetysourcefire.ca\/product\/power-tiny\/#primaryimage","url":"https:\/\/staging.safetysourcefire.ca\/wp-content\/uploads\/2017\/05\/Power-Tiny-1.jpg","contentUrl":"https:\/\/staging.safetysourcefire.ca\/wp-content\/uploads\/2017\/05\/Power-Tiny-1.jpg","width":600,"height":600,"caption":"Power Tiny Smoke Machine"},{"@type":"BreadcrumbList","@id":"https:\/\/staging.safetysourcefire.ca\/product\/power-tiny\/#breadcrumb","itemListElement":[{"@type":"ListItem","position":1,"name":"Home","item":"https:\/\/staging.safetysourcefire.ca\/"},{"@type":"ListItem","position":2,"name":"Products","item":"https:\/\/staging.safetysourcefire.ca\/shop\/"},{"@type":"ListItem","position":3,"name":"Power Tiny"}]},{"@type":"WebSite","@id":"https:\/\/staging.safetysourcefire.ca\/#website","url":"https:\/\/staging.safetysourcefire.ca\/","name":"Safety Source Fire","description":"","publisher":{"@id":"https:\/\/staging.safetysourcefire.ca\/#organization"},"potentialAction":[{"@type":"SearchAction","target":{"@type":"EntryPoint","urlTemplate":"https:\/\/staging.safetysourcefire.ca\/?s={search_term_string}"},"query-input":{"@type":"PropertyValueSpecification","valueRequired":true,"valueName":"search_term_string"}}],"inLanguage":"fr-CA"},{"@type":"Organization","@id":"https:\/\/staging.safetysourcefire.ca\/#organization","name":"Safety Source Fire","url":"https:\/\/staging.safetysourcefire.ca\/","logo":{"@type":"ImageObject","inLanguage":"fr-CA","@id":"https:\/\/staging.safetysourcefire.ca\/#\/schema\/logo\/image\/","url":"https:\/\/staging.safetysourcefire.ca\/wp-content\/uploads\/2021\/01\/SSF_logo_CC0000-3.png","contentUrl":"https:\/\/staging.safetysourcefire.ca\/wp-content\/uploads\/2021\/01\/SSF_logo_CC0000-3.png","width":1107,"height":365,"caption":"Safety Source Fire"},"image":{"@id":"https:\/\/staging.safetysourcefire.ca\/#\/schema\/logo\/image\/"},"sameAs":["https:\/\/www.facebook.com\/mmfssca","https:\/\/x.com\/mmfssca"]}]}},"_links":{"self":[{"href":"https:\/\/staging.safetysourcefire.ca\/fr_ca\/wp-json\/wp\/v2\/product\/1054","targetHints":{"allow":["GET"]}}],"collection":[{"href":"https:\/\/staging.safetysourcefire.ca\/fr_ca\/wp-json\/wp\/v2\/product"}],"about":[{"href":"https:\/\/staging.safetysourcefire.ca\/fr_ca\/wp-json\/wp\/v2\/types\/product"}],"wp:featuredmedia":[{"embeddable":true,"href":"https:\/\/staging.safetysourcefire.ca\/fr_ca\/wp-json\/wp\/v2\/media\/1235"}],"wp:attachment":[{"href":"https:\/\/staging.safetysourcefire.ca\/fr_ca\/wp-json\/wp\/v2\/media?parent=1054"}],"wp:term":[{"taxonomy":"product_brand","embeddable":true,"href":"https:\/\/staging.safetysourcefire.ca\/fr_ca\/wp-json\/wp\/v2\/product_brand?post=1054"},{"taxonomy":"product_cat","embeddable":true,"href":"https:\/\/staging.safetysourcefire.ca\/fr_ca\/wp-json\/wp\/v2\/product_cat?post=1054"},{"taxonomy":"product_tag","embeddable":true,"href":"https:\/\/staging.safetysourcefire.ca\/fr_ca\/wp-json\/wp\/v2\/product_tag?post=1054"}],"curies":[{"name":"wp","href":"https:\/\/api.w.org\/{rel}","templated":true}]}}