{"id":1003,"date":"2017-05-05T20:32:44","date_gmt":"2017-05-05T20:32:44","guid":{"rendered":"http:\/\/mmfss.ca\/?post_type=product&#038;p=1003"},"modified":"2018-03-19T13:14:36","modified_gmt":"2018-03-19T13:14:36","slug":"solid-beam-aluminum-ladders","status":"publish","type":"product","link":"https:\/\/staging.safetysourcefire.ca\/fr_ca\/produit\/solid-beam-aluminum-ladders\/","title":{"rendered":"\u00c9chelles en aluminium \u00e0 poutres massives \u2013 S\u00e9rie 900\/925"},"content":{"rendered":"<p>Ces \u00e9chelles poss\u00e8dent le syst\u00e8me de languette \u00e0 rainure de Duo-Safety. Cette conception exceptionnelle permet de maintenir les diff\u00e9rentes sections de l'\u00e9chelle solides, sans utilisation de supports, crochets ou autre.<\/p>\n<p><strong>S\u00e9rie 900-A<br \/>\nS\u00e9rie 925-A<\/strong><\/p>\n<ul>\n<li><strong>Rail de canal 3-1\/4\u2033 <\/strong><\/li>\n<li><strong>Capacit\u00e9 de charge de 750l b<\/strong><\/li>\n<\/ul>\n<table width=\"100%\">\n<tbody>\n<tr>\n<td colspan=\"5\"><strong>CARACT\u00c9RISTIQUES<\/strong><\/td>\n<\/tr>\n<tr>\n<td colspan=\"5\"><strong>S\u00c9RIE 900-A \u00c0 2 SECTIONS<\/strong><\/td>\n<\/tr>\n<tr>\n<td><strong>Taille<\/strong><\/td>\n<td><strong>Longueur<br \/>\nLongueur<\/strong><\/td>\n<td><strong>Largeur<\/strong><\/td>\n<td><strong>Bancaire<br \/>\n\u00c9paisseur<\/strong><\/td>\n<td><strong>Poids<\/strong><\/td>\n<\/tr>\n<tr>\n<td>20\u2032<\/td>\n<td>12\u2032 2,75\u2033<\/td>\n<td>21,75\u2033<\/td>\n<td>5,375\u2033<\/td>\n<td>60 livres<\/td>\n<\/tr>\n<tr>\n<td>24\u2032<\/td>\n<td>14\u2032 2,75\u2033<\/td>\n<td>21,75\u2033<\/td>\n<td>5,375\u2033<\/td>\n<td>72 livres<\/td>\n<\/tr>\n<tr>\n<td colspan=\"5\"><strong>S\u00c9RIE 925-A \u00c0 3 SECTIONS<\/strong><\/td>\n<\/tr>\n<tr>\n<td><strong>Taille<\/strong><\/td>\n<td><strong>Longueur<br \/>\nLongueur<\/strong><\/td>\n<td><strong>Largeur<\/strong><\/td>\n<td><strong>Bancaire<br \/>\n\u00c9paisseur<\/strong><\/td>\n<td><strong>Poids<\/strong><\/td>\n<\/tr>\n<tr>\n<td>22\u2032<\/td>\n<td>10\u2032 8,75\u2033<\/td>\n<td>24\u2033<\/td>\n<td>7,625\u2033<\/td>\n<td>82 livres<\/td>\n<\/tr>\n<tr>\n<td>26\u2032<\/td>\n<td>11\u2032 8,75\u2033<\/td>\n<td>24\u2033<\/td>\n<td>7,625\u2033<\/td>\n<td>92 livres<\/td>\n<\/tr>\n<tr>\n<td colspan=\"5\">Toutes les dimensions r\u00e9pertori\u00e9es ci-haut se qualifient dans les normes de v\u00e9rification de conception NFPA. Des variations d'environ +\/- 0,125\u2033 peuvent se produire en raison du type de rivets, \u00e9crous ou boulons utilis\u00e9s. Si vous avez besoin de dimensions pr\u00e9cises, veuillez appeler notre bureau et demander une copie de nos feuilles de dimensions.<\/td>\n<\/tr>\n<\/tbody>\n<\/table>","protected":false},"excerpt":{"rendered":"<p>Ces \u00e9chelles compactes n\u00e9cessitent un minimum d'espace tout en ayant l'avantage d'\u00eatre particuli\u00e8rement stables et rigides.<\/p>","protected":false},"featured_media":1110,"template":"","meta":[],"product_brand":[162],"product_cat":[54,42],"product_tag":[282,283],"class_list":{"0":"post-1003","1":"product","2":"type-product","3":"status-publish","4":"has-post-thumbnail","6":"product_brand-duo-safety","7":"product_cat-extension","8":"product_cat-ladders","9":"product_tag-duo-safety","10":"product_tag-duosafety","12":"first","13":"instock","14":"shipping-taxable","15":"product-type-simple"},"yoast_head":"<!-- This site is optimized with the Yoast SEO plugin v27.4 - https:\/\/yoast.com\/product\/yoast-seo-wordpress\/ -->\n<title>Solid Beam Aluminum Ladders - Series 900\/925 - Safety Source Fire<\/title>\n<meta name=\"robots\" content=\"noindex, follow, max-snippet:-1, max-image-preview:large, max-video-preview:-1\" \/>\n<meta property=\"og:locale\" content=\"fr_CA\" \/>\n<meta property=\"og:type\" content=\"article\" \/>\n<meta property=\"og:title\" content=\"Solid Beam Aluminum Ladders - Series 900\/925 - Safety Source Fire\" \/>\n<meta property=\"og:description\" content=\"These compact ladders require a minimum of banking space - and have the extra advantage of being especially stable and rigid.\" \/>\n<meta property=\"og:url\" content=\"https:\/\/staging.safetysourcefire.ca\/fr_ca\/produit\/solid-beam-aluminum-ladders\/\" \/>\n<meta property=\"og:site_name\" content=\"Safety Source Fire\" \/>\n<meta property=\"article:publisher\" content=\"https:\/\/www.facebook.com\/mmfssca\" \/>\n<meta property=\"article:modified_time\" content=\"2018-03-19T13:14:36+00:00\" \/>\n<meta property=\"og:image\" content=\"https:\/\/staging.safetysourcefire.ca\/wp-content\/uploads\/2017\/05\/900-A.jpg\" \/>\n\t<meta property=\"og:image:width\" content=\"600\" \/>\n\t<meta property=\"og:image:height\" content=\"600\" \/>\n\t<meta property=\"og:image:type\" content=\"image\/jpeg\" \/>\n<meta name=\"twitter:card\" content=\"summary_large_image\" \/>\n<meta name=\"twitter:site\" content=\"@mmfssca\" \/>\n<meta name=\"twitter:label1\" content=\"Estimation du temps de lecture\" \/>\n\t<meta name=\"twitter:data1\" content=\"1 minute\" \/>\n<script type=\"application\/ld+json\" class=\"yoast-schema-graph\">{\"@context\":\"https:\\\/\\\/schema.org\",\"@graph\":[{\"@type\":\"WebPage\",\"@id\":\"https:\\\/\\\/staging.safetysourcefire.ca\\\/product\\\/solid-beam-aluminum-ladders\\\/\",\"url\":\"https:\\\/\\\/staging.safetysourcefire.ca\\\/product\\\/solid-beam-aluminum-ladders\\\/\",\"name\":\"Solid Beam Aluminum Ladders - Series 900\\\/925 - Safety Source Fire\",\"isPartOf\":{\"@id\":\"https:\\\/\\\/staging.safetysourcefire.ca\\\/#website\"},\"primaryImageOfPage\":{\"@id\":\"https:\\\/\\\/staging.safetysourcefire.ca\\\/product\\\/solid-beam-aluminum-ladders\\\/#primaryimage\"},\"image\":{\"@id\":\"https:\\\/\\\/staging.safetysourcefire.ca\\\/product\\\/solid-beam-aluminum-ladders\\\/#primaryimage\"},\"thumbnailUrl\":\"https:\\\/\\\/staging.safetysourcefire.ca\\\/wp-content\\\/uploads\\\/2017\\\/05\\\/900-A.jpg\",\"datePublished\":\"2017-05-05T20:32:44+00:00\",\"dateModified\":\"2018-03-19T13:14:36+00:00\",\"breadcrumb\":{\"@id\":\"https:\\\/\\\/staging.safetysourcefire.ca\\\/product\\\/solid-beam-aluminum-ladders\\\/#breadcrumb\"},\"inLanguage\":\"fr-CA\",\"potentialAction\":[{\"@type\":\"ReadAction\",\"target\":[\"https:\\\/\\\/staging.safetysourcefire.ca\\\/product\\\/solid-beam-aluminum-ladders\\\/\"]}]},{\"@type\":\"ImageObject\",\"inLanguage\":\"fr-CA\",\"@id\":\"https:\\\/\\\/staging.safetysourcefire.ca\\\/product\\\/solid-beam-aluminum-ladders\\\/#primaryimage\",\"url\":\"https:\\\/\\\/staging.safetysourcefire.ca\\\/wp-content\\\/uploads\\\/2017\\\/05\\\/900-A.jpg\",\"contentUrl\":\"https:\\\/\\\/staging.safetysourcefire.ca\\\/wp-content\\\/uploads\\\/2017\\\/05\\\/900-A.jpg\",\"width\":600,\"height\":600,\"caption\":\"Solid Beam Aluminum Ladders\"},{\"@type\":\"BreadcrumbList\",\"@id\":\"https:\\\/\\\/staging.safetysourcefire.ca\\\/product\\\/solid-beam-aluminum-ladders\\\/#breadcrumb\",\"itemListElement\":[{\"@type\":\"ListItem\",\"position\":1,\"name\":\"Home\",\"item\":\"https:\\\/\\\/staging.safetysourcefire.ca\\\/\"},{\"@type\":\"ListItem\",\"position\":2,\"name\":\"Products\",\"item\":\"https:\\\/\\\/staging.safetysourcefire.ca\\\/shop\\\/\"},{\"@type\":\"ListItem\",\"position\":3,\"name\":\"Solid Beam Aluminum Ladders &#8211; Series 900\\\/925\"}]},{\"@type\":\"WebSite\",\"@id\":\"https:\\\/\\\/staging.safetysourcefire.ca\\\/#website\",\"url\":\"https:\\\/\\\/staging.safetysourcefire.ca\\\/\",\"name\":\"Safety Source Fire\",\"description\":\"\",\"publisher\":{\"@id\":\"https:\\\/\\\/staging.safetysourcefire.ca\\\/#organization\"},\"potentialAction\":[{\"@type\":\"SearchAction\",\"target\":{\"@type\":\"EntryPoint\",\"urlTemplate\":\"https:\\\/\\\/staging.safetysourcefire.ca\\\/?s={search_term_string}\"},\"query-input\":{\"@type\":\"PropertyValueSpecification\",\"valueRequired\":true,\"valueName\":\"search_term_string\"}}],\"inLanguage\":\"fr-CA\"},{\"@type\":\"Organization\",\"@id\":\"https:\\\/\\\/staging.safetysourcefire.ca\\\/#organization\",\"name\":\"Safety Source Fire\",\"url\":\"https:\\\/\\\/staging.safetysourcefire.ca\\\/\",\"logo\":{\"@type\":\"ImageObject\",\"inLanguage\":\"fr-CA\",\"@id\":\"https:\\\/\\\/staging.safetysourcefire.ca\\\/#\\\/schema\\\/logo\\\/image\\\/\",\"url\":\"https:\\\/\\\/staging.safetysourcefire.ca\\\/wp-content\\\/uploads\\\/2021\\\/01\\\/SSF_logo_CC0000-3.png\",\"contentUrl\":\"https:\\\/\\\/staging.safetysourcefire.ca\\\/wp-content\\\/uploads\\\/2021\\\/01\\\/SSF_logo_CC0000-3.png\",\"width\":1107,\"height\":365,\"caption\":\"Safety Source Fire\"},\"image\":{\"@id\":\"https:\\\/\\\/staging.safetysourcefire.ca\\\/#\\\/schema\\\/logo\\\/image\\\/\"},\"sameAs\":[\"https:\\\/\\\/www.facebook.com\\\/mmfssca\",\"https:\\\/\\\/x.com\\\/mmfssca\"]}]}<\/script>\n<!-- \/ Yoast SEO plugin. -->","yoast_head_json":{"title":"\u00c9chelles \u00e0 poutres pleines en aluminium - S\u00e9ries 900\/925 - Safety Source Fire","robots":{"index":"noindex","follow":"follow","max-snippet":"max-snippet:-1","max-image-preview":"max-image-preview:large","max-video-preview":"max-video-preview:-1"},"og_locale":"fr_CA","og_type":"article","og_title":"Solid Beam Aluminum Ladders - Series 900\/925 - Safety Source Fire","og_description":"These compact ladders require a minimum of banking space - and have the extra advantage of being especially stable and rigid.","og_url":"https:\/\/staging.safetysourcefire.ca\/fr_ca\/produit\/solid-beam-aluminum-ladders\/","og_site_name":"Safety Source Fire","article_publisher":"https:\/\/www.facebook.com\/mmfssca","article_modified_time":"2018-03-19T13:14:36+00:00","og_image":[{"width":600,"height":600,"url":"https:\/\/staging.safetysourcefire.ca\/wp-content\/uploads\/2017\/05\/900-A.jpg","type":"image\/jpeg"}],"twitter_card":"summary_large_image","twitter_site":"@mmfssca","twitter_misc":{"Estimation du temps de lecture":"1 minute"},"schema":{"@context":"https:\/\/schema.org","@graph":[{"@type":"WebPage","@id":"https:\/\/staging.safetysourcefire.ca\/product\/solid-beam-aluminum-ladders\/","url":"https:\/\/staging.safetysourcefire.ca\/product\/solid-beam-aluminum-ladders\/","name":"\u00c9chelles \u00e0 poutres pleines en aluminium - S\u00e9ries 900\/925 - Safety Source Fire","isPartOf":{"@id":"https:\/\/staging.safetysourcefire.ca\/#website"},"primaryImageOfPage":{"@id":"https:\/\/staging.safetysourcefire.ca\/product\/solid-beam-aluminum-ladders\/#primaryimage"},"image":{"@id":"https:\/\/staging.safetysourcefire.ca\/product\/solid-beam-aluminum-ladders\/#primaryimage"},"thumbnailUrl":"https:\/\/staging.safetysourcefire.ca\/wp-content\/uploads\/2017\/05\/900-A.jpg","datePublished":"2017-05-05T20:32:44+00:00","dateModified":"2018-03-19T13:14:36+00:00","breadcrumb":{"@id":"https:\/\/staging.safetysourcefire.ca\/product\/solid-beam-aluminum-ladders\/#breadcrumb"},"inLanguage":"fr-CA","potentialAction":[{"@type":"ReadAction","target":["https:\/\/staging.safetysourcefire.ca\/product\/solid-beam-aluminum-ladders\/"]}]},{"@type":"ImageObject","inLanguage":"fr-CA","@id":"https:\/\/staging.safetysourcefire.ca\/product\/solid-beam-aluminum-ladders\/#primaryimage","url":"https:\/\/staging.safetysourcefire.ca\/wp-content\/uploads\/2017\/05\/900-A.jpg","contentUrl":"https:\/\/staging.safetysourcefire.ca\/wp-content\/uploads\/2017\/05\/900-A.jpg","width":600,"height":600,"caption":"Solid Beam Aluminum Ladders"},{"@type":"BreadcrumbList","@id":"https:\/\/staging.safetysourcefire.ca\/product\/solid-beam-aluminum-ladders\/#breadcrumb","itemListElement":[{"@type":"ListItem","position":1,"name":"Home","item":"https:\/\/staging.safetysourcefire.ca\/"},{"@type":"ListItem","position":2,"name":"Products","item":"https:\/\/staging.safetysourcefire.ca\/shop\/"},{"@type":"ListItem","position":3,"name":"Solid Beam Aluminum Ladders &#8211; Series 900\/925"}]},{"@type":"WebSite","@id":"https:\/\/staging.safetysourcefire.ca\/#website","url":"https:\/\/staging.safetysourcefire.ca\/","name":"Safety Source Fire","description":"","publisher":{"@id":"https:\/\/staging.safetysourcefire.ca\/#organization"},"potentialAction":[{"@type":"SearchAction","target":{"@type":"EntryPoint","urlTemplate":"https:\/\/staging.safetysourcefire.ca\/?s={search_term_string}"},"query-input":{"@type":"PropertyValueSpecification","valueRequired":true,"valueName":"search_term_string"}}],"inLanguage":"fr-CA"},{"@type":"Organization","@id":"https:\/\/staging.safetysourcefire.ca\/#organization","name":"Safety Source Fire","url":"https:\/\/staging.safetysourcefire.ca\/","logo":{"@type":"ImageObject","inLanguage":"fr-CA","@id":"https:\/\/staging.safetysourcefire.ca\/#\/schema\/logo\/image\/","url":"https:\/\/staging.safetysourcefire.ca\/wp-content\/uploads\/2021\/01\/SSF_logo_CC0000-3.png","contentUrl":"https:\/\/staging.safetysourcefire.ca\/wp-content\/uploads\/2021\/01\/SSF_logo_CC0000-3.png","width":1107,"height":365,"caption":"Safety Source Fire"},"image":{"@id":"https:\/\/staging.safetysourcefire.ca\/#\/schema\/logo\/image\/"},"sameAs":["https:\/\/www.facebook.com\/mmfssca","https:\/\/x.com\/mmfssca"]}]}},"_links":{"self":[{"href":"https:\/\/staging.safetysourcefire.ca\/fr_ca\/wp-json\/wp\/v2\/product\/1003","targetHints":{"allow":["GET"]}}],"collection":[{"href":"https:\/\/staging.safetysourcefire.ca\/fr_ca\/wp-json\/wp\/v2\/product"}],"about":[{"href":"https:\/\/staging.safetysourcefire.ca\/fr_ca\/wp-json\/wp\/v2\/types\/product"}],"wp:featuredmedia":[{"embeddable":true,"href":"https:\/\/staging.safetysourcefire.ca\/fr_ca\/wp-json\/wp\/v2\/media\/1110"}],"wp:attachment":[{"href":"https:\/\/staging.safetysourcefire.ca\/fr_ca\/wp-json\/wp\/v2\/media?parent=1003"}],"wp:term":[{"taxonomy":"product_brand","embeddable":true,"href":"https:\/\/staging.safetysourcefire.ca\/fr_ca\/wp-json\/wp\/v2\/product_brand?post=1003"},{"taxonomy":"product_cat","embeddable":true,"href":"https:\/\/staging.safetysourcefire.ca\/fr_ca\/wp-json\/wp\/v2\/product_cat?post=1003"},{"taxonomy":"product_tag","embeddable":true,"href":"https:\/\/staging.safetysourcefire.ca\/fr_ca\/wp-json\/wp\/v2\/product_tag?post=1003"}],"curies":[{"name":"wp","href":"https:\/\/api.w.org\/{rel}","templated":true}]}}