{"id":4114,"date":"2017-06-28T13:48:42","date_gmt":"2017-06-28T13:48:42","guid":{"rendered":"http:\/\/mmfss.ca\/?page_id=4114"},"modified":"2021-01-19T17:23:04","modified_gmt":"2021-01-19T17:23:04","slug":"privacy-notice","status":"publish","type":"page","link":"https:\/\/staging.safetysourcefire.ca\/fr_ca\/privacy-notice\/","title":{"rendered":"Avis de confidentialit\u00e9"},"content":{"rendered":"<p>Cet avis de confidentialit\u00e9 divulgue les pratiques de confidentialit\u00e9 de safetysourcefire.ca. Cet avis de confidentialit\u00e9 s&#039;applique uniquement aux informations collect\u00e9es par ce site Web. Il vous informera des \u00e9l\u00e9ments suivants\u00a0:<\/p>\n<ul>\n<li>Quelles informations personnellement identifiables sont collect\u00e9es aupr\u00e8s de vous via le site Web, comment elles sont utilis\u00e9es et avec qui elles peuvent \u00eatre partag\u00e9es.<\/li>\n<li>Quels sont les choix qui s&#039;offrent \u00e0 vous concernant l&#039;utilisation de vos donn\u00e9es.<\/li>\n<li>Les proc\u00e9dures de s\u00e9curit\u00e9 en place pour prot\u00e9ger l&#039;utilisation abusive de vos informations.<\/li>\n<li>Comment vous pouvez corriger toute inexactitude dans les informations.<\/li>\n<\/ul>\n<p><strong>Collecte, utilisation et partage d&#039;informations<\/strong><\/p>\n<p>Nous sommes les seuls propri\u00e9taires des informations collect\u00e9es sur ce site. Nous avons uniquement acc\u00e8s aux informations que vous nous fournissez volontairement par e-mail ou tout autre contact direct de votre part. Nous ne vendrons ni ne louerons ces informations \u00e0 qui que ce soit.<\/p>\n<p>Nous utiliserons vos informations pour vous r\u00e9pondre, concernant la raison pour laquelle vous nous avez contact\u00e9s. Nous ne partagerons pas vos informations avec des tiers en dehors de notre organisation, sauf si cela est n\u00e9cessaire pour r\u00e9pondre \u00e0 votre demande, par exemple pour exp\u00e9dier une commande.<\/p>\n<p>Sauf si vous nous demandez de ne pas le faire, nous pouvons vous contacter par e-mail \u00e0 l&#039;avenir pour vous informer des offres sp\u00e9ciales, des nouveaux produits ou services, ou des modifications apport\u00e9es \u00e0 cette politique de confidentialit\u00e9.<\/p>\n<p><strong>Votre acc\u00e8s et votre contr\u00f4le sur les informations<\/strong><\/p>\n<p>Vous pouvez vous d\u00e9sinscrire de tout contact futur de notre part \u00e0 tout moment. Vous pouvez faire ce qui suit \u00e0 tout moment en nous contactant via l&#039;adresse e-mail ou le num\u00e9ro de t\u00e9l\u00e9phone indiqu\u00e9 sur notre site Web\u00a0:<\/p>\n<ul>\n<li>Consultez les donn\u00e9es que nous avons sur vous, le cas \u00e9ch\u00e9ant.<\/li>\n<li>Modifier\/corriger toutes les donn\u00e9es que nous avons \u00e0 votre sujet.<\/li>\n<li>Faites-nous supprimer toutes les donn\u00e9es que nous avons sur vous.<\/li>\n<li>Exprimez toute pr\u00e9occupation que vous avez concernant notre utilisation de vos donn\u00e9es.<\/li>\n<\/ul>\n<p><strong>Inscription<\/strong><\/p>\n<p>Un utilisateur peut remplir un formulaire de cr\u00e9ation\/inscription de compte. Lors de l&#039;inscription, un utilisateur est tenu de fournir certaines informations (telles que son nom et son adresse e-mail). Ces informations sont utilis\u00e9es pour vous contacter au sujet des produits\/services de notre site pour lesquels vous avez manifest\u00e9 de l&#039;int\u00e9r\u00eat. \u00c0 votre choix, vous pouvez \u00e9galement fournir des informations d\u00e9mographiques (telles que le sexe ou l&#039;\u00e2ge) vous concernant, mais ce n&#039;est pas obligatoire.<\/p>\n<p><strong>Biscuits<\/strong><\/p>\n<p>Notre site utilise des cookies. Un cookie est une donn\u00e9e stock\u00e9e sur le disque dur d&#039;un visiteur du site pour nous aider \u00e0 am\u00e9liorer votre acc\u00e8s \u00e0 notre site et \u00e0 identifier les visiteurs r\u00e9currents de notre site. Par exemple, lorsque nous utilisons un cookie pour vous identifier, vous n&#039;aurez pas \u00e0 saisir un mot de passe plus d&#039;une fois, ce qui vous fera gagner du temps sur notre site. Les cookies peuvent \u00e9galement nous permettre de suivre et de cibler les int\u00e9r\u00eats de nos utilisateurs pour am\u00e9liorer l&#039;exp\u00e9rience sur notre site. L&#039;utilisation d&#039;un cookie n&#039;est en aucun cas li\u00e9e \u00e0 des informations personnellement identifiables sur notre site.<\/p>\n<p><strong>Sondages et concours<\/strong><\/p>\n<p>De temps en temps, notre site demande des informations via des sondages ou des concours. La participation \u00e0 ces sondages ou concours est enti\u00e8rement volontaire et vous pouvez choisir de participer ou non et donc de divulguer ces informations. Les informations demand\u00e9es peuvent inclure des informations de contact (telles que le nom et l&#039;adresse de livraison) et des informations d\u00e9mographiques (telles que le code postal). Les coordonn\u00e9es seront utilis\u00e9es pour informer les gagnants et attribuer les prix. Les informations de l&#039;enqu\u00eate seront utilis\u00e9es \u00e0 des fins de surveillance ou d&#039;am\u00e9lioration de l&#039;utilisation et de la satisfaction de ce site.<\/p>\n<p><strong>Liens<\/strong><\/p>\n<p>Ce site Web peut contenir des liens vers d&#039;autres sites. Veuillez noter que nous ne sommes pas responsables du contenu ou des pratiques de confidentialit\u00e9 de ces autres sites. Nous encourageons nos utilisateurs \u00e0 \u00eatre attentifs lorsqu&#039;ils quittent notre site et \u00e0 lire les d\u00e9clarations de confidentialit\u00e9 de tout autre site qui collecte des informations personnellement identifiables.<\/p>\n<p><strong>S\u00e9curit\u00e9<\/strong><\/p>\n<p>Nous prenons des pr\u00e9cautions pour prot\u00e9ger vos informations. Lorsque vous soumettez des informations sensibles via le site Web, vos informations sont prot\u00e9g\u00e9es \u00e0 la fois en ligne et hors ligne.<\/p>\n<p>Seuls les employ\u00e9s qui ont besoin de ces informations pour effectuer un travail sp\u00e9cifique (par exemple, la facturation ou le service client) ont acc\u00e8s aux informations personnellement identifiables. Les ordinateurs\/serveurs dans lesquels nous stockons des informations personnellement identifiables sont conserv\u00e9s dans un environnement s\u00e9curis\u00e9.<\/p>\n<p>Si vous pensez que nous ne respectons pas cette politique de confidentialit\u00e9, vous devez nous contacter imm\u00e9diatement par t\u00e9l\u00e9phone ou par e-mail.<\/p>","protected":false},"excerpt":{"rendered":"<p>This privacy notice discloses the privacy practices for safetysourcefire.ca. This privacy notice applies solely to information collected by this website. It will notify you of the following: What personally identifiable information is collected from you through the website, how it is used and with whom it may be shared. What choices are available to you [&hellip;]<\/p>\n","protected":false},"author":1,"featured_media":0,"parent":0,"menu_order":0,"comment_status":"closed","ping_status":"closed","template":"","meta":{"footnotes":""},"class_list":["post-4114","page","type-page","status-publish","hentry"],"yoast_head":"<!-- This site is optimized with the Yoast SEO plugin v27.4 - https:\/\/yoast.com\/product\/yoast-seo-wordpress\/ -->\n<title>Privacy Notice - Safety Source Fire<\/title>\n<meta name=\"robots\" content=\"noindex, follow, max-snippet:-1, max-image-preview:large, max-video-preview:-1\" \/>\n<meta property=\"og:locale\" content=\"fr_CA\" \/>\n<meta property=\"og:type\" content=\"article\" \/>\n<meta property=\"og:title\" content=\"Privacy Notice - Safety Source Fire\" \/>\n<meta property=\"og:description\" content=\"This privacy notice discloses the privacy practices for safetysourcefire.ca. This privacy notice applies solely to information collected by this website. It will notify you of the following: What personally identifiable information is collected from you through the website, how it is used and with whom it may be shared. What choices are available to you [&hellip;]\" \/>\n<meta property=\"og:url\" content=\"https:\/\/staging.safetysourcefire.ca\/fr_ca\/privacy-notice\/\" \/>\n<meta property=\"og:site_name\" content=\"Safety Source Fire\" \/>\n<meta property=\"article:publisher\" content=\"https:\/\/www.facebook.com\/mmfssca\" \/>\n<meta property=\"article:modified_time\" content=\"2021-01-19T17:23:04+00:00\" \/>\n<meta name=\"twitter:card\" content=\"summary_large_image\" \/>\n<meta name=\"twitter:site\" content=\"@mmfssca\" \/>\n<meta name=\"twitter:label1\" content=\"Estimation du temps de lecture\" \/>\n\t<meta name=\"twitter:data1\" content=\"3 minutes\" \/>\n<script type=\"application\/ld+json\" class=\"yoast-schema-graph\">{\"@context\":\"https:\\\/\\\/schema.org\",\"@graph\":[{\"@type\":\"WebPage\",\"@id\":\"https:\\\/\\\/staging.safetysourcefire.ca\\\/privacy-notice\\\/\",\"url\":\"https:\\\/\\\/staging.safetysourcefire.ca\\\/privacy-notice\\\/\",\"name\":\"Privacy Notice - Safety Source Fire\",\"isPartOf\":{\"@id\":\"https:\\\/\\\/staging.safetysourcefire.ca\\\/#website\"},\"datePublished\":\"2017-06-28T13:48:42+00:00\",\"dateModified\":\"2021-01-19T17:23:04+00:00\",\"breadcrumb\":{\"@id\":\"https:\\\/\\\/staging.safetysourcefire.ca\\\/privacy-notice\\\/#breadcrumb\"},\"inLanguage\":\"fr-CA\",\"potentialAction\":[{\"@type\":\"ReadAction\",\"target\":[\"https:\\\/\\\/staging.safetysourcefire.ca\\\/privacy-notice\\\/\"]}]},{\"@type\":\"BreadcrumbList\",\"@id\":\"https:\\\/\\\/staging.safetysourcefire.ca\\\/privacy-notice\\\/#breadcrumb\",\"itemListElement\":[{\"@type\":\"ListItem\",\"position\":1,\"name\":\"Home\",\"item\":\"https:\\\/\\\/staging.safetysourcefire.ca\\\/\"},{\"@type\":\"ListItem\",\"position\":2,\"name\":\"Privacy Notice\"}]},{\"@type\":\"WebSite\",\"@id\":\"https:\\\/\\\/staging.safetysourcefire.ca\\\/#website\",\"url\":\"https:\\\/\\\/staging.safetysourcefire.ca\\\/\",\"name\":\"Safety Source Fire\",\"description\":\"\",\"publisher\":{\"@id\":\"https:\\\/\\\/staging.safetysourcefire.ca\\\/#organization\"},\"potentialAction\":[{\"@type\":\"SearchAction\",\"target\":{\"@type\":\"EntryPoint\",\"urlTemplate\":\"https:\\\/\\\/staging.safetysourcefire.ca\\\/?s={search_term_string}\"},\"query-input\":{\"@type\":\"PropertyValueSpecification\",\"valueRequired\":true,\"valueName\":\"search_term_string\"}}],\"inLanguage\":\"fr-CA\"},{\"@type\":\"Organization\",\"@id\":\"https:\\\/\\\/staging.safetysourcefire.ca\\\/#organization\",\"name\":\"Safety Source Fire\",\"url\":\"https:\\\/\\\/staging.safetysourcefire.ca\\\/\",\"logo\":{\"@type\":\"ImageObject\",\"inLanguage\":\"fr-CA\",\"@id\":\"https:\\\/\\\/staging.safetysourcefire.ca\\\/#\\\/schema\\\/logo\\\/image\\\/\",\"url\":\"https:\\\/\\\/staging.safetysourcefire.ca\\\/wp-content\\\/uploads\\\/2021\\\/01\\\/SSF_logo_CC0000-3.png\",\"contentUrl\":\"https:\\\/\\\/staging.safetysourcefire.ca\\\/wp-content\\\/uploads\\\/2021\\\/01\\\/SSF_logo_CC0000-3.png\",\"width\":1107,\"height\":365,\"caption\":\"Safety Source Fire\"},\"image\":{\"@id\":\"https:\\\/\\\/staging.safetysourcefire.ca\\\/#\\\/schema\\\/logo\\\/image\\\/\"},\"sameAs\":[\"https:\\\/\\\/www.facebook.com\\\/mmfssca\",\"https:\\\/\\\/x.com\\\/mmfssca\"]}]}<\/script>\n<!-- \/ Yoast SEO plugin. -->","yoast_head_json":{"title":"Avis de confidentialit\u00e9 - Safety Source Fire","robots":{"index":"noindex","follow":"follow","max-snippet":"max-snippet:-1","max-image-preview":"max-image-preview:large","max-video-preview":"max-video-preview:-1"},"og_locale":"fr_CA","og_type":"article","og_title":"Privacy Notice - Safety Source Fire","og_description":"This privacy notice discloses the privacy practices for safetysourcefire.ca. This privacy notice applies solely to information collected by this website. It will notify you of the following: What personally identifiable information is collected from you through the website, how it is used and with whom it may be shared. What choices are available to you [&hellip;]","og_url":"https:\/\/staging.safetysourcefire.ca\/fr_ca\/privacy-notice\/","og_site_name":"Safety Source Fire","article_publisher":"https:\/\/www.facebook.com\/mmfssca","article_modified_time":"2021-01-19T17:23:04+00:00","twitter_card":"summary_large_image","twitter_site":"@mmfssca","twitter_misc":{"Estimation du temps de lecture":"3 minutes"},"schema":{"@context":"https:\/\/schema.org","@graph":[{"@type":"WebPage","@id":"https:\/\/staging.safetysourcefire.ca\/privacy-notice\/","url":"https:\/\/staging.safetysourcefire.ca\/privacy-notice\/","name":"Avis de confidentialit\u00e9 - Safety Source Fire","isPartOf":{"@id":"https:\/\/staging.safetysourcefire.ca\/#website"},"datePublished":"2017-06-28T13:48:42+00:00","dateModified":"2021-01-19T17:23:04+00:00","breadcrumb":{"@id":"https:\/\/staging.safetysourcefire.ca\/privacy-notice\/#breadcrumb"},"inLanguage":"fr-CA","potentialAction":[{"@type":"ReadAction","target":["https:\/\/staging.safetysourcefire.ca\/privacy-notice\/"]}]},{"@type":"BreadcrumbList","@id":"https:\/\/staging.safetysourcefire.ca\/privacy-notice\/#breadcrumb","itemListElement":[{"@type":"ListItem","position":1,"name":"Home","item":"https:\/\/staging.safetysourcefire.ca\/"},{"@type":"ListItem","position":2,"name":"Privacy Notice"}]},{"@type":"WebSite","@id":"https:\/\/staging.safetysourcefire.ca\/#website","url":"https:\/\/staging.safetysourcefire.ca\/","name":"Safety Source Fire","description":"","publisher":{"@id":"https:\/\/staging.safetysourcefire.ca\/#organization"},"potentialAction":[{"@type":"SearchAction","target":{"@type":"EntryPoint","urlTemplate":"https:\/\/staging.safetysourcefire.ca\/?s={search_term_string}"},"query-input":{"@type":"PropertyValueSpecification","valueRequired":true,"valueName":"search_term_string"}}],"inLanguage":"fr-CA"},{"@type":"Organization","@id":"https:\/\/staging.safetysourcefire.ca\/#organization","name":"Safety Source Fire","url":"https:\/\/staging.safetysourcefire.ca\/","logo":{"@type":"ImageObject","inLanguage":"fr-CA","@id":"https:\/\/staging.safetysourcefire.ca\/#\/schema\/logo\/image\/","url":"https:\/\/staging.safetysourcefire.ca\/wp-content\/uploads\/2021\/01\/SSF_logo_CC0000-3.png","contentUrl":"https:\/\/staging.safetysourcefire.ca\/wp-content\/uploads\/2021\/01\/SSF_logo_CC0000-3.png","width":1107,"height":365,"caption":"Safety Source Fire"},"image":{"@id":"https:\/\/staging.safetysourcefire.ca\/#\/schema\/logo\/image\/"},"sameAs":["https:\/\/www.facebook.com\/mmfssca","https:\/\/x.com\/mmfssca"]}]}},"_links":{"self":[{"href":"https:\/\/staging.safetysourcefire.ca\/fr_ca\/wp-json\/wp\/v2\/pages\/4114","targetHints":{"allow":["GET"]}}],"collection":[{"href":"https:\/\/staging.safetysourcefire.ca\/fr_ca\/wp-json\/wp\/v2\/pages"}],"about":[{"href":"https:\/\/staging.safetysourcefire.ca\/fr_ca\/wp-json\/wp\/v2\/types\/page"}],"author":[{"embeddable":true,"href":"https:\/\/staging.safetysourcefire.ca\/fr_ca\/wp-json\/wp\/v2\/users\/1"}],"replies":[{"embeddable":true,"href":"https:\/\/staging.safetysourcefire.ca\/fr_ca\/wp-json\/wp\/v2\/comments?post=4114"}],"version-history":[{"count":11,"href":"https:\/\/staging.safetysourcefire.ca\/fr_ca\/wp-json\/wp\/v2\/pages\/4114\/revisions"}],"predecessor-version":[{"id":24388,"href":"https:\/\/staging.safetysourcefire.ca\/fr_ca\/wp-json\/wp\/v2\/pages\/4114\/revisions\/24388"}],"wp:attachment":[{"href":"https:\/\/staging.safetysourcefire.ca\/fr_ca\/wp-json\/wp\/v2\/media?parent=4114"}],"curies":[{"name":"wp","href":"https:\/\/api.w.org\/{rel}","templated":true}]}}