{"id":3764,"date":"2017-06-21T21:36:00","date_gmt":"2017-06-21T21:36:00","guid":{"rendered":"http:\/\/mmfss.ca\/?page_id=3764"},"modified":"2021-09-15T14:02:09","modified_gmt":"2021-09-15T14:02:09","slug":"aerials","status":"publish","type":"page","link":"https:\/\/staging.safetysourcefire.ca\/fr_ca\/vehicles\/pierce-manufacturing\/aerials\/","title":{"rendered":"Antennes"},"content":{"rendered":"<div id=\"pl-3764\"  class=\"panel-layout\" ><div id=\"pg-3764-0\"  class=\"panel-grid panel-has-style\" ><div class=\"panel-row-style panel-row-style-for-3764-0\" ><div id=\"pgc-3764-0-0\"  class=\"panel-grid-cell\" ><div id=\"panel-3764-0-0-0\" class=\"so-panel widget_sow-image panel-first-child panel-last-child\" data-index=\"0\" ><div class=\"panel-widget-style panel-widget-style-for-3764-0-0-0\" ><div\n\t\t\t\n\t\t\tclass=\"so-widget-sow-image so-widget-sow-image-default-c67d20f9f743-3764\"\n\t\t\t\n\t\t>\n<div class=\"sow-image-container\">\n\t\t<img \n\tsrc=\"https:\/\/staging.safetysourcefire.ca\/wp-content\/uploads\/2017\/04\/PierceLogo_Tag_Black-300x103.png\" width=\"300\" height=\"103\" srcset=\"https:\/\/staging.safetysourcefire.ca\/wp-content\/uploads\/2017\/04\/PierceLogo_Tag_Black-300x103.png 300w, https:\/\/staging.safetysourcefire.ca\/wp-content\/uploads\/2017\/04\/PierceLogo_Tag_Black-416x143.png 416w, https:\/\/staging.safetysourcefire.ca\/wp-content\/uploads\/2017\/04\/PierceLogo_Tag_Black-150x52.png 150w, https:\/\/staging.safetysourcefire.ca\/wp-content\/uploads\/2017\/04\/PierceLogo_Tag_Black.png 450w\" sizes=\"(max-width: 300px) 100vw, 300px\" alt=\"Pierce logo\" \t\tclass=\"so-widget-image\"\/>\n\t<\/div>\n\n<\/div><\/div><\/div><\/div><\/div><\/div><div id=\"pg-3764-1\"  class=\"panel-grid panel-no-style\" ><div id=\"pgc-3764-1-0\"  class=\"panel-grid-cell\" ><div id=\"panel-3764-1-0-0\" class=\"so-panel widget_sow-editor panel-first-child panel-last-child\" data-index=\"1\" ><div\n\t\t\t\n\t\t\tclass=\"so-widget-sow-editor so-widget-sow-editor-base\"\n\t\t\t\n\t\t>\n<div class=\"siteorigin-widget-tinymce textwidget\">\n\t<h3>Diff\u00e9rentes longueurs, diff\u00e9rentes montures, diff\u00e9rents mat\u00e9riaux, mais m\u00eame engagement en mati\u00e8re de s\u00e9curit\u00e9 et de performance.<\/h3>\n<\/div>\n<\/div><\/div><\/div><div id=\"pgc-3764-1-1\"  class=\"panel-grid-cell\" ><div id=\"panel-3764-1-1-0\" class=\"so-panel widget_sow-button panel-first-child\" data-index=\"2\" ><div\n\t\t\t\n\t\t\tclass=\"so-widget-sow-button so-widget-sow-button-atom-1ec46a473f6d-3764\"\n\t\t\t\n\t\t><div class=\"ow-button-base ow-button-align-center\"\n>\n\t\t\t<a\n\t\t\t\t\thref=\"https:\/\/staging.safetysourcefire.ca\/wp-content\/uploads\/2021\/09\/Pierce-Manufacturing-Aerials-3-21.pdf\"\n\t\t\t\t\tclass=\"sowb-button ow-icon-placement-left ow-button-hover\" \t>\n\t\t<span>\n\t\t\t\n\t\t\tBrochure de comparaison des antennes\t\t<\/span>\n\t\t\t<\/a>\n\t<\/div>\n<\/div><\/div><div id=\"panel-3764-1-1-1\" class=\"so-panel widget_sow-button panel-last-child\" data-index=\"3\" ><div\n\t\t\t\n\t\t\tclass=\"so-widget-sow-button so-widget-sow-button-atom-1ec46a473f6d-3764\"\n\t\t\t\n\t\t><div class=\"ow-button-base ow-button-align-center\"\n>\n\t\t\t<a\n\t\t\t\t\thref=\"https:\/\/staging.safetysourcefire.ca\/wp-content\/uploads\/2021\/09\/Pierce-Manufacturing-Ascendant-Class-4-20.pdf\"\n\t\t\t\t\tclass=\"sowb-button ow-icon-placement-left ow-button-hover\" \t>\n\t\t<span>\n\t\t\t\n\t\t\tBrochure sur la classe d&#039;antennes Ascendant\u00ae\t\t<\/span>\n\t\t\t<\/a>\n\t<\/div>\n<\/div><\/div><\/div><\/div><div id=\"pg-3764-2\"  class=\"panel-grid panel-no-style\" ><div id=\"pgc-3764-2-0\"  class=\"panel-grid-cell\" ><div id=\"panel-3764-2-0-0\" class=\"so-panel widget_sow-editor panel-first-child panel-last-child\" data-index=\"4\" ><div\n\t\t\t\n\t\t\tclass=\"so-widget-sow-editor so-widget-sow-editor-base\"\n\t\t\t\n\t\t>\n<div class=\"siteorigin-widget-tinymce textwidget\">\n\t<p><img loading=\"lazy\" decoding=\"async\" class=\"alignnone wp-image-3766 size-medium aligncenter\" src=\"https:\/\/staging.safetysourcefire.ca\/wp-content\/uploads\/2017\/06\/Pierce-Ladders-Header-300x94.png\" alt=\"ladder truck\" width=\"300\" height=\"94\" srcset=\"https:\/\/staging.safetysourcefire.ca\/wp-content\/uploads\/2017\/06\/Pierce-Ladders-Header-300x94.png 300w, https:\/\/staging.safetysourcefire.ca\/wp-content\/uploads\/2017\/06\/Pierce-Ladders-Header-416x130.png 416w, https:\/\/staging.safetysourcefire.ca\/wp-content\/uploads\/2017\/06\/Pierce-Ladders-Header-150x47.png 150w, https:\/\/staging.safetysourcefire.ca\/wp-content\/uploads\/2017\/06\/Pierce-Ladders-Header-768x240.png 768w, https:\/\/staging.safetysourcefire.ca\/wp-content\/uploads\/2017\/06\/Pierce-Ladders-Header.png 1200w\" sizes=\"auto, (max-width: 300px) 100vw, 300px\" \/><\/p>\n<p style=\"text-align: center;\">\u00c9chelles<\/p>\n<\/div>\n<\/div><\/div><\/div><div id=\"pgc-3764-2-1\"  class=\"panel-grid-cell\" ><div id=\"panel-3764-2-1-0\" class=\"so-panel widget_sow-editor panel-first-child panel-last-child\" data-index=\"5\" ><div\n\t\t\t\n\t\t\tclass=\"so-widget-sow-editor so-widget-sow-editor-base\"\n\t\t\t\n\t\t>\n<div class=\"siteorigin-widget-tinymce textwidget\">\n\t<p><img loading=\"lazy\" decoding=\"async\" class=\"alignnone wp-image-3767 size-medium aligncenter\" src=\"https:\/\/staging.safetysourcefire.ca\/wp-content\/uploads\/2017\/06\/Pierce-Platforms-Header-300x94.png\" alt=\"platform\" width=\"300\" height=\"94\" srcset=\"https:\/\/staging.safetysourcefire.ca\/wp-content\/uploads\/2017\/06\/Pierce-Platforms-Header-300x94.png 300w, https:\/\/staging.safetysourcefire.ca\/wp-content\/uploads\/2017\/06\/Pierce-Platforms-Header-416x130.png 416w, https:\/\/staging.safetysourcefire.ca\/wp-content\/uploads\/2017\/06\/Pierce-Platforms-Header-150x47.png 150w, https:\/\/staging.safetysourcefire.ca\/wp-content\/uploads\/2017\/06\/Pierce-Platforms-Header-768x240.png 768w, https:\/\/staging.safetysourcefire.ca\/wp-content\/uploads\/2017\/06\/Pierce-Platforms-Header.png 1200w\" sizes=\"auto, (max-width: 300px) 100vw, 300px\" \/><\/p>\n<p style=\"text-align: center;\">Plateformes<\/p>\n<\/div>\n<\/div><\/div><\/div><div id=\"pgc-3764-2-2\"  class=\"panel-grid-cell\" ><div id=\"panel-3764-2-2-0\" class=\"so-panel widget_sow-editor panel-first-child panel-last-child\" data-index=\"6\" ><div\n\t\t\t\n\t\t\tclass=\"so-widget-sow-editor so-widget-sow-editor-base\"\n\t\t\t\n\t\t>\n<div class=\"siteorigin-widget-tinymce textwidget\">\n\t<p><img loading=\"lazy\" decoding=\"async\" class=\"wp-image-3768  aligncenter\" src=\"https:\/\/staging.safetysourcefire.ca\/wp-content\/uploads\/2017\/06\/Pierce-Sky-Boom-Header-1-300x135.png\" alt=\"Sky boom\" width=\"195\" height=\"95\" \/><\/p>\n<p style=\"text-align: center;\">Sky Boom<\/p>\n<\/div>\n<\/div><\/div><\/div><\/div><div id=\"pg-3764-3\"  class=\"panel-grid panel-no-style\" ><div id=\"pgc-3764-3-0\"  class=\"panel-grid-cell\" ><div id=\"panel-3764-3-0-0\" class=\"so-panel widget_sow-editor panel-first-child panel-last-child\" data-index=\"7\" ><div\n\t\t\t\n\t\t\tclass=\"so-widget-sow-editor so-widget-sow-editor-base\"\n\t\t\t\n\t\t>\n<div class=\"siteorigin-widget-tinymce textwidget\">\n\t<p><iframe loading=\"lazy\" title=\"\u00c9chelle en acier robuste Pierce Ascendant\u2122 107&#039; - Nouvelles configurations de carrosserie\" width=\"980\" height=\"551\" src=\"https:\/\/www.youtube.com\/embed\/7sMT5taO6NM?feature=oembed&enablejsapi=1&origin=https:\/\/staging.safetysourcefire.ca\" frameborder=\"0\" allow=\"accelerometer; autoplay; clipboard-write; encrypted-media; gyroscope; picture-in-picture\" allowfullscreen><\/iframe><\/p>\n<p><iframe loading=\"lazy\" title=\"Toute nouvelle tour a\u00e9rienne robuste de 100 pi Ascendant\u00ae\" width=\"980\" height=\"551\" src=\"https:\/\/www.youtube.com\/embed\/SjbalBaR6_w?feature=oembed&enablejsapi=1&origin=https:\/\/staging.safetysourcefire.ca\" frameborder=\"0\" allow=\"accelerometer; autoplay; clipboard-write; encrypted-media; gyroscope; picture-in-picture\" allowfullscreen><\/iframe><\/p>\n<\/div>\n<\/div><\/div><\/div><\/div><\/div>","protected":false},"excerpt":{"rendered":"<p>Diff\u00e9rentes longueurs, diff\u00e9rentes montures, diff\u00e9rents mat\u00e9riaux, mais m\u00eame engagement en mati\u00e8re de s\u00e9curit\u00e9 et de performance.<\/p>","protected":false},"author":2,"featured_media":3763,"parent":130,"menu_order":0,"comment_status":"closed","ping_status":"closed","template":"","meta":{"footnotes":""},"class_list":["post-3764","page","type-page","status-publish","has-post-thumbnail","hentry"],"yoast_head":"<!-- This site is optimized with the Yoast SEO plugin v27.4 - https:\/\/yoast.com\/product\/yoast-seo-wordpress\/ -->\n<title>Aerials - Safety Source Fire<\/title>\n<meta name=\"robots\" content=\"noindex, follow, max-snippet:-1, max-image-preview:large, max-video-preview:-1\" \/>\n<meta property=\"og:locale\" content=\"fr_CA\" \/>\n<meta property=\"og:type\" content=\"article\" \/>\n<meta property=\"og:title\" content=\"Aerials - Safety Source Fire\" \/>\n<meta property=\"og:description\" content=\"Different lengths. Different mounts. Even different materials. But the same commitment to safety and performance.\" \/>\n<meta property=\"og:url\" content=\"https:\/\/staging.safetysourcefire.ca\/fr_ca\/vehicles\/pierce-manufacturing\/aerials\/\" \/>\n<meta property=\"og:site_name\" content=\"Safety Source Fire\" \/>\n<meta property=\"article:publisher\" content=\"https:\/\/www.facebook.com\/mmfssca\" \/>\n<meta property=\"article:modified_time\" content=\"2021-09-15T14:02:09+00:00\" \/>\n<meta property=\"og:image\" content=\"https:\/\/staging.safetysourcefire.ca\/wp-content\/uploads\/2017\/06\/Pierce-Aerials-Overview-1.png\" \/>\n\t<meta property=\"og:image:width\" content=\"1200\" \/>\n\t<meta property=\"og:image:height\" content=\"540\" \/>\n\t<meta property=\"og:image:type\" content=\"image\/png\" \/>\n<meta name=\"twitter:card\" content=\"summary_large_image\" \/>\n<meta name=\"twitter:site\" content=\"@mmfssca\" \/>\n<meta name=\"twitter:label1\" content=\"Estimation du temps de lecture\" \/>\n\t<meta name=\"twitter:data1\" content=\"1 minute\" \/>\n<script type=\"application\/ld+json\" class=\"yoast-schema-graph\">{\"@context\":\"https:\\\/\\\/schema.org\",\"@graph\":[{\"@type\":\"WebPage\",\"@id\":\"https:\\\/\\\/staging.safetysourcefire.ca\\\/vehicles\\\/pierce-manufacturing\\\/aerials\\\/\",\"url\":\"https:\\\/\\\/staging.safetysourcefire.ca\\\/vehicles\\\/pierce-manufacturing\\\/aerials\\\/\",\"name\":\"Aerials - Safety Source Fire\",\"isPartOf\":{\"@id\":\"https:\\\/\\\/staging.safetysourcefire.ca\\\/#website\"},\"primaryImageOfPage\":{\"@id\":\"https:\\\/\\\/staging.safetysourcefire.ca\\\/vehicles\\\/pierce-manufacturing\\\/aerials\\\/#primaryimage\"},\"image\":{\"@id\":\"https:\\\/\\\/staging.safetysourcefire.ca\\\/vehicles\\\/pierce-manufacturing\\\/aerials\\\/#primaryimage\"},\"thumbnailUrl\":\"https:\\\/\\\/staging.safetysourcefire.ca\\\/wp-content\\\/uploads\\\/2017\\\/06\\\/Pierce-Aerials-Overview-1.png\",\"datePublished\":\"2017-06-21T21:36:00+00:00\",\"dateModified\":\"2021-09-15T14:02:09+00:00\",\"breadcrumb\":{\"@id\":\"https:\\\/\\\/staging.safetysourcefire.ca\\\/vehicles\\\/pierce-manufacturing\\\/aerials\\\/#breadcrumb\"},\"inLanguage\":\"fr-CA\",\"potentialAction\":[{\"@type\":\"ReadAction\",\"target\":[\"https:\\\/\\\/staging.safetysourcefire.ca\\\/vehicles\\\/pierce-manufacturing\\\/aerials\\\/\"]}]},{\"@type\":\"ImageObject\",\"inLanguage\":\"fr-CA\",\"@id\":\"https:\\\/\\\/staging.safetysourcefire.ca\\\/vehicles\\\/pierce-manufacturing\\\/aerials\\\/#primaryimage\",\"url\":\"https:\\\/\\\/staging.safetysourcefire.ca\\\/wp-content\\\/uploads\\\/2017\\\/06\\\/Pierce-Aerials-Overview-1.png\",\"contentUrl\":\"https:\\\/\\\/staging.safetysourcefire.ca\\\/wp-content\\\/uploads\\\/2017\\\/06\\\/Pierce-Aerials-Overview-1.png\",\"width\":1200,\"height\":540,\"caption\":\"aerial truck\"},{\"@type\":\"BreadcrumbList\",\"@id\":\"https:\\\/\\\/staging.safetysourcefire.ca\\\/vehicles\\\/pierce-manufacturing\\\/aerials\\\/#breadcrumb\",\"itemListElement\":[{\"@type\":\"ListItem\",\"position\":1,\"name\":\"Home\",\"item\":\"https:\\\/\\\/staging.safetysourcefire.ca\\\/\"},{\"@type\":\"ListItem\",\"position\":2,\"name\":\"Vehicles\",\"item\":\"https:\\\/\\\/staging.safetysourcefire.ca\\\/vehicles\\\/\"},{\"@type\":\"ListItem\",\"position\":3,\"name\":\"Pierce Manufacturing\",\"item\":\"https:\\\/\\\/staging.safetysourcefire.ca\\\/vehicles\\\/pierce-manufacturing\\\/\"},{\"@type\":\"ListItem\",\"position\":4,\"name\":\"Aerials\"}]},{\"@type\":\"WebSite\",\"@id\":\"https:\\\/\\\/staging.safetysourcefire.ca\\\/#website\",\"url\":\"https:\\\/\\\/staging.safetysourcefire.ca\\\/\",\"name\":\"Safety Source Fire\",\"description\":\"\",\"publisher\":{\"@id\":\"https:\\\/\\\/staging.safetysourcefire.ca\\\/#organization\"},\"potentialAction\":[{\"@type\":\"SearchAction\",\"target\":{\"@type\":\"EntryPoint\",\"urlTemplate\":\"https:\\\/\\\/staging.safetysourcefire.ca\\\/?s={search_term_string}\"},\"query-input\":{\"@type\":\"PropertyValueSpecification\",\"valueRequired\":true,\"valueName\":\"search_term_string\"}}],\"inLanguage\":\"fr-CA\"},{\"@type\":\"Organization\",\"@id\":\"https:\\\/\\\/staging.safetysourcefire.ca\\\/#organization\",\"name\":\"Safety Source Fire\",\"url\":\"https:\\\/\\\/staging.safetysourcefire.ca\\\/\",\"logo\":{\"@type\":\"ImageObject\",\"inLanguage\":\"fr-CA\",\"@id\":\"https:\\\/\\\/staging.safetysourcefire.ca\\\/#\\\/schema\\\/logo\\\/image\\\/\",\"url\":\"https:\\\/\\\/staging.safetysourcefire.ca\\\/wp-content\\\/uploads\\\/2021\\\/01\\\/SSF_logo_CC0000-3.png\",\"contentUrl\":\"https:\\\/\\\/staging.safetysourcefire.ca\\\/wp-content\\\/uploads\\\/2021\\\/01\\\/SSF_logo_CC0000-3.png\",\"width\":1107,\"height\":365,\"caption\":\"Safety Source Fire\"},\"image\":{\"@id\":\"https:\\\/\\\/staging.safetysourcefire.ca\\\/#\\\/schema\\\/logo\\\/image\\\/\"},\"sameAs\":[\"https:\\\/\\\/www.facebook.com\\\/mmfssca\",\"https:\\\/\\\/x.com\\\/mmfssca\"]}]}<\/script>\n<!-- \/ Yoast SEO plugin. -->","yoast_head_json":{"title":"Antennes - S\u00e9curit\u00e9 incendie source","robots":{"index":"noindex","follow":"follow","max-snippet":"max-snippet:-1","max-image-preview":"max-image-preview:large","max-video-preview":"max-video-preview:-1"},"og_locale":"fr_CA","og_type":"article","og_title":"Aerials - Safety Source Fire","og_description":"Different lengths. Different mounts. Even different materials. But the same commitment to safety and performance.","og_url":"https:\/\/staging.safetysourcefire.ca\/fr_ca\/vehicles\/pierce-manufacturing\/aerials\/","og_site_name":"Safety Source Fire","article_publisher":"https:\/\/www.facebook.com\/mmfssca","article_modified_time":"2021-09-15T14:02:09+00:00","og_image":[{"width":1200,"height":540,"url":"https:\/\/staging.safetysourcefire.ca\/wp-content\/uploads\/2017\/06\/Pierce-Aerials-Overview-1.png","type":"image\/png"}],"twitter_card":"summary_large_image","twitter_site":"@mmfssca","twitter_misc":{"Estimation du temps de lecture":"1 minute"},"schema":{"@context":"https:\/\/schema.org","@graph":[{"@type":"WebPage","@id":"https:\/\/staging.safetysourcefire.ca\/vehicles\/pierce-manufacturing\/aerials\/","url":"https:\/\/staging.safetysourcefire.ca\/vehicles\/pierce-manufacturing\/aerials\/","name":"Antennes - S\u00e9curit\u00e9 incendie source","isPartOf":{"@id":"https:\/\/staging.safetysourcefire.ca\/#website"},"primaryImageOfPage":{"@id":"https:\/\/staging.safetysourcefire.ca\/vehicles\/pierce-manufacturing\/aerials\/#primaryimage"},"image":{"@id":"https:\/\/staging.safetysourcefire.ca\/vehicles\/pierce-manufacturing\/aerials\/#primaryimage"},"thumbnailUrl":"https:\/\/staging.safetysourcefire.ca\/wp-content\/uploads\/2017\/06\/Pierce-Aerials-Overview-1.png","datePublished":"2017-06-21T21:36:00+00:00","dateModified":"2021-09-15T14:02:09+00:00","breadcrumb":{"@id":"https:\/\/staging.safetysourcefire.ca\/vehicles\/pierce-manufacturing\/aerials\/#breadcrumb"},"inLanguage":"fr-CA","potentialAction":[{"@type":"ReadAction","target":["https:\/\/staging.safetysourcefire.ca\/vehicles\/pierce-manufacturing\/aerials\/"]}]},{"@type":"ImageObject","inLanguage":"fr-CA","@id":"https:\/\/staging.safetysourcefire.ca\/vehicles\/pierce-manufacturing\/aerials\/#primaryimage","url":"https:\/\/staging.safetysourcefire.ca\/wp-content\/uploads\/2017\/06\/Pierce-Aerials-Overview-1.png","contentUrl":"https:\/\/staging.safetysourcefire.ca\/wp-content\/uploads\/2017\/06\/Pierce-Aerials-Overview-1.png","width":1200,"height":540,"caption":"aerial truck"},{"@type":"BreadcrumbList","@id":"https:\/\/staging.safetysourcefire.ca\/vehicles\/pierce-manufacturing\/aerials\/#breadcrumb","itemListElement":[{"@type":"ListItem","position":1,"name":"Home","item":"https:\/\/staging.safetysourcefire.ca\/"},{"@type":"ListItem","position":2,"name":"Vehicles","item":"https:\/\/staging.safetysourcefire.ca\/vehicles\/"},{"@type":"ListItem","position":3,"name":"Pierce Manufacturing","item":"https:\/\/staging.safetysourcefire.ca\/vehicles\/pierce-manufacturing\/"},{"@type":"ListItem","position":4,"name":"Aerials"}]},{"@type":"WebSite","@id":"https:\/\/staging.safetysourcefire.ca\/#website","url":"https:\/\/staging.safetysourcefire.ca\/","name":"Safety Source Fire","description":"","publisher":{"@id":"https:\/\/staging.safetysourcefire.ca\/#organization"},"potentialAction":[{"@type":"SearchAction","target":{"@type":"EntryPoint","urlTemplate":"https:\/\/staging.safetysourcefire.ca\/?s={search_term_string}"},"query-input":{"@type":"PropertyValueSpecification","valueRequired":true,"valueName":"search_term_string"}}],"inLanguage":"fr-CA"},{"@type":"Organization","@id":"https:\/\/staging.safetysourcefire.ca\/#organization","name":"Safety Source Fire","url":"https:\/\/staging.safetysourcefire.ca\/","logo":{"@type":"ImageObject","inLanguage":"fr-CA","@id":"https:\/\/staging.safetysourcefire.ca\/#\/schema\/logo\/image\/","url":"https:\/\/staging.safetysourcefire.ca\/wp-content\/uploads\/2021\/01\/SSF_logo_CC0000-3.png","contentUrl":"https:\/\/staging.safetysourcefire.ca\/wp-content\/uploads\/2021\/01\/SSF_logo_CC0000-3.png","width":1107,"height":365,"caption":"Safety Source Fire"},"image":{"@id":"https:\/\/staging.safetysourcefire.ca\/#\/schema\/logo\/image\/"},"sameAs":["https:\/\/www.facebook.com\/mmfssca","https:\/\/x.com\/mmfssca"]}]}},"_links":{"self":[{"href":"https:\/\/staging.safetysourcefire.ca\/fr_ca\/wp-json\/wp\/v2\/pages\/3764","targetHints":{"allow":["GET"]}}],"collection":[{"href":"https:\/\/staging.safetysourcefire.ca\/fr_ca\/wp-json\/wp\/v2\/pages"}],"about":[{"href":"https:\/\/staging.safetysourcefire.ca\/fr_ca\/wp-json\/wp\/v2\/types\/page"}],"author":[{"embeddable":true,"href":"https:\/\/staging.safetysourcefire.ca\/fr_ca\/wp-json\/wp\/v2\/users\/2"}],"replies":[{"embeddable":true,"href":"https:\/\/staging.safetysourcefire.ca\/fr_ca\/wp-json\/wp\/v2\/comments?post=3764"}],"version-history":[{"count":21,"href":"https:\/\/staging.safetysourcefire.ca\/fr_ca\/wp-json\/wp\/v2\/pages\/3764\/revisions"}],"predecessor-version":[{"id":25949,"href":"https:\/\/staging.safetysourcefire.ca\/fr_ca\/wp-json\/wp\/v2\/pages\/3764\/revisions\/25949"}],"up":[{"embeddable":true,"href":"https:\/\/staging.safetysourcefire.ca\/fr_ca\/wp-json\/wp\/v2\/pages\/130"}],"wp:featuredmedia":[{"embeddable":true,"href":"https:\/\/staging.safetysourcefire.ca\/fr_ca\/wp-json\/wp\/v2\/media\/3763"}],"wp:attachment":[{"href":"https:\/\/staging.safetysourcefire.ca\/fr_ca\/wp-json\/wp\/v2\/media?parent=3764"}],"curies":[{"name":"wp","href":"https:\/\/api.w.org\/{rel}","templated":true}]}}