{"id":26747,"date":"2022-07-21T17:51:37","date_gmt":"2022-07-21T17:51:37","guid":{"rendered":"https:\/\/safetysourcefire.ca\/?page_id=26747"},"modified":"2025-09-23T18:09:05","modified_gmt":"2025-09-23T18:09:05","slug":"careers","status":"publish","type":"page","link":"https:\/\/staging.safetysourcefire.ca\/fr_ca\/contact\/careers\/","title":{"rendered":"Carri\u00e8res"},"content":{"rendered":"<div>Safety Source Group recrute pour divers postes au sein de ses entreprises, notamment dans les domaines de la vente, du support commercial, de la m\u00e9canique, du personnel administratif, etc. Les qualifications sp\u00e9cifiques varient selon le poste, mais nous recherchons toujours des personnes poss\u00e9dant\u00a0:<\/div>\n<div>\u00a0<\/div>\n<ul>\n<li>Solides comp\u00e9tences en communication et en relations interpersonnelles<\/li>\n<li>Motivation et volont\u00e9 d&#039;excellence<\/li>\n<li>Flexibilit\u00e9 dans un environnement dynamique<\/li>\n<li>Exp\u00e9rience, comp\u00e9tences et\/ou int\u00e9r\u00eats pertinents<\/li>\n<\/ul>\n<div>Safety Source Group est fier de fournir des produits et des services de qualit\u00e9 sup\u00e9rieure au Canada atlantique, notamment :<\/div>\n<div>\u00a0<\/div>\n<div>\n<ul>\n<li><a href=\"http:\/\/safetysourcefire.ca\">Safety Source Fire<\/a> \u2013 appareils, outils et \u00e9quipements de lutte contre l\u2019incendie<\/li>\n<li><a href=\"http:\/\/safetysourcemechanical.ca\">Source de s\u00e9curit\u00e9 m\u00e9canique<\/a> \u2013 pi\u00e8ces et service pour camions de pompiers et v\u00e9hicules d\u2019urgence<\/li>\n<li><a href=\"http:\/\/safetysourceindustrial.ca\">Source de s\u00e9curit\u00e9 industrielle<\/a> \u2013 \u00e9quipements de s\u00e9curit\u00e9 et d\u2019air respirable pour les lieux de travail industriels<\/li>\n<\/ul>\n<\/div>\n<div>Si vous \u00eates pr\u00eat \u00e0 faire partie d\u2019une \u00e9quipe fi\u00e8re de promouvoir la s\u00e9curit\u00e9 et de prot\u00e9ger les communaut\u00e9s, parlons-en. Veuillez nous envoyer votre curriculum vitae et une note nous faisant savoir pourquoi vous \u00eates int\u00e9ress\u00e9 \u00e0 rejoindre Safety Source. Envoyez-nous un courriel \u00e0\u00a0<a href=\"mailto:careers@safetysourcefire.ca\">careers@safetysourcefire.ca<\/a>.<\/div>\n<div>\u00a0<\/div>\n<div><i>Safety Source Group est un employeur garantissant l&#039;\u00e9galit\u00e9 des chances. Nous encourageons les candidatures de candidats de tous horizons et de toutes exp\u00e9riences.<\/i><\/div>\n\n\n<p><\/p>","protected":false},"excerpt":{"rendered":"<p>Safety Source Group is hiring for various roles within our companies including sales, sales support, mechanical, office personnel and more. Specific qualifications will vary based on the position, but we are always looking for individuals who have: \u00a0 Strong communication and interpersonal skills Motivation and a drive for excellence Flexibility in a dynamic environment Relevant [&hellip;]<\/p>\n","protected":false},"author":2,"featured_media":0,"parent":1406,"menu_order":0,"comment_status":"closed","ping_status":"closed","template":"","meta":{"footnotes":""},"class_list":["post-26747","page","type-page","status-publish","hentry"],"yoast_head":"<!-- This site is optimized with the Yoast SEO plugin v27.4 - https:\/\/yoast.com\/product\/yoast-seo-wordpress\/ -->\n<title>Careers - Safety Source Fire<\/title>\n<meta name=\"robots\" content=\"noindex, follow, max-snippet:-1, max-image-preview:large, max-video-preview:-1\" \/>\n<meta property=\"og:locale\" content=\"fr_CA\" \/>\n<meta property=\"og:type\" content=\"article\" \/>\n<meta property=\"og:title\" content=\"Careers - Safety Source Fire\" \/>\n<meta property=\"og:description\" content=\"Safety Source Group is hiring for various roles within our companies including sales, sales support, mechanical, office personnel and more. Specific qualifications will vary based on the position, but we are always looking for individuals who have: \u00a0 Strong communication and interpersonal skills Motivation and a drive for excellence Flexibility in a dynamic environment Relevant [&hellip;]\" \/>\n<meta property=\"og:url\" content=\"https:\/\/staging.safetysourcefire.ca\/fr_ca\/contact\/careers\/\" \/>\n<meta property=\"og:site_name\" content=\"Safety Source Fire\" \/>\n<meta property=\"article:publisher\" content=\"https:\/\/www.facebook.com\/mmfssca\" \/>\n<meta property=\"article:modified_time\" content=\"2025-09-23T18:09:05+00:00\" \/>\n<meta name=\"twitter:card\" content=\"summary_large_image\" \/>\n<meta name=\"twitter:site\" content=\"@mmfssca\" \/>\n<meta name=\"twitter:label1\" content=\"Estimation du temps de lecture\" \/>\n\t<meta name=\"twitter:data1\" content=\"1 minute\" \/>\n<script type=\"application\/ld+json\" class=\"yoast-schema-graph\">{\"@context\":\"https:\\\/\\\/schema.org\",\"@graph\":[{\"@type\":\"WebPage\",\"@id\":\"https:\\\/\\\/staging.safetysourcefire.ca\\\/contact\\\/careers\\\/\",\"url\":\"https:\\\/\\\/staging.safetysourcefire.ca\\\/contact\\\/careers\\\/\",\"name\":\"Careers - Safety Source Fire\",\"isPartOf\":{\"@id\":\"https:\\\/\\\/staging.safetysourcefire.ca\\\/#website\"},\"datePublished\":\"2022-07-21T17:51:37+00:00\",\"dateModified\":\"2025-09-23T18:09:05+00:00\",\"breadcrumb\":{\"@id\":\"https:\\\/\\\/staging.safetysourcefire.ca\\\/contact\\\/careers\\\/#breadcrumb\"},\"inLanguage\":\"fr-CA\",\"potentialAction\":[{\"@type\":\"ReadAction\",\"target\":[\"https:\\\/\\\/staging.safetysourcefire.ca\\\/contact\\\/careers\\\/\"]}]},{\"@type\":\"BreadcrumbList\",\"@id\":\"https:\\\/\\\/staging.safetysourcefire.ca\\\/contact\\\/careers\\\/#breadcrumb\",\"itemListElement\":[{\"@type\":\"ListItem\",\"position\":1,\"name\":\"Home\",\"item\":\"https:\\\/\\\/staging.safetysourcefire.ca\\\/\"},{\"@type\":\"ListItem\",\"position\":2,\"name\":\"Contact\",\"item\":\"https:\\\/\\\/staging.safetysourcefire.ca\\\/contact\\\/\"},{\"@type\":\"ListItem\",\"position\":3,\"name\":\"Careers\"}]},{\"@type\":\"WebSite\",\"@id\":\"https:\\\/\\\/staging.safetysourcefire.ca\\\/#website\",\"url\":\"https:\\\/\\\/staging.safetysourcefire.ca\\\/\",\"name\":\"Safety Source Fire\",\"description\":\"\",\"publisher\":{\"@id\":\"https:\\\/\\\/staging.safetysourcefire.ca\\\/#organization\"},\"potentialAction\":[{\"@type\":\"SearchAction\",\"target\":{\"@type\":\"EntryPoint\",\"urlTemplate\":\"https:\\\/\\\/staging.safetysourcefire.ca\\\/?s={search_term_string}\"},\"query-input\":{\"@type\":\"PropertyValueSpecification\",\"valueRequired\":true,\"valueName\":\"search_term_string\"}}],\"inLanguage\":\"fr-CA\"},{\"@type\":\"Organization\",\"@id\":\"https:\\\/\\\/staging.safetysourcefire.ca\\\/#organization\",\"name\":\"Safety Source Fire\",\"url\":\"https:\\\/\\\/staging.safetysourcefire.ca\\\/\",\"logo\":{\"@type\":\"ImageObject\",\"inLanguage\":\"fr-CA\",\"@id\":\"https:\\\/\\\/staging.safetysourcefire.ca\\\/#\\\/schema\\\/logo\\\/image\\\/\",\"url\":\"https:\\\/\\\/staging.safetysourcefire.ca\\\/wp-content\\\/uploads\\\/2021\\\/01\\\/SSF_logo_CC0000-3.png\",\"contentUrl\":\"https:\\\/\\\/staging.safetysourcefire.ca\\\/wp-content\\\/uploads\\\/2021\\\/01\\\/SSF_logo_CC0000-3.png\",\"width\":1107,\"height\":365,\"caption\":\"Safety Source Fire\"},\"image\":{\"@id\":\"https:\\\/\\\/staging.safetysourcefire.ca\\\/#\\\/schema\\\/logo\\\/image\\\/\"},\"sameAs\":[\"https:\\\/\\\/www.facebook.com\\\/mmfssca\",\"https:\\\/\\\/x.com\\\/mmfssca\"]}]}<\/script>\n<!-- \/ Yoast SEO plugin. -->","yoast_head_json":{"title":"Carri\u00e8res - S\u00e9curit\u00e9 incendie","robots":{"index":"noindex","follow":"follow","max-snippet":"max-snippet:-1","max-image-preview":"max-image-preview:large","max-video-preview":"max-video-preview:-1"},"og_locale":"fr_CA","og_type":"article","og_title":"Careers - Safety Source Fire","og_description":"Safety Source Group is hiring for various roles within our companies including sales, sales support, mechanical, office personnel and more. Specific qualifications will vary based on the position, but we are always looking for individuals who have: \u00a0 Strong communication and interpersonal skills Motivation and a drive for excellence Flexibility in a dynamic environment Relevant [&hellip;]","og_url":"https:\/\/staging.safetysourcefire.ca\/fr_ca\/contact\/careers\/","og_site_name":"Safety Source Fire","article_publisher":"https:\/\/www.facebook.com\/mmfssca","article_modified_time":"2025-09-23T18:09:05+00:00","twitter_card":"summary_large_image","twitter_site":"@mmfssca","twitter_misc":{"Estimation du temps de lecture":"1 minute"},"schema":{"@context":"https:\/\/schema.org","@graph":[{"@type":"WebPage","@id":"https:\/\/staging.safetysourcefire.ca\/contact\/careers\/","url":"https:\/\/staging.safetysourcefire.ca\/contact\/careers\/","name":"Carri\u00e8res - S\u00e9curit\u00e9 incendie","isPartOf":{"@id":"https:\/\/staging.safetysourcefire.ca\/#website"},"datePublished":"2022-07-21T17:51:37+00:00","dateModified":"2025-09-23T18:09:05+00:00","breadcrumb":{"@id":"https:\/\/staging.safetysourcefire.ca\/contact\/careers\/#breadcrumb"},"inLanguage":"fr-CA","potentialAction":[{"@type":"ReadAction","target":["https:\/\/staging.safetysourcefire.ca\/contact\/careers\/"]}]},{"@type":"BreadcrumbList","@id":"https:\/\/staging.safetysourcefire.ca\/contact\/careers\/#breadcrumb","itemListElement":[{"@type":"ListItem","position":1,"name":"Home","item":"https:\/\/staging.safetysourcefire.ca\/"},{"@type":"ListItem","position":2,"name":"Contact","item":"https:\/\/staging.safetysourcefire.ca\/contact\/"},{"@type":"ListItem","position":3,"name":"Careers"}]},{"@type":"WebSite","@id":"https:\/\/staging.safetysourcefire.ca\/#website","url":"https:\/\/staging.safetysourcefire.ca\/","name":"Safety Source Fire","description":"","publisher":{"@id":"https:\/\/staging.safetysourcefire.ca\/#organization"},"potentialAction":[{"@type":"SearchAction","target":{"@type":"EntryPoint","urlTemplate":"https:\/\/staging.safetysourcefire.ca\/?s={search_term_string}"},"query-input":{"@type":"PropertyValueSpecification","valueRequired":true,"valueName":"search_term_string"}}],"inLanguage":"fr-CA"},{"@type":"Organization","@id":"https:\/\/staging.safetysourcefire.ca\/#organization","name":"Safety Source Fire","url":"https:\/\/staging.safetysourcefire.ca\/","logo":{"@type":"ImageObject","inLanguage":"fr-CA","@id":"https:\/\/staging.safetysourcefire.ca\/#\/schema\/logo\/image\/","url":"https:\/\/staging.safetysourcefire.ca\/wp-content\/uploads\/2021\/01\/SSF_logo_CC0000-3.png","contentUrl":"https:\/\/staging.safetysourcefire.ca\/wp-content\/uploads\/2021\/01\/SSF_logo_CC0000-3.png","width":1107,"height":365,"caption":"Safety Source Fire"},"image":{"@id":"https:\/\/staging.safetysourcefire.ca\/#\/schema\/logo\/image\/"},"sameAs":["https:\/\/www.facebook.com\/mmfssca","https:\/\/x.com\/mmfssca"]}]}},"_links":{"self":[{"href":"https:\/\/staging.safetysourcefire.ca\/fr_ca\/wp-json\/wp\/v2\/pages\/26747","targetHints":{"allow":["GET"]}}],"collection":[{"href":"https:\/\/staging.safetysourcefire.ca\/fr_ca\/wp-json\/wp\/v2\/pages"}],"about":[{"href":"https:\/\/staging.safetysourcefire.ca\/fr_ca\/wp-json\/wp\/v2\/types\/page"}],"author":[{"embeddable":true,"href":"https:\/\/staging.safetysourcefire.ca\/fr_ca\/wp-json\/wp\/v2\/users\/2"}],"replies":[{"embeddable":true,"href":"https:\/\/staging.safetysourcefire.ca\/fr_ca\/wp-json\/wp\/v2\/comments?post=26747"}],"version-history":[{"count":16,"href":"https:\/\/staging.safetysourcefire.ca\/fr_ca\/wp-json\/wp\/v2\/pages\/26747\/revisions"}],"predecessor-version":[{"id":29994,"href":"https:\/\/staging.safetysourcefire.ca\/fr_ca\/wp-json\/wp\/v2\/pages\/26747\/revisions\/29994"}],"up":[{"embeddable":true,"href":"https:\/\/staging.safetysourcefire.ca\/fr_ca\/wp-json\/wp\/v2\/pages\/1406"}],"wp:attachment":[{"href":"https:\/\/staging.safetysourcefire.ca\/fr_ca\/wp-json\/wp\/v2\/media?parent=26747"}],"curies":[{"name":"wp","href":"https:\/\/api.w.org\/{rel}","templated":true}]}}